{"id":6938,"date":"2020-04-01T09:43:44","date_gmt":"2020-04-01T07:43:44","guid":{"rendered":"http:\/\/agora.xtec.cat\/ceip-lasardana\/?page_id=6938"},"modified":"2021-01-19T16:29:24","modified_gmt":"2021-01-19T15:29:24","slug":"lhortimecres","status":"publish","type":"page","link":"https:\/\/agora.xtec.cat\/ceip-lasardana\/lhortimecres\/","title":{"rendered":"L&#8217;Hortimecres"},"content":{"rendered":"<p><a href=\"https:\/\/agora.xtec.cat\/ceip-lasardana\/wp-content\/uploads\/usu659\/2020\/04\/hortimecres.jpg\"><img loading=\"lazy\" decoding=\"async\" class=\" wp-image-6939 alignleft\" src=\"https:\/\/agora.xtec.cat\/ceip-lasardana\/wp-content\/uploads\/usu659\/2020\/04\/hortimecres.jpg\" alt=\"\" width=\"553\" height=\"369\" srcset=\"https:\/\/agora.xtec.cat\/ceip-lasardana\/wp-content\/uploads\/usu659\/2020\/04\/hortimecres.jpg 681w, https:\/\/agora.xtec.cat\/ceip-lasardana\/wp-content\/uploads\/usu659\/2020\/04\/hortimecres-300x200.jpg 300w\" sizes=\"auto, (max-width: 553px) 100vw, 553px\" \/><\/a>L\u2019hortimecres\u00a0vol cercar les connexions amb la part m\u00e9s l\u00fadica i divertida, tot realitzant tallers de caire mediambiental i proporcionant a m\u00e9s a m\u00e9s alternatives de joc als nostres infants a les hores d\u2019esbarjo.<\/p>\n<p>L\u2019objectiu essencial del nostre projecte \u00e9s contribuir a la conscienciaci\u00f3 dels nostres alumnes en la import\u00e0ncia de reutilitzar els residus que generem.<\/p>\n<p>En aquest espai breu de pati oferim moltes idees creatives de com reciclar i transformar la brossa en altres objectes o jocs fomentant d\u2019aquesta manera la nostra imaginaci\u00f3.<\/p>\n<p>El dimecres ha passat a ser un dia molt especial on elsnostres\u00a0 alumnes estan convidats a participar en un taller. Una oferta oberta a tothom on hi participa qui hi vol. Tamb\u00e9 pret\u00e9n obrir les portes a la participaci\u00f3 de les fam\u00edlies que poden donar un cop de m\u00e0 participant en alguns dels tallers programats o proposar un taller a portar a terme.<\/p>\n<p>&nbsp;<\/p>\n<p><iframe loading=\"lazy\" title=\"Hortimecres \uf021La Sardana\" width=\"500\" height=\"281\" src=\"https:\/\/www.youtube.com\/embed\/tVw6H3aqFAk?feature=oembed\" frameborder=\"0\" allow=\"accelerometer; autoplay; clipboard-write; encrypted-media; gyroscope; picture-in-picture; web-share\" referrerpolicy=\"strict-origin-when-cross-origin\" allowfullscreen><\/iframe><\/p>\n<p>&nbsp;<\/p>\n","protected":false},"excerpt":{"rendered":"<p><a href=\"https:\/\/agora.xtec.cat\/ceip-lasardana\/wp-content\/uploads\/usu659\/2020\/04\/hortimecres.jpg\"><\/a>L\u2019hortimecres\u00a0vol cercar les connexions amb la part m\u00e9s l\u00fadica i divertida, tot realitzant tallers de caire mediambiental i proporcionant a m\u00e9s a m\u00e9s alternatives de joc als nostres infants a les hores d\u2019esbarjo.<br \/>\nL\u2019objectiu essencial del nostre projecte \u00e9s contribuir a la conscienciaci\u00f3 dels nostres&hellip;  <a href=\"https:\/\/agora.xtec.cat\/ceip-lasardana\/lhortimecres\/\" title=\"Read L&#8217;Hortimecres\">Llegeix m\u00e9s\u00bb<\/a><\/p>\n","protected":false},"author":8,"featured_media":0,"parent":0,"menu_order":0,"comment_status":"closed","ping_status":"closed","template":"","meta":{"_bbp_topic_count":0,"_bbp_reply_count":0,"_bbp_total_topic_count":0,"_bbp_total_reply_count":0,"_bbp_voice_count":0,"_bbp_anonymous_reply_count":0,"_bbp_topic_count_hidden":0,"_bbp_reply_count_hidden":0,"_bbp_forum_subforum_count":0,"footnotes":""},"class_list":["post-6938","page","type-page","status-publish","hentry"],"post_mailing_queue_ids":[],"_links":{"self":[{"href":"https:\/\/agora.xtec.cat\/ceip-lasardana\/wp-json\/wp\/v2\/pages\/6938","targetHints":{"allow":["GET"]}}],"collection":[{"href":"https:\/\/agora.xtec.cat\/ceip-lasardana\/wp-json\/wp\/v2\/pages"}],"about":[{"href":"https:\/\/agora.xtec.cat\/ceip-lasardana\/wp-json\/wp\/v2\/types\/page"}],"author":[{"embeddable":true,"href":"https:\/\/agora.xtec.cat\/ceip-lasardana\/wp-json\/wp\/v2\/users\/8"}],"replies":[{"embeddable":true,"href":"https:\/\/agora.xtec.cat\/ceip-lasardana\/wp-json\/wp\/v2\/comments?post=6938"}],"version-history":[{"count":1,"href":"https:\/\/agora.xtec.cat\/ceip-lasardana\/wp-json\/wp\/v2\/pages\/6938\/revisions"}],"predecessor-version":[{"id":6940,"href":"https:\/\/agora.xtec.cat\/ceip-lasardana\/wp-json\/wp\/v2\/pages\/6938\/revisions\/6940"}],"wp:attachment":[{"href":"https:\/\/agora.xtec.cat\/ceip-lasardana\/wp-json\/wp\/v2\/media?parent=6938"}],"curies":[{"name":"wp","href":"https:\/\/api.w.org\/{rel}","templated":true}]}}