{"id":6930,"date":"2020-04-01T09:24:38","date_gmt":"2020-04-01T07:24:38","guid":{"rendered":"http:\/\/agora.xtec.cat\/ceip-lasardana\/?page_id=6930"},"modified":"2021-01-29T20:13:50","modified_gmt":"2021-01-29T19:13:50","slug":"xarxa-xiep","status":"publish","type":"page","link":"https:\/\/agora.xtec.cat\/ceip-lasardana\/xarxa-xiep\/","title":{"rendered":"Xarxa XIEP"},"content":{"rendered":"<p>L&#8217;Escola La Sardana participa a la XIEP desde el curs 2018-19 sent la primera escola de Badia en afegir-se.<\/p>\n<p id=\"h.p_lwVdQLZy5Xje\" class=\"zfr3Q\"><a href=\"https:\/\/agora.xtec.cat\/ceip-lasardana\/wp-content\/uploads\/usu659\/2020\/04\/XIEP.jpg\"><img loading=\"lazy\" decoding=\"async\" class=\" wp-image-6931 alignleft\" src=\"https:\/\/agora.xtec.cat\/ceip-lasardana\/wp-content\/uploads\/usu659\/2020\/04\/XIEP.jpg\" alt=\"\" width=\"176\" height=\"81\" \/><\/a>La XIEP \u00e9s\u00a0 una Xarxa d&#8217;Innovaci\u00f3 d&#8217;Escoles de Prim\u00e0ria, \u00e9s a dir, una xarxa de centres educatius d&#8217;infantil i prim\u00e0ria del Vall\u00e8s Occidental que estem implementant processos de canvi i millora al voltant del treball globalitzat a l&#8217;aula i que volem fer de la pr\u00e0ctica reflexiva conjunta un element clau d&#8217;impuls als projectes de transformaci\u00f3 en qu\u00e8 estem implicats<\/p>\n<p>&nbsp;<\/p>\n<p class=\"zfr3Q\">Els principals objectius que perseguim amb la xarxa s\u00f3n:<\/p>\n<p><a href=\"https:\/\/agora.xtec.cat\/ceip-lasardana\/wp-content\/uploads\/usu659\/2020\/04\/xiep1.jpg\"><img loading=\"lazy\" decoding=\"async\" class=\"wp-image-6932 alignright\" src=\"https:\/\/agora.xtec.cat\/ceip-lasardana\/wp-content\/uploads\/usu659\/2020\/04\/xiep1.jpg\" alt=\"\" width=\"227\" height=\"214\" srcset=\"https:\/\/agora.xtec.cat\/ceip-lasardana\/wp-content\/uploads\/usu659\/2020\/04\/xiep1.jpg 385w, https:\/\/agora.xtec.cat\/ceip-lasardana\/wp-content\/uploads\/usu659\/2020\/04\/xiep1-300x282.jpg 300w\" sizes=\"auto, (max-width: 227px) 100vw, 227px\" \/><\/a><\/p>\n<ul class=\"n8H08c UVNKR\">\n<li id=\"h.p_kJaCRYDV5Xjb\" class=\"TYR86d zfr3Q\">Compartir de manera reflexiva i crear coneixement, com a valor afegit, a partir de les prioritats que estableixin els centres sobre els enfocaments globalitzats<\/li>\n<li id=\"h.p_JLXtw8LA5Xjc\" class=\"TYR86d zfr3Q\">Aprofundir en processos de formaci\u00f3 interna i externa, i la seva transfer\u00e8ncia a l\u2019aula, utilitzant metodologies reflexives i participatives (estades de proximitat en centres, v\u00eddeo 3\u2019, participaci\u00f3 d\u2019experts &#8230;)<\/li>\n<li id=\"h.p_MhDLXWgX5Xjd\" class=\"TYR86d zfr3Q\">Aprofitar els elements facilitadors d\u2019aprenentatge de la xarxa (comprom\u00eds, connexions, contacte, reconeixement mutu, seguretat en els processos, formaci\u00f3 entre iguals, projectes compartits &#8230;)<\/li>\n<\/ul>\n<p id=\"h.p_WbUUGi4b5Xje\" class=\"zfr3Q\">Aquesta xarxa est\u00e0 impulsada pels Serveis Territorials del Departament d&#8217;Ensenyament al Vall\u00e8s Occidental, coordinada pels diferents Serveis Educatius, amb el suport de la Inspecci\u00f3 i la col\u00b7laboraci\u00f3 de la ICE.<\/p>\n","protected":false},"excerpt":{"rendered":"<p>L&#8217;Escola La Sardana participa a la XIEP desde el curs 2018-19 sent la primera escola de Badia en afegir-se.<br \/>\n<a href=\"https:\/\/agora.xtec.cat\/ceip-lasardana\/wp-content\/uploads\/usu659\/2020\/04\/XIEP.jpg\"><\/a>La XIEP \u00e9s\u00a0 una Xarxa d&#8217;Innovaci\u00f3 d&#8217;Escoles de Prim\u00e0ria, \u00e9s a dir, una xarxa de centres educatius d&#8217;infantil i prim\u00e0ria del Vall\u00e8s Occidental que estem implementant&hellip;  <a href=\"https:\/\/agora.xtec.cat\/ceip-lasardana\/xarxa-xiep\/\" title=\"Read Xarxa XIEP\">Llegeix m\u00e9s\u00bb<\/a><\/p>\n","protected":false},"author":8,"featured_media":0,"parent":0,"menu_order":0,"comment_status":"closed","ping_status":"closed","template":"","meta":{"_bbp_topic_count":0,"_bbp_reply_count":0,"_bbp_total_topic_count":0,"_bbp_total_reply_count":0,"_bbp_voice_count":0,"_bbp_anonymous_reply_count":0,"_bbp_topic_count_hidden":0,"_bbp_reply_count_hidden":0,"_bbp_forum_subforum_count":0,"footnotes":""},"class_list":["post-6930","page","type-page","status-publish","hentry"],"post_mailing_queue_ids":[],"_links":{"self":[{"href":"https:\/\/agora.xtec.cat\/ceip-lasardana\/wp-json\/wp\/v2\/pages\/6930","targetHints":{"allow":["GET"]}}],"collection":[{"href":"https:\/\/agora.xtec.cat\/ceip-lasardana\/wp-json\/wp\/v2\/pages"}],"about":[{"href":"https:\/\/agora.xtec.cat\/ceip-lasardana\/wp-json\/wp\/v2\/types\/page"}],"author":[{"embeddable":true,"href":"https:\/\/agora.xtec.cat\/ceip-lasardana\/wp-json\/wp\/v2\/users\/8"}],"replies":[{"embeddable":true,"href":"https:\/\/agora.xtec.cat\/ceip-lasardana\/wp-json\/wp\/v2\/comments?post=6930"}],"version-history":[{"count":2,"href":"https:\/\/agora.xtec.cat\/ceip-lasardana\/wp-json\/wp\/v2\/pages\/6930\/revisions"}],"predecessor-version":[{"id":6935,"href":"https:\/\/agora.xtec.cat\/ceip-lasardana\/wp-json\/wp\/v2\/pages\/6930\/revisions\/6935"}],"wp:attachment":[{"href":"https:\/\/agora.xtec.cat\/ceip-lasardana\/wp-json\/wp\/v2\/media?parent=6930"}],"curies":[{"name":"wp","href":"https:\/\/api.w.org\/{rel}","templated":true}]}}