{"id":6926,"date":"2020-03-31T12:16:17","date_gmt":"2020-03-31T10:16:17","guid":{"rendered":"http:\/\/agora.xtec.cat\/ceip-lasardana\/?page_id=6926"},"modified":"2021-01-29T20:19:54","modified_gmt":"2021-01-29T19:19:54","slug":"cantania","status":"publish","type":"page","link":"https:\/\/agora.xtec.cat\/ceip-lasardana\/projecte-educatiu\/cantania\/","title":{"rendered":"Cant\u00e0nia"},"content":{"rendered":"<p style=\"font-weight: 400;\">Cant\u00e0nia vetlla per l\u2019educaci\u00f3 musical dels nens i nenes a trav\u00e9s d\u2019un cam\u00ed acompanyat de m\u00fasica, cultura i emoci\u00f3. A la Sardana els alumnes de 5\u00e8, s\u00f3n els protagonistes d&#8217;aquest projecte que al llarg de tot els curs el treballen dins de l&#8217;\u00e0rea de m\u00fasica.<\/p>\n<p><iframe loading=\"lazy\" src=\"\/\/www.youtube.com\/embed\/U0I3awOVii0?feature=emb_logo\" width=\"400\" height=\"224\"><\/iframe><\/p>\n<p style=\"font-weight: 400;\">El curs 1989 \u2013 1990 va n\u00e9ixer Cant\u00e0nia a partir de la voluntat de les mestres de m\u00fasica de les 9 escoles municipals de Barcelona de fer alguna activitat conjunta. L\u2019any 1997 es van afegir totes les escoles de la ciutat. L\u2019\u00e8xit va ser tal, que l\u2019any 2002 va comen\u00e7ar a implantar-se a d\u2019altres ciutats de Catalunya per a, l\u2019any 2005, comen\u00e7ar a cr\u00e9ixer arreu del m\u00f3n. Cant\u00e0nia \u00e9s una activitat participativa dirigida a escolars de cicle mitj\u00e0 i superior de prim\u00e0ria. Cada temporada s\u2019encarrega una obra nova per a un gran cor de nens i nenes, a compositors i escriptors catalans de reconegur prestigi.\u00a0Durant tot el curs escolar es treballa tant des de L\u2019Auditori com des de l\u2019escola. L\u2019objectiu \u00e9s organitzar un acte per als alumnes que, per les caracter\u00edstiques globals pensades exclusivament per a ells, per la qualitat i per la implicaci\u00f3 personal i col\u00b7lectiva en l\u2019acte, es converteixi en una viv\u00e8ncia musical inoblidable per a tots.<\/p>\n<p><a href=\"https:\/\/blocs.xtec.cat\/elpaismusical\/archives\/category\/cantania\" target=\"_blank\" rel=\"noopener noreferrer\"><img loading=\"lazy\" decoding=\"async\" class=\"alignleft wp-image-6979 size-full\" src=\"https:\/\/agora.xtec.cat\/ceip-lasardana\/wp-content\/uploads\/usu659\/2020\/04\/cantania.jpg\" alt=\"\" width=\"178\" height=\"122\" \/><\/a>La nostra escola va comen\u00e7ar a participar en aquest projecte <strong>el curs 2001-2002.<\/strong> Al bot\u00f3 de l&#8217;esquerra teniu el recull de totes les Cant\u00e0nies que hem participat.<\/p>\n<p style=\"font-weight: 400;\">Fins a dia d\u2019avui, Cant\u00e0nia s\u2019ha realitzat a m\u00e9s de 20 ciutats de 6 pa\u00efsos tant europeus com americans. Les xifres anuals s\u00f3n espectaculars! Al llarg d\u2019un curs escolar passen pels escenaris de totes les ciutats participants aproximadament 50.000 nens i nenes, 1.000 mestres de m\u00fasica de m\u00e9s de 1.000 escoles i 100.000 espectadors.<\/p>\n<p style=\"font-weight: 400;\">\n","protected":false},"excerpt":{"rendered":"<p>Cant\u00e0nia vetlla per l\u2019educaci\u00f3 musical dels nens i nenes a trav\u00e9s d\u2019un cam\u00ed acompanyat de m\u00fasica, cultura i emoci\u00f3. A la Sardana els alumnes de 5\u00e8, s\u00f3n els protagonistes d&#8217;aquest projecte que al llarg de tot els curs el treballen dins de l&#8217;\u00e0rea de m\u00fasica.<\/p>\n<p>El&hellip;  <a href=\"https:\/\/agora.xtec.cat\/ceip-lasardana\/projecte-educatiu\/cantania\/\" title=\"Read Cant\u00e0nia\">Llegeix m\u00e9s\u00bb<\/a><\/p>\n","protected":false},"author":8,"featured_media":0,"parent":64,"menu_order":0,"comment_status":"closed","ping_status":"closed","template":"","meta":{"_bbp_topic_count":0,"_bbp_reply_count":0,"_bbp_total_topic_count":0,"_bbp_total_reply_count":0,"_bbp_voice_count":0,"_bbp_anonymous_reply_count":0,"_bbp_topic_count_hidden":0,"_bbp_reply_count_hidden":0,"_bbp_forum_subforum_count":0,"footnotes":""},"class_list":["post-6926","page","type-page","status-publish","hentry"],"post_mailing_queue_ids":[],"_links":{"self":[{"href":"https:\/\/agora.xtec.cat\/ceip-lasardana\/wp-json\/wp\/v2\/pages\/6926","targetHints":{"allow":["GET"]}}],"collection":[{"href":"https:\/\/agora.xtec.cat\/ceip-lasardana\/wp-json\/wp\/v2\/pages"}],"about":[{"href":"https:\/\/agora.xtec.cat\/ceip-lasardana\/wp-json\/wp\/v2\/types\/page"}],"author":[{"embeddable":true,"href":"https:\/\/agora.xtec.cat\/ceip-lasardana\/wp-json\/wp\/v2\/users\/8"}],"replies":[{"embeddable":true,"href":"https:\/\/agora.xtec.cat\/ceip-lasardana\/wp-json\/wp\/v2\/comments?post=6926"}],"version-history":[{"count":4,"href":"https:\/\/agora.xtec.cat\/ceip-lasardana\/wp-json\/wp\/v2\/pages\/6926\/revisions"}],"predecessor-version":[{"id":6982,"href":"https:\/\/agora.xtec.cat\/ceip-lasardana\/wp-json\/wp\/v2\/pages\/6926\/revisions\/6982"}],"up":[{"embeddable":true,"href":"https:\/\/agora.xtec.cat\/ceip-lasardana\/wp-json\/wp\/v2\/pages\/64"}],"wp:attachment":[{"href":"https:\/\/agora.xtec.cat\/ceip-lasardana\/wp-json\/wp\/v2\/media?parent=6926"}],"curies":[{"name":"wp","href":"https:\/\/api.w.org\/{rel}","templated":true}]}}