{"id":6921,"date":"2020-03-31T12:03:33","date_gmt":"2020-03-31T10:03:33","guid":{"rendered":"http:\/\/agora.xtec.cat\/ceip-lasardana\/?page_id=6921"},"modified":"2021-01-29T20:19:13","modified_gmt":"2021-01-29T19:19:13","slug":"danses-tradicionals-catalanes","status":"publish","type":"page","link":"https:\/\/agora.xtec.cat\/ceip-lasardana\/danses-tradicionals-catalanes\/","title":{"rendered":"Danses tradicionals Catalanes"},"content":{"rendered":"<p>El projecte &#8220;Danses tradicionals Catalanes&#8221; \u00a0es realitza al propi centre\u00a0 i\u00a0 t\u00e9 com a finalitat establir una interrelaci\u00f3 permanent, amb l\u2019\u00e0rea d\u2019Educaci\u00f3 F\u00edsica, per tal d\u2019assolir els objectius establerts en el Projecte Curricular del Centre.<\/p>\n<p>L\u2019objectiu principal \u00e9s facilitar que l\u2019alumnat visqui experi\u00e8ncies noves de dansa que li ajudin en el seu desenvolupament integral.<\/p>\n<p>Les danses i balls tradicionals catalans es realitzen a 4t de prim\u00e0ria\u00a0 a partir del 2n trimestre en una sessi\u00f3 setmanal de 50\u2032 .<\/p>\n<p>El Projecte\u00a0 preten que el nostre alumnat:<\/p>\n<ul>\n<li><strong><a href=\"https:\/\/agora.xtec.cat\/ceip-lasardana\/wp-content\/uploads\/usu659\/2020\/03\/sardanes.jpg\"><img loading=\"lazy\" decoding=\"async\" class=\" wp-image-6922 alignleft\" src=\"https:\/\/agora.xtec.cat\/ceip-lasardana\/wp-content\/uploads\/usu659\/2020\/03\/sardanes.jpg\" alt=\"\" width=\"319\" height=\"214\" srcset=\"https:\/\/agora.xtec.cat\/ceip-lasardana\/wp-content\/uploads\/usu659\/2020\/03\/sardanes.jpg 960w, https:\/\/agora.xtec.cat\/ceip-lasardana\/wp-content\/uploads\/usu659\/2020\/03\/sardanes-300x200.jpg 300w, https:\/\/agora.xtec.cat\/ceip-lasardana\/wp-content\/uploads\/usu659\/2020\/03\/sardanes-768x512.jpg 768w\" sizes=\"auto, (max-width: 319px) 100vw, 319px\" \/><\/a>Familiaritzaci\u00f3 amb danses de la cultura catalana: <\/strong>Formaci\u00f3 integral de l\u2019alumne\/a a trav\u00e9s del treball de les habilitats b\u00e0siques de dansa.<\/li>\n<li><strong>Domini de continguts de l&#8217;\u00e0rea d&#8217;Educaci\u00f3 f\u00edsica: <\/strong>Formaci\u00f3 integral de l\u2019alumne\/a a partir de la pr\u00e0ctica , a trav\u00e9s del domini del propi cos, dels despla\u00e7aments i de les habilitats coordinatives.<\/li>\n<li><strong>Domini de continguts d&#8217;expressi\u00f3 corporal:<\/strong>a trav\u00e9s d&#8217;estimuls r\u00edtmics i musicals. Aix\u00ed com l&#8217;elaboraci\u00f3 i creaci\u00f3 de danses tradicionals i coreografies senzilles.<\/li>\n<\/ul>\n<p>Com a tota activitat f\u00edsica, la motivaci\u00f3 \u00e9s un factor molt important, doncs facilita molt l\u2019aprenentatge; sens dubte la dansa \u00e9s un element motivador en la pr\u00e0ctica de l\u2019exercici f\u00edsic.<\/p>\n<p>&nbsp;<\/p>\n<p>&nbsp;<\/p>\n","protected":false},"excerpt":{"rendered":"<p>El projecte &#8220;Danses tradicionals Catalanes&#8221; \u00a0es realitza al propi centre\u00a0 i\u00a0 t\u00e9 com a finalitat establir una interrelaci\u00f3 permanent, amb l\u2019\u00e0rea d\u2019Educaci\u00f3 F\u00edsica, per tal d\u2019assolir els objectius establerts en el Projecte Curricular del Centre.<br \/>\nL\u2019objectiu principal \u00e9s facilitar que l\u2019alumnat visqui experi\u00e8ncies noves de dansa&hellip;  <a href=\"https:\/\/agora.xtec.cat\/ceip-lasardana\/danses-tradicionals-catalanes\/\" title=\"Read Danses tradicionals Catalanes\">Llegeix m\u00e9s\u00bb<\/a><\/p>\n","protected":false},"author":8,"featured_media":0,"parent":0,"menu_order":0,"comment_status":"closed","ping_status":"closed","template":"","meta":{"_bbp_topic_count":0,"_bbp_reply_count":0,"_bbp_total_topic_count":0,"_bbp_total_reply_count":0,"_bbp_voice_count":0,"_bbp_anonymous_reply_count":0,"_bbp_topic_count_hidden":0,"_bbp_reply_count_hidden":0,"_bbp_forum_subforum_count":0,"footnotes":""},"class_list":["post-6921","page","type-page","status-publish","hentry"],"post_mailing_queue_ids":[],"_links":{"self":[{"href":"https:\/\/agora.xtec.cat\/ceip-lasardana\/wp-json\/wp\/v2\/pages\/6921","targetHints":{"allow":["GET"]}}],"collection":[{"href":"https:\/\/agora.xtec.cat\/ceip-lasardana\/wp-json\/wp\/v2\/pages"}],"about":[{"href":"https:\/\/agora.xtec.cat\/ceip-lasardana\/wp-json\/wp\/v2\/types\/page"}],"author":[{"embeddable":true,"href":"https:\/\/agora.xtec.cat\/ceip-lasardana\/wp-json\/wp\/v2\/users\/8"}],"replies":[{"embeddable":true,"href":"https:\/\/agora.xtec.cat\/ceip-lasardana\/wp-json\/wp\/v2\/comments?post=6921"}],"version-history":[{"count":2,"href":"https:\/\/agora.xtec.cat\/ceip-lasardana\/wp-json\/wp\/v2\/pages\/6921\/revisions"}],"predecessor-version":[{"id":6974,"href":"https:\/\/agora.xtec.cat\/ceip-lasardana\/wp-json\/wp\/v2\/pages\/6921\/revisions\/6974"}],"wp:attachment":[{"href":"https:\/\/agora.xtec.cat\/ceip-lasardana\/wp-json\/wp\/v2\/media?parent=6921"}],"curies":[{"name":"wp","href":"https:\/\/api.w.org\/{rel}","templated":true}]}}