{"id":6916,"date":"2020-03-31T11:46:38","date_gmt":"2020-03-31T09:46:38","guid":{"rendered":"http:\/\/agora.xtec.cat\/ceip-lasardana\/?page_id=6916"},"modified":"2021-09-26T13:33:39","modified_gmt":"2021-09-26T11:33:39","slug":"natacio","status":"publish","type":"page","link":"https:\/\/agora.xtec.cat\/ceip-lasardana\/projecte-educatiu\/natacio\/","title":{"rendered":"Nataci\u00f3"},"content":{"rendered":"<p>L\u2019activitat de piscina es realitza al Poliesportiu de Badia del Vall\u00e8s\u00a0 i est\u00e0 inclosa en el \u201cPrograma de Nataci\u00f3 Escolar\u201d que t\u00e9 com a finalitat establir una interrelaci\u00f3 permanent, amb l\u2019\u00e0rea d\u2019Educaci\u00f3 F\u00edsica, per tal d\u2019assolir els objectius establerts en el Projecte Curricular del Centre.<\/p>\n<p>L\u2019objectiu principal \u00e9s facilitar que l\u2019alumnat visqui experi\u00e8ncies noves que li proporcionin la base psicomotriu tant pel seu desenvolupament integral, com per jugar, divertir-se i dominar el medi amb seguretat i sense pors.<\/p>\n<p>El Programa de Nataci\u00f3 Escolar es realitza a 1r de prim\u00e0ria\u00a0 durant tot el curs, una sessi\u00f3 setmanal de 50&#8242; , que es faran els dimarts o dijous al mat\u00ed.<\/p>\n<p>El Programa de Nataci\u00f3 Escolar pret\u00e9n al nostre alumnat la:<\/p>\n<ul>\n<li><strong><a href=\"https:\/\/agora.xtec.cat\/ceip-lasardana\/wp-content\/uploads\/usu659\/2020\/03\/piscina.jpg\"><img loading=\"lazy\" decoding=\"async\" class=\" wp-image-6917 alignleft\" src=\"https:\/\/agora.xtec.cat\/ceip-lasardana\/wp-content\/uploads\/usu659\/2020\/03\/piscina.jpg\" alt=\"\" width=\"260\" height=\"250\" \/><\/a>Familiaritzaci\u00f3 i adaptaci\u00f3 al medi aqu\u00e0tic:\u00a0<\/strong>Formaci\u00f3 integral de l\u2019alumne\/a a trav\u00e9s del treball de les habilitats aqu\u00e0tiques b\u00e0siques a partir del m\u00e0xim d\u2019experi\u00e8ncies motrius possibles.<\/li>\n<li><strong>Domini del medi aqu\u00e0tic i dels despla\u00e7aments:\u00a0<\/strong>Formaci\u00f3 integral de l\u2019alumne\/a a partir de la pr\u00e0ctica motriu aqu\u00e0tica, a trav\u00e9s del domini del propi cos, dels despla\u00e7aments en el medi aqu\u00e0tic i de les habilitats motrius b\u00e0siques.<\/li>\n<li><strong>Iniciaci\u00f3 a la t\u00e8cnica dels estils:\u00a0<\/strong>Coneixement i experimentaci\u00f3 de la t\u00e8cnica dels diferents estils de nataci\u00f3.<\/li>\n<li><strong>Foment de l&#8217;autonomia de l&#8217;alumne i tenir cura de la seva higiene.<\/strong><\/li>\n<\/ul>\n<p>Com a tota activitat f\u00edsica, la motivaci\u00f3 \u00e9s un factor molt important, doncs facilita molt l\u2019aprenentatge; sens dubte la piscina \u00e9s un element motivador en la pr\u00e0ctica de l\u2019exercici f\u00edsic.<\/p>\n<p>&nbsp;<\/p>\n","protected":false},"excerpt":{"rendered":"<p>L\u2019activitat de piscina es realitza al Poliesportiu de Badia del Vall\u00e8s\u00a0 i est\u00e0 inclosa en el \u201cPrograma de Nataci\u00f3 Escolar\u201d que t\u00e9 com a finalitat establir una interrelaci\u00f3 permanent, amb l\u2019\u00e0rea d\u2019Educaci\u00f3 F\u00edsica, per tal d\u2019assolir els objectius establerts en el Projecte Curricular del Centre.<br \/>\nL\u2019objectiu&hellip;  <a href=\"https:\/\/agora.xtec.cat\/ceip-lasardana\/projecte-educatiu\/natacio\/\" title=\"Read Nataci\u00f3\">Llegeix m\u00e9s\u00bb<\/a><\/p>\n","protected":false},"author":8,"featured_media":0,"parent":64,"menu_order":0,"comment_status":"closed","ping_status":"closed","template":"","meta":{"_bbp_topic_count":0,"_bbp_reply_count":0,"_bbp_total_topic_count":0,"_bbp_total_reply_count":0,"_bbp_voice_count":0,"_bbp_anonymous_reply_count":0,"_bbp_topic_count_hidden":0,"_bbp_reply_count_hidden":0,"_bbp_forum_subforum_count":0,"footnotes":""},"class_list":["post-6916","page","type-page","status-publish","hentry"],"post_mailing_queue_ids":[],"_links":{"self":[{"href":"https:\/\/agora.xtec.cat\/ceip-lasardana\/wp-json\/wp\/v2\/pages\/6916","targetHints":{"allow":["GET"]}}],"collection":[{"href":"https:\/\/agora.xtec.cat\/ceip-lasardana\/wp-json\/wp\/v2\/pages"}],"about":[{"href":"https:\/\/agora.xtec.cat\/ceip-lasardana\/wp-json\/wp\/v2\/types\/page"}],"author":[{"embeddable":true,"href":"https:\/\/agora.xtec.cat\/ceip-lasardana\/wp-json\/wp\/v2\/users\/8"}],"replies":[{"embeddable":true,"href":"https:\/\/agora.xtec.cat\/ceip-lasardana\/wp-json\/wp\/v2\/comments?post=6916"}],"version-history":[{"count":3,"href":"https:\/\/agora.xtec.cat\/ceip-lasardana\/wp-json\/wp\/v2\/pages\/6916\/revisions"}],"predecessor-version":[{"id":9741,"href":"https:\/\/agora.xtec.cat\/ceip-lasardana\/wp-json\/wp\/v2\/pages\/6916\/revisions\/9741"}],"up":[{"embeddable":true,"href":"https:\/\/agora.xtec.cat\/ceip-lasardana\/wp-json\/wp\/v2\/pages\/64"}],"wp:attachment":[{"href":"https:\/\/agora.xtec.cat\/ceip-lasardana\/wp-json\/wp\/v2\/media?parent=6916"}],"curies":[{"name":"wp","href":"https:\/\/api.w.org\/{rel}","templated":true}]}}