{"id":6893,"date":"2020-03-30T14:21:02","date_gmt":"2020-03-30T12:21:02","guid":{"rendered":"http:\/\/agora.xtec.cat\/ceip-lasardana\/?page_id=6893"},"modified":"2021-01-29T20:17:06","modified_gmt":"2021-01-29T19:17:06","slug":"pla-de-consum-de-fruita","status":"publish","type":"page","link":"https:\/\/agora.xtec.cat\/ceip-lasardana\/projecte-educatiu\/pla-de-consum-de-fruita\/","title":{"rendered":"Pla de Consum de Fruita"},"content":{"rendered":"<h5>Pla de consum de fruita i hortalisses a l&#8217;escola.<\/h5>\n<p>Menjar fruita \u00e9s sa i divertit! I els m\u00e9s petits ho descobreixen amb el\u00a0<strong>Pla de consum de fruita a les escoles<\/strong>, una iniciativa de la Uni\u00f3 Europea que a Catalunya es fa efectiva mitjan\u00e7ant una acci\u00f3 coordinada dels departaments d\u2019Agricultura, Salut i Ensenyament de la Generalitat de Catalunya.<\/p>\n<p><a href=\"https:\/\/agora.xtec.cat\/ceip-lasardana\/wp-content\/uploads\/usu659\/2020\/03\/fruita.jpg\"><img loading=\"lazy\" decoding=\"async\" class=\" wp-image-6894 alignleft\" src=\"https:\/\/agora.xtec.cat\/ceip-lasardana\/wp-content\/uploads\/usu659\/2020\/03\/fruita.jpg\" alt=\"\" width=\"247\" height=\"126\" srcset=\"https:\/\/agora.xtec.cat\/ceip-lasardana\/wp-content\/uploads\/usu659\/2020\/03\/fruita.jpg 407w, https:\/\/agora.xtec.cat\/ceip-lasardana\/wp-content\/uploads\/usu659\/2020\/03\/fruita-300x153.jpg 300w\" sizes=\"auto, (max-width: 247px) 100vw, 247px\" \/><\/a>L&#8217;Escola La Sardana participa en el <a href=\"http:\/\/agricultura.gencat.cat\/ca\/ambits\/alimentacio\/promocio-agroalimentaria\/fruita-llet-escoles\/fruita-escoles\/\">&#8220;Pla de consum de fruita&#8221;<\/a>, La finalitat \u00e9s promoure el consum de fruites i hortalisses entre la poblaci\u00f3 escolar i contribuir a la promoci\u00f3 d\u2019h\u00e0bits de consum saludables.Si ho considereu oport\u00fa, aquests dies no cal que els vostres fills\u00a0 portin res m\u00e9s per esmorzar.\u00a0Aqu\u00ed teniu la nostra pr\u00f2pia can\u00e7\u00f3 de la fruita creada al maig del 2015 per 3 alumnes de la nostra escola per tal d&#8217;animar als seus companys a menjar fruita .<\/p>\n<!--[if lt IE 9]><script>document.createElement('audio');<\/script><![endif]-->\n<audio class=\"wp-audio-shortcode\" id=\"audio-6893-1\" preload=\"none\" style=\"width: 100%;\" controls=\"controls\"><source type=\"audio\/mpeg\" src=\"http:\/\/agora.xtec.cat\/ceip-lasardana\/wp-content\/uploads\/usu659\/2017\/01\/can\u00e7o-puleva-definitiva.mp3?_=1\" \/><a href=\"http:\/\/agora.xtec.cat\/ceip-lasardana\/wp-content\/uploads\/usu659\/2017\/01\/can\u00e7o-puleva-definitiva.mp3\">http:\/\/agora.xtec.cat\/ceip-lasardana\/wp-content\/uploads\/usu659\/2017\/01\/can\u00e7o-puleva-definitiva.mp3<\/a><\/audio>\n<p>&nbsp;<\/p>\n<p><strong><a href=\"http:\/\/agora.xtec.cat\/ceip-lasardana\/wp-content\/uploads\/usu659\/2017\/01\/cari-fruita-IMG_1762.jpg\"><img loading=\"lazy\" decoding=\"async\" class=\"wp-image-2287 alignright\" src=\"http:\/\/agora.xtec.cat\/ceip-lasardana\/wp-content\/uploads\/usu659\/2017\/01\/cari-fruita-IMG_1762-1024x683.jpg\" alt=\"\" width=\"338\" height=\"226\" srcset=\"https:\/\/agora.xtec.cat\/ceip-lasardana\/wp-content\/uploads\/usu659\/2017\/01\/cari-fruita-IMG_1762-1024x683.jpg 1024w, https:\/\/agora.xtec.cat\/ceip-lasardana\/wp-content\/uploads\/usu659\/2017\/01\/cari-fruita-IMG_1762-300x200.jpg 300w, https:\/\/agora.xtec.cat\/ceip-lasardana\/wp-content\/uploads\/usu659\/2017\/01\/cari-fruita-IMG_1762-768x512.jpg 768w, https:\/\/agora.xtec.cat\/ceip-lasardana\/wp-content\/uploads\/usu659\/2017\/01\/cari-fruita-IMG_1762.jpg 1417w\" sizes=\"auto, (max-width: 338px) 100vw, 338px\" \/><\/a><\/strong><\/p>\n<p>Aquest pla consisteix en un cop al mes \u00a0distribuir gratu\u00eftament fruita fresca als escolars\u00a0<strong>d&#8217;Educaci\u00f3 infantil i prim\u00e0ria<\/strong>. Ens porten fruita i hortalisses que es reparteix aquella setmana a l\u2019hora d\u2019esmorzar i\/o berenar.<\/p>\n<p>Us informem puntualment dels dies que rebem la fruita, mitjan\u00e7ant el Tokapp.<\/p>\n<p>&nbsp;<\/p>\n<p>&nbsp;<\/p>\n<hr \/>\n<h5>Dijous, dia de la fruita<\/h5>\n<p>A m\u00e9s,\u00a0<strong>els DIJOUS \u00e9s el \u201cDIA DE LA FRUITA\u201d.<\/strong><\/p>\n<p>Els i les alumnes de l\u2019escola porten per esmorzar una o v\u00e0ries peces de fruita (poden anar complementades amb entrep\u00e0 m\u00e9s petit), per tal de fomentar i habituar-se a una l\u2019alimentaci\u00f3 saludable.<\/p>\n<p>Des de l\u2019escola volem seguir promovent la dieta equilibrada dels nostres alumnes!\u00a0Per aquest motiu us proposem que duran tot el curs\u00a0 els infants de l\u2019escola, <strong>cada dijous portin una pe\u00e7a de fruita per esmorzar.<\/strong><\/p>\n<p>Amb aquesta proposta es pret\u00e9n afavorir uns h\u00e0bits d&#8217;alimentaci\u00f3 saludable, perqu\u00e8 prendre fruita \u00e9s la manera m\u00e9s natural d\u2019aportar vitamines al nostre cos.<\/p>\n<p>Recordeu tamb\u00e9 fer \u00fas de la carmanyola.\u00a0(volem REDUIR envasos).<\/p>\n<p style=\"text-align: center;\"><em><strong>Demanem el suport des de casa per fer d\u2019aquestes iniciatives un \u00e8xit!<\/strong><\/em><\/p>\n<p><a href=\"http:\/\/agora.xtec.cat\/ceip-lasardana\/wp-content\/uploads\/usu659\/2017\/09\/cap_interior.jpg\"><img loading=\"lazy\" decoding=\"async\" class=\"alignnone wp-image-3502\" src=\"http:\/\/agora.xtec.cat\/ceip-lasardana\/wp-content\/uploads\/usu659\/2017\/09\/cap_interior.jpg\" alt=\"\" width=\"793\" height=\"209\" srcset=\"https:\/\/agora.xtec.cat\/ceip-lasardana\/wp-content\/uploads\/usu659\/2017\/09\/cap_interior.jpg 759w, https:\/\/agora.xtec.cat\/ceip-lasardana\/wp-content\/uploads\/usu659\/2017\/09\/cap_interior-300x79.jpg 300w\" sizes=\"auto, (max-width: 793px) 100vw, 793px\" \/><\/a><\/p>\n<p>&nbsp;<\/p>\n","protected":false},"excerpt":{"rendered":"<p>Pla de consum de fruita i hortalisses a l&#8217;escola.<br \/>\nMenjar fruita \u00e9s sa i divertit! I els m\u00e9s petits ho descobreixen amb el\u00a0Pla de consum de fruita a les escoles, una iniciativa de la Uni\u00f3 Europea que a Catalunya es fa efectiva mitjan\u00e7ant una acci\u00f3 coordinada&hellip;  <a href=\"https:\/\/agora.xtec.cat\/ceip-lasardana\/projecte-educatiu\/pla-de-consum-de-fruita\/\" title=\"Read Pla de Consum de Fruita\">Llegeix m\u00e9s\u00bb<\/a><\/p>\n","protected":false},"author":8,"featured_media":0,"parent":64,"menu_order":0,"comment_status":"closed","ping_status":"closed","template":"","meta":{"_bbp_topic_count":0,"_bbp_reply_count":0,"_bbp_total_topic_count":0,"_bbp_total_reply_count":0,"_bbp_voice_count":0,"_bbp_anonymous_reply_count":0,"_bbp_topic_count_hidden":0,"_bbp_reply_count_hidden":0,"_bbp_forum_subforum_count":0,"footnotes":""},"class_list":["post-6893","page","type-page","status-publish","hentry"],"post_mailing_queue_ids":[],"_links":{"self":[{"href":"https:\/\/agora.xtec.cat\/ceip-lasardana\/wp-json\/wp\/v2\/pages\/6893","targetHints":{"allow":["GET"]}}],"collection":[{"href":"https:\/\/agora.xtec.cat\/ceip-lasardana\/wp-json\/wp\/v2\/pages"}],"about":[{"href":"https:\/\/agora.xtec.cat\/ceip-lasardana\/wp-json\/wp\/v2\/types\/page"}],"author":[{"embeddable":true,"href":"https:\/\/agora.xtec.cat\/ceip-lasardana\/wp-json\/wp\/v2\/users\/8"}],"replies":[{"embeddable":true,"href":"https:\/\/agora.xtec.cat\/ceip-lasardana\/wp-json\/wp\/v2\/comments?post=6893"}],"version-history":[{"count":1,"href":"https:\/\/agora.xtec.cat\/ceip-lasardana\/wp-json\/wp\/v2\/pages\/6893\/revisions"}],"predecessor-version":[{"id":6895,"href":"https:\/\/agora.xtec.cat\/ceip-lasardana\/wp-json\/wp\/v2\/pages\/6893\/revisions\/6895"}],"up":[{"embeddable":true,"href":"https:\/\/agora.xtec.cat\/ceip-lasardana\/wp-json\/wp\/v2\/pages\/64"}],"wp:attachment":[{"href":"https:\/\/agora.xtec.cat\/ceip-lasardana\/wp-json\/wp\/v2\/media?parent=6893"}],"curies":[{"name":"wp","href":"https:\/\/api.w.org\/{rel}","templated":true}]}}