{"id":6849,"date":"2020-03-24T13:43:05","date_gmt":"2020-03-24T12:43:05","guid":{"rendered":"http:\/\/agora.xtec.cat\/ceip-lasardana\/?page_id=6849"},"modified":"2021-01-19T16:30:36","modified_gmt":"2021-01-19T15:30:36","slug":"taller-descacs","status":"publish","type":"page","link":"https:\/\/agora.xtec.cat\/ceip-lasardana\/projecte-educatiu\/taller-descacs\/","title":{"rendered":"Taller d&#8217;Escacs"},"content":{"rendered":"<p>Els escacs<strong>\u00a0\u00e9s un magn\u00edfic entrenament mental, ja que potencia en els nens multitud d\u2019habilitats relacionades amb les matem\u00e0tiques, la lectura, la capacitat de concentraci\u00f3 o la creativitat.\u00a0<\/strong>Estan considerats com a joc, esport i una eina pedag\u00f2gica de gran utilitat! Per aquest motiu a la nostra escola vam incorporar fa molts anys els escacs com una assignatura dins l\u2019horari lectiu per als alumnes de P5 i 1r.<\/p>\n<p><a href=\"https:\/\/agora.xtec.cat\/ceip-lasardana\/wp-content\/uploads\/usu659\/2020\/03\/1.jpg\"><img loading=\"lazy\" decoding=\"async\" class=\"wp-image-6856 alignleft\" src=\"https:\/\/agora.xtec.cat\/ceip-lasardana\/wp-content\/uploads\/usu659\/2020\/03\/1-1024x768.jpg\" alt=\"\" width=\"209\" height=\"157\" srcset=\"https:\/\/agora.xtec.cat\/ceip-lasardana\/wp-content\/uploads\/usu659\/2020\/03\/1-1024x768.jpg 1024w, https:\/\/agora.xtec.cat\/ceip-lasardana\/wp-content\/uploads\/usu659\/2020\/03\/1-300x225.jpg 300w, https:\/\/agora.xtec.cat\/ceip-lasardana\/wp-content\/uploads\/usu659\/2020\/03\/1-768x576.jpg 768w, https:\/\/agora.xtec.cat\/ceip-lasardana\/wp-content\/uploads\/usu659\/2020\/03\/1-200x150.jpg 200w\" sizes=\"auto, (max-width: 209px) 100vw, 209px\" \/><\/a>Desde ell curs 19-20, aprofitem cada divendres l\u2019hora del pati per oferir la possibilitat de jugar a escacs als nostres alumnes de prim\u00e0ria. All\u00e0 es troben nens i nenes de totes les edats que assisteixen volunt\u00e0riament a passar una bona estona.<\/p>\n<div class=\"slideshow_container slideshow_container_style-light\" data-slideshow-id=\"6520\" data-style-name=\"style-light\" data-style-version=\"2.3.1\" data-slideshow-active=\"1\">\n<div class=\"slideshow_content\">\n<div class=\"slideshow_view slideshow_currentView\">\n<div><\/div>\n<div><\/div>\n<\/div>\n<\/div>\n<\/div>\n<p>si en voleu saber <a href=\"http:\/\/escacs.oreneta.org\/es\">\u00a0m\u00e9s!<\/a><\/p>\n","protected":false},"excerpt":{"rendered":"<p>Els escacs\u00a0\u00e9s un magn\u00edfic entrenament mental, ja que potencia en els nens multitud d\u2019habilitats relacionades amb les matem\u00e0tiques, la lectura, la capacitat de concentraci\u00f3 o la creativitat.\u00a0Estan considerats com a joc, esport i una eina pedag\u00f2gica de gran utilitat! Per aquest motiu a la nostra&hellip;  <a href=\"https:\/\/agora.xtec.cat\/ceip-lasardana\/projecte-educatiu\/taller-descacs\/\" title=\"Read Taller d&#8217;Escacs\">Llegeix m\u00e9s\u00bb<\/a><\/p>\n","protected":false},"author":8,"featured_media":0,"parent":64,"menu_order":0,"comment_status":"closed","ping_status":"closed","template":"","meta":{"_bbp_topic_count":0,"_bbp_reply_count":0,"_bbp_total_topic_count":0,"_bbp_total_reply_count":0,"_bbp_voice_count":0,"_bbp_anonymous_reply_count":0,"_bbp_topic_count_hidden":0,"_bbp_reply_count_hidden":0,"_bbp_forum_subforum_count":0,"footnotes":""},"class_list":["post-6849","page","type-page","status-publish","hentry"],"post_mailing_queue_ids":[],"_links":{"self":[{"href":"https:\/\/agora.xtec.cat\/ceip-lasardana\/wp-json\/wp\/v2\/pages\/6849","targetHints":{"allow":["GET"]}}],"collection":[{"href":"https:\/\/agora.xtec.cat\/ceip-lasardana\/wp-json\/wp\/v2\/pages"}],"about":[{"href":"https:\/\/agora.xtec.cat\/ceip-lasardana\/wp-json\/wp\/v2\/types\/page"}],"author":[{"embeddable":true,"href":"https:\/\/agora.xtec.cat\/ceip-lasardana\/wp-json\/wp\/v2\/users\/8"}],"replies":[{"embeddable":true,"href":"https:\/\/agora.xtec.cat\/ceip-lasardana\/wp-json\/wp\/v2\/comments?post=6849"}],"version-history":[{"count":3,"href":"https:\/\/agora.xtec.cat\/ceip-lasardana\/wp-json\/wp\/v2\/pages\/6849\/revisions"}],"predecessor-version":[{"id":6857,"href":"https:\/\/agora.xtec.cat\/ceip-lasardana\/wp-json\/wp\/v2\/pages\/6849\/revisions\/6857"}],"up":[{"embeddable":true,"href":"https:\/\/agora.xtec.cat\/ceip-lasardana\/wp-json\/wp\/v2\/pages\/64"}],"wp:attachment":[{"href":"https:\/\/agora.xtec.cat\/ceip-lasardana\/wp-json\/wp\/v2\/media?parent=6849"}],"curies":[{"name":"wp","href":"https:\/\/api.w.org\/{rel}","templated":true}]}}