{"id":6825,"date":"2020-03-21T17:41:24","date_gmt":"2020-03-21T16:41:24","guid":{"rendered":"http:\/\/agora.xtec.cat\/ceip-lasardana\/?page_id=6825"},"modified":"2021-01-19T16:28:51","modified_gmt":"2021-01-19T15:28:51","slug":"jugateca-ambiental","status":"publish","type":"page","link":"https:\/\/agora.xtec.cat\/ceip-lasardana\/projecte-educatiu\/estimat-lhort-2\/jugateca-ambiental\/","title":{"rendered":"Jugateca ambiental"},"content":{"rendered":"<p>Estima\u2019t l\u2019hort, es consolida i creix!\u00a0 Sent un espai m\u00e0gic on gaudeixen i aprenen els nostres alumnes en contacte amb la natura.<\/p>\n<p>El curs 2019-20 vam inaugurar la nostra jugateca ambiental situada a l\u2019espai de l\u2019hort i que obre les portes cada dia i permet als nostres nens i nenes fer dibuixos al natura, llegir contes de natura, trobar material d&#8217;experimentaci\u00f3 com lupes o pots d&#8217;observaci\u00f3, jocs de taula relacionats amb la sostenibelitat i el medi&#8230;<\/p>\n<p>Aquest projecte \u00e9s el s\u00edmbol d\u2019un gran treball en equip, de la import\u00e0ncia de la perseveran\u00e7a , la capacitat d\u2019esfor\u00e7 i de com l\u2019entusiasme i la la motivaci\u00f3 s\u00f3n motor de canvi. Tot un exemple de corresponsabilitat educativa on fam\u00edlia i escola van treballar de valent per fer-ho possible. Aprofitem per agrair enormement a les fam\u00edlies que van col\u00b7laborar perqu\u00e8 elles van fer gran part de la feina bruta i sense elles no s\u2019hagu\u00e9s fet realitat.<\/p>\n<p>Si vol veure el proc\u00e9s i el resultat! <a href=\"https:\/\/drive.google.com\/file\/d\/1g7_YKrQhZJIJ3qXhx3lKE1icYiv9URZN\/view\">Clika<\/a><\/p>\n","protected":false},"excerpt":{"rendered":"<p>Estima\u2019t l\u2019hort, es consolida i creix!\u00a0 Sent un espai m\u00e0gic on gaudeixen i aprenen els nostres alumnes en contacte amb la natura.<br \/>\nEl curs 2019-20 vam inaugurar la nostra jugateca ambiental situada a l\u2019espai de l\u2019hort i que obre les portes cada dia i permet als&hellip;  <a href=\"https:\/\/agora.xtec.cat\/ceip-lasardana\/projecte-educatiu\/estimat-lhort-2\/jugateca-ambiental\/\" title=\"Read Jugateca ambiental\">Llegeix m\u00e9s\u00bb<\/a><\/p>\n","protected":false},"author":8,"featured_media":0,"parent":466,"menu_order":0,"comment_status":"closed","ping_status":"closed","template":"","meta":{"_bbp_topic_count":0,"_bbp_reply_count":0,"_bbp_total_topic_count":0,"_bbp_total_reply_count":0,"_bbp_voice_count":0,"_bbp_anonymous_reply_count":0,"_bbp_topic_count_hidden":0,"_bbp_reply_count_hidden":0,"_bbp_forum_subforum_count":0,"footnotes":""},"class_list":["post-6825","page","type-page","status-publish","hentry"],"post_mailing_queue_ids":[],"_links":{"self":[{"href":"https:\/\/agora.xtec.cat\/ceip-lasardana\/wp-json\/wp\/v2\/pages\/6825","targetHints":{"allow":["GET"]}}],"collection":[{"href":"https:\/\/agora.xtec.cat\/ceip-lasardana\/wp-json\/wp\/v2\/pages"}],"about":[{"href":"https:\/\/agora.xtec.cat\/ceip-lasardana\/wp-json\/wp\/v2\/types\/page"}],"author":[{"embeddable":true,"href":"https:\/\/agora.xtec.cat\/ceip-lasardana\/wp-json\/wp\/v2\/users\/8"}],"replies":[{"embeddable":true,"href":"https:\/\/agora.xtec.cat\/ceip-lasardana\/wp-json\/wp\/v2\/comments?post=6825"}],"version-history":[{"count":3,"href":"https:\/\/agora.xtec.cat\/ceip-lasardana\/wp-json\/wp\/v2\/pages\/6825\/revisions"}],"predecessor-version":[{"id":6830,"href":"https:\/\/agora.xtec.cat\/ceip-lasardana\/wp-json\/wp\/v2\/pages\/6825\/revisions\/6830"}],"up":[{"embeddable":true,"href":"https:\/\/agora.xtec.cat\/ceip-lasardana\/wp-json\/wp\/v2\/pages\/466"}],"wp:attachment":[{"href":"https:\/\/agora.xtec.cat\/ceip-lasardana\/wp-json\/wp\/v2\/media?parent=6825"}],"curies":[{"name":"wp","href":"https:\/\/api.w.org\/{rel}","templated":true}]}}