{"id":6746,"date":"2020-03-07T20:28:40","date_gmt":"2020-03-07T19:28:40","guid":{"rendered":"http:\/\/agora.xtec.cat\/ceip-lasardana\/?page_id=6746"},"modified":"2023-06-15T09:57:21","modified_gmt":"2023-06-15T07:57:21","slug":"preinscripcio-i-matricula","status":"publish","type":"page","link":"https:\/\/agora.xtec.cat\/ceip-lasardana\/preinscripcio-i-matricula\/","title":{"rendered":"PREINSCRIPCI\u00d3 I MATR\u00cdCULA"},"content":{"rendered":"<h2 style=\"text-align: left;\">CURS 2023-2024<\/h2>\n<p style=\"text-align: center;\">*Actualitzem la informaci\u00f3 a mida que es van publicant les novetats des del Departament d&#8217;Educaci\u00f3 de la Generalitat de Catalunya*<\/p>\n<p><img loading=\"lazy\" decoding=\"async\" class=\"aligncenter size-full wp-image-11759\" src=\"https:\/\/agora.xtec.cat\/ceip-lasardana\/wp-content\/uploads\/usu659\/2023\/03\/sumat-a-leducacio-que-suma-1.png\" alt=\"\" width=\"714\" height=\"298\" srcset=\"https:\/\/agora.xtec.cat\/ceip-lasardana\/wp-content\/uploads\/usu659\/2023\/03\/sumat-a-leducacio-que-suma-1.png 714w, https:\/\/agora.xtec.cat\/ceip-lasardana\/wp-content\/uploads\/usu659\/2023\/03\/sumat-a-leducacio-que-suma-1-300x125.png 300w\" sizes=\"auto, (max-width: 714px) 100vw, 714px\" \/><\/p>\n<p style=\"text-align: center;\"><a href=\"https:\/\/educacio.gencat.cat\/ca\/departament\/publicacions\/butlletins\/infoescola\/butlleti-29\/index.html\" target=\"_blank\" rel=\"noopener\"><span style=\"font-size: 18pt;\"><strong>INFOESCOLA: PREINSCRIPCI\u00d3 ALS ENSENYAMENTS OBLIGATORIS<\/strong><\/span><\/a><\/p>\n<p>&nbsp;<\/p>\n<p><img loading=\"lazy\" decoding=\"async\" class=\"alignleft wp-image-11760 size-full\" src=\"https:\/\/agora.xtec.cat\/ceip-lasardana\/wp-content\/uploads\/usu659\/2023\/03\/Cartell-preinscripcio-vermell-e1677847003667.jpg\" alt=\"\" width=\"400\" height=\"427\" \/><br \/>\nPer\u00edode de preinscripci\u00f3: <span style=\"font-size: 14pt;\"><strong><span style=\"color: #ff9900;\">del 6 al 20 de mar\u00e7 de 2023<\/span><\/strong><\/span><\/p>\n<p>Per\u00edode de matriculaci\u00f3: <span style=\"font-size: 24pt; color: #00ccff;\"><strong>del 20 al 28 de juny de 2023 <\/strong><\/span>| <a href=\"http:\/\/agora.xtec.cat\/ceip-lasardana\/matriculacio-2020-2021\/\" target=\"_blank\" rel=\"noopener noreferrer\">M\u00e9s informaci\u00f3<\/a> sobre la matriculaci\u00f3<\/p>\n<p><a href=\"https:\/\/www.youtube.com\/watch?v=5DvAVUSNLCQ\" target=\"_blank\" rel=\"noopener noreferrer\">Com presento la sol\u00b7licitud de preinscripci\u00f3?<\/a> (v\u00eddeo explicatiu)<\/p>\n<p><span style=\"font-size: 14pt;\"><em><strong>Presenta la sol\u00b7licitud\u00a0<\/strong><span style=\"font-size: 10pt;\">[Nom\u00e9s els alumnes de nova incorporaci\u00f3]<\/span><\/em><\/span><\/p>\n<p><span style=\"font-size: 10pt;\"><strong><span style=\"font-size: 12pt;\">Acc\u00e9s a la sol\u00b7licitud<\/span><\/strong> (amb identificaci\u00f3 digital: IdCAT, IdCAT M\u00f2bil, DNI-e&#8230;) | <a href=\"https:\/\/accesvalidat.ensenyament.gencat.cat\/wayf\/wayf-IDP-SM.html?entityID=https%3A%2F%2Faccesvalidat.ensenyament.gencat.cat&amp;return=https%3A%2F%2Faccesvalidat.ensenyament.gencat.cat%2FShibboleth.sso%2FLogin%3FSAMLDS%3D1%26target%3Dhttps%253A%252F%252Faccesvalidat.ensenyament.gencat.cat%252Fpls%252Fapex%252Ff%253Fp%253D20160079072543618%253A102%253A%253A%253ANO%253A100%252C105%252C110%252C115%253AP100_MODIFICA%253A1\" target=\"_blank\" rel=\"noopener noreferrer\">Modificaci\u00f3 de la sol\u00b7licitud<\/a><\/span><\/p>\n<p><strong>Acc\u00e9s a la sol\u00b7licitud<\/strong>\u00a0<span style=\"font-size: 10pt;\">(sense identificaci\u00f3 digital) | <a href=\"https:\/\/ctti.queue-it.net\/?c=ctti&amp;e=qpreinscripcioapexpr&amp;t=https%3A%2F%2Faplicacions.ensenyament.gencat.cat%2FGEDAC%2FGEDACSOL_SI_MOD_CAT.html\" target=\"_blank\" rel=\"noopener noreferrer\">Modificaci\u00f3 de la sol\u00b7licitud<\/a><\/span><\/p>\n<p style=\"text-align: center;\"><span style=\"font-size: 12pt;\"><a href=\"https:\/\/preinscripcio.gencat.cat\/ca\/estudis\/infantil-3-6\/ajuda\/guia-preinscripcio\/\" target=\"_blank\" rel=\"noopener\">GUIA D&#8217;AJUDA PER A LA PREINSCRIPCI\u00d3 EN L\u00cdNIA I MATR\u00cdCULA<\/a><\/span><\/p>\n<p>&nbsp;<\/p>\n<p style=\"text-align: center;\">Trobareu tota la informaci\u00f3 actualitzada al web del <a href=\"https:\/\/preinscripcio.gencat.cat\/ca\/estudis\/infantil-3-6\/inici\/\" target=\"_blank\" rel=\"noopener noreferrer\">Departament d&#8217;Educaci\u00f3 de la Generalitat de Catalunya<\/a>.<\/p>\n<p style=\"text-align: center;\"><a href=\"https:\/\/educacio.gencat.cat\/ca\/departament\/publicacions\/butlletins\/infoescola\/butlleti-29\/index.html\" target=\"_blank\" rel=\"noopener noreferrer\">Butllet\u00ed INFOESCOLA. Preinscripci\u00f3 curs 2022-2023<\/a><\/p>\n<p>&nbsp;<\/p>\n<table class=\" aligncenter\" style=\"width: 900px; border-style: none;\">\n<tbody>\n<tr>\n<td style=\"border-style: none; text-align: center; vertical-align: middle; width: 300px;\"><a href=\"http:\/\/queestudiar.gencat.cat\/ca\/preinscripcio\/estudis\/obligatoris\/info-general\/\" target=\"_blank\" rel=\"noopener noreferrer\">Informaci\u00f3 general<\/a><\/td>\n<td style=\"border-style: none; text-align: center; vertical-align: middle; width: 300px;\">Sol\u00b7licitud \u00a0| \u00a0Sol\u00b7licitud (DNI-e, IDCat)<strong>\u00a0<\/strong><\/td>\n<td style=\"border-style: none; text-align: center; vertical-align: middle; width: 300px;\"><a href=\"https:\/\/preinscripcio.gencat.cat\/ca\/estudis\/infantil-3-6\/preinscriute\/consulta\/\" target=\"_blank\" rel=\"noopener noreferrer\">Consulta de resultats<\/a><\/td>\n<\/tr>\n<tr style=\"background-color: #ffffff;\">\n<td style=\"border-style: none; vertical-align: top; width: 300px; text-align: center;\"><a href=\"http:\/\/ensenyament.gencat.cat\/ca\/tramits\/tramits-temes\/identificador-alumne\" target=\"_blank\" rel=\"noopener noreferrer\">Consulta l&#8217;identificador de l&#8217;alumne\/a (RALC)<\/a><br \/>\n<span style=\"font-size: 8pt;\">[Nom\u00e9s aquells\/es alumnes que canvien de centre]<\/span><\/td>\n<td style=\"border-style: none; vertical-align: top; width: 300px; text-align: center;\"><a href=\"https:\/\/preinscripcio.gencat.cat\/ca\/estudis\/infantil-3-6\/informat\/prepara-documentacio\/\" target=\"_blank\" rel=\"noopener noreferrer\">Documentaci\u00f3<\/a> i <a href=\"https:\/\/preinscripcio.gencat.cat\/ca\/estudis\/infantil-3-6\/informat\/criteris-assignacio\/\" target=\"_blank\" rel=\"noopener noreferrer\">barem<\/a><\/td>\n<td style=\"border-style: none; vertical-align: top; width: 300px; text-align: center;\"><a href=\"https:\/\/agora.xtec.cat\/ceip-lasardana\/wp-content\/uploads\/usu659\/2020\/05\/Declaraci\u00f3-responsable-renovaci\u00f3-DNI-3.docx\">Declaraci\u00f3 responsable renovaci\u00f3 DNI<\/a><\/td>\n<\/tr>\n<\/tbody>\n<\/table>\n<p>&nbsp;<\/p>\n<h3><span style=\"color: #33cccc;\"><strong>CALENDARI I FASES<\/strong><\/span><\/h3>\n<p>Publicaci\u00f3 de l&#8217;<a href=\"https:\/\/agora.xtec.cat\/ceip-lasardana\/wp-content\/uploads\/usu659\/2023\/03\/20230303-INFORME_OFERTA_OME_INFORME_OFERTA.pdf\" target=\"_blank\" rel=\"noopener\">oferta inicial<\/a>: 3 de mar\u00e7 de 2023 (disponible)<br \/>\nPresentaci\u00f3 de sol\u00b7licituds: del <strong>6 al 20 de mar\u00e7 de 2023<\/strong> (no disponible) \/ Del 21 de mar\u00e7 al 27 d&#8217;abril (FORA DE TERMINI) (disponible)<\/p>\n<ul>\n<li style=\"list-style-type: none;\">\n<ul>\n<li>En suport inform\u00e0tic: <a href=\"https:\/\/aplicacions.gestioeducativa.gencat.cat\/pls\/apex\/f?p=20160079072543618:6:::NO:RP,6,5,10,15,20,25::&amp;cs=3WL6y3uiIdP4JgbxTGVN642hEJt8\" target=\"_blank\" rel=\"noopener\">acc\u00e9s a la sol\u00b7licitud<\/a> (disponible)<\/li>\n<li><a href=\"https:\/\/accesvalidat.ensenyament.gencat.cat\/wayf\/wayf-IDP-SM.html?entityID=https%3A%2F%2Faccesvalidat.ensenyament.gencat.cat&amp;return=https%3A%2F%2Faccesvalidat.ensenyament.gencat.cat%2FShibboleth.sso%2FLogin%3FSAMLDS%3D1%26target%3Dhttps%253A%252F%252Faccesvalidat.ensenyament.gencat.cat%252Fpls%252Fapex%252Ff%253Fp%253D20160079072543618%253A102\" target=\"_blank\" rel=\"noopener\">Sol\u00b7licitud electr\u00f2nica<\/a> (cal certificat digital, DNIe, IdCAT, IdCAT M\u00f2bil) (disponible) <span style=\"font-size: 10pt;\">[<strong>NO<\/strong> s&#8217;ha d&#8217;enviar cap documentaci\u00f3 al centre]\u00a0<\/span><\/li>\n<\/ul>\n<\/li>\n<\/ul>\n<p>Servei d&#8217;<em><strong>atenci\u00f3 a l&#8217;usuari<\/strong><\/em> (atenci\u00f3 telef\u00f2nica) durant el per\u00edode de presentaci\u00f3 de sol\u00b7licituds de <em><strong>dilluns a divendres de 9h a 12.30h i de 15h a 16.30h.<\/strong><\/em><\/p>\n<ul>\n<li style=\"list-style-type: none;\">\n<ul>\n<li>Demana cita pr\u00e8via per correu electr\u00f2nic o per tel\u00e8fon (<em><strong><span style=\"color: #339966;\">689 35 14 76<\/span><\/strong><\/em>) de 9h a 13h. Reserva la teva cita per Internet (no disponible)<\/li>\n<\/ul>\n<\/li>\n<\/ul>\n<p><span style=\"font-size: 18pt; color: #14bd11;\"><strong><em>DATES IMPORTANTS<\/em><\/strong><\/span><\/p>\n<ul style=\"list-style-type: square;\">\n<li><a href=\"https:\/\/agora.xtec.cat\/ceip-lasardana\/wp-content\/uploads\/usu659\/2023\/04\/INFORME_BAREM_PROVISIONAL_BAREM.pdf\">Barem provisional<\/a>: 21 d&#8217;abril de 2023 (disponible)<\/li>\n<li>Per\u00edode de reclamacions sobre el barem: del 21 al 27 d&#8217;abril de 2023<\/li>\n<li><span style=\"font-family: inherit; font-size: 1em;\"><a href=\"https:\/\/agora.xtec.cat\/ceip-lasardana\/wp-content\/uploads\/usu659\/2023\/05\/INFORME_BAREM_RESOLTES_BAREM.pdf\">Barem definitiu<\/a>: 3 de maig de 2023 (disponible)<br \/>\n<\/span><\/li>\n<li><span style=\"font-family: inherit; font-size: 1em;\">Sorteig del n\u00famero de desempat: 9 de maig de 2023 a les 11:00h.<br \/>\n<\/span><\/li>\n<li><span style=\"font-family: inherit; font-size: 1em;\">N\u00famero de desempat: <em><strong>\u00a066.646<\/strong><\/em><br \/>\n<\/span><\/li>\n<li><span style=\"font-family: inherit; font-size: 1em;\"><a href=\"https:\/\/agora.xtec.cat\/ceip-lasardana\/wp-content\/uploads\/usu659\/2023\/05\/INFORME_BAREM_DEFINITIU_BAREM.pdf\">Llista ordenada definitiva<\/a>: 11 de maig de 2023 (disponible)<br \/>\n<\/span><\/li>\n<li><span style=\"font-family: inherit; font-size: 1em;\">Publicaci\u00f3 de l&#8217;<a href=\"https:\/\/agora.xtec.cat\/ceip-lasardana\/wp-content\/uploads\/usu659\/2023\/06\/20230609-INFORME_OFERTA_OME_INFORME_OFERTA.pdf\">oferta definitiva<\/a>: 9 de juny de 2023 (disponible)<br \/>\n<\/span><\/li>\n<li><span style=\"font-family: inherit; font-size: 1em;\">Llista d&#8217;<a href=\"https:\/\/agora.xtec.cat\/ceip-lasardana\/wp-content\/uploads\/usu659\/2023\/06\/INFORME_ASSIGNADES_INFORME_ASSIGNADES.pdf\">admesos<\/a> i <a href=\"https:\/\/agora.xtec.cat\/ceip-lasardana\/wp-content\/uploads\/usu659\/2023\/06\/INFORME_LLISTA_ESPERA_OME_LLISTA_ESPERA.pdf\">llista d&#8217;espera<\/a>: 12 de juny de 2023 (disponible)<br \/>\n<\/span><\/li>\n<li>Per\u00edode de reclamacions sobre l&#8217;adjudicaci\u00f3: del 13 al 15 de juny de 2022<\/li>\n<li><span style=\"font-family: inherit; font-size: 1em;\">Matriculaci\u00f3: del 20 al 28 de juny de 2023. <a href=\"https:\/\/aplicacions.gestioeducativa.gencat.cat\/pls\/apex\/f?p=CITA_PREVIA:4::::4:P4_TIPUS_CALENDARI,P4_DOMINI:03_Oblig,08078336\" target=\"_blank\" rel=\"noopener\">RESERVEU LA VOSTRA CITA!<\/a><\/span><\/li>\n<\/ul>\n","protected":false},"excerpt":{"rendered":"<p>CURS 2023-2024<br \/>\n*Actualitzem la informaci\u00f3 a mida que es van publicant les novetats des del Departament d&#8217;Educaci\u00f3 de la Generalitat de Catalunya*<\/p>\n<p><a href=\"https:\/\/educacio.gencat.cat\/ca\/departament\/publicacions\/butlletins\/infoescola\/butlleti-29\/index.html\" target=\"_blank\" rel=\"noopener\">INFOESCOLA: PREINSCRIPCI\u00d3 ALS ENSENYAMENTS OBLIGATORIS<\/a><br \/>\n&nbsp;<\/p>\n<p>Per\u00edode de preinscripci\u00f3: del 6 al 20 de mar\u00e7 de 2023<br \/>\nPer\u00edode de matriculaci\u00f3: del 20 al 28 de&hellip;  <a href=\"https:\/\/agora.xtec.cat\/ceip-lasardana\/preinscripcio-i-matricula\/\" title=\"Read PREINSCRIPCI\u00d3 I MATR\u00cdCULA\">Llegeix m\u00e9s\u00bb<\/a><\/p>\n","protected":false},"author":61,"featured_media":0,"parent":0,"menu_order":0,"comment_status":"open","ping_status":"closed","template":"","meta":{"_bbp_topic_count":0,"_bbp_reply_count":0,"_bbp_total_topic_count":0,"_bbp_total_reply_count":0,"_bbp_voice_count":0,"_bbp_anonymous_reply_count":0,"_bbp_topic_count_hidden":0,"_bbp_reply_count_hidden":0,"_bbp_forum_subforum_count":0,"footnotes":""},"class_list":["post-6746","page","type-page","status-publish","hentry"],"post_mailing_queue_ids":[],"_links":{"self":[{"href":"https:\/\/agora.xtec.cat\/ceip-lasardana\/wp-json\/wp\/v2\/pages\/6746","targetHints":{"allow":["GET"]}}],"collection":[{"href":"https:\/\/agora.xtec.cat\/ceip-lasardana\/wp-json\/wp\/v2\/pages"}],"about":[{"href":"https:\/\/agora.xtec.cat\/ceip-lasardana\/wp-json\/wp\/v2\/types\/page"}],"author":[{"embeddable":true,"href":"https:\/\/agora.xtec.cat\/ceip-lasardana\/wp-json\/wp\/v2\/users\/61"}],"replies":[{"embeddable":true,"href":"https:\/\/agora.xtec.cat\/ceip-lasardana\/wp-json\/wp\/v2\/comments?post=6746"}],"version-history":[{"count":4,"href":"https:\/\/agora.xtec.cat\/ceip-lasardana\/wp-json\/wp\/v2\/pages\/6746\/revisions"}],"predecessor-version":[{"id":12063,"href":"https:\/\/agora.xtec.cat\/ceip-lasardana\/wp-json\/wp\/v2\/pages\/6746\/revisions\/12063"}],"wp:attachment":[{"href":"https:\/\/agora.xtec.cat\/ceip-lasardana\/wp-json\/wp\/v2\/media?parent=6746"}],"curies":[{"name":"wp","href":"https:\/\/api.w.org\/{rel}","templated":true}]}}