{"id":6571,"date":"2020-01-30T13:37:48","date_gmt":"2020-01-30T12:37:48","guid":{"rendered":"http:\/\/agora.xtec.cat\/ceip-lasardana\/?page_id=6571"},"modified":"2022-11-07T06:19:01","modified_gmt":"2022-11-07T05:19:01","slug":"documentacio-del-centre","status":"publish","type":"page","link":"https:\/\/agora.xtec.cat\/ceip-lasardana\/lescola\/documentacio-del-centre\/","title":{"rendered":"Documentaci\u00f3 del centre"},"content":{"rendered":"<p>Donant compliment a la Llei 19\/2014, de 29 de novembre, de transpar\u00e8ncia, acc\u00e9s a la informaci\u00f3 p\u00fablica i bon govern, posem a l&#8217;abast de la comunitat educativa els documents de gesti\u00f3 i organitzaci\u00f3 del centre.<\/p>\n<p><a href=\"https:\/\/drive.google.com\/file\/d\/0B6b-cmtl_2NHOWFhRWxDd0p4a2c\/view\" target=\"_blank\" rel=\"noopener noreferrer\">Projecte educatiu del centre (PEC)<\/a><\/p>\n<p><a href=\"https:\/\/agora.xtec.cat\/ceip-lasardana\/wp-content\/uploads\/usu659\/2022\/07\/LS_PLC_Projecte-Linguistic-de-Centre.pdf\" target=\"_blank\" rel=\"noopener\">Projecte Ling\u00fc\u00edstic de Centre (PLC)<\/a><\/p>\n<p><a href=\"https:\/\/agora.xtec.cat\/ceip-lasardana\/wp-content\/uploads\/usu659\/2021\/10\/20211028_Projecte-de-convivencia.pdf\" target=\"_blank\" rel=\"noopener\">Projecte de conviv\u00e8ncia (PdC)<\/a><\/p>\n<p><a href=\"https:\/\/agora.xtec.cat\/ceip-lasardana\/wp-content\/uploads\/usu659\/2022\/11\/20221020_NOFC.pdf\" target=\"_blank\" rel=\"noopener\">Normes d&#8217;organitzaci\u00f3 i funcionament (NOFC)<\/a><\/p>\n<p><a href=\"https:\/\/agora.xtec.cat\/ceip-lasardana\/wp-content\/uploads\/usu659\/2022\/11\/Informe-de-modificacio\u0301-del-pressupost.pdf\" target=\"_blank\" rel=\"noopener\">Pressupost per a l&#8217;exercici 2022<\/a><\/p>\n<p>Carta de comprom\u00eds educatiu (<a href=\"https:\/\/agora.xtec.cat\/ceip-lasardana\/wp-content\/uploads\/usu659\/2020\/07\/20200707_Carta-de-comprom\u00eds-educatiu_formulari.docx\" target=\"_blank\" rel=\"noopener noreferrer\">versi\u00f3 formulari<\/a> | <a href=\"https:\/\/agora.xtec.cat\/ceip-lasardana\/wp-content\/uploads\/usu659\/2021\/02\/20200707_Carta-de-comprom\u00eds-educatiu.pdf\" target=\"_blank\" rel=\"noopener noreferrer\">versi\u00f3 per imprimir<\/a>)<\/p>\n","protected":false},"excerpt":{"rendered":"<p>Donant compliment a la Llei 19\/2014, de 29 de novembre, de transpar\u00e8ncia, acc\u00e9s a la informaci\u00f3 p\u00fablica i bon govern, posem a l&#8217;abast de la comunitat educativa els documents de gesti\u00f3 i organitzaci\u00f3 del centre.<br \/>\n<a href=\"https:\/\/drive.google.com\/file\/d\/0B6b-cmtl_2NHOWFhRWxDd0p4a2c\/view\" target=\"_blank\" rel=\"noopener noreferrer\">Projecte educatiu del centre (PEC)<\/a><br \/>\n<a href=\"https:\/\/agora.xtec.cat\/ceip-lasardana\/wp-content\/uploads\/usu659\/2022\/07\/LS_PLC_Projecte-Linguistic-de-Centre.pdf\" target=\"_blank\"&hellip;  <a href=\"https:\/\/agora.xtec.cat\/ceip-lasardana\/lescola\/documentacio-del-centre\/\" title=\"Read Documentaci\u00f3 del centre\">Llegeix m\u00e9s\u00bb<\/a><\/p>\n","protected":false},"author":61,"featured_media":0,"parent":22,"menu_order":8,"comment_status":"closed","ping_status":"closed","template":"page-templates\/side-menu.php","meta":{"_bbp_topic_count":0,"_bbp_reply_count":0,"_bbp_total_topic_count":0,"_bbp_total_reply_count":0,"_bbp_voice_count":0,"_bbp_anonymous_reply_count":0,"_bbp_topic_count_hidden":0,"_bbp_reply_count_hidden":0,"_bbp_forum_subforum_count":0,"footnotes":""},"class_list":["post-6571","page","type-page","status-publish","hentry"],"post_mailing_queue_ids":[],"_links":{"self":[{"href":"https:\/\/agora.xtec.cat\/ceip-lasardana\/wp-json\/wp\/v2\/pages\/6571","targetHints":{"allow":["GET"]}}],"collection":[{"href":"https:\/\/agora.xtec.cat\/ceip-lasardana\/wp-json\/wp\/v2\/pages"}],"about":[{"href":"https:\/\/agora.xtec.cat\/ceip-lasardana\/wp-json\/wp\/v2\/types\/page"}],"author":[{"embeddable":true,"href":"https:\/\/agora.xtec.cat\/ceip-lasardana\/wp-json\/wp\/v2\/users\/61"}],"replies":[{"embeddable":true,"href":"https:\/\/agora.xtec.cat\/ceip-lasardana\/wp-json\/wp\/v2\/comments?post=6571"}],"version-history":[{"count":4,"href":"https:\/\/agora.xtec.cat\/ceip-lasardana\/wp-json\/wp\/v2\/pages\/6571\/revisions"}],"predecessor-version":[{"id":11333,"href":"https:\/\/agora.xtec.cat\/ceip-lasardana\/wp-json\/wp\/v2\/pages\/6571\/revisions\/11333"}],"up":[{"embeddable":true,"href":"https:\/\/agora.xtec.cat\/ceip-lasardana\/wp-json\/wp\/v2\/pages\/22"}],"wp:attachment":[{"href":"https:\/\/agora.xtec.cat\/ceip-lasardana\/wp-json\/wp\/v2\/media?parent=6571"}],"curies":[{"name":"wp","href":"https:\/\/api.w.org\/{rel}","templated":true}]}}