{"id":636,"date":"2016-04-17T19:30:06","date_gmt":"2016-04-17T18:30:06","guid":{"rendered":"http:\/\/agora.xtec.cat\/ceip-lasardana\/?page_id=636"},"modified":"2021-02-21T12:14:27","modified_gmt":"2021-02-21T11:14:27","slug":"pla-de-patis","status":"publish","type":"page","link":"https:\/\/agora.xtec.cat\/ceip-lasardana\/projecte-educatiu\/pla-de-patis\/","title":{"rendered":"Pla de patis"},"content":{"rendered":"<p><span style=\"font-size: 18pt;\"><em><strong>EL PATI, UN ESPAI EDUCATIU<\/strong><\/em><\/span><\/p>\n<p>A l&#8217;escola, el moment d&#8217;esbarjo permet oferir als infants un espai de joc ric i divers, aix\u00ed com la possibilitat d&#8217;estimular-los multidimensionalment: sortir a l&#8217;aire lliure, jugar amb la sorra i amb altres elements naturals, potenciar la motricitat i simular fets quotidians a trav\u00e9s del joc simb\u00f2lic.<\/p>\n<p>El joc \u00e9s una activitat essencial per al desenvolupament integral dels \u00e9ssers humans, representa un mitj\u00e0 de relaci\u00f3 i intercanvi i permet a l&#8217;infant fer-se seu el m\u00f3n que l&#8217;envolta.<\/p>\n<p>D&#8217;aquest espai, se&#8217;n desprenen diversos aprenentatges: habilitats socials, valors i normes i aprenentatges competencials de les \u00e0rees de curr\u00edculum (descobriments matem\u00e0tics, del medi natural i social, art\u00edstics, sensorials i motrius i de creixement personal).<\/p>\n<p>L&#8217;objectiu principal de desenvolupar un pla de patis no \u00e9s altre que potenciar els aprenentatges naturals presents a l&#8217;hora de l&#8217;esbarjo, oferint als infants diferents propostes de joc i relaci\u00f3 amb l&#8217;entorn.<\/p>\n<p>Les funcions principals del mestre en aquests moments s\u00f3n:<\/p>\n<p>&#8211; Observar com es relacionen els infants, aix\u00ed com els seus interessos.<\/p>\n<p>&#8211; Promoure un bon clima i vetllar perqu\u00e8 es respectin les normes de conviv\u00e8ncia i seguretat.<\/p>\n<p>&#8211; Fer de mediador i guia en moments de conflicte.<\/p>\n<p>&#8211; Gaudir dels moments de lleure i modelar el joc quan calgui.<\/p>\n<p>&nbsp;<\/p>\n<p><img loading=\"lazy\" decoding=\"async\" class=\"aligncenter size-large wp-image-8306\" src=\"https:\/\/agora.xtec.cat\/ceip-lasardana\/wp-content\/uploads\/usu659\/2021\/01\/26-1024x724.jpg\" alt=\"\" width=\"1024\" height=\"724\" srcset=\"https:\/\/agora.xtec.cat\/ceip-lasardana\/wp-content\/uploads\/usu659\/2021\/01\/26.jpg 1024w, https:\/\/agora.xtec.cat\/ceip-lasardana\/wp-content\/uploads\/usu659\/2021\/01\/26-300x212.jpg 300w, https:\/\/agora.xtec.cat\/ceip-lasardana\/wp-content\/uploads\/usu659\/2021\/01\/26-768x543.jpg 768w\" sizes=\"auto, (max-width: 1024px) 100vw, 1024px\" \/> <img loading=\"lazy\" decoding=\"async\" class=\"aligncenter size-large wp-image-8307\" src=\"https:\/\/agora.xtec.cat\/ceip-lasardana\/wp-content\/uploads\/usu659\/2021\/01\/27-1024x724.jpg\" alt=\"\" width=\"1024\" height=\"724\" srcset=\"https:\/\/agora.xtec.cat\/ceip-lasardana\/wp-content\/uploads\/usu659\/2021\/01\/27.jpg 1024w, https:\/\/agora.xtec.cat\/ceip-lasardana\/wp-content\/uploads\/usu659\/2021\/01\/27-300x212.jpg 300w, https:\/\/agora.xtec.cat\/ceip-lasardana\/wp-content\/uploads\/usu659\/2021\/01\/27-768x543.jpg 768w\" sizes=\"auto, (max-width: 1024px) 100vw, 1024px\" \/> <img loading=\"lazy\" decoding=\"async\" class=\"aligncenter size-large wp-image-8308\" src=\"https:\/\/agora.xtec.cat\/ceip-lasardana\/wp-content\/uploads\/usu659\/2021\/01\/28-1024x724.jpg\" alt=\"\" width=\"1024\" height=\"724\" srcset=\"https:\/\/agora.xtec.cat\/ceip-lasardana\/wp-content\/uploads\/usu659\/2021\/01\/28.jpg 1024w, https:\/\/agora.xtec.cat\/ceip-lasardana\/wp-content\/uploads\/usu659\/2021\/01\/28-300x212.jpg 300w, https:\/\/agora.xtec.cat\/ceip-lasardana\/wp-content\/uploads\/usu659\/2021\/01\/28-768x543.jpg 768w\" sizes=\"auto, (max-width: 1024px) 100vw, 1024px\" \/><\/p>\n<p><span style=\"font-size: 18pt;\"><em><strong>UN NOU PROJECTE DE PATI, NOVES OPORTUNITATS<\/strong><\/em><\/span><\/p>\n<p>El curs 2015-16 vam iniciar aquest projecte treballant intensament amb les fam\u00edlies d&#8217;educaci\u00f3 infantil per tal de renovar el pati dels m\u00e9s petits del centre. Preteniem:<\/p>\n<p>&#8211; Millorar i rendibilitzar els espais exteriors, dissenyant zones adequades a les necessitats dels nens i nenes.<\/p>\n<p>&#8211; Introduir l&#8217;\u00fas de materials naturals i reciclats.<\/p>\n<p>&#8211; Diversificar les propostes de joc a l&#8217;hora de l&#8217;esbarjo, el pati \u00e9s un espai d&#8217;aprenentatge.<\/p>\n<p>&#8211; Fomentar la lliure experimentaci\u00f3 i l&#8217;aprenentatge aut\u00f2nom.<\/p>\n<p>&#8211; Fer protagonistes del canvi a les fam\u00edlies.<\/p>\n<p>&#8211; Afavorir la conviv\u00e8ncia, la socialitzaci\u00f3 i la cohesi\u00f3 entre fam\u00edlies i amb els mestres del centre.<\/p>\n<div class=\"entry-content\">\n<p>El curs\u00a0 16-17 vam fer la presentaci\u00f3 del Pla de patis amb la consolidaci\u00f3 d&#8217;espais i creaci\u00f3 de noves propostes:<\/p>\n<p><a href=\"https:\/\/drive.google.com\/file\/d\/0B6b-cmtl_2NHNVVmdGZQeXhEQjA\/view?usp=sharing\"><img loading=\"lazy\" decoding=\"async\" class=\"alignnone wp-image-1740\" src=\"http:\/\/agora.xtec.cat\/ceip-lasardana\/wp-content\/uploads\/usu659\/2016\/11\/Imagen1.jpg\" sizes=\"auto, (max-width: 329px) 100vw, 329px\" srcset=\"https:\/\/agora.xtec.cat\/ceip-lasardana\/wp-content\/uploads\/usu659\/2016\/11\/Imagen1.jpg 668w, https:\/\/agora.xtec.cat\/ceip-lasardana\/wp-content\/uploads\/usu659\/2016\/11\/Imagen1-300x226.jpg 300w, https:\/\/agora.xtec.cat\/ceip-lasardana\/wp-content\/uploads\/usu659\/2016\/11\/Imagen1-200x150.jpg 200w\" alt=\"imagen1\" width=\"329\" height=\"248\" \/> clica la imatge <\/a><a href=\"https:\/\/drive.google.com\/open?id=0B6b-cmtl_2NHbnlmZVBWVzdyRXc\" target=\"_blank\" rel=\"noopener noreferrer\"><img loading=\"lazy\" decoding=\"async\" class=\"alignright wp-image-2499\" src=\"http:\/\/agora.xtec.cat\/ceip-lasardana\/wp-content\/uploads\/usu659\/2016\/11\/PLA-D-PATIS.png\" sizes=\"auto, (max-width: 365px) 100vw, 365px\" srcset=\"https:\/\/agora.xtec.cat\/ceip-lasardana\/wp-content\/uploads\/usu659\/2016\/11\/PLA-D-PATIS.png 817w, https:\/\/agora.xtec.cat\/ceip-lasardana\/wp-content\/uploads\/usu659\/2016\/11\/PLA-D-PATIS-300x202.png 300w, https:\/\/agora.xtec.cat\/ceip-lasardana\/wp-content\/uploads\/usu659\/2016\/11\/PLA-D-PATIS-768x517.png 768w\" alt=\"pla-d-patis\" width=\"365\" height=\"246\" \/><\/a><\/p>\n<\/div>\n<p>El curs 2018-19 comencem tamb\u00e9 a fer propostes de millora al pati de prim\u00e0ria.<\/p>\n<p>Si vols saber-ne m\u00e9s <a href=\"https:\/\/agora.xtec.cat\/ceip-lasardana\/?s=pla+de+pati\">clica<\/a><\/p>\n","protected":false},"excerpt":{"rendered":"<p>EL PATI, UN ESPAI EDUCATIU<br \/>\nA l&#8217;escola, el moment d&#8217;esbarjo permet oferir als infants un espai de joc ric i divers, aix\u00ed com la possibilitat d&#8217;estimular-los multidimensionalment: sortir a l&#8217;aire lliure, jugar amb la sorra i amb altres elements naturals, potenciar la motricitat i simular fets&hellip;  <a href=\"https:\/\/agora.xtec.cat\/ceip-lasardana\/projecte-educatiu\/pla-de-patis\/\" title=\"Read Pla de patis\">Llegeix m\u00e9s\u00bb<\/a><\/p>\n","protected":false},"author":1,"featured_media":0,"parent":64,"menu_order":40,"comment_status":"closed","ping_status":"closed","template":"page-templates\/side-menu.php","meta":{"_bbp_topic_count":0,"_bbp_reply_count":0,"_bbp_total_topic_count":0,"_bbp_total_reply_count":0,"_bbp_voice_count":0,"_bbp_anonymous_reply_count":0,"_bbp_topic_count_hidden":0,"_bbp_reply_count_hidden":0,"_bbp_forum_subforum_count":0,"footnotes":""},"class_list":["post-636","page","type-page","status-publish","hentry"],"post_mailing_queue_ids":[],"_links":{"self":[{"href":"https:\/\/agora.xtec.cat\/ceip-lasardana\/wp-json\/wp\/v2\/pages\/636","targetHints":{"allow":["GET"]}}],"collection":[{"href":"https:\/\/agora.xtec.cat\/ceip-lasardana\/wp-json\/wp\/v2\/pages"}],"about":[{"href":"https:\/\/agora.xtec.cat\/ceip-lasardana\/wp-json\/wp\/v2\/types\/page"}],"author":[{"embeddable":true,"href":"https:\/\/agora.xtec.cat\/ceip-lasardana\/wp-json\/wp\/v2\/users\/1"}],"replies":[{"embeddable":true,"href":"https:\/\/agora.xtec.cat\/ceip-lasardana\/wp-json\/wp\/v2\/comments?post=636"}],"version-history":[{"count":3,"href":"https:\/\/agora.xtec.cat\/ceip-lasardana\/wp-json\/wp\/v2\/pages\/636\/revisions"}],"predecessor-version":[{"id":8708,"href":"https:\/\/agora.xtec.cat\/ceip-lasardana\/wp-json\/wp\/v2\/pages\/636\/revisions\/8708"}],"up":[{"embeddable":true,"href":"https:\/\/agora.xtec.cat\/ceip-lasardana\/wp-json\/wp\/v2\/pages\/64"}],"wp:attachment":[{"href":"https:\/\/agora.xtec.cat\/ceip-lasardana\/wp-json\/wp\/v2\/media?parent=636"}],"curies":[{"name":"wp","href":"https:\/\/api.w.org\/{rel}","templated":true}]}}