{"id":466,"date":"2016-02-21T19:30:54","date_gmt":"2016-02-21T18:30:54","guid":{"rendered":"http:\/\/agora.xtec.cat\/ceip-lasardana\/?page_id=466"},"modified":"2022-03-26T13:53:15","modified_gmt":"2022-03-26T12:53:15","slug":"estimat-lhort-2","status":"publish","type":"page","link":"https:\/\/agora.xtec.cat\/ceip-lasardana\/projecte-educatiu\/estimat-lhort-2\/","title":{"rendered":"Estima&#8217;t  l&#8217;hort"},"content":{"rendered":"<p><span lang=\"CA\">L\u2019Escola la Sardana fa molts anys que va portar endavant el seu <b>projecte de l\u2019hort<\/b> i des de el curs 2012-2013 es va instaurar com a la <b>primera Escola Verda de Badia del Vall\u00e8s<\/b> sent l\u2019hort un pilar b\u00e0sic d\u2019aquest comprom\u00eds envers el mediambient.<\/span><\/p>\n<p><span lang=\"CA\">El curs 2015-16,vam crear <b>\u201cEstima\u2019t l\u2019hort!\u201d<\/b> que \u00e9s una nou projecte que dona una altra mirada a aquest espai. L&#8217;hort ha passat a ser un<i> <\/i><b>lloc molt m\u00e9s atractiu vinculat al temps\u00a0 lleure, als interessos dels propis infants i a les emocions.<\/b><\/span><\/p>\n<p><span lang=\"CA\">L&#8217;objectiu \u00e9s incentivar la participaci\u00f3 de tota la comunitat educativa, cercar m\u00faltiples connexions amb <b>temes de caire mediambiental<\/b> sense deixar de banda el tractament dels continguts per\u00f2 tot <b>d\u2019una manera molt m\u00e9s espont\u00e0nia, l\u00fadica i engrescadora<\/b>.<\/span><\/p>\n<p><span lang=\"CA\">Per assolir aquest nou repte tamb\u00e9 hem instaurat <\/span><span lang=\"CA\"><b>l\u2019hortimecres,<\/b><\/span><span lang=\"CA\">\u00a0<\/span><span lang=\"CA\">\u00e9s a dir que el dimecres ser\u00e0 un dia molt especial on els alumnes estan<\/span>\u00a0convidats a participar en un taller. Una\u00a0<b>oferta oberta a tothom on hi participa qui hi vol<\/b>.<\/p>\n<p><span lang=\"CA\">Les classes disposen d\u2019una <b>programaci\u00f3 mensua<\/b>l amb les diferents propostes on s\u2019encabiran tallers de diferents tipologies:\u00a0 tasques a l\u2019hort, utilitzaci\u00f3 d\u2019instruments, jocs de taula, manualitats reciclades, jocs de llengua\u2026<\/span><\/p>\n<p><span lang=\"CA\"><b>L\u2019hortimecres<\/b><\/span> <span lang=\"CA\">tamb\u00e9 obre les portes a la <b>participaci\u00f3 de les fam\u00edlies<\/b> que podran donar un cop de m\u00e0 dins l\u2019hort, participar en alguns dels tallers programats o proposar un taller a portar a terme.<\/span><\/p>\n<p><span lang=\"CA\">L\u2019hort s&#8217;ha\u00a0 convertit en una <b>eina educativa<\/b> molt atractiva que dona un nou impuls a la <b>curiositat i a les ganes d\u2019aprendre i experimentar<\/b>. Per tant, \u00e9s un espai m\u00e9s d\u2019aprenentatge de l\u2019escola i per aix\u00f2\u00a0 compta amb el suport necessari per poder fer-ho funcionar igual que les resta d\u2019aules del centre.<\/span><\/p>\n<p>El curs 2019-20, s&#8217;inaugura la nostra<strong> jugateca ambiental<\/strong> situada tamb\u00e9 dins l&#8217;espai de l&#8217;hort. Una caseta que ofereix noves alternatvies: lupes, pots d&#8217;observaci\u00f3, taula de dibuix , contes de natura, jocs de taula de caire mediambiental&#8230;<\/p>\n<p><span lang=\"CA\">Aix\u00ed doncs, la Sardana vol donar les gr\u00e0cies a totes les persones que ho estan fent possible!\u00a0 Un projecte que es va consolidant i creix gr\u00e0cies a l&#8217;esfor\u00e7 i la implicaci\u00f3 de tota la comunitat educativa.<\/span><\/p>\n<p>Aquest projecte ha guanyat el <strong>primer Premi al concurs d\u2019Horts Escolars Ecol\u00f2gics de Catalunya l\u2019any 2017-18,<\/strong> ha estat reconegut pel Departament com un <strong>Projecte Innovador al curs 2020-21 <\/strong>i ha aconseguit el<strong> primer Premio Escolar Weleda Open Garden l&#8217;any 2021-22 <\/strong>(Premio Nacional de Huertos Escolares Ecol\u00f3gicos).<\/p>\n<p><iframe loading=\"lazy\" src=\"\/\/www.youtube.com\/embed\/PdnZ4NqYNMw\" width=\"560\" height=\"314\" allowfullscreen=\"allowfullscreen\"><\/iframe><\/p>\n<p><iframe loading=\"lazy\" title=\"Estima&#039;t l&#039;hort\" width=\"500\" height=\"281\" src=\"https:\/\/www.youtube.com\/embed\/d9EwZ-DHC7Y?feature=oembed\" frameborder=\"0\" allow=\"accelerometer; autoplay; clipboard-write; encrypted-media; gyroscope; picture-in-picture; web-share\" referrerpolicy=\"strict-origin-when-cross-origin\" allowfullscreen><\/iframe><\/p>\n<p>&nbsp;<\/p>\n<h3 style=\"text-align: center;\"><span style=\"color: #339966;\"><em>1r CLASSIFICAT de la 6a edici\u00f3 del premi &#8220;Escola, agricultura i alimentaci\u00f3 ecol\u00f2gica&#8221;<\/em><\/span><\/h3>\n<p><img loading=\"lazy\" decoding=\"async\" class=\"wp-image-6259  aligncenter\" src=\"https:\/\/agora.xtec.cat\/ceip-lasardana\/wp-content\/uploads\/usu659\/2019\/10\/GetAttachmentThumbnail-1-2-2-768x671.jpg\" alt=\"\" width=\"516\" height=\"451\" srcset=\"https:\/\/agora.xtec.cat\/ceip-lasardana\/wp-content\/uploads\/usu659\/2019\/10\/GetAttachmentThumbnail-1-2-2-768x671.jpg 768w, https:\/\/agora.xtec.cat\/ceip-lasardana\/wp-content\/uploads\/usu659\/2019\/10\/GetAttachmentThumbnail-1-2-2-768x671-300x262.jpg 300w\" sizes=\"auto, (max-width: 516px) 100vw, 516px\" \/> <img loading=\"lazy\" decoding=\"async\" class=\"wp-image-6260  aligncenter\" src=\"https:\/\/agora.xtec.cat\/ceip-lasardana\/wp-content\/uploads\/usu659\/2019\/10\/grup-768x513.jpg\" alt=\"\" width=\"683\" height=\"456\" srcset=\"https:\/\/agora.xtec.cat\/ceip-lasardana\/wp-content\/uploads\/usu659\/2019\/10\/grup-768x513.jpg 768w, https:\/\/agora.xtec.cat\/ceip-lasardana\/wp-content\/uploads\/usu659\/2019\/10\/grup-768x513-300x200.jpg 300w\" sizes=\"auto, (max-width: 683px) 100vw, 683px\" \/><\/p>\n<p class=\"p3\"><span class=\"s1\">Es tracta d\u2019un<a href=\"http:\/\/pae.gencat.cat\/ca\/setmana\/premi-escola-agricultura-alimentacio-ecologica\/index.html\" target=\"_blank\" rel=\"noopener noreferrer\">\u00a0premi creat per la Generalitat de Catalunya<\/a> (Departaments d\u2019Agricultura, Ramaderia, Pesca i Alimentaci\u00f3, Ensenyament i Territori i Sostenibilitat) i l\u2019Associaci\u00f3 Vida Sana. L\u2019objectiu del\u00a0<strong>Premi Escola, Agricultura i Alimentaci\u00f3 Ecol\u00f2gica<\/strong>\u00a0\u00e9s el de recon\u00e8ixer i incentivar la realitzaci\u00f3 de projectes i l\u00ednies de treball dels centres educatius de Catalunya destinats a promoure el coneixement de l\u2019agricultura i l\u2019alimentaci\u00f3 ecol\u00f2giques i especialment dels seus valors socials, econ\u00f2mics i ambientals, tant entre el propi alumnat del centre com tamb\u00e9 cap al conjunt de la comunitat educativa i el seu entorn.<\/span><\/p>\n<p>Aix\u00ed doncs, un premi que reconeix un bonic projecte\u00a0 \u201cEstima\u2019t l\u2019hort\u201d que ha sorpr\u00e8s al jurat per la seva nova mirada.<\/p>\n<p style=\"text-align: center;\"><a href=\"http:\/\/pae.gencat.cat\/ca\/setmana\/premi-escola-agricultura-alimentacio-ecologica\/index.html\" target=\"_blank\" rel=\"noopener noreferrer\">SETMANA BIO Premi &#8220;Escola, agricultura i alimentaci\u00f3 ecol\u00f2gica&#8221;<\/a><\/p>\n<p style=\"text-align: center;\"><a href=\"http:\/\/pae.gencat.cat\/web\/.content\/al_alimentacio\/al01_pae\/15_setmanabio\/Premi_Escola\/18-1PremiEscola_LaSardana_ESTIMATLHORT-CAT.pdf\">Veure projecte guanyador<\/a><\/p>\n<h1 class=\"entry-title\"><span style=\"font-size: 18pt; color: #008000;\"><a href=\"https:\/\/agora.xtec.cat\/ceip-lasardana\/wp-content\/uploads\/usu659\/2022\/02\/hort.jpg\"><img loading=\"lazy\" decoding=\"async\" class=\"wp-image-10533 alignleft\" src=\"https:\/\/agora.xtec.cat\/ceip-lasardana\/wp-content\/uploads\/usu659\/2022\/02\/hort.jpg\" alt=\"\" width=\"115\" height=\"116\" srcset=\"https:\/\/agora.xtec.cat\/ceip-lasardana\/wp-content\/uploads\/usu659\/2022\/02\/hort.jpg 1021w, https:\/\/agora.xtec.cat\/ceip-lasardana\/wp-content\/uploads\/usu659\/2022\/02\/hort-300x300.jpg 300w, https:\/\/agora.xtec.cat\/ceip-lasardana\/wp-content\/uploads\/usu659\/2022\/02\/hort-150x150.jpg 150w, https:\/\/agora.xtec.cat\/ceip-lasardana\/wp-content\/uploads\/usu659\/2022\/02\/hort-768x770.jpg 768w\" sizes=\"auto, (max-width: 115px) 100vw, 115px\" \/><\/a>1r Premi Escolar Weleda Open Garden al Projecte Estima\u2019t l\u2019Hort<\/span><\/h1>\n<p>Una proposta de treball on a partir de l&#8217;espai de l&#8217;hort s&#8217;ha dut a terme un projecte interdisciplinari i amb una mirada globalitzada.<\/p>\n<p style=\"text-align: center;\"><em><a href=\"https:\/\/youtu.be\/ON9-z4ZcHko\">Veure projecte guanyador<\/a><br \/>\n<\/em><\/p>\n<p>&nbsp;<\/p>\n<p>&nbsp;<\/p>\n","protected":false},"excerpt":{"rendered":"<p>L\u2019Escola la Sardana fa molts anys que va portar endavant el seu projecte de l\u2019hort i des de el curs 2012-2013 es va instaurar com a la primera Escola Verda de Badia del Vall\u00e8s sent l\u2019hort un pilar b\u00e0sic d\u2019aquest comprom\u00eds envers el mediambient.<br \/>\nEl curs&hellip;  <a href=\"https:\/\/agora.xtec.cat\/ceip-lasardana\/projecte-educatiu\/estimat-lhort-2\/\" title=\"Read Estima&#8217;t  l&#8217;hort\">Llegeix m\u00e9s\u00bb<\/a><\/p>\n","protected":false},"author":1,"featured_media":0,"parent":64,"menu_order":30,"comment_status":"closed","ping_status":"closed","template":"page-templates\/side-menu.php","meta":{"_bbp_topic_count":0,"_bbp_reply_count":0,"_bbp_total_topic_count":0,"_bbp_total_reply_count":0,"_bbp_voice_count":0,"_bbp_anonymous_reply_count":0,"_bbp_topic_count_hidden":0,"_bbp_reply_count_hidden":0,"_bbp_forum_subforum_count":0,"footnotes":""},"class_list":["post-466","page","type-page","status-publish","hentry"],"post_mailing_queue_ids":[],"_links":{"self":[{"href":"https:\/\/agora.xtec.cat\/ceip-lasardana\/wp-json\/wp\/v2\/pages\/466","targetHints":{"allow":["GET"]}}],"collection":[{"href":"https:\/\/agora.xtec.cat\/ceip-lasardana\/wp-json\/wp\/v2\/pages"}],"about":[{"href":"https:\/\/agora.xtec.cat\/ceip-lasardana\/wp-json\/wp\/v2\/types\/page"}],"author":[{"embeddable":true,"href":"https:\/\/agora.xtec.cat\/ceip-lasardana\/wp-json\/wp\/v2\/users\/1"}],"replies":[{"embeddable":true,"href":"https:\/\/agora.xtec.cat\/ceip-lasardana\/wp-json\/wp\/v2\/comments?post=466"}],"version-history":[{"count":5,"href":"https:\/\/agora.xtec.cat\/ceip-lasardana\/wp-json\/wp\/v2\/pages\/466\/revisions"}],"predecessor-version":[{"id":10758,"href":"https:\/\/agora.xtec.cat\/ceip-lasardana\/wp-json\/wp\/v2\/pages\/466\/revisions\/10758"}],"up":[{"embeddable":true,"href":"https:\/\/agora.xtec.cat\/ceip-lasardana\/wp-json\/wp\/v2\/pages\/64"}],"wp:attachment":[{"href":"https:\/\/agora.xtec.cat\/ceip-lasardana\/wp-json\/wp\/v2\/media?parent=466"}],"curies":[{"name":"wp","href":"https:\/\/api.w.org\/{rel}","templated":true}]}}