{"id":28,"date":"2014-09-18T12:29:35","date_gmt":"2014-09-18T10:29:35","guid":{"rendered":"http:\/\/agora.xtec.cat\/ceip-lasardana\/?page_id=28"},"modified":"2023-06-14T14:18:29","modified_gmt":"2023-06-14T12:18:29","slug":"consell-escolar","status":"publish","type":"page","link":"https:\/\/agora.xtec.cat\/ceip-lasardana\/lescola\/consell-escolar\/","title":{"rendered":"Consell escolar"},"content":{"rendered":"<p>El consell escolar del centre \u00e9s l&#8217;<strong>\u00f2rgan col\u00b7legiat de participaci\u00f3<\/strong>\u00a0de la comunitat escolar en el govern del centre. En el consell escolar hi ha representats tots els col\u00b7lectius que intervenen en la comunitat educativa: director, professorat, alumnat, personal d&#8217;administraci\u00f3 i serveis, etc.<\/p>\n<p>En els centres p\u00fablics, la <a href=\"http:\/\/ensenyament.gencat.cat\/ca\/arees-actuacio\/centres-serveis-educatius\/centres\/consells-escolars-centres\/centres-publics\/\" target=\"_blank\" rel=\"noopener noreferrer\">funci\u00f3<\/a> principal del consell escolar \u00e9s participar en la presa de decisions en relaci\u00f3 amb aquells temes importants per al funcionament i l&#8217;organitzaci\u00f3 del centre: el projecte educatiu, la programaci\u00f3 general, la gesti\u00f3 econ\u00f2mica, etc. En el cas dels centres privats concertats, el consell escolar debat, avalua, analitza i pren decisions sobre els temes proposats pel titular del centre.<\/p>\n<p>Els membres del consell escolar s\u00f3n elegits per un per\u00edode de quatre anys i es renoven per meitats cada dos anys.<\/p>\n<p style=\"text-align: center;\"><a style=\"font-family: inherit; font-size: 1em;\" href=\"http:\/\/familiaiescola.gencat.cat\/ca\/escolaritat\/participacio-compromis\/participacio-coresponsabilitzacio\/participacio-funcionament-centre\/consell-escolar\/\" target=\"_blank\" rel=\"noopener noreferrer\"><em>M\u00c9S INFORMACI\u00d3<\/em><\/a><\/p>\n<h5><\/h5>\n<p>&nbsp;<\/p>\n<h4><em><span style=\"color: #339966;\">El Consell Escolar de l&#8217;escola La Sardana, acorda&#8230;<\/span><\/em><\/h4>\n<table style=\"border-collapse: collapse; width: 94.4308%; height: 157px;\">\n<tbody>\n<tr style=\"height: 31px;\">\n<td style=\"width: 23.62%; border-style: hidden; background-color: #ffffff; text-align: center; height: 31px;\"><strong>CURS 2022-2023<\/strong><\/td>\n<td style=\"width: 23.9221%; border-style: hidden; background-color: #ffffff; text-align: center; height: 31px;\"><strong>CURS 2021-2022<\/strong><\/td>\n<td style=\"width: 24.2762%; border-style: hidden; background-color: #ffffff; text-align: center; height: 31px;\"><strong>CURS 2020-2021<\/strong><\/td>\n<td style=\"width: 22.5414%; border-style: hidden; background-color: #ffffff; text-align: center; height: 31px;\"><strong>CURS 2019-2020<\/strong><\/td>\n<\/tr>\n<tr style=\"height: 31px;\">\n<td style=\"width: 23.62%; border-style: hidden; background-color: #ffffff; vertical-align: top; text-align: center; height: 126px;\"><a href=\"https:\/\/agora.xtec.cat\/ceip-lasardana\/wp-content\/uploads\/usu659\/2023\/03\/20220921_CER_008_LS.pdf\" target=\"_blank\" rel=\"noopener\">20220921 Certificat d&#8217;acords<\/a><br \/>\n<a href=\"https:\/\/agora.xtec.cat\/ceip-lasardana\/wp-content\/uploads\/usu659\/2023\/03\/20221020_CER_008_LS.pdf\" target=\"_blank\" rel=\"noopener\">20221020 Certificat d&#8217;acords<\/a><br \/>\n<a href=\"https:\/\/agora.xtec.cat\/ceip-lasardana\/wp-content\/uploads\/usu659\/2023\/03\/20230127_CER_008_LS.pdf\">20230127 Certificat d&#8217;acords<\/a><br \/>\n<a href=\"https:\/\/agora.xtec.cat\/ceip-lasardana\/wp-content\/uploads\/usu659\/2023\/06\/20230612_CER_008_LS.pdf\">20230612 Certificat d&#8217;acords<\/a><\/td>\n<td style=\"width: 23.9221%; border-style: hidden; background-color: #ffffff; height: 126px; vertical-align: top; text-align: center;\"><a href=\"https:\/\/agora.xtec.cat\/ceip-lasardana\/wp-content\/uploads\/usu659\/2021\/09\/20210901_CER_008_LS.pdf\" target=\"_blank\" rel=\"noopener\">20210901 Certificat d&#8217;acords<\/a><br \/>\n<a href=\"https:\/\/agora.xtec.cat\/ceip-lasardana\/wp-content\/uploads\/usu659\/2021\/11\/20211117_CER_008_LS.pdf\" target=\"_blank\" rel=\"noopener\">20211117 Certificat d&#8217;acords<\/a><br \/>\n<a href=\"https:\/\/agora.xtec.cat\/ceip-lasardana\/wp-content\/uploads\/usu659\/2022\/06\/20211202_CER_008_LS.pdf\" target=\"_blank\" rel=\"noopener\">20211202 Certificat d&#8217;acords<\/a><br \/>\n<a href=\"https:\/\/agora.xtec.cat\/ceip-lasardana\/wp-content\/uploads\/usu659\/2022\/06\/20211202_CER_008_LS_PGAC.pdf\" target=\"_blank\" rel=\"noopener\">20211202 Certificat d&#8217;acords<\/a><br \/>\n<a href=\"https:\/\/agora.xtec.cat\/ceip-lasardana\/wp-content\/uploads\/usu659\/2022\/06\/20220128_CER_008_LS.pdf\" target=\"_blank\" rel=\"noopener\">20220128 Certificat d&#8217;acords<\/a><br \/>\n<a href=\"https:\/\/agora.xtec.cat\/ceip-lasardana\/wp-content\/uploads\/usu659\/2022\/05\/20220511_CER_008_LS.pdf\" target=\"_blank\" rel=\"noopener\">20220511 Certificat d&#8217;acords<\/a><br \/>\n<a href=\"https:\/\/agora.xtec.cat\/ceip-lasardana\/wp-content\/uploads\/usu659\/2023\/03\/20220707_CER_008_LS.pdf\">20220707 Certificat d&#8217;acords<\/a><\/td>\n<td style=\"width: 24.2762%; border-style: hidden; background-color: #ffffff; height: 126px; vertical-align: top; text-align: center;\"><a href=\"https:\/\/agora.xtec.cat\/ceip-lasardana\/wp-content\/uploads\/usu659\/2021\/05\/20200909_CER_008_LS.pdf\" target=\"_blank\" rel=\"noopener noreferrer\">20200909 Certificat d&#8217;acords<\/a><br \/>\n<a href=\"https:\/\/agora.xtec.cat\/ceip-lasardana\/wp-content\/uploads\/usu659\/2021\/05\/20201217_CER_008_LS.pdf\" target=\"_blank\" rel=\"noopener noreferrer\">20201217 Certificat d&#8217;acords<\/a><br \/>\n<a href=\"https:\/\/agora.xtec.cat\/ceip-lasardana\/wp-content\/uploads\/usu659\/2021\/05\/20210128_CER_008_LS.pdf\" target=\"_blank\" rel=\"noopener noreferrer\">20210128 Certificat d&#8217;acords<\/a><br \/>\n<a href=\"https:\/\/agora.xtec.cat\/ceip-lasardana\/wp-content\/uploads\/usu659\/2021\/05\/20210217_CER_008_LS.pdf\" target=\"_blank\" rel=\"noopener noreferrer\">20210217 Certificat d&#8217;acords<\/a><br \/>\n<a href=\"https:\/\/agora.xtec.cat\/ceip-lasardana\/wp-content\/uploads\/usu659\/2021\/05\/20210503_CER_008_LS.pdf\" target=\"_blank\" rel=\"noopener noreferrer\">20210503 Certificat d&#8217;acords<\/a><br \/>\n<a href=\"https:\/\/agora.xtec.cat\/ceip-lasardana\/wp-content\/uploads\/usu659\/2021\/09\/20210628_CER_008_LS.pdf\" target=\"_blank\" rel=\"noopener\">20210628 Certificat d&#8217;acords<\/a><\/td>\n<td style=\"width: 22.5414%; border-style: hidden; background-color: #ffffff; height: 126px; vertical-align: top; text-align: center;\"><a href=\"https:\/\/agora.xtec.cat\/ceip-lasardana\/wp-content\/uploads\/usu659\/2019\/12\/20191023_CER_008_LS.pdf\">20191023 Certificat d&#8217;acords<\/a><br \/>\n<a style=\"color: #2795b6;\" href=\"https:\/\/agora.xtec.cat\/ceip-lasardana\/wp-content\/uploads\/usu659\/2020\/01\/20200128_CER_008_LS.pdf\">20200128 Certificat d&#8217;acords<\/a><br \/>\n<a href=\"https:\/\/agora.xtec.cat\/ceip-lasardana\/wp-content\/uploads\/usu659\/2020\/06\/20200211_CER_008_LS.pdf\" target=\"_blank\" rel=\"noopener noreferrer\">20200211 Certificat d&#8217;acords<\/a><br \/>\n<a href=\"https:\/\/agora.xtec.cat\/ceip-lasardana\/wp-content\/uploads\/usu659\/2020\/06\/20200604_CER_008_LS.pdf\" target=\"_blank\" rel=\"noopener noreferrer\">20200604 Certificat d&#8217;acords<\/a><\/td>\n<\/tr>\n<\/tbody>\n<\/table>\n","protected":false},"excerpt":{"rendered":"<p>El consell escolar del centre \u00e9s l&#8217;\u00f2rgan col\u00b7legiat de participaci\u00f3\u00a0de la comunitat escolar en el govern del centre. En el consell escolar hi ha representats tots els col\u00b7lectius que intervenen en la comunitat educativa: director, professorat, alumnat, personal d&#8217;administraci\u00f3 i serveis, etc.<br \/>\nEn els centres p\u00fablics,&hellip;  <a href=\"https:\/\/agora.xtec.cat\/ceip-lasardana\/lescola\/consell-escolar\/\" title=\"Read Consell escolar\">Llegeix m\u00e9s\u00bb<\/a><\/p>\n","protected":false},"author":1,"featured_media":0,"parent":22,"menu_order":12,"comment_status":"closed","ping_status":"closed","template":"page-templates\/side-menu.php","meta":{"_bbp_topic_count":0,"_bbp_reply_count":0,"_bbp_total_topic_count":0,"_bbp_total_reply_count":0,"_bbp_voice_count":0,"_bbp_anonymous_reply_count":0,"_bbp_topic_count_hidden":0,"_bbp_reply_count_hidden":0,"_bbp_forum_subforum_count":0,"footnotes":""},"class_list":["post-28","page","type-page","status-publish","hentry"],"post_mailing_queue_ids":[],"_links":{"self":[{"href":"https:\/\/agora.xtec.cat\/ceip-lasardana\/wp-json\/wp\/v2\/pages\/28","targetHints":{"allow":["GET"]}}],"collection":[{"href":"https:\/\/agora.xtec.cat\/ceip-lasardana\/wp-json\/wp\/v2\/pages"}],"about":[{"href":"https:\/\/agora.xtec.cat\/ceip-lasardana\/wp-json\/wp\/v2\/types\/page"}],"author":[{"embeddable":true,"href":"https:\/\/agora.xtec.cat\/ceip-lasardana\/wp-json\/wp\/v2\/users\/1"}],"replies":[{"embeddable":true,"href":"https:\/\/agora.xtec.cat\/ceip-lasardana\/wp-json\/wp\/v2\/comments?post=28"}],"version-history":[{"count":3,"href":"https:\/\/agora.xtec.cat\/ceip-lasardana\/wp-json\/wp\/v2\/pages\/28\/revisions"}],"predecessor-version":[{"id":12061,"href":"https:\/\/agora.xtec.cat\/ceip-lasardana\/wp-json\/wp\/v2\/pages\/28\/revisions\/12061"}],"up":[{"embeddable":true,"href":"https:\/\/agora.xtec.cat\/ceip-lasardana\/wp-json\/wp\/v2\/pages\/22"}],"wp:attachment":[{"href":"https:\/\/agora.xtec.cat\/ceip-lasardana\/wp-json\/wp\/v2\/media?parent=28"}],"curies":[{"name":"wp","href":"https:\/\/api.w.org\/{rel}","templated":true}]}}