{"id":24,"date":"2014-09-18T12:23:15","date_gmt":"2014-09-18T10:23:15","guid":{"rendered":"http:\/\/agora.xtec.cat\/ceip-lasardana\/?page_id=24"},"modified":"2019-12-05T07:24:16","modified_gmt":"2019-12-05T06:24:16","slug":"on-som","status":"publish","type":"page","link":"https:\/\/agora.xtec.cat\/ceip-lasardana\/lescola\/on-som\/","title":{"rendered":"On som"},"content":{"rendered":"<p style=\"color: #666666;\"><strong><a href=\"https:\/\/agora.xtec.cat\/ceip-lasardana\/wp-content\/uploads\/usu659\/2019\/09\/Sin-t\u00edtulo2.png\"><img loading=\"lazy\" decoding=\"async\" class=\"alignnone wp-image-6185 size-full\" src=\"https:\/\/agora.xtec.cat\/ceip-lasardana\/wp-content\/uploads\/usu659\/2019\/09\/Sin-t\u00edtulo2-e1567853123488.png\" alt=\"\" width=\"983\" height=\"685\" srcset=\"https:\/\/agora.xtec.cat\/ceip-lasardana\/wp-content\/uploads\/usu659\/2019\/09\/Sin-t\u00edtulo2-e1567853123488.png 983w, https:\/\/agora.xtec.cat\/ceip-lasardana\/wp-content\/uploads\/usu659\/2019\/09\/Sin-t\u00edtulo2-e1567853123488-300x209.png 300w, https:\/\/agora.xtec.cat\/ceip-lasardana\/wp-content\/uploads\/usu659\/2019\/09\/Sin-t\u00edtulo2-e1567853123488-768x535.png 768w\" sizes=\"auto, (max-width: 983px) 100vw, 983px\" \/><\/a><\/strong><\/p>\n<p>&nbsp;<\/p>\n<p style=\"color: #666666;\"><strong>Escola La Sardana<\/strong><br \/>\nC\/ B\u00e8tica s\/n<br \/>\n08210 \u00a0Badia del Vall\u00e9s<\/p>\n<p>Tel. 93 718 34 02<br \/>\nCorreu-e: <a href=\"mailto:ceip-lasardana@xtec.cat\">ceip-lasardana@xtec.cat<\/a><\/p>\n<p>&nbsp;<\/p>\n<p><iframe loading=\"lazy\" style=\"border: 0;\" src=\"https:\/\/www.google.com\/maps\/embed?pb=!1m14!1m12!1m3!1d888.2911416808311!2d2.113965279378735!3d41.50766943999507!2m3!1f0!2f0!3f0!3m2!1i1024!2i768!4f13.1!5e0!3m2!1sca!2ses!4v1448833930865\" width=\"600\" height=\"450\" frameborder=\"0\" allowfullscreen=\"allowfullscreen\"><\/iframe><\/p>\n<p><strong>Com arribar-hi:<\/strong><\/p>\n<p><strong>Tren:\u00a0<\/strong>Rodalies Renfe:\u00a0L\u00ednia R-4 ( Manresa- Sant Vicen\u00e7 de Calders ).\u00a0Estaci\u00f3 de Barber\u00e0 del Vall\u00e8s<br \/>\n<strong>Bus:<\/strong>\u00a0 L\u00ednia A-2\u00a0<span style=\"font-family: inherit; font-size: 1em; line-height: 1.6;\"><em>Barcelona (Fabra i Piug)<\/em>. \u00a0L\u00ednia B-4 <em>\u00a0Cerdanyola<\/em> \u00a0. L\u00ednia B-1 <em>Sabadell .<\/em>\u00a0 L\u00ednia B-6<em> UAB<\/em><\/span><\/p>\n<p>&nbsp;<\/p>\n","protected":false},"excerpt":{"rendered":"<p><a href=\"https:\/\/agora.xtec.cat\/ceip-lasardana\/wp-content\/uploads\/usu659\/2019\/09\/Sin-t\u00edtulo2.png\"><\/a><br \/>\n&nbsp;<br \/>\nEscola La Sardana<br \/>\nC\/ B\u00e8tica s\/n<br \/>\n08210 \u00a0Badia del Vall\u00e9s<br \/>\nTel. 93 718 34 02<br \/>\nCorreu-e: <a href=\"mailto:ceip-lasardana@xtec.cat\">ceip-lasardana@xtec.cat<\/a><br \/>\n&nbsp;<\/p>\n<p>Com arribar-hi:<br \/>\nTren:\u00a0Rodalies Renfe:\u00a0L\u00ednia R-4 ( Manresa- Sant Vicen\u00e7 de Calders ).\u00a0Estaci\u00f3 de Barber\u00e0 del Vall\u00e8s<br \/>\nBus:\u00a0 L\u00ednia A-2\u00a0Barcelona (Fabra i Piug). \u00a0L\u00ednia B-4 \u00a0Cerdanyola \u00a0. L\u00ednia B-1 Sabadell .\u00a0 L\u00ednia B-6 UAB<br \/>\n&nbsp;<\/p>\n","protected":false},"author":1,"featured_media":0,"parent":22,"menu_order":2,"comment_status":"closed","ping_status":"closed","template":"page-templates\/side-menu.php","meta":{"_bbp_topic_count":0,"_bbp_reply_count":0,"_bbp_total_topic_count":0,"_bbp_total_reply_count":0,"_bbp_voice_count":0,"_bbp_anonymous_reply_count":0,"_bbp_topic_count_hidden":0,"_bbp_reply_count_hidden":0,"_bbp_forum_subforum_count":0,"footnotes":""},"class_list":["post-24","page","type-page","status-publish","hentry"],"post_mailing_queue_ids":[],"_links":{"self":[{"href":"https:\/\/agora.xtec.cat\/ceip-lasardana\/wp-json\/wp\/v2\/pages\/24","targetHints":{"allow":["GET"]}}],"collection":[{"href":"https:\/\/agora.xtec.cat\/ceip-lasardana\/wp-json\/wp\/v2\/pages"}],"about":[{"href":"https:\/\/agora.xtec.cat\/ceip-lasardana\/wp-json\/wp\/v2\/types\/page"}],"author":[{"embeddable":true,"href":"https:\/\/agora.xtec.cat\/ceip-lasardana\/wp-json\/wp\/v2\/users\/1"}],"replies":[{"embeddable":true,"href":"https:\/\/agora.xtec.cat\/ceip-lasardana\/wp-json\/wp\/v2\/comments?post=24"}],"version-history":[{"count":3,"href":"https:\/\/agora.xtec.cat\/ceip-lasardana\/wp-json\/wp\/v2\/pages\/24\/revisions"}],"predecessor-version":[{"id":6463,"href":"https:\/\/agora.xtec.cat\/ceip-lasardana\/wp-json\/wp\/v2\/pages\/24\/revisions\/6463"}],"up":[{"embeddable":true,"href":"https:\/\/agora.xtec.cat\/ceip-lasardana\/wp-json\/wp\/v2\/pages\/22"}],"wp:attachment":[{"href":"https:\/\/agora.xtec.cat\/ceip-lasardana\/wp-json\/wp\/v2\/media?parent=24"}],"curies":[{"name":"wp","href":"https:\/\/api.w.org\/{rel}","templated":true}]}}