{"id":2217,"date":"2017-01-09T17:59:26","date_gmt":"2017-01-09T16:59:26","guid":{"rendered":"http:\/\/agora.xtec.cat\/ceip-lasardana\/?page_id=2217"},"modified":"2024-04-07T20:49:25","modified_gmt":"2024-04-07T18:49:25","slug":"biblioteca-teresa-reverter","status":"publish","type":"page","link":"https:\/\/agora.xtec.cat\/ceip-lasardana\/projecte-educatiu\/biblioteca-teresa-reverter\/","title":{"rendered":"Biblioteca Teresa Reverter"},"content":{"rendered":"<p>La biblioteca de la nostra escola forma part del programa <b>Puntedu<\/b> del Departament d&#8217;Educaci\u00f3. Els alumnes realitzen una sessi\u00f3 setmanal on s&#8217;expliquen contes, es llegeixen llibres col\u00b7lectivament i individualment i es presenten llibres que els alumnes han llegit a casa. A m\u00e9s, tamb\u00e9 disposa de servei de pr\u00e9stec de llibres i material audiovisual.<\/p>\n<p style=\"text-align: center;\"><span style=\"font-size: 14pt;\"><a href=\"http:\/\/blocs.xtec.cat\/bibliotecasardana\/\">Explora el fons de la biblioteca<\/a><\/span><\/p>\n<p><span style=\"font-size: medium;\"><b>Objectius generals<\/b><b>\u00a0<\/b><\/span><\/p>\n<p><span style=\"font-size: medium;\">Entenem l\u2019aprenentatge de la lectura com una progressi\u00f3 ascendent en l\u2019adquisici\u00f3 de la comprensi\u00f3 lectora de textos cada cop m\u00e9s complexos.<\/span><\/p>\n<ul style=\"list-style-type: circle;\">\n<li><strong><span lang=\"CA\"><span style=\"font-size: medium;\">Aprendre a trav\u00e9s de la lectura<\/span><\/span><\/strong><\/li>\n<\/ul>\n<p><span style=\"font-size: medium;\">Estimular l&#8217;\u00fas de textos de diferents tipus i registres com a eina de consulta que ajudi a desenvolupar la capacitat de recerca, aix\u00ed com la de discernir cr\u00edticament la informaci\u00f3 rebuda.<\/span><\/p>\n<ul style=\"list-style-type: circle;\">\n<li><strong><span lang=\"CA\"><span style=\"font-size: medium;\">Gaudir amb la lectura<\/span><\/span><\/strong><\/li>\n<\/ul>\n<p><span style=\"font-size: medium;\">Desvetllar en els infants la curiositat pels llibres, descobrir que llegir \u00e9s una cosa divertida i entretinguda i incentivar-los a la utilitzaci\u00f3 dels llibres com a eina de lleure.<br \/>\n<\/span><span style=\"font-size: medium;\">Formar lectors amb criteri propi, que s\u00e0piguen valorar els textos literaris que arriben a les seves mans.<\/span><\/p>\n<ul style=\"list-style-type: circle;\">\n<li><strong><span lang=\"CA\"><span style=\"font-size: medium;\">Formar usuaris<\/span><\/span><\/strong><\/li>\n<\/ul>\n<p><span style=\"font-size: medium;\">Fer-se responsables dels llibres que agafen en pr\u00e9stec i\/o consulta.<br \/>\n<\/span><span style=\"font-size: medium;\">Aprendre els procediments de consulta per trobar la informaci\u00f3 que es busca.<br \/>\n<\/span><span style=\"font-size: medium;\">Con\u00e8ixer quins s\u00f3n els criteris de catalogaci\u00f3 emprats en l&#8217;ordenaci\u00f3 dels llibres a les biblioteques per tal de trobar el llibre desitjat.<\/span><\/p>\n<p><span style=\"font-size: medium;\"><img loading=\"lazy\" decoding=\"async\" class=\"aligncenter size-large wp-image-8310\" src=\"https:\/\/agora.xtec.cat\/ceip-lasardana\/wp-content\/uploads\/usu659\/2021\/01\/29-1024x724.jpg\" alt=\"\" width=\"1024\" height=\"724\" srcset=\"https:\/\/agora.xtec.cat\/ceip-lasardana\/wp-content\/uploads\/usu659\/2021\/01\/29.jpg 1024w, https:\/\/agora.xtec.cat\/ceip-lasardana\/wp-content\/uploads\/usu659\/2021\/01\/29-300x212.jpg 300w, https:\/\/agora.xtec.cat\/ceip-lasardana\/wp-content\/uploads\/usu659\/2021\/01\/29-768x543.jpg 768w\" sizes=\"auto, (max-width: 1024px) 100vw, 1024px\" \/> <img loading=\"lazy\" decoding=\"async\" class=\"aligncenter size-large wp-image-8311\" src=\"https:\/\/agora.xtec.cat\/ceip-lasardana\/wp-content\/uploads\/usu659\/2021\/01\/30-1024x724.jpg\" alt=\"\" width=\"1024\" height=\"724\" srcset=\"https:\/\/agora.xtec.cat\/ceip-lasardana\/wp-content\/uploads\/usu659\/2021\/01\/30.jpg 1024w, https:\/\/agora.xtec.cat\/ceip-lasardana\/wp-content\/uploads\/usu659\/2021\/01\/30-300x212.jpg 300w, https:\/\/agora.xtec.cat\/ceip-lasardana\/wp-content\/uploads\/usu659\/2021\/01\/30-768x543.jpg 768w\" sizes=\"auto, (max-width: 1024px) 100vw, 1024px\" \/> <img loading=\"lazy\" decoding=\"async\" class=\"aligncenter size-large wp-image-8312\" src=\"https:\/\/agora.xtec.cat\/ceip-lasardana\/wp-content\/uploads\/usu659\/2021\/01\/31-1024x724.jpg\" alt=\"\" width=\"1024\" height=\"724\" srcset=\"https:\/\/agora.xtec.cat\/ceip-lasardana\/wp-content\/uploads\/usu659\/2021\/01\/31.jpg 1024w, https:\/\/agora.xtec.cat\/ceip-lasardana\/wp-content\/uploads\/usu659\/2021\/01\/31-300x212.jpg 300w, https:\/\/agora.xtec.cat\/ceip-lasardana\/wp-content\/uploads\/usu659\/2021\/01\/31-768x543.jpg 768w\" sizes=\"auto, (max-width: 1024px) 100vw, 1024px\" \/> <img loading=\"lazy\" decoding=\"async\" class=\"aligncenter size-large wp-image-8313\" src=\"https:\/\/agora.xtec.cat\/ceip-lasardana\/wp-content\/uploads\/usu659\/2021\/01\/32-1024x724.jpg\" alt=\"\" width=\"1024\" height=\"724\" srcset=\"https:\/\/agora.xtec.cat\/ceip-lasardana\/wp-content\/uploads\/usu659\/2021\/01\/32.jpg 1024w, https:\/\/agora.xtec.cat\/ceip-lasardana\/wp-content\/uploads\/usu659\/2021\/01\/32-300x212.jpg 300w, https:\/\/agora.xtec.cat\/ceip-lasardana\/wp-content\/uploads\/usu659\/2021\/01\/32-768x543.jpg 768w\" sizes=\"auto, (max-width: 1024px) 100vw, 1024px\" \/> <img loading=\"lazy\" decoding=\"async\" class=\"aligncenter size-large wp-image-8314\" src=\"https:\/\/agora.xtec.cat\/ceip-lasardana\/wp-content\/uploads\/usu659\/2021\/01\/33-1024x724.jpg\" alt=\"\" width=\"1024\" height=\"724\" srcset=\"https:\/\/agora.xtec.cat\/ceip-lasardana\/wp-content\/uploads\/usu659\/2021\/01\/33.jpg 1024w, https:\/\/agora.xtec.cat\/ceip-lasardana\/wp-content\/uploads\/usu659\/2021\/01\/33-300x212.jpg 300w, https:\/\/agora.xtec.cat\/ceip-lasardana\/wp-content\/uploads\/usu659\/2021\/01\/33-768x543.jpg 768w\" sizes=\"auto, (max-width: 1024px) 100vw, 1024px\" \/> <img loading=\"lazy\" decoding=\"async\" class=\"aligncenter size-large wp-image-8315\" src=\"https:\/\/agora.xtec.cat\/ceip-lasardana\/wp-content\/uploads\/usu659\/2021\/01\/34-1024x724.jpg\" alt=\"\" width=\"1024\" height=\"724\" srcset=\"https:\/\/agora.xtec.cat\/ceip-lasardana\/wp-content\/uploads\/usu659\/2021\/01\/34.jpg 1024w, https:\/\/agora.xtec.cat\/ceip-lasardana\/wp-content\/uploads\/usu659\/2021\/01\/34-300x212.jpg 300w, https:\/\/agora.xtec.cat\/ceip-lasardana\/wp-content\/uploads\/usu659\/2021\/01\/34-768x543.jpg 768w\" sizes=\"auto, (max-width: 1024px) 100vw, 1024px\" \/><br \/>\n<\/span><\/p>\n<p>&nbsp;<\/p>\n","protected":false},"excerpt":{"rendered":"<p>La biblioteca de la nostra escola forma part del programa Puntedu del Departament d&#8217;Educaci\u00f3. Els alumnes realitzen una sessi\u00f3 setmanal on s&#8217;expliquen contes, es llegeixen llibres col\u00b7lectivament i individualment i es presenten llibres que els alumnes han llegit a casa. A m\u00e9s, tamb\u00e9 disposa de&hellip;  <a href=\"https:\/\/agora.xtec.cat\/ceip-lasardana\/projecte-educatiu\/biblioteca-teresa-reverter\/\" title=\"Read Biblioteca Teresa Reverter\">Llegeix m\u00e9s\u00bb<\/a><\/p>\n","protected":false},"author":1,"featured_media":0,"parent":64,"menu_order":60,"comment_status":"closed","ping_status":"closed","template":"page-templates\/side-menu.php","meta":{"_bbp_topic_count":0,"_bbp_reply_count":0,"_bbp_total_topic_count":0,"_bbp_total_reply_count":0,"_bbp_voice_count":0,"_bbp_anonymous_reply_count":0,"_bbp_topic_count_hidden":0,"_bbp_reply_count_hidden":0,"_bbp_forum_subforum_count":0,"footnotes":""},"class_list":["post-2217","page","type-page","status-publish","hentry"],"post_mailing_queue_ids":[],"_links":{"self":[{"href":"https:\/\/agora.xtec.cat\/ceip-lasardana\/wp-json\/wp\/v2\/pages\/2217","targetHints":{"allow":["GET"]}}],"collection":[{"href":"https:\/\/agora.xtec.cat\/ceip-lasardana\/wp-json\/wp\/v2\/pages"}],"about":[{"href":"https:\/\/agora.xtec.cat\/ceip-lasardana\/wp-json\/wp\/v2\/types\/page"}],"author":[{"embeddable":true,"href":"https:\/\/agora.xtec.cat\/ceip-lasardana\/wp-json\/wp\/v2\/users\/1"}],"replies":[{"embeddable":true,"href":"https:\/\/agora.xtec.cat\/ceip-lasardana\/wp-json\/wp\/v2\/comments?post=2217"}],"version-history":[{"count":3,"href":"https:\/\/agora.xtec.cat\/ceip-lasardana\/wp-json\/wp\/v2\/pages\/2217\/revisions"}],"predecessor-version":[{"id":12129,"href":"https:\/\/agora.xtec.cat\/ceip-lasardana\/wp-json\/wp\/v2\/pages\/2217\/revisions\/12129"}],"up":[{"embeddable":true,"href":"https:\/\/agora.xtec.cat\/ceip-lasardana\/wp-json\/wp\/v2\/pages\/64"}],"wp:attachment":[{"href":"https:\/\/agora.xtec.cat\/ceip-lasardana\/wp-json\/wp\/v2\/media?parent=2217"}],"curies":[{"name":"wp","href":"https:\/\/api.w.org\/{rel}","templated":true}]}}