{"id":1738,"date":"2016-11-06T21:52:03","date_gmt":"2016-11-06T20:52:03","guid":{"rendered":"http:\/\/agora.xtec.cat\/ceip-lasardana\/?page_id=1738"},"modified":"2024-04-07T20:55:10","modified_gmt":"2024-04-07T18:55:10","slug":"pla-de-patis-curs-1617","status":"publish","type":"page","link":"https:\/\/agora.xtec.cat\/ceip-lasardana\/projecte-educatiu\/pla-de-patis\/pla-de-patis-curs-1617\/","title":{"rendered":"Pla de patis curs 16\/17"},"content":{"rendered":"<p>El divendres 4 de novembre vam fer la presentaci\u00f3 del Pla de patis per aquest curs 16-17. Les fam\u00edlies que no vau poder assistir aqu\u00ed podeu veure la presentaci\u00f3.<\/p>\n<p><a href=\"https:\/\/drive.google.com\/file\/d\/0B6b-cmtl_2NHNVVmdGZQeXhEQjA\/view?usp=sharing\"><img loading=\"lazy\" decoding=\"async\" class=\"alignnone wp-image-1740\" src=\"http:\/\/agora.xtec.cat\/ceip-lasardana\/wp-content\/uploads\/usu659\/2016\/11\/Imagen1.jpg\" alt=\"imagen1\" width=\"329\" height=\"248\" srcset=\"https:\/\/agora.xtec.cat\/ceip-lasardana\/wp-content\/uploads\/usu659\/2016\/11\/Imagen1.jpg 668w, https:\/\/agora.xtec.cat\/ceip-lasardana\/wp-content\/uploads\/usu659\/2016\/11\/Imagen1-300x226.jpg 300w, https:\/\/agora.xtec.cat\/ceip-lasardana\/wp-content\/uploads\/usu659\/2016\/11\/Imagen1-200x150.jpg 200w\" sizes=\"auto, (max-width: 329px) 100vw, 329px\" \/><\/a><a href=\"https:\/\/drive.google.com\/open?id=0B6b-cmtl_2NHbnlmZVBWVzdyRXc\" target=\"_blank\" rel=\"noopener\"><img loading=\"lazy\" decoding=\"async\" class=\"alignright wp-image-2499\" src=\"http:\/\/agora.xtec.cat\/ceip-lasardana\/wp-content\/uploads\/usu659\/2016\/11\/PLA-D-PATIS.png\" alt=\"pla-d-patis\" width=\"365\" height=\"246\" srcset=\"https:\/\/agora.xtec.cat\/ceip-lasardana\/wp-content\/uploads\/usu659\/2016\/11\/PLA-D-PATIS.png 817w, https:\/\/agora.xtec.cat\/ceip-lasardana\/wp-content\/uploads\/usu659\/2016\/11\/PLA-D-PATIS-300x202.png 300w, https:\/\/agora.xtec.cat\/ceip-lasardana\/wp-content\/uploads\/usu659\/2016\/11\/PLA-D-PATIS-768x517.png 768w\" sizes=\"auto, (max-width: 365px) 100vw, 365px\" \/><\/a><\/p>\n<p><strong>\u00a0\u00a0 \u00a0 \u00a0 \u00a0\u00a0<\/strong><\/p>\n<p>&nbsp;<\/p>\n<p>&nbsp;<\/p>\n<p>&nbsp;<\/p>\n","protected":false},"excerpt":{"rendered":"<p>El divendres 4 de novembre vam fer la presentaci\u00f3 del Pla de patis per aquest curs 16-17. Les fam\u00edlies que no vau poder assistir aqu\u00ed podeu veure la presentaci\u00f3.<br \/>\n<a href=\"https:\/\/drive.google.com\/file\/d\/0B6b-cmtl_2NHNVVmdGZQeXhEQjA\/view?usp=sharing\"><\/a><a href=\"https:\/\/drive.google.com\/open?id=0B6b-cmtl_2NHbnlmZVBWVzdyRXc\" target=\"_blank\" rel=\"noopener\"><\/a><br \/>\n\u00a0\u00a0 \u00a0 \u00a0 \u00a0\u00a0<br \/>\n&nbsp;<br \/>\n&nbsp;<br \/>\n&nbsp;<\/p>\n","protected":false},"author":1,"featured_media":0,"parent":636,"menu_order":55,"comment_status":"closed","ping_status":"closed","template":"page-templates\/side-menu.php","meta":{"_bbp_topic_count":0,"_bbp_reply_count":0,"_bbp_total_topic_count":0,"_bbp_total_reply_count":0,"_bbp_voice_count":0,"_bbp_anonymous_reply_count":0,"_bbp_topic_count_hidden":0,"_bbp_reply_count_hidden":0,"_bbp_forum_subforum_count":0,"footnotes":""},"class_list":["post-1738","page","type-page","status-publish","hentry"],"post_mailing_queue_ids":[],"_links":{"self":[{"href":"https:\/\/agora.xtec.cat\/ceip-lasardana\/wp-json\/wp\/v2\/pages\/1738","targetHints":{"allow":["GET"]}}],"collection":[{"href":"https:\/\/agora.xtec.cat\/ceip-lasardana\/wp-json\/wp\/v2\/pages"}],"about":[{"href":"https:\/\/agora.xtec.cat\/ceip-lasardana\/wp-json\/wp\/v2\/types\/page"}],"author":[{"embeddable":true,"href":"https:\/\/agora.xtec.cat\/ceip-lasardana\/wp-json\/wp\/v2\/users\/1"}],"replies":[{"embeddable":true,"href":"https:\/\/agora.xtec.cat\/ceip-lasardana\/wp-json\/wp\/v2\/comments?post=1738"}],"version-history":[{"count":4,"href":"https:\/\/agora.xtec.cat\/ceip-lasardana\/wp-json\/wp\/v2\/pages\/1738\/revisions"}],"predecessor-version":[{"id":12130,"href":"https:\/\/agora.xtec.cat\/ceip-lasardana\/wp-json\/wp\/v2\/pages\/1738\/revisions\/12130"}],"up":[{"embeddable":true,"href":"https:\/\/agora.xtec.cat\/ceip-lasardana\/wp-json\/wp\/v2\/pages\/636"}],"wp:attachment":[{"href":"https:\/\/agora.xtec.cat\/ceip-lasardana\/wp-json\/wp\/v2\/media?parent=1738"}],"curies":[{"name":"wp","href":"https:\/\/api.w.org\/{rel}","templated":true}]}}