{"id":1418,"date":"2016-10-10T22:55:01","date_gmt":"2016-10-10T20:55:01","guid":{"rendered":"http:\/\/agora.xtec.cat\/ceip-lasardana\/?page_id=1418"},"modified":"2024-04-07T20:55:45","modified_gmt":"2024-04-07T18:55:45","slug":"som-escola-verda","status":"publish","type":"page","link":"https:\/\/agora.xtec.cat\/ceip-lasardana\/projecte-educatiu\/som-escola-verda\/","title":{"rendered":"Som Escola Verda"},"content":{"rendered":"<p>&nbsp;<\/p>\n<p><a href=\"https:\/\/agora.xtec.cat\/ceip-lasardana\/wp-content\/uploads\/usu659\/2022\/03\/triptic-EV-escola-la-sardana-3.pdf\"><img loading=\"lazy\" decoding=\"async\" class=\"size-full wp-image-10670 alignleft\" src=\"https:\/\/agora.xtec.cat\/ceip-lasardana\/wp-content\/uploads\/usu659\/2022\/03\/ESCOLAVERDA.jpg\" alt=\"\" width=\"377\" height=\"792\" srcset=\"https:\/\/agora.xtec.cat\/ceip-lasardana\/wp-content\/uploads\/usu659\/2022\/03\/ESCOLAVERDA.jpg 377w, https:\/\/agora.xtec.cat\/ceip-lasardana\/wp-content\/uploads\/usu659\/2022\/03\/ESCOLAVERDA-143x300.jpg 143w\" sizes=\"auto, (max-width: 377px) 100vw, 377px\" \/><\/a><\/p>\n<p>&nbsp;<\/p>\n<p>&nbsp;<\/p>\n<p style=\"text-align: justify;\">Des del curs 12-13 \u00a0que som escola verda, la\u00a0<strong>\u00fanica<\/strong>\u00a0de la nostra localitat. Ens considerem un centre <strong>comprom\u00e8s amb el medi ambient<\/strong>, i, molt abans de rebre el reconeixement institucional, ja port\u00e0vem a terme accions en aquesta l\u00ednia, com ara el reciclatge i l&#8217;hort escolar.<\/p>\n<p style=\"text-align: justify;\">Considerem imprescindible mostrar als nostres alumnes all\u00f2 que \u00e9s essencial, el<strong>\u00a0respecte <\/strong>per la pr\u00f2pia persona, pels altres i pel m\u00f3n al que pertanyem. La Sardana \u00e9s una escola compromesa i\u00a0<strong>vinculada amb l&#8217;entorn<\/strong>.<\/p>\n<p style=\"text-align: justify;\">Volem oferir m\u00e9s\u00a0<strong>espais verds i sostenibles<\/strong>, mantenir el nostre\u00a0hort en actiu amb col\u00b7laboraci\u00f3 de les fam\u00edlies.<\/p>\n<p><iframe loading=\"lazy\" title=\"ReportatgeVallesEduca\" width=\"500\" height=\"281\" src=\"https:\/\/www.youtube.com\/embed\/5AL63pIU4OM?feature=oembed\" frameborder=\"0\" allow=\"accelerometer; autoplay; clipboard-write; encrypted-media; gyroscope; picture-in-picture; web-share\" referrerpolicy=\"strict-origin-when-cross-origin\" allowfullscreen><\/iframe><\/p>\n<p><img loading=\"lazy\" decoding=\"async\" class=\"aligncenter size-large wp-image-8267\" src=\"https:\/\/agora.xtec.cat\/ceip-lasardana\/wp-content\/uploads\/usu659\/2021\/01\/18-1024x724.jpg\" alt=\"\" width=\"1024\" height=\"724\" srcset=\"https:\/\/agora.xtec.cat\/ceip-lasardana\/wp-content\/uploads\/usu659\/2021\/01\/18.jpg 1024w, https:\/\/agora.xtec.cat\/ceip-lasardana\/wp-content\/uploads\/usu659\/2021\/01\/18-300x212.jpg 300w, https:\/\/agora.xtec.cat\/ceip-lasardana\/wp-content\/uploads\/usu659\/2021\/01\/18-768x543.jpg 768w\" sizes=\"auto, (max-width: 1024px) 100vw, 1024px\" \/> <img loading=\"lazy\" decoding=\"async\" class=\"aligncenter size-large wp-image-8268\" src=\"https:\/\/agora.xtec.cat\/ceip-lasardana\/wp-content\/uploads\/usu659\/2021\/01\/19_1-1-1024x724.jpg\" alt=\"\" width=\"1024\" height=\"724\" srcset=\"https:\/\/agora.xtec.cat\/ceip-lasardana\/wp-content\/uploads\/usu659\/2021\/01\/19_1-1.jpg 1024w, https:\/\/agora.xtec.cat\/ceip-lasardana\/wp-content\/uploads\/usu659\/2021\/01\/19_1-1-300x212.jpg 300w, https:\/\/agora.xtec.cat\/ceip-lasardana\/wp-content\/uploads\/usu659\/2021\/01\/19_1-1-768x543.jpg 768w\" sizes=\"auto, (max-width: 1024px) 100vw, 1024px\" \/> <img loading=\"lazy\" decoding=\"async\" class=\"aligncenter size-large wp-image-8269\" src=\"https:\/\/agora.xtec.cat\/ceip-lasardana\/wp-content\/uploads\/usu659\/2021\/01\/20-1024x724.jpg\" alt=\"\" width=\"1024\" height=\"724\" srcset=\"https:\/\/agora.xtec.cat\/ceip-lasardana\/wp-content\/uploads\/usu659\/2021\/01\/20.jpg 1024w, https:\/\/agora.xtec.cat\/ceip-lasardana\/wp-content\/uploads\/usu659\/2021\/01\/20-300x212.jpg 300w, https:\/\/agora.xtec.cat\/ceip-lasardana\/wp-content\/uploads\/usu659\/2021\/01\/20-768x543.jpg 768w\" sizes=\"auto, (max-width: 1024px) 100vw, 1024px\" \/> <img loading=\"lazy\" decoding=\"async\" class=\"aligncenter size-large wp-image-8270\" src=\"https:\/\/agora.xtec.cat\/ceip-lasardana\/wp-content\/uploads\/usu659\/2021\/01\/21-1024x724.jpg\" alt=\"\" width=\"1024\" height=\"724\" srcset=\"https:\/\/agora.xtec.cat\/ceip-lasardana\/wp-content\/uploads\/usu659\/2021\/01\/21.jpg 1024w, https:\/\/agora.xtec.cat\/ceip-lasardana\/wp-content\/uploads\/usu659\/2021\/01\/21-300x212.jpg 300w, https:\/\/agora.xtec.cat\/ceip-lasardana\/wp-content\/uploads\/usu659\/2021\/01\/21-768x543.jpg 768w\" sizes=\"auto, (max-width: 1024px) 100vw, 1024px\" \/> <img loading=\"lazy\" decoding=\"async\" class=\"aligncenter size-large wp-image-8271\" src=\"https:\/\/agora.xtec.cat\/ceip-lasardana\/wp-content\/uploads\/usu659\/2021\/01\/22-1024x724.jpg\" alt=\"\" width=\"1024\" height=\"724\" srcset=\"https:\/\/agora.xtec.cat\/ceip-lasardana\/wp-content\/uploads\/usu659\/2021\/01\/22.jpg 1024w, https:\/\/agora.xtec.cat\/ceip-lasardana\/wp-content\/uploads\/usu659\/2021\/01\/22-300x212.jpg 300w, https:\/\/agora.xtec.cat\/ceip-lasardana\/wp-content\/uploads\/usu659\/2021\/01\/22-768x543.jpg 768w\" sizes=\"auto, (max-width: 1024px) 100vw, 1024px\" \/><\/p>\n","protected":false},"excerpt":{"rendered":"<p>&nbsp;<br \/>\n<a href=\"https:\/\/agora.xtec.cat\/ceip-lasardana\/wp-content\/uploads\/usu659\/2022\/03\/triptic-EV-escola-la-sardana-3.pdf\"><\/a><br \/>\n&nbsp;<br \/>\n&nbsp;<br \/>\nDes del curs 12-13 \u00a0que som escola verda, la\u00a0\u00fanica\u00a0de la nostra localitat. Ens considerem un centre comprom\u00e8s amb el medi ambient, i, molt abans de rebre el reconeixement institucional, ja port\u00e0vem a terme accions en aquesta l\u00ednia, com ara el reciclatge i l&#8217;hort escolar.<br \/>\nConsiderem&hellip;  <a href=\"https:\/\/agora.xtec.cat\/ceip-lasardana\/projecte-educatiu\/som-escola-verda\/\" title=\"Read Som Escola Verda\">Llegeix m\u00e9s\u00bb<\/a><\/p>\n","protected":false},"author":1,"featured_media":0,"parent":64,"menu_order":1,"comment_status":"closed","ping_status":"closed","template":"page-templates\/side-menu.php","meta":{"_bbp_topic_count":0,"_bbp_reply_count":0,"_bbp_total_topic_count":0,"_bbp_total_reply_count":0,"_bbp_voice_count":0,"_bbp_anonymous_reply_count":0,"_bbp_topic_count_hidden":0,"_bbp_reply_count_hidden":0,"_bbp_forum_subforum_count":0,"footnotes":""},"class_list":["post-1418","page","type-page","status-publish","hentry"],"post_mailing_queue_ids":[],"_links":{"self":[{"href":"https:\/\/agora.xtec.cat\/ceip-lasardana\/wp-json\/wp\/v2\/pages\/1418","targetHints":{"allow":["GET"]}}],"collection":[{"href":"https:\/\/agora.xtec.cat\/ceip-lasardana\/wp-json\/wp\/v2\/pages"}],"about":[{"href":"https:\/\/agora.xtec.cat\/ceip-lasardana\/wp-json\/wp\/v2\/types\/page"}],"author":[{"embeddable":true,"href":"https:\/\/agora.xtec.cat\/ceip-lasardana\/wp-json\/wp\/v2\/users\/1"}],"replies":[{"embeddable":true,"href":"https:\/\/agora.xtec.cat\/ceip-lasardana\/wp-json\/wp\/v2\/comments?post=1418"}],"version-history":[{"count":6,"href":"https:\/\/agora.xtec.cat\/ceip-lasardana\/wp-json\/wp\/v2\/pages\/1418\/revisions"}],"predecessor-version":[{"id":10672,"href":"https:\/\/agora.xtec.cat\/ceip-lasardana\/wp-json\/wp\/v2\/pages\/1418\/revisions\/10672"}],"up":[{"embeddable":true,"href":"https:\/\/agora.xtec.cat\/ceip-lasardana\/wp-json\/wp\/v2\/pages\/64"}],"wp:attachment":[{"href":"https:\/\/agora.xtec.cat\/ceip-lasardana\/wp-json\/wp\/v2\/media?parent=1418"}],"curies":[{"name":"wp","href":"https:\/\/api.w.org\/{rel}","templated":true}]}}