{"id":11072,"date":"2022-06-17T12:20:30","date_gmt":"2022-06-17T10:20:30","guid":{"rendered":"https:\/\/agora.xtec.cat\/ceip-lasardana\/?page_id=11072"},"modified":"2022-09-06T14:19:06","modified_gmt":"2022-09-06T12:19:06","slug":"lleure-educatiu-durant-les-tardes-del-mes-de-setembre22","status":"publish","type":"page","link":"https:\/\/agora.xtec.cat\/ceip-lasardana\/lleure-educatiu-durant-les-tardes-del-mes-de-setembre22\/","title":{"rendered":"LLEURE EDUCATIU durant les tardes del mes de setembre&#8217;22"},"content":{"rendered":"<p>Benvolgudes fam\u00edlies,<\/p>\n<p>Tal com va anunciar el Departament d\u2019Educaci\u00f3<strong>, l\u2019inici del curs escolar 2022-2023 s\u2019ha avan\u00e7at al dilluns 5 de setembre a les escoles<\/strong> i al dimecres 7 de setembre als instituts.<\/p>\n<p>La mesura t\u00e9 per objectiu racionalitzar el calendari escolar, afavorir l\u2019equitat i facilitar la conciliaci\u00f3 familiar. \u00c9s per aquest motiu que es garantir\u00e0 mantenir l\u2019horari habitual del curs per a tot l\u2019alumnat.<\/p>\n<p>El Departament d\u2019Educaci\u00f3 ha previst que durant el mes de setembre els centres programin activitats de lleure educatiu en la franja hor\u00e0ria de tarda per a tot l\u2019alumnat. Aquestes activitats seran gratu\u00eftes i promouran el treball d\u2019habilitats cognitives, socials i emocionals.<\/p>\n<p><a href=\"https:\/\/agora.xtec.cat\/ceip-lasardana\/wp-content\/uploads\/usu659\/2022\/09\/20220906-ROCA-GONZALEZ_Programacio-activitats.png\" target=\"_blank\" rel=\"noopener\"><img loading=\"lazy\" decoding=\"async\" class=\"aligncenter wp-image-11181 size-full\" src=\"https:\/\/agora.xtec.cat\/ceip-lasardana\/wp-content\/uploads\/usu659\/2022\/09\/20220906-ROCA-GONZALEZ_Programacio-activitats.png\" alt=\"\" width=\"494\" height=\"853\" srcset=\"https:\/\/agora.xtec.cat\/ceip-lasardana\/wp-content\/uploads\/usu659\/2022\/09\/20220906-ROCA-GONZALEZ_Programacio-activitats.png 494w, https:\/\/agora.xtec.cat\/ceip-lasardana\/wp-content\/uploads\/usu659\/2022\/09\/20220906-ROCA-GONZALEZ_Programacio-activitats-174x300.png 174w\" sizes=\"auto, (max-width: 494px) 100vw, 494px\" \/><\/a><\/p>\n<p><strong>L\u2019horari de les activitats de lleure educatiu ser\u00e0 de 15:30 a 16:30 hores<\/strong>, i en far\u00e0 la gesti\u00f3 l\u2019empresa que porta el temps de migdia al centre. Per tant, de manera excepcional, el vostre fill\/a sortiria a les 13:00 hores o, a les 15.30 hores si fa \u00fas del menjador escolar.<\/p>\n<p>A continuaci\u00f3, podeu descarregar la carta informativa enviada a les fam\u00edlies i l&#8217;autoritzaci\u00f3 per a la participaci\u00f3 a l&#8217;activitat, aix\u00ed com l&#8217;autoritzaci\u00f3 de tercers per a la recollida dels infants.<\/p>\n<p><a href=\"https:\/\/agora.xtec.cat\/ceip-lasardana\/wp-content\/uploads\/usu659\/2022\/06\/20220616_ESC_Lleure-educatiu-a-les-tardes-de-Set22.pdf\" target=\"_blank\" rel=\"noopener\">20220616_ESC_Lleure educatiu a les tardes de Set&#8217;22 (circular informativa a les fam\u00edlies)<\/a><\/p>\n<p><a href=\"https:\/\/agora.xtec.cat\/ceip-lasardana\/wp-content\/uploads\/usu659\/2022\/06\/A1090.pdf\" target=\"_blank\" rel=\"noopener\">Autoritzaci\u00f3 per a la participaci\u00f3 a l&#8217;activitat i per a la recollida dels menors per part de tercers<\/a><\/p>\n","protected":false},"excerpt":{"rendered":"<p>Benvolgudes fam\u00edlies,<br \/>\nTal com va anunciar el Departament d\u2019Educaci\u00f3, l\u2019inici del curs escolar 2022-2023 s\u2019ha avan\u00e7at al dilluns 5 de setembre a les escoles i al dimecres 7 de setembre als instituts.<br \/>\nLa mesura t\u00e9 per objectiu racionalitzar el calendari escolar, afavorir l\u2019equitat i facilitar la conciliaci\u00f3&hellip;  <a href=\"https:\/\/agora.xtec.cat\/ceip-lasardana\/lleure-educatiu-durant-les-tardes-del-mes-de-setembre22\/\" title=\"Read LLEURE EDUCATIU durant les tardes del mes de setembre&#8217;22\">Llegeix m\u00e9s\u00bb<\/a><\/p>\n","protected":false},"author":61,"featured_media":0,"parent":0,"menu_order":0,"comment_status":"closed","ping_status":"closed","template":"","meta":{"_bbp_topic_count":0,"_bbp_reply_count":0,"_bbp_total_topic_count":0,"_bbp_total_reply_count":0,"_bbp_voice_count":0,"_bbp_anonymous_reply_count":0,"_bbp_topic_count_hidden":0,"_bbp_reply_count_hidden":0,"_bbp_forum_subforum_count":0,"footnotes":""},"class_list":["post-11072","page","type-page","status-publish","hentry"],"post_mailing_queue_ids":[],"_links":{"self":[{"href":"https:\/\/agora.xtec.cat\/ceip-lasardana\/wp-json\/wp\/v2\/pages\/11072","targetHints":{"allow":["GET"]}}],"collection":[{"href":"https:\/\/agora.xtec.cat\/ceip-lasardana\/wp-json\/wp\/v2\/pages"}],"about":[{"href":"https:\/\/agora.xtec.cat\/ceip-lasardana\/wp-json\/wp\/v2\/types\/page"}],"author":[{"embeddable":true,"href":"https:\/\/agora.xtec.cat\/ceip-lasardana\/wp-json\/wp\/v2\/users\/61"}],"replies":[{"embeddable":true,"href":"https:\/\/agora.xtec.cat\/ceip-lasardana\/wp-json\/wp\/v2\/comments?post=11072"}],"version-history":[{"count":3,"href":"https:\/\/agora.xtec.cat\/ceip-lasardana\/wp-json\/wp\/v2\/pages\/11072\/revisions"}],"predecessor-version":[{"id":11183,"href":"https:\/\/agora.xtec.cat\/ceip-lasardana\/wp-json\/wp\/v2\/pages\/11072\/revisions\/11183"}],"wp:attachment":[{"href":"https:\/\/agora.xtec.cat\/ceip-lasardana\/wp-json\/wp\/v2\/media?parent=11072"}],"curies":[{"name":"wp","href":"https:\/\/api.w.org\/{rel}","templated":true}]}}