{"id":11038,"date":"2022-06-05T15:27:29","date_gmt":"2022-06-05T13:27:29","guid":{"rendered":"https:\/\/agora.xtec.cat\/ceip-lasardana\/?page_id=11038"},"modified":"2022-07-09T14:50:57","modified_gmt":"2022-07-09T12:50:57","slug":"calendari-escolar-curs-2022-2023","status":"publish","type":"page","link":"https:\/\/agora.xtec.cat\/ceip-lasardana\/calendari-escolar-curs-2022-2023\/","title":{"rendered":"Calendari escolar | Curs 2022-2023"},"content":{"rendered":"<h6><\/h6>\n<p style=\"text-align: center;\">L&#8217;horari lectiu del centre ser\u00e0 de 9:00h a 12:30h i de 15:00h a 16:30h per a tots els alumnes del centre.<\/p>\n<p style=\"text-align: justify;\">Per als alumnes que inicien l\u2019escolaritzaci\u00f3 a P3 s\u2019organitza un breu per\u00edode d\u2019adaptaci\u00f3 que suposa una certa modificaci\u00f3 dels horaris de la primera setmana de classe, i que es fa saber a les fam\u00edlies en les reunions pr\u00e8vies corresponents. El per\u00edode d&#8217;adaptaci\u00f3 ser\u00e0 entre el 5 i el 9 de setembre de 2022, amb un horari redu\u00eft.<\/p>\n<p style=\"text-align: center;\"><strong>Les classes comen\u00e7aran el 5 de setembre de 2022 i acabaran el 22 de juny de 2023.<\/strong><\/p>\n<p>Durant el mes de <strong>setembre<\/strong>, l&#8217;horari per a tots els nivells ser\u00e0 de 9h a 13h per les activitats lectives. A partir de les 13h i fins les 15.30h s&#8217;ofereix el servei de menjador i a partir de les 15.30h, els infants gaudiran d&#8217;activitats de lleure educatiu a c\u00e0rrec d&#8217;un equip de monitors i monitores fins a les 16.30h.<\/p>\n<p>&nbsp;<\/p>\n<p><img loading=\"lazy\" decoding=\"async\" class=\"aligncenter size-full wp-image-11140\" src=\"https:\/\/agora.xtec.cat\/ceip-lasardana\/wp-content\/uploads\/usu659\/2022\/07\/2022-2023_Calendari-escolar_Agenda.jpg\" alt=\"\" width=\"1097\" height=\"772\" srcset=\"https:\/\/agora.xtec.cat\/ceip-lasardana\/wp-content\/uploads\/usu659\/2022\/07\/2022-2023_Calendari-escolar_Agenda.jpg 1097w, https:\/\/agora.xtec.cat\/ceip-lasardana\/wp-content\/uploads\/usu659\/2022\/07\/2022-2023_Calendari-escolar_Agenda-300x211.jpg 300w, https:\/\/agora.xtec.cat\/ceip-lasardana\/wp-content\/uploads\/usu659\/2022\/07\/2022-2023_Calendari-escolar_Agenda-1024x721.jpg 1024w, https:\/\/agora.xtec.cat\/ceip-lasardana\/wp-content\/uploads\/usu659\/2022\/07\/2022-2023_Calendari-escolar_Agenda-768x540.jpg 768w\" sizes=\"auto, (max-width: 1097px) 100vw, 1097px\" \/><\/p>\n<p>&nbsp;<\/p>\n<h5><\/h5>\n","protected":false},"excerpt":{"rendered":"<p>L&#8217;horari lectiu del centre ser\u00e0 de 9:00h a 12:30h i de 15:00h a 16:30h per a tots els alumnes del centre.<br \/>\nPer als alumnes que inicien l\u2019escolaritzaci\u00f3 a P3 s\u2019organitza un breu per\u00edode d\u2019adaptaci\u00f3 que suposa una certa modificaci\u00f3 dels horaris de la primera setmana de&hellip;  <a href=\"https:\/\/agora.xtec.cat\/ceip-lasardana\/calendari-escolar-curs-2022-2023\/\" title=\"Read Calendari escolar | Curs 2022-2023\">Llegeix m\u00e9s\u00bb<\/a><\/p>\n","protected":false},"author":61,"featured_media":0,"parent":0,"menu_order":0,"comment_status":"closed","ping_status":"closed","template":"","meta":{"_bbp_topic_count":0,"_bbp_reply_count":0,"_bbp_total_topic_count":0,"_bbp_total_reply_count":0,"_bbp_voice_count":0,"_bbp_anonymous_reply_count":0,"_bbp_topic_count_hidden":0,"_bbp_reply_count_hidden":0,"_bbp_forum_subforum_count":0,"footnotes":""},"class_list":["post-11038","page","type-page","status-publish","hentry"],"post_mailing_queue_ids":[],"_links":{"self":[{"href":"https:\/\/agora.xtec.cat\/ceip-lasardana\/wp-json\/wp\/v2\/pages\/11038","targetHints":{"allow":["GET"]}}],"collection":[{"href":"https:\/\/agora.xtec.cat\/ceip-lasardana\/wp-json\/wp\/v2\/pages"}],"about":[{"href":"https:\/\/agora.xtec.cat\/ceip-lasardana\/wp-json\/wp\/v2\/types\/page"}],"author":[{"embeddable":true,"href":"https:\/\/agora.xtec.cat\/ceip-lasardana\/wp-json\/wp\/v2\/users\/61"}],"replies":[{"embeddable":true,"href":"https:\/\/agora.xtec.cat\/ceip-lasardana\/wp-json\/wp\/v2\/comments?post=11038"}],"version-history":[{"count":3,"href":"https:\/\/agora.xtec.cat\/ceip-lasardana\/wp-json\/wp\/v2\/pages\/11038\/revisions"}],"predecessor-version":[{"id":11141,"href":"https:\/\/agora.xtec.cat\/ceip-lasardana\/wp-json\/wp\/v2\/pages\/11038\/revisions\/11141"}],"wp:attachment":[{"href":"https:\/\/agora.xtec.cat\/ceip-lasardana\/wp-json\/wp\/v2\/media?parent=11038"}],"curies":[{"name":"wp","href":"https:\/\/api.w.org\/{rel}","templated":true}]}}