{"id":73,"date":"2014-09-18T14:01:51","date_gmt":"2014-09-18T13:01:51","guid":{"rendered":"http:\/\/agora.xtec.cat\/ceip-laroda\/?page_id=73"},"modified":"2026-03-17T16:32:05","modified_gmt":"2026-03-17T15:32:05","slug":"menjador-escolar","status":"publish","type":"page","link":"https:\/\/agora.xtec.cat\/ceip-laroda\/blocs-2\/menjador-escolar\/","title":{"rendered":"Menjador escolar"},"content":{"rendered":"<p style=\"text-align: justify;\">L&#8217;escola ofereix un servei de menjador al migdia de les 12:30h fins a les 15h, subministrat enguany per l&#8217;<strong>empresa Mediterr\u00e1nea de C\u00e1tering<\/strong>. Aquesta empresa porta el menjar a l&#8217;escola en cru i l&#8217;\u00e0pat \u00e9s cuinat a la cuina del centre per personal d&#8217;aquesta empresa.<\/p>\n<p style=\"text-align: justify;\">La comissi\u00f3 de menjador de l&#8217;AFA de l&#8217;escola realitza un seguiment i supervisi\u00f3 del servei de menjador. Per a m\u00e9s informaci\u00f3 us podeu adre\u00e7ar a la <a href=\"https:\/\/afalaroda.cat\/\" target=\"_blank\" rel=\"noopener noreferrer\">web de l&#8217;AFA,<\/a> on tamb\u00e9 podreu consultar les normes de funcionament del menjador.<\/p>\n<p style=\"text-align: justify;\">L&#8217;<strong>empresa Mediterr\u00e1nea de C\u00e1tering <\/strong>tamb\u00e9 posa a la vostra disposici\u00f3 un servei de consultes i suggeriments a trav\u00e9s del correu electr\u00f2nic: oficinaterrassa@mediterranea-group.com<\/p>\n<p style=\"text-align: justify;\">En cas de dubte sobre el funcionament del menjador escolar us podeu adre\u00e7ar directament a l&#8217;<strong>empresa.<\/strong><\/p>\n<p>Us enllacem una carpeta amb el calendari d&#8217;activitats que es realitzen. Nom\u00e9s cal que cliqueu <a href=\"https:\/\/drive.google.com\/drive\/folders\/1WG9k3KsuDfYLCgmNSYPaS8m3Zk_ms9X5\" target=\"_blank\" rel=\"noopener\">AQU\u00cd<\/a><\/p>\n<p><img loading=\"lazy\" decoding=\"async\" class=\"wp-image-2368 size-full aligncenter\" src=\"https:\/\/agora.xtec.cat\/ceip-laroda\/wp-content\/uploads\/usu202\/2023\/09\/Captura.jpg\" alt=\"\" width=\"501\" height=\"112\" srcset=\"https:\/\/agora.xtec.cat\/ceip-laroda\/wp-content\/uploads\/usu202\/2023\/09\/Captura.jpg 501w, https:\/\/agora.xtec.cat\/ceip-laroda\/wp-content\/uploads\/usu202\/2023\/09\/Captura-300x67.jpg 300w\" sizes=\"auto, (max-width: 501px) 100vw, 501px\" \/><\/p>\n","protected":false},"excerpt":{"rendered":"<p>L&#8217;escola ofereix un servei de menjador al migdia de les 12:30h fins a les 15h, subministrat enguany per l&#8217;empresa Mediterr\u00e1nea de C\u00e1tering. Aquesta empresa porta el menjar a l&#8217;escola en cru i l&#8217;\u00e0pat \u00e9s cuinat a la cuina del centre per personal d&#8217;aquesta empresa. La comissi\u00f3 de menjador de l&#8217;AFA de l&#8217;escola realitza un seguiment [&hellip;]<\/p>\n","protected":false},"author":1,"featured_media":0,"parent":66,"menu_order":30,"comment_status":"closed","ping_status":"closed","template":"","meta":{"_bbp_topic_count":0,"_bbp_reply_count":0,"_bbp_total_topic_count":0,"_bbp_total_reply_count":0,"_bbp_voice_count":0,"_bbp_anonymous_reply_count":0,"_bbp_topic_count_hidden":0,"_bbp_reply_count_hidden":0,"_bbp_forum_subforum_count":0,"site-sidebar-layout":"default","site-content-layout":"","ast-site-content-layout":"default","site-content-style":"default","site-sidebar-style":"default","ast-global-header-display":"","ast-banner-title-visibility":"","ast-main-header-display":"","ast-hfb-above-header-display":"","ast-hfb-below-header-display":"","ast-hfb-mobile-header-display":"","site-post-title":"","ast-breadcrumbs-content":"","ast-featured-img":"","footer-sml-layout":"","theme-transparent-header-meta":"","adv-header-id-meta":"","stick-header-meta":"","header-above-stick-meta":"","header-main-stick-meta":"","header-below-stick-meta":"","astra-migrate-meta-layouts":"set","ast-page-background-enabled":"default","ast-page-background-meta":{"desktop":{"background-color":"var(--ast-global-color-4)","background-image":"","background-repeat":"repeat","background-position":"center center","background-size":"auto","background-attachment":"scroll","background-type":"","background-media":"","overlay-type":"","overlay-color":"","overlay-opacity":"","overlay-gradient":""},"tablet":{"background-color":"","background-image":"","background-repeat":"repeat","background-position":"center center","background-size":"auto","background-attachment":"scroll","background-type":"","background-media":"","overlay-type":"","overlay-color":"","overlay-opacity":"","overlay-gradient":""},"mobile":{"background-color":"","background-image":"","background-repeat":"repeat","background-position":"center center","background-size":"auto","background-attachment":"scroll","background-type":"","background-media":"","overlay-type":"","overlay-color":"","overlay-opacity":"","overlay-gradient":""}},"ast-content-background-meta":{"desktop":{"background-color":"var(--ast-global-color-5)","background-image":"","background-repeat":"repeat","background-position":"center center","background-size":"auto","background-attachment":"scroll","background-type":"","background-media":"","overlay-type":"","overlay-color":"","overlay-opacity":"","overlay-gradient":""},"tablet":{"background-color":"var(--ast-global-color-5)","background-image":"","background-repeat":"repeat","background-position":"center center","background-size":"auto","background-attachment":"scroll","background-type":"","background-media":"","overlay-type":"","overlay-color":"","overlay-opacity":"","overlay-gradient":""},"mobile":{"background-color":"var(--ast-global-color-5)","background-image":"","background-repeat":"repeat","background-position":"center center","background-size":"auto","background-attachment":"scroll","background-type":"","background-media":"","overlay-type":"","overlay-color":"","overlay-opacity":"","overlay-gradient":""}},"footnotes":""},"class_list":["post-73","page","type-page","status-publish","hentry"],"post_mailing_queue_ids":[],"_links":{"self":[{"href":"https:\/\/agora.xtec.cat\/ceip-laroda\/wp-json\/wp\/v2\/pages\/73","targetHints":{"allow":["GET"]}}],"collection":[{"href":"https:\/\/agora.xtec.cat\/ceip-laroda\/wp-json\/wp\/v2\/pages"}],"about":[{"href":"https:\/\/agora.xtec.cat\/ceip-laroda\/wp-json\/wp\/v2\/types\/page"}],"author":[{"embeddable":true,"href":"https:\/\/agora.xtec.cat\/ceip-laroda\/wp-json\/wp\/v2\/users\/1"}],"replies":[{"embeddable":true,"href":"https:\/\/agora.xtec.cat\/ceip-laroda\/wp-json\/wp\/v2\/comments?post=73"}],"version-history":[{"count":4,"href":"https:\/\/agora.xtec.cat\/ceip-laroda\/wp-json\/wp\/v2\/pages\/73\/revisions"}],"predecessor-version":[{"id":3073,"href":"https:\/\/agora.xtec.cat\/ceip-laroda\/wp-json\/wp\/v2\/pages\/73\/revisions\/3073"}],"up":[{"embeddable":true,"href":"https:\/\/agora.xtec.cat\/ceip-laroda\/wp-json\/wp\/v2\/pages\/66"}],"wp:attachment":[{"href":"https:\/\/agora.xtec.cat\/ceip-laroda\/wp-json\/wp\/v2\/media?parent=73"}],"curies":[{"name":"wp","href":"https:\/\/api.w.org\/{rel}","templated":true}]}}