{"id":457,"date":"2016-06-29T08:51:27","date_gmt":"2016-06-29T07:51:27","guid":{"rendered":"http:\/\/agora.xtec.cat\/ceip-laroda\/?page_id=457"},"modified":"2026-03-17T16:30:35","modified_gmt":"2026-03-17T15:30:35","slug":"extraescolars","status":"publish","type":"page","link":"https:\/\/agora.xtec.cat\/ceip-laroda\/blocs-2\/extraescolars\/","title":{"rendered":"Acollida matinal i extraescolars"},"content":{"rendered":"<h2>Com s&#8217;organitzen?<\/h2>\n<p style=\"text-align: justify;\">El <strong>curs 2025-2026,<\/strong> les <strong>activitats extraescolars i esportives comencen el dilluns, 8 de setembre<\/strong> (excepte piscina, el CNT ens informar\u00e0 del dia d&#8217;inici de l&#8217;activitat).<\/p>\n<p style=\"text-align: justify;\"><strong>L&#8217;acollida matinal comen\u00e7a el dimarts, 9 de setembre.<\/strong><\/p>\n<p style=\"text-align: justify;\">Per aquest motiu sempre \u00e9s necessari con\u00e8ixer amb antelaci\u00f3 quins infants s&#8217;apuntaran a les diferents activitats.<\/p>\n<p style=\"text-align: justify;\">La gran majoria de les activitats que s&#8217;ofereixen es realitzen en instal\u00b7lacions de l&#8217;escola i per monitors i monitores propis, el que permet aprofitar els espais de l&#8217;escola i oferir uns preus m\u00e9s ajustats. Hi ha activitats adre\u00e7ades tant als infants m\u00e9s petits com als m\u00e9s grans, tot tenint en compte els seus interessos. Tamb\u00e9 hi ha activitats adre\u00e7ades als adults.<\/p>\n<p style=\"text-align: justify;\">El servei d&#8217;acollida matinal se&#8217;n fa c\u00e0rrec l&#8217;empresa RECRESPORT.<\/p>\n<p style=\"text-align: justify;\"><a href=\"http:\/\/agora.xtec.cat\/ceip-laroda\/blocs-2\/extraescolars\/attachment\/amigo1\/\" rel=\"attachment wp-att-754\"><b><\/b><img loading=\"lazy\" decoding=\"async\" class=\"size-full wp-image-754 alignright\" src=\"http:\/\/agora.xtec.cat\/ceip-laroda\/wp-content\/uploads\/usu202\/2016\/06\/amigo1.jpg\" alt=\"amigo1\" width=\"215\" height=\"225\" \/><\/a><\/p>\n<p style=\"text-align: justify;\">Les activitats extraescolars i esportives estan organitzades per la Comissi\u00f3 d&#8217;extraescolars de l&#8217;AFA de La Roda.<\/p>\n<p style=\"text-align: justify;\">Podeu consultar la <a href=\"https:\/\/afalaroda.cat\/\">p\u00e0gina web de l&#8217;Afa <\/a>o els podeu contactar\u00a0en el seg\u00fcent correu: <a href=\"mailto:extraescorlars@ampalaroda.cat\">extraescorlars@ampalaroda.cat<\/a>.<\/p>\n<p style=\"text-align: justify;\">A continuaci\u00f3 podeu informar-vos de la previsi\u00f3 d&#8217;activitats i les quotes corresponents en el document que ha elaborat l&#8217;AFA.<\/p>\n","protected":false},"excerpt":{"rendered":"<p>Com s&#8217;organitzen? El curs 2025-2026, les activitats extraescolars i esportives comencen el dilluns, 8 de setembre (excepte piscina, el CNT ens informar\u00e0 del dia d&#8217;inici de l&#8217;activitat). L&#8217;acollida matinal comen\u00e7a el dimarts, 9 de setembre. Per aquest motiu sempre \u00e9s necessari con\u00e8ixer amb antelaci\u00f3 quins infants s&#8217;apuntaran a les diferents activitats. La gran majoria de [&hellip;]<\/p>\n","protected":false},"author":1,"featured_media":0,"parent":66,"menu_order":0,"comment_status":"closed","ping_status":"closed","template":"","meta":{"_bbp_topic_count":0,"_bbp_reply_count":0,"_bbp_total_topic_count":0,"_bbp_total_reply_count":0,"_bbp_voice_count":0,"_bbp_anonymous_reply_count":0,"_bbp_topic_count_hidden":0,"_bbp_reply_count_hidden":0,"_bbp_forum_subforum_count":0,"site-sidebar-layout":"default","site-content-layout":"","ast-site-content-layout":"default","site-content-style":"default","site-sidebar-style":"default","ast-global-header-display":"","ast-banner-title-visibility":"","ast-main-header-display":"","ast-hfb-above-header-display":"","ast-hfb-below-header-display":"","ast-hfb-mobile-header-display":"","site-post-title":"","ast-breadcrumbs-content":"","ast-featured-img":"","footer-sml-layout":"","theme-transparent-header-meta":"","adv-header-id-meta":"","stick-header-meta":"","header-above-stick-meta":"","header-main-stick-meta":"","header-below-stick-meta":"","astra-migrate-meta-layouts":"set","ast-page-background-enabled":"default","ast-page-background-meta":{"desktop":{"background-color":"var(--ast-global-color-4)","background-image":"","background-repeat":"repeat","background-position":"center center","background-size":"auto","background-attachment":"scroll","background-type":"","background-media":"","overlay-type":"","overlay-color":"","overlay-opacity":"","overlay-gradient":""},"tablet":{"background-color":"","background-image":"","background-repeat":"repeat","background-position":"center center","background-size":"auto","background-attachment":"scroll","background-type":"","background-media":"","overlay-type":"","overlay-color":"","overlay-opacity":"","overlay-gradient":""},"mobile":{"background-color":"","background-image":"","background-repeat":"repeat","background-position":"center center","background-size":"auto","background-attachment":"scroll","background-type":"","background-media":"","overlay-type":"","overlay-color":"","overlay-opacity":"","overlay-gradient":""}},"ast-content-background-meta":{"desktop":{"background-color":"var(--ast-global-color-5)","background-image":"","background-repeat":"repeat","background-position":"center center","background-size":"auto","background-attachment":"scroll","background-type":"","background-media":"","overlay-type":"","overlay-color":"","overlay-opacity":"","overlay-gradient":""},"tablet":{"background-color":"var(--ast-global-color-5)","background-image":"","background-repeat":"repeat","background-position":"center center","background-size":"auto","background-attachment":"scroll","background-type":"","background-media":"","overlay-type":"","overlay-color":"","overlay-opacity":"","overlay-gradient":""},"mobile":{"background-color":"var(--ast-global-color-5)","background-image":"","background-repeat":"repeat","background-position":"center center","background-size":"auto","background-attachment":"scroll","background-type":"","background-media":"","overlay-type":"","overlay-color":"","overlay-opacity":"","overlay-gradient":""}},"footnotes":""},"class_list":["post-457","page","type-page","status-publish","hentry"],"post_mailing_queue_ids":[],"_links":{"self":[{"href":"https:\/\/agora.xtec.cat\/ceip-laroda\/wp-json\/wp\/v2\/pages\/457","targetHints":{"allow":["GET"]}}],"collection":[{"href":"https:\/\/agora.xtec.cat\/ceip-laroda\/wp-json\/wp\/v2\/pages"}],"about":[{"href":"https:\/\/agora.xtec.cat\/ceip-laroda\/wp-json\/wp\/v2\/types\/page"}],"author":[{"embeddable":true,"href":"https:\/\/agora.xtec.cat\/ceip-laroda\/wp-json\/wp\/v2\/users\/1"}],"replies":[{"embeddable":true,"href":"https:\/\/agora.xtec.cat\/ceip-laroda\/wp-json\/wp\/v2\/comments?post=457"}],"version-history":[{"count":6,"href":"https:\/\/agora.xtec.cat\/ceip-laroda\/wp-json\/wp\/v2\/pages\/457\/revisions"}],"predecessor-version":[{"id":3072,"href":"https:\/\/agora.xtec.cat\/ceip-laroda\/wp-json\/wp\/v2\/pages\/457\/revisions\/3072"}],"up":[{"embeddable":true,"href":"https:\/\/agora.xtec.cat\/ceip-laroda\/wp-json\/wp\/v2\/pages\/66"}],"wp:attachment":[{"href":"https:\/\/agora.xtec.cat\/ceip-laroda\/wp-json\/wp\/v2\/media?parent=457"}],"curies":[{"name":"wp","href":"https:\/\/api.w.org\/{rel}","templated":true}]}}