{"id":453,"date":"2016-06-29T16:11:20","date_gmt":"2016-06-29T15:11:20","guid":{"rendered":"http:\/\/agora.xtec.cat\/ceip-laroda\/?page_id=453"},"modified":"2025-11-28T13:13:17","modified_gmt":"2025-11-28T12:13:17","slug":"projecte-educatiu-2","status":"publish","type":"page","link":"https:\/\/agora.xtec.cat\/ceip-laroda\/projectes-descola\/projecte-educatiu-2\/","title":{"rendered":"Projecte educatiu de centre"},"content":{"rendered":"<p align=\"left\">Us adjuntem el projecte educatiu de centre, el qual queda recollit al \u201c<strong>document de l\u2019organitzaci\u00f3 i gesti\u00f3 de centres<\/strong>\u201d\u00a0 del Departament d\u2019Educaci\u00f3 (2019):<\/p>\n<p align=\"left\">&#8220;La Llei 12\/2009, del 10 de juliol, d&#8217;educaci\u00f3 (article 91), estableix que tots els centres vinculats al Servei d&#8217;Educaci\u00f3 de Catalunya han de disposar d&#8217;un projecte educatiu.&#8221; (pg.4)<\/p>\n<p align=\"left\">&#8220;Aquest projecte \u00e9s la m\u00e0xima expressi\u00f3 de l&#8217;autonomia dels centres, recull la identitat del centre, n&#8217;explicita els objectius, n&#8217;orienta l&#8217;activitat i hi dona sentit amb la finalitat que els alumnes assoleixin les compet\u00e8ncies b\u00e0siques i el m\u00e0xim aprofitament educatiu, d&#8217;acord amb el marc proporcionat pel Decret 102\/2010, de 3 d&#8217;agost,d&#8217;autonomia dels centres educatius, que situa la presa de decisions en l&#8217;\u00e0mbit del centre per enfortir la instituci\u00f3 escolar i el lideratge educatiu.&#8221; (pg.4)<\/p>\n<p align=\"left\"><a href=\"https:\/\/agora.xtec.cat\/ceip-laroda\/wp-content\/uploads\/usu202\/2025\/11\/PEC-ESCOLA-LA-RODA.pdf\" target=\"_blank\" rel=\"noopener noreferrer\"><img loading=\"lazy\" decoding=\"async\" class=\"aligncenter wp-image-1903\" src=\"https:\/\/agora.xtec.cat\/ceip-laroda\/wp-content\/uploads\/usu202\/2021\/02\/\u00edndex-724x1024.png\" alt=\"\" width=\"500\" height=\"707\" srcset=\"https:\/\/agora.xtec.cat\/ceip-laroda\/wp-content\/uploads\/usu202\/2021\/02\/\u00edndex-724x1024.png 724w, https:\/\/agora.xtec.cat\/ceip-laroda\/wp-content\/uploads\/usu202\/2021\/02\/\u00edndex-212x300.png 212w, https:\/\/agora.xtec.cat\/ceip-laroda\/wp-content\/uploads\/usu202\/2021\/02\/\u00edndex-768x1086.png 768w, https:\/\/agora.xtec.cat\/ceip-laroda\/wp-content\/uploads\/usu202\/2021\/02\/\u00edndex.png 1414w\" sizes=\"auto, (max-width: 500px) 100vw, 500px\" \/><\/a><\/p>\n<p style=\"text-align: justify;\">\n","protected":false},"excerpt":{"rendered":"<p>Us adjuntem el projecte educatiu de centre, el qual queda recollit al \u201cdocument de l\u2019organitzaci\u00f3 i gesti\u00f3 de centres\u201d\u00a0 del Departament d\u2019Educaci\u00f3 (2019): &#8220;La Llei 12\/2009, del 10 de juliol, d&#8217;educaci\u00f3 (article 91), estableix que tots els centres vinculats al Servei d&#8217;Educaci\u00f3 de Catalunya han de disposar d&#8217;un projecte educatiu.&#8221; (pg.4) &#8220;Aquest projecte \u00e9s la [&hellip;]<\/p>\n","protected":false},"author":1,"featured_media":0,"parent":451,"menu_order":10,"comment_status":"closed","ping_status":"closed","template":"","meta":{"_bbp_topic_count":0,"_bbp_reply_count":0,"_bbp_total_topic_count":0,"_bbp_total_reply_count":0,"_bbp_voice_count":0,"_bbp_anonymous_reply_count":0,"_bbp_topic_count_hidden":0,"_bbp_reply_count_hidden":0,"_bbp_forum_subforum_count":0,"site-sidebar-layout":"default","site-content-layout":"","ast-site-content-layout":"default","site-content-style":"default","site-sidebar-style":"default","ast-global-header-display":"","ast-banner-title-visibility":"","ast-main-header-display":"","ast-hfb-above-header-display":"","ast-hfb-below-header-display":"","ast-hfb-mobile-header-display":"","site-post-title":"","ast-breadcrumbs-content":"","ast-featured-img":"","footer-sml-layout":"","theme-transparent-header-meta":"","adv-header-id-meta":"","stick-header-meta":"","header-above-stick-meta":"","header-main-stick-meta":"","header-below-stick-meta":"","astra-migrate-meta-layouts":"set","ast-page-background-enabled":"default","ast-page-background-meta":{"desktop":{"background-color":"var(--ast-global-color-4)","background-image":"","background-repeat":"repeat","background-position":"center center","background-size":"auto","background-attachment":"scroll","background-type":"","background-media":"","overlay-type":"","overlay-color":"","overlay-opacity":"","overlay-gradient":""},"tablet":{"background-color":"","background-image":"","background-repeat":"repeat","background-position":"center center","background-size":"auto","background-attachment":"scroll","background-type":"","background-media":"","overlay-type":"","overlay-color":"","overlay-opacity":"","overlay-gradient":""},"mobile":{"background-color":"","background-image":"","background-repeat":"repeat","background-position":"center center","background-size":"auto","background-attachment":"scroll","background-type":"","background-media":"","overlay-type":"","overlay-color":"","overlay-opacity":"","overlay-gradient":""}},"ast-content-background-meta":{"desktop":{"background-color":"var(--ast-global-color-5)","background-image":"","background-repeat":"repeat","background-position":"center center","background-size":"auto","background-attachment":"scroll","background-type":"","background-media":"","overlay-type":"","overlay-color":"","overlay-opacity":"","overlay-gradient":""},"tablet":{"background-color":"var(--ast-global-color-5)","background-image":"","background-repeat":"repeat","background-position":"center center","background-size":"auto","background-attachment":"scroll","background-type":"","background-media":"","overlay-type":"","overlay-color":"","overlay-opacity":"","overlay-gradient":""},"mobile":{"background-color":"var(--ast-global-color-5)","background-image":"","background-repeat":"repeat","background-position":"center center","background-size":"auto","background-attachment":"scroll","background-type":"","background-media":"","overlay-type":"","overlay-color":"","overlay-opacity":"","overlay-gradient":""}},"footnotes":""},"class_list":["post-453","page","type-page","status-publish","hentry"],"post_mailing_queue_ids":[],"_links":{"self":[{"href":"https:\/\/agora.xtec.cat\/ceip-laroda\/wp-json\/wp\/v2\/pages\/453","targetHints":{"allow":["GET"]}}],"collection":[{"href":"https:\/\/agora.xtec.cat\/ceip-laroda\/wp-json\/wp\/v2\/pages"}],"about":[{"href":"https:\/\/agora.xtec.cat\/ceip-laroda\/wp-json\/wp\/v2\/types\/page"}],"author":[{"embeddable":true,"href":"https:\/\/agora.xtec.cat\/ceip-laroda\/wp-json\/wp\/v2\/users\/1"}],"replies":[{"embeddable":true,"href":"https:\/\/agora.xtec.cat\/ceip-laroda\/wp-json\/wp\/v2\/comments?post=453"}],"version-history":[{"count":4,"href":"https:\/\/agora.xtec.cat\/ceip-laroda\/wp-json\/wp\/v2\/pages\/453\/revisions"}],"predecessor-version":[{"id":2995,"href":"https:\/\/agora.xtec.cat\/ceip-laroda\/wp-json\/wp\/v2\/pages\/453\/revisions\/2995"}],"up":[{"embeddable":true,"href":"https:\/\/agora.xtec.cat\/ceip-laroda\/wp-json\/wp\/v2\/pages\/451"}],"wp:attachment":[{"href":"https:\/\/agora.xtec.cat\/ceip-laroda\/wp-json\/wp\/v2\/media?parent=453"}],"curies":[{"name":"wp","href":"https:\/\/api.w.org\/{rel}","templated":true}]}}