{"id":2598,"date":"2025-07-16T13:28:14","date_gmt":"2025-07-16T11:28:14","guid":{"rendered":"https:\/\/agora.xtec.cat\/ceip-laroda\/?page_id=2598"},"modified":"2025-07-17T16:49:16","modified_gmt":"2025-07-17T14:49:16","slug":"historia","status":"publish","type":"page","link":"https:\/\/agora.xtec.cat\/ceip-laroda\/lescola\/historia\/","title":{"rendered":"Hist\u00f2ria"},"content":{"rendered":"\n<h2 class=\"wp-block-heading has-medium-font-size\">Celebraci\u00f3 dels 50 anys de La Roda: &#8220;50 anys passen volant&#8221;<\/h2>\n\n\n\n<figure class=\"wp-block-image alignleft size-large is-resized is-style-default\"><img loading=\"lazy\" decoding=\"async\" width=\"1024\" height=\"819\" src=\"https:\/\/agora.xtec.cat\/ceip-laroda\/wp-content\/uploads\/usu202\/2021\/02\/logo-50-anys-transparent-1024x819-1024x819.png\" alt=\"\" class=\"wp-image-1821\" style=\"width:250px\" srcset=\"https:\/\/agora.xtec.cat\/ceip-laroda\/wp-content\/uploads\/usu202\/2021\/02\/logo-50-anys-transparent-1024x819.png 1024w, https:\/\/agora.xtec.cat\/ceip-laroda\/wp-content\/uploads\/usu202\/2021\/02\/logo-50-anys-transparent-1024x819-300x240.png 300w, https:\/\/agora.xtec.cat\/ceip-laroda\/wp-content\/uploads\/usu202\/2021\/02\/logo-50-anys-transparent-1024x819-768x614.png 768w\" sizes=\"auto, (max-width: 1024px) 100vw, 1024px\" \/><\/figure>\n\n\n\n<div style=\"height:6px\" aria-hidden=\"true\" class=\"wp-block-spacer\"><\/div>\n\n\n\n<div class=\"wp-block-getwid-accordion has-icon-left\" data-active-element=\"none\">\n<div class=\"wp-block-getwid-accordion__header-wrapper\"><span class=\"wp-block-getwid-accordion__header\"><a href=\"#\"><span class=\"wp-block-getwid-accordion__header-title\">Not\u00edcia publicada al Diari de Terrassa, el 17 de gener de 2020<\/span><span class=\"wp-block-getwid-accordion__icon is-active\"><i class=\"fas fa-plus\"><\/i><\/span><span class=\"wp-block-getwid-accordion__icon is-passive\"><i class=\"fas fa-minus\"><\/i><\/span><\/a><\/span><\/div><div class=\"wp-block-getwid-accordion__content-wrapper\"><div class=\"wp-block-getwid-accordion__content\">\n<figure class=\"wp-block-image\"><a href=\"https:\/\/www.diarideterrassa.com\/terrassa\/2020\/01\/17\/lescola-roda-fa-50-anys\/\" target=\"_blank\" rel=\" noreferrer noopener\"><img loading=\"lazy\" decoding=\"async\" width=\"1024\" height=\"630\" src=\"https:\/\/agora.xtec.cat\/ceip-laroda\/wp-content\/uploads\/usu202\/2025\/07\/Captura-de-pantalla-2025-07-17-122650-1024x630.png\" alt=\"\" class=\"wp-image-2672\" srcset=\"https:\/\/agora.xtec.cat\/ceip-laroda\/wp-content\/uploads\/usu202\/2025\/07\/Captura-de-pantalla-2025-07-17-122650-1024x630.png 1024w, https:\/\/agora.xtec.cat\/ceip-laroda\/wp-content\/uploads\/usu202\/2025\/07\/Captura-de-pantalla-2025-07-17-122650-300x185.png 300w, https:\/\/agora.xtec.cat\/ceip-laroda\/wp-content\/uploads\/usu202\/2025\/07\/Captura-de-pantalla-2025-07-17-122650-768x472.png 768w, https:\/\/agora.xtec.cat\/ceip-laroda\/wp-content\/uploads\/usu202\/2025\/07\/Captura-de-pantalla-2025-07-17-122650.png 1333w\" sizes=\"auto, (max-width: 1024px) 100vw, 1024px\" \/><\/a><\/figure>\n<\/div><\/div>\n\n\n\n<div class=\"wp-block-getwid-accordion__header-wrapper\"><span class=\"wp-block-getwid-accordion__header\"><a href=\"#\"><span class=\"wp-block-getwid-accordion__header-title\">V\u00eddeoclip La Roda 2020<\/span><span class=\"wp-block-getwid-accordion__icon is-active\"><i class=\"fas fa-plus\"><\/i><\/span><span class=\"wp-block-getwid-accordion__icon is-passive\"><i class=\"fas fa-minus\"><\/i><\/span><\/a><\/span><\/div><div class=\"wp-block-getwid-accordion__content-wrapper\"><div class=\"wp-block-getwid-accordion__content\">\n<p>Gr\u00e0cies als equips docents que des del 1969 li han donat sentit i forma a l&#8217;escola, i a totes les fam\u00edlies, les nenes i els nens que des de l&#8217;inici han fet possible el projecte.<\/p>\n\n\n\n<figure class=\"wp-block-embed is-type-video is-provider-youtube wp-block-embed-youtube wp-embed-aspect-16-9 wp-has-aspect-ratio\"><div class=\"wp-block-embed__wrapper\">\n<div class=\"ast-oembed-container \" style=\"height: 100%;\"><iframe loading=\"lazy\" title=\"VIDEOCLIP LA RODA 2020\" width=\"500\" height=\"281\" src=\"https:\/\/www.youtube.com\/embed\/gfdSBIKsdNM?feature=oembed\" frameborder=\"0\" allow=\"accelerometer; autoplay; clipboard-write; encrypted-media; gyroscope; picture-in-picture; web-share\" referrerpolicy=\"strict-origin-when-cross-origin\" allowfullscreen><\/iframe><\/div>\n<\/div><\/figure>\n<\/div><\/div>\n\n\n\n<div class=\"wp-block-getwid-accordion__header-wrapper\"><span class=\"wp-block-getwid-accordion__header\"><a href=\"#\"><span class=\"wp-block-getwid-accordion__header-title\">Recull de fotografies de l&#8217;obra de teatre<\/span><span class=\"wp-block-getwid-accordion__icon is-active\"><i class=\"fas fa-plus\"><\/i><\/span><span class=\"wp-block-getwid-accordion__icon is-passive\"><i class=\"fas fa-minus\"><\/i><\/span><\/a><\/span><\/div><div class=\"wp-block-getwid-accordion__content-wrapper\"><div class=\"wp-block-getwid-accordion__content\">\n<div class=\"wp-block-buttons is-content-justification-center is-layout-flex wp-container-core-buttons-is-layout-1 wp-block-buttons-is-layout-flex\">\n<div class=\"wp-block-button\"><a class=\"wp-block-button__link wp-element-button\" href=\"https:\/\/agora.xtec.cat\/ceip-laroda\/lescola\/historia\/fotos-obra-de-teatre-50-anys-la-roda\/\" target=\"_blank\" rel=\"noreferrer noopener\">Obra de teatre 50 anys<\/a><\/div>\n<\/div>\n<\/div><\/div>\n\n\n\n<div class=\"wp-block-getwid-accordion__header-wrapper\"><span class=\"wp-block-getwid-accordion__header\"><a href=\"#\"><span class=\"wp-block-getwid-accordion__header-title\">Recull de fotografies de l&#8217;exposici\u00f3 dels 50 anys a la Sala Muncunill<\/span><span class=\"wp-block-getwid-accordion__icon is-active\"><i class=\"fas fa-plus\"><\/i><\/span><span class=\"wp-block-getwid-accordion__icon is-passive\"><i class=\"fas fa-minus\"><\/i><\/span><\/a><\/span><\/div><div class=\"wp-block-getwid-accordion__content-wrapper\"><div class=\"wp-block-getwid-accordion__content\">\n<div class=\"wp-block-buttons is-content-justification-center is-layout-flex wp-container-core-buttons-is-layout-2 wp-block-buttons-is-layout-flex\">\n<div class=\"wp-block-button\"><a class=\"wp-block-button__link has-text-align-center wp-element-button\" href=\"https:\/\/agora.xtec.cat\/ceip-laroda\/lescola\/historia\/fotos-de-linauguracio-de-lexposicio-dels-50-anys\/\" target=\"_blank\" rel=\"noreferrer noopener\">Exposici\u00f3 dels 50 anys<\/a><\/div>\n<\/div>\n<\/div><\/div>\n\n\n\n<div class=\"wp-block-getwid-accordion__header-wrapper\"><span class=\"wp-block-getwid-accordion__header\"><a href=\"#\"><span class=\"wp-block-getwid-accordion__header-title\">Can\u00e7\u00f3 de La Roda<\/span><span class=\"wp-block-getwid-accordion__icon is-active\"><i class=\"fas fa-plus\"><\/i><\/span><span class=\"wp-block-getwid-accordion__icon is-passive\"><i class=\"fas fa-minus\"><\/i><\/span><\/a><\/span><\/div><div class=\"wp-block-getwid-accordion__content-wrapper\"><div class=\"wp-block-getwid-accordion__content\">\n<p>Aquesta can\u00e7\u00f3 es va crear l&#8217;any 2019, quan vam fer 50 anys, i defineix molt b\u00e9 la nostra escola. A dia d&#8217;avui seguim cantant aquesta can\u00e7\u00f3 en les festes de l&#8217;escola, ja s&#8217;ha convertit en un himne! Us la compartim per aqu\u00ed perqu\u00e8 la pugueu escoltar.<\/p>\n\n\n\n<figure class=\"wp-block-audio\"><audio controls src=\"https:\/\/agora.xtec.cat\/ceip-laroda\/wp-content\/uploads\/usu202\/2021\/02\/50-anys-La-Roda-MASTER-.mp3\"><\/audio><\/figure>\n<\/div><\/div>\n<\/div>\n","protected":false},"excerpt":{"rendered":"<p>Celebraci\u00f3 dels 50 anys de La Roda: &#8220;50 anys passen volant&#8221;<\/p>\n","protected":false},"author":1,"featured_media":2672,"parent":22,"menu_order":0,"comment_status":"closed","ping_status":"closed","template":"","meta":{"_bbp_topic_count":0,"_bbp_reply_count":0,"_bbp_total_topic_count":0,"_bbp_total_reply_count":0,"_bbp_voice_count":0,"_bbp_anonymous_reply_count":0,"_bbp_topic_count_hidden":0,"_bbp_reply_count_hidden":0,"_bbp_forum_subforum_count":0,"site-sidebar-layout":"default","site-content-layout":"","ast-site-content-layout":"default","site-content-style":"default","site-sidebar-style":"default","ast-global-header-display":"","ast-banner-title-visibility":"","ast-main-header-display":"","ast-hfb-above-header-display":"","ast-hfb-below-header-display":"","ast-hfb-mobile-header-display":"","site-post-title":"","ast-breadcrumbs-content":"","ast-featured-img":"","footer-sml-layout":"","theme-transparent-header-meta":"","adv-header-id-meta":"","stick-header-meta":"","header-above-stick-meta":"","header-main-stick-meta":"","header-below-stick-meta":"","astra-migrate-meta-layouts":"set","ast-page-background-enabled":"default","ast-page-background-meta":{"desktop":{"background-color":"var(--ast-global-color-4)","background-image":"","background-repeat":"repeat","background-position":"center center","background-size":"auto","background-attachment":"scroll","background-type":"","background-media":"","overlay-type":"","overlay-color":"","overlay-opacity":"","overlay-gradient":""},"tablet":{"background-color":"","background-image":"","background-repeat":"repeat","background-position":"center center","background-size":"auto","background-attachment":"scroll","background-type":"","background-media":"","overlay-type":"","overlay-color":"","overlay-opacity":"","overlay-gradient":""},"mobile":{"background-color":"","background-image":"","background-repeat":"repeat","background-position":"center center","background-size":"auto","background-attachment":"scroll","background-type":"","background-media":"","overlay-type":"","overlay-color":"","overlay-opacity":"","overlay-gradient":""}},"ast-content-background-meta":{"desktop":{"background-color":"var(--ast-global-color-5)","background-image":"","background-repeat":"repeat","background-position":"center center","background-size":"auto","background-attachment":"scroll","background-type":"","background-media":"","overlay-type":"","overlay-color":"","overlay-opacity":"","overlay-gradient":""},"tablet":{"background-color":"var(--ast-global-color-5)","background-image":"","background-repeat":"repeat","background-position":"center center","background-size":"auto","background-attachment":"scroll","background-type":"","background-media":"","overlay-type":"","overlay-color":"","overlay-opacity":"","overlay-gradient":""},"mobile":{"background-color":"var(--ast-global-color-5)","background-image":"","background-repeat":"repeat","background-position":"center center","background-size":"auto","background-attachment":"scroll","background-type":"","background-media":"","overlay-type":"","overlay-color":"","overlay-opacity":"","overlay-gradient":""}},"footnotes":""},"class_list":["post-2598","page","type-page","status-publish","has-post-thumbnail","hentry"],"post_mailing_queue_ids":[],"_links":{"self":[{"href":"https:\/\/agora.xtec.cat\/ceip-laroda\/wp-json\/wp\/v2\/pages\/2598","targetHints":{"allow":["GET"]}}],"collection":[{"href":"https:\/\/agora.xtec.cat\/ceip-laroda\/wp-json\/wp\/v2\/pages"}],"about":[{"href":"https:\/\/agora.xtec.cat\/ceip-laroda\/wp-json\/wp\/v2\/types\/page"}],"author":[{"embeddable":true,"href":"https:\/\/agora.xtec.cat\/ceip-laroda\/wp-json\/wp\/v2\/users\/1"}],"replies":[{"embeddable":true,"href":"https:\/\/agora.xtec.cat\/ceip-laroda\/wp-json\/wp\/v2\/comments?post=2598"}],"version-history":[{"count":6,"href":"https:\/\/agora.xtec.cat\/ceip-laroda\/wp-json\/wp\/v2\/pages\/2598\/revisions"}],"predecessor-version":[{"id":2751,"href":"https:\/\/agora.xtec.cat\/ceip-laroda\/wp-json\/wp\/v2\/pages\/2598\/revisions\/2751"}],"up":[{"embeddable":true,"href":"https:\/\/agora.xtec.cat\/ceip-laroda\/wp-json\/wp\/v2\/pages\/22"}],"wp:featuredmedia":[{"embeddable":true,"href":"https:\/\/agora.xtec.cat\/ceip-laroda\/wp-json\/wp\/v2\/media\/2672"}],"wp:attachment":[{"href":"https:\/\/agora.xtec.cat\/ceip-laroda\/wp-json\/wp\/v2\/media?parent=2598"}],"curies":[{"name":"wp","href":"https:\/\/api.w.org\/{rel}","templated":true}]}}