{"id":1284,"date":"2020-01-31T13:04:46","date_gmt":"2020-01-31T12:04:46","guid":{"rendered":"https:\/\/agora.xtec.cat\/ceip-laroda\/?page_id=1284"},"modified":"2021-02-21T22:59:33","modified_gmt":"2021-02-21T21:59:33","slug":"nofc-en-revisio","status":"publish","type":"page","link":"https:\/\/agora.xtec.cat\/ceip-laroda\/projectes-descola\/nofc-en-revisio\/","title":{"rendered":"NOFC (en revisi\u00f3)"},"content":{"rendered":"<p>Us adjuntem les normes NOFC recollides al &#8220;<strong>document de l&#8217;organitzaci\u00f3 i gesti\u00f3 de centres<\/strong>&#8221; del Departament d&#8217;Educaci\u00f3 (2019):<\/p>\n<p>&#8220;Els centres educatius han d&#8217;elaborar les normes d&#8217;organitzaci\u00f3 i funcionament (NOFC),d&#8217;acord amb el que estableixen el Decret 102\/2010, d&#8217;autonomia dels centres educatius, i el Decret 150\/2017, de 17 d&#8217;octubre, de l&#8217;atenci\u00f3 educativa a l&#8217;alumnat en el marc d&#8217;un sistema educatiu inclusiu.&#8221; (pg.6-7)<\/p>\n<p><a href=\"https:\/\/agora.xtec.cat\/ceip-laroda\/wp-content\/uploads\/usu202\/2021\/02\/NOFC.pdf\" target=\"_blank\" rel=\"noopener noreferrer\"><img loading=\"lazy\" decoding=\"async\" class=\"wp-image-1912 aligncenter\" src=\"https:\/\/agora.xtec.cat\/ceip-laroda\/wp-content\/uploads\/usu202\/2021\/02\/\u00edndex2.png\" alt=\"\" width=\"500\" height=\"707\" srcset=\"https:\/\/agora.xtec.cat\/ceip-laroda\/wp-content\/uploads\/usu202\/2021\/02\/\u00edndex2.png 1414w, https:\/\/agora.xtec.cat\/ceip-laroda\/wp-content\/uploads\/usu202\/2021\/02\/\u00edndex2-212x300.png 212w, https:\/\/agora.xtec.cat\/ceip-laroda\/wp-content\/uploads\/usu202\/2021\/02\/\u00edndex2-768x1086.png 768w, https:\/\/agora.xtec.cat\/ceip-laroda\/wp-content\/uploads\/usu202\/2021\/02\/\u00edndex2-724x1024.png 724w\" sizes=\"auto, (max-width: 500px) 100vw, 500px\" \/><\/a><\/p>\n","protected":false},"excerpt":{"rendered":"<p>Us adjuntem les normes NOFC recollides al &#8220;document de l&#8217;organitzaci\u00f3 i gesti\u00f3 de centres&#8221; del Departament d&#8217;Educaci\u00f3 (2019): &#8220;Els centres educatius han d&#8217;elaborar les normes d&#8217;organitzaci\u00f3 i funcionament (NOFC),d&#8217;acord amb el que estableixen el Decret 102\/2010, d&#8217;autonomia dels centres educatius, i el Decret 150\/2017, de 17 d&#8217;octubre, de l&#8217;atenci\u00f3 educativa a l&#8217;alumnat en el marc [&hellip;]<\/p>\n","protected":false},"author":1,"featured_media":0,"parent":451,"menu_order":0,"comment_status":"closed","ping_status":"closed","template":"page-templates\/side-menu.php","meta":{"_bbp_topic_count":0,"_bbp_reply_count":0,"_bbp_total_topic_count":0,"_bbp_total_reply_count":0,"_bbp_voice_count":0,"_bbp_anonymous_reply_count":0,"_bbp_topic_count_hidden":0,"_bbp_reply_count_hidden":0,"_bbp_forum_subforum_count":0,"site-sidebar-layout":"default","site-content-layout":"","ast-site-content-layout":"","site-content-style":"default","site-sidebar-style":"default","ast-global-header-display":"","ast-banner-title-visibility":"","ast-main-header-display":"","ast-hfb-above-header-display":"","ast-hfb-below-header-display":"","ast-hfb-mobile-header-display":"","site-post-title":"","ast-breadcrumbs-content":"","ast-featured-img":"","footer-sml-layout":"","theme-transparent-header-meta":"","adv-header-id-meta":"","stick-header-meta":"","header-above-stick-meta":"","header-main-stick-meta":"","header-below-stick-meta":"","astra-migrate-meta-layouts":"default","ast-page-background-enabled":"default","ast-page-background-meta":{"desktop":{"background-color":"var(--ast-global-color-4)","background-image":"","background-repeat":"repeat","background-position":"center center","background-size":"auto","background-attachment":"scroll","background-type":"","background-media":"","overlay-type":"","overlay-color":"","overlay-opacity":"","overlay-gradient":""},"tablet":{"background-color":"","background-image":"","background-repeat":"repeat","background-position":"center center","background-size":"auto","background-attachment":"scroll","background-type":"","background-media":"","overlay-type":"","overlay-color":"","overlay-opacity":"","overlay-gradient":""},"mobile":{"background-color":"","background-image":"","background-repeat":"repeat","background-position":"center center","background-size":"auto","background-attachment":"scroll","background-type":"","background-media":"","overlay-type":"","overlay-color":"","overlay-opacity":"","overlay-gradient":""}},"ast-content-background-meta":{"desktop":{"background-color":"var(--ast-global-color-5)","background-image":"","background-repeat":"repeat","background-position":"center center","background-size":"auto","background-attachment":"scroll","background-type":"","background-media":"","overlay-type":"","overlay-color":"","overlay-opacity":"","overlay-gradient":""},"tablet":{"background-color":"var(--ast-global-color-5)","background-image":"","background-repeat":"repeat","background-position":"center center","background-size":"auto","background-attachment":"scroll","background-type":"","background-media":"","overlay-type":"","overlay-color":"","overlay-opacity":"","overlay-gradient":""},"mobile":{"background-color":"var(--ast-global-color-5)","background-image":"","background-repeat":"repeat","background-position":"center center","background-size":"auto","background-attachment":"scroll","background-type":"","background-media":"","overlay-type":"","overlay-color":"","overlay-opacity":"","overlay-gradient":""}},"footnotes":""},"class_list":["post-1284","page","type-page","status-publish","hentry"],"post_mailing_queue_ids":[],"_links":{"self":[{"href":"https:\/\/agora.xtec.cat\/ceip-laroda\/wp-json\/wp\/v2\/pages\/1284","targetHints":{"allow":["GET"]}}],"collection":[{"href":"https:\/\/agora.xtec.cat\/ceip-laroda\/wp-json\/wp\/v2\/pages"}],"about":[{"href":"https:\/\/agora.xtec.cat\/ceip-laroda\/wp-json\/wp\/v2\/types\/page"}],"author":[{"embeddable":true,"href":"https:\/\/agora.xtec.cat\/ceip-laroda\/wp-json\/wp\/v2\/users\/1"}],"replies":[{"embeddable":true,"href":"https:\/\/agora.xtec.cat\/ceip-laroda\/wp-json\/wp\/v2\/comments?post=1284"}],"version-history":[{"count":3,"href":"https:\/\/agora.xtec.cat\/ceip-laroda\/wp-json\/wp\/v2\/pages\/1284\/revisions"}],"predecessor-version":[{"id":1914,"href":"https:\/\/agora.xtec.cat\/ceip-laroda\/wp-json\/wp\/v2\/pages\/1284\/revisions\/1914"}],"up":[{"embeddable":true,"href":"https:\/\/agora.xtec.cat\/ceip-laroda\/wp-json\/wp\/v2\/pages\/451"}],"wp:attachment":[{"href":"https:\/\/agora.xtec.cat\/ceip-laroda\/wp-json\/wp\/v2\/media?parent=1284"}],"curies":[{"name":"wp","href":"https:\/\/api.w.org\/{rel}","templated":true}]}}