{"id":920,"date":"2026-02-03T12:05:46","date_gmt":"2026-02-03T11:05:46","guid":{"rendered":"https:\/\/agora.xtec.cat\/ceip-langlada\/?page_id=920"},"modified":"2026-02-03T14:00:22","modified_gmt":"2026-02-03T13:00:22","slug":"entrades-i-sortides","status":"publish","type":"page","link":"https:\/\/agora.xtec.cat\/ceip-langlada\/families\/entrades-i-sortides\/","title":{"rendered":"Entrades i sortides"},"content":{"rendered":"\n<p>A l\u2019escola, els horaris d\u2019entrada i sortida s\u2019organitzen per etapes:<\/p>\n\n\n\n<p><strong>Educaci\u00f3 Infantil<\/strong><\/p>\n\n\n\n<ul class=\"wp-block-list\">\n<li><strong>Mat\u00ed:<\/strong> de <strong>9.00 h<\/strong> a <strong>12.30 h<\/strong><\/li>\n\n\n\n<li><strong>Tarda:<\/strong> de <strong>15.00 h<\/strong> a <strong>16.30 h<\/strong><\/li>\n<\/ul>\n\n\n\n<p><strong>Educaci\u00f3 Prim\u00e0ria<\/strong><\/p>\n\n\n\n<ul class=\"wp-block-list\">\n<li><strong>Mat\u00ed:<\/strong> de <strong>8.30 h<\/strong> a <strong>13.00 h<\/strong><\/li>\n\n\n\n<li><strong>Tarda:<\/strong> de <strong>15.00 h<\/strong> a <strong>16.30 h<\/strong><\/li>\n<\/ul>\n\n\n\n<p><strong>Servei d\u2019acollida (mat\u00ed)<\/strong><br>Oferim servei d\u2019acollida de <strong>8.00 h a 9.00 h<\/strong>.<br>A m\u00e9s, \u00e9s <strong>gratu\u00eft de 8.30 h a 9.00 h<\/strong> per a l\u2019alumnat d\u2019Infantil que t\u00e9 <strong>germans o germanes a Prim\u00e0ria<\/strong>.<\/p>\n\n\n\n<p><\/p>\n","protected":false},"excerpt":{"rendered":"<p>A l\u2019escola, els horaris d\u2019entrada i sortida s\u2019organitzen per etapes: Educaci\u00f3 Infantil Educaci\u00f3 Prim\u00e0ria Servei d\u2019acollida (mat\u00ed)Oferim servei d\u2019acollida de 8.00 h a 9.00 h.A m\u00e9s, \u00e9s gratu\u00eft de 8.30 h a 9.00 h per a l\u2019alumnat d\u2019Infantil que t\u00e9 germans o germanes a Prim\u00e0ria.<\/p>\n","protected":false},"author":1,"featured_media":0,"parent":631,"menu_order":0,"comment_status":"closed","ping_status":"closed","template":"","meta":{"site-sidebar-layout":"default","site-content-layout":"","ast-site-content-layout":"default","site-content-style":"default","site-sidebar-style":"default","ast-global-header-display":"","ast-banner-title-visibility":"","ast-main-header-display":"","ast-hfb-above-header-display":"","ast-hfb-below-header-display":"","ast-hfb-mobile-header-display":"","site-post-title":"","ast-breadcrumbs-content":"","ast-featured-img":"","footer-sml-layout":"","theme-transparent-header-meta":"","adv-header-id-meta":"","stick-header-meta":"","header-above-stick-meta":"","header-main-stick-meta":"","header-below-stick-meta":"","astra-migrate-meta-layouts":"set","ast-page-background-enabled":"default","ast-page-background-meta":{"desktop":{"background-color":"var(--ast-global-color-4)","background-image":"","background-repeat":"repeat","background-position":"center center","background-size":"auto","background-attachment":"scroll","background-type":"","background-media":"","overlay-type":"","overlay-color":"","overlay-opacity":"","overlay-gradient":""},"tablet":{"background-color":"","background-image":"","background-repeat":"repeat","background-position":"center center","background-size":"auto","background-attachment":"scroll","background-type":"","background-media":"","overlay-type":"","overlay-color":"","overlay-opacity":"","overlay-gradient":""},"mobile":{"background-color":"","background-image":"","background-repeat":"repeat","background-position":"center center","background-size":"auto","background-attachment":"scroll","background-type":"","background-media":"","overlay-type":"","overlay-color":"","overlay-opacity":"","overlay-gradient":""}},"ast-content-background-meta":{"desktop":{"background-color":"var(--ast-global-color-5)","background-image":"","background-repeat":"repeat","background-position":"center center","background-size":"auto","background-attachment":"scroll","background-type":"","background-media":"","overlay-type":"","overlay-color":"","overlay-opacity":"","overlay-gradient":""},"tablet":{"background-color":"var(--ast-global-color-5)","background-image":"","background-repeat":"repeat","background-position":"center center","background-size":"auto","background-attachment":"scroll","background-type":"","background-media":"","overlay-type":"","overlay-color":"","overlay-opacity":"","overlay-gradient":""},"mobile":{"background-color":"var(--ast-global-color-5)","background-image":"","background-repeat":"repeat","background-position":"center center","background-size":"auto","background-attachment":"scroll","background-type":"","background-media":"","overlay-type":"","overlay-color":"","overlay-opacity":"","overlay-gradient":""}},"footnotes":""},"class_list":["post-920","page","type-page","status-publish","hentry"],"post_mailing_queue_ids":[],"_links":{"self":[{"href":"https:\/\/agora.xtec.cat\/ceip-langlada\/wp-json\/wp\/v2\/pages\/920","targetHints":{"allow":["GET"]}}],"collection":[{"href":"https:\/\/agora.xtec.cat\/ceip-langlada\/wp-json\/wp\/v2\/pages"}],"about":[{"href":"https:\/\/agora.xtec.cat\/ceip-langlada\/wp-json\/wp\/v2\/types\/page"}],"author":[{"embeddable":true,"href":"https:\/\/agora.xtec.cat\/ceip-langlada\/wp-json\/wp\/v2\/users\/1"}],"replies":[{"embeddable":true,"href":"https:\/\/agora.xtec.cat\/ceip-langlada\/wp-json\/wp\/v2\/comments?post=920"}],"version-history":[{"count":2,"href":"https:\/\/agora.xtec.cat\/ceip-langlada\/wp-json\/wp\/v2\/pages\/920\/revisions"}],"predecessor-version":[{"id":929,"href":"https:\/\/agora.xtec.cat\/ceip-langlada\/wp-json\/wp\/v2\/pages\/920\/revisions\/929"}],"up":[{"embeddable":true,"href":"https:\/\/agora.xtec.cat\/ceip-langlada\/wp-json\/wp\/v2\/pages\/631"}],"wp:attachment":[{"href":"https:\/\/agora.xtec.cat\/ceip-langlada\/wp-json\/wp\/v2\/media?parent=920"}],"curies":[{"name":"wp","href":"https:\/\/api.w.org\/{rel}","templated":true}]}}