{"id":566,"date":"2024-12-16T13:21:39","date_gmt":"2024-12-16T12:21:39","guid":{"rendered":"https:\/\/agora.xtec.cat\/ceip-langlada\/?page_id=566"},"modified":"2026-02-19T16:12:48","modified_gmt":"2026-02-19T15:12:48","slug":"projecte-2","status":"publish","type":"page","link":"https:\/\/agora.xtec.cat\/ceip-langlada\/projecte-educatiu\/projecte-2\/","title":{"rendered":"Personal t\u00e8cnic d&#8217;integraci\u00f3 social"},"content":{"rendered":"\n<figure class=\"wp-block-image size-large\"><a href=\"https:\/\/agora.xtec.cat\/ceip-langlada\/wp-content\/uploads\/usu3612\/2026\/02\/tis.jpg\"><img loading=\"lazy\" decoding=\"async\" width=\"1024\" height=\"576\" src=\"https:\/\/agora.xtec.cat\/ceip-langlada\/wp-content\/uploads\/usu3612\/2026\/02\/tis-1024x576.jpg\" alt=\"\" class=\"wp-image-983\" srcset=\"https:\/\/agora.xtec.cat\/ceip-langlada\/wp-content\/uploads\/usu3612\/2026\/02\/tis-1024x576.jpg 1024w, https:\/\/agora.xtec.cat\/ceip-langlada\/wp-content\/uploads\/usu3612\/2026\/02\/tis-300x169.jpg 300w, https:\/\/agora.xtec.cat\/ceip-langlada\/wp-content\/uploads\/usu3612\/2026\/02\/tis-768x432.jpg 768w, https:\/\/agora.xtec.cat\/ceip-langlada\/wp-content\/uploads\/usu3612\/2026\/02\/tis.jpg 1280w\" sizes=\"auto, (max-width: 1024px) 100vw, 1024px\" \/><\/a><\/figure>\n\n\n\n<p class=\"has-medium-font-size\">Programa de contractaci\u00f3 de t\u00e8cnics&nbsp;d\u2019integraci\u00f3&nbsp;social i educadors socials.<\/p>\n\n\n\n<p>El nostre centre escolar disposa de professionals d\u2019atenci\u00f3 educativa, amb la finalitat de garantir l\u2019equitat en l\u2019acc\u00e9s a l\u2019educaci\u00f3, que formen part que formen part del&nbsp;Programa de Complexitat TIS\/ES Fons Social Europeu (FSE+) 2021-2027.<\/p>\n\n\n\n<p>L\u2019equip de professionals del nostre centre, que forma part d\u2019aquest programa, est\u00e0 constitu\u00eft per:<\/p>\n\n\n\n<ul class=\"wp-block-list\">\n<li>Un t\u00e8cnic d\u2019Integraci\u00f3 Social (TIS).<\/li>\n<\/ul>\n\n\n\n<p>La contractaci\u00f3 d\u2019aquest professional est\u00e0 cofinan\u00e7ada en un 40 % per la Uni\u00f3 Europea i la resta pel Departament d\u2019Educaci\u00f3 i Formaci\u00f3 Professional, fet que comporta complir unes mesures de publicitat i comunicaci\u00f3.<\/p>\n\n\n\n<p>La incorporaci\u00f3 d\u2019aquest t\u00e8cnic d\u2019integraci\u00f3 social t\u00e9 com a objectiu suplementar amb professionals d\u2019atenci\u00f3 educativa l\u2019activitat que es presta en els centres educatius, amb la finalitat de garantir l\u2019equitat en l\u2019acc\u00e9s a l\u2019educaci\u00f3.<\/p>\n\n\n\n<p class=\"has-medium-font-size\">Els objectius del&nbsp;Programa de t\u00e8cnics d\u2019integraci\u00f3 social i educadors socials,&nbsp;cofinan\u00e7at per la Uni\u00f3 Europea, s\u00f3n:<\/p>\n\n\n\n<p class=\"has-medium-font-size\">Prevenir l\u2019abandonament prematur i el frac\u00e0s escolar.<\/p>\n\n\n\n<p>Procurar el benestar emocional dels alumnes.<\/p>\n\n\n\n<p>Facilitar una bona conviv\u00e8ncia en els centres educatius.<\/p>\n\n\n\n<p>Contribuir a l\u2019orientaci\u00f3 dels alumnes.<\/p>\n\n\n\n<p>Fomentar la implicaci\u00f3 de les fam\u00edlies.<\/p>\n\n\n\n<p>Fomentar el vincle entre l\u2019escola i el seu entorn.<\/p>\n\n\n\n<p>Contribuir al desenvolupament de plans d\u2019\u00e0mbit comunitari.<\/p>\n\n\n\n<p class=\"has-medium-font-size\">El resultat esperat del programa \u00e9s reduir l\u2019absentisme escolar i l\u2019abandonament prematur.<\/p>\n\n\n\n<p><\/p>\n","protected":false},"excerpt":{"rendered":"<p>Programa de contractaci\u00f3 de t\u00e8cnics&nbsp;d\u2019integraci\u00f3&nbsp;social i educadors socials. El nostre centre escolar disposa de professionals d\u2019atenci\u00f3 educativa, amb la finalitat de garantir l\u2019equitat en l\u2019acc\u00e9s a l\u2019educaci\u00f3, que formen part que formen part del&nbsp;Programa de Complexitat TIS\/ES Fons Social Europeu (FSE+) 2021-2027. L\u2019equip de professionals del nostre centre, que forma part d\u2019aquest programa, est\u00e0 constitu\u00eft [&hellip;]<\/p>\n","protected":false},"author":1,"featured_media":0,"parent":64,"menu_order":0,"comment_status":"closed","ping_status":"close","template":"","meta":{"site-sidebar-layout":"default","site-content-layout":"","ast-site-content-layout":"default","site-content-style":"default","site-sidebar-style":"default","ast-global-header-display":"","ast-banner-title-visibility":"","ast-main-header-display":"","ast-hfb-above-header-display":"","ast-hfb-below-header-display":"","ast-hfb-mobile-header-display":"","site-post-title":"","ast-breadcrumbs-content":"","ast-featured-img":"","footer-sml-layout":"","theme-transparent-header-meta":"","adv-header-id-meta":"","stick-header-meta":"","header-above-stick-meta":"","header-main-stick-meta":"","header-below-stick-meta":"","astra-migrate-meta-layouts":"set","ast-page-background-enabled":"default","ast-page-background-meta":{"desktop":{"background-color":"var(--ast-global-color-4)","background-image":"","background-repeat":"repeat","background-position":"center center","background-size":"auto","background-attachment":"scroll","background-type":"","background-media":"","overlay-type":"","overlay-color":"","overlay-opacity":"","overlay-gradient":""},"tablet":{"background-color":"","background-image":"","background-repeat":"repeat","background-position":"center center","background-size":"auto","background-attachment":"scroll","background-type":"","background-media":"","overlay-type":"","overlay-color":"","overlay-opacity":"","overlay-gradient":""},"mobile":{"background-color":"","background-image":"","background-repeat":"repeat","background-position":"center center","background-size":"auto","background-attachment":"scroll","background-type":"","background-media":"","overlay-type":"","overlay-color":"","overlay-opacity":"","overlay-gradient":""}},"ast-content-background-meta":{"desktop":{"background-color":"var(--ast-global-color-5)","background-image":"","background-repeat":"repeat","background-position":"center center","background-size":"auto","background-attachment":"scroll","background-type":"","background-media":"","overlay-type":"","overlay-color":"","overlay-opacity":"","overlay-gradient":""},"tablet":{"background-color":"var(--ast-global-color-5)","background-image":"","background-repeat":"repeat","background-position":"center center","background-size":"auto","background-attachment":"scroll","background-type":"","background-media":"","overlay-type":"","overlay-color":"","overlay-opacity":"","overlay-gradient":""},"mobile":{"background-color":"var(--ast-global-color-5)","background-image":"","background-repeat":"repeat","background-position":"center center","background-size":"auto","background-attachment":"scroll","background-type":"","background-media":"","overlay-type":"","overlay-color":"","overlay-opacity":"","overlay-gradient":""}},"footnotes":""},"class_list":["post-566","page","type-page","status-publish","hentry"],"post_mailing_queue_ids":[],"_links":{"self":[{"href":"https:\/\/agora.xtec.cat\/ceip-langlada\/wp-json\/wp\/v2\/pages\/566","targetHints":{"allow":["GET"]}}],"collection":[{"href":"https:\/\/agora.xtec.cat\/ceip-langlada\/wp-json\/wp\/v2\/pages"}],"about":[{"href":"https:\/\/agora.xtec.cat\/ceip-langlada\/wp-json\/wp\/v2\/types\/page"}],"author":[{"embeddable":true,"href":"https:\/\/agora.xtec.cat\/ceip-langlada\/wp-json\/wp\/v2\/users\/1"}],"replies":[{"embeddable":true,"href":"https:\/\/agora.xtec.cat\/ceip-langlada\/wp-json\/wp\/v2\/comments?post=566"}],"version-history":[{"count":4,"href":"https:\/\/agora.xtec.cat\/ceip-langlada\/wp-json\/wp\/v2\/pages\/566\/revisions"}],"predecessor-version":[{"id":984,"href":"https:\/\/agora.xtec.cat\/ceip-langlada\/wp-json\/wp\/v2\/pages\/566\/revisions\/984"}],"up":[{"embeddable":true,"href":"https:\/\/agora.xtec.cat\/ceip-langlada\/wp-json\/wp\/v2\/pages\/64"}],"wp:attachment":[{"href":"https:\/\/agora.xtec.cat\/ceip-langlada\/wp-json\/wp\/v2\/media?parent=566"}],"curies":[{"name":"wp","href":"https:\/\/api.w.org\/{rel}","templated":true}]}}