{"id":30,"date":"2014-09-18T12:30:23","date_gmt":"2014-09-18T11:30:23","guid":{"rendered":"https:\/\/agora.xtec.cat\/ceip-langlada\/?page_id=30"},"modified":"2026-02-03T11:14:06","modified_gmt":"2026-02-03T10:14:06","slug":"instal%c2%b7lacions","status":"publish","type":"page","link":"https:\/\/agora.xtec.cat\/ceip-langlada\/lescola\/instal%c2%b7lacions\/","title":{"rendered":"Recursos i serveis"},"content":{"rendered":"\n<p><strong>EQUIPAMENTS:&nbsp;<\/strong>Pati assolellat, sorral amb jocs infantils i pista esportiva, i equipaments tecnol\u00f2gics a totes les aules.&nbsp; Aula d\u2019acollida. Aula d\u2019usos m\u00faltiples (psicomotricitat, teatre\u2026). Menjador.<\/p>\n\n\n\n<p><strong>HUMANS:<\/strong>&nbsp;Ens definim com una comunitat educativa formada per un equip de professionals (mestres tutors, mestres especialistes, equip directiu, psicopedagoga, conserge, t\u00e8cnica d\u2019educaci\u00f3 infantil, m\u00fasics de l\u2019EMMCA, la t\u00e8cnica d\u2019integraci\u00f3 social, l\u2019administrativa, monitors\/es\u2026); pels nostres alumnes i les respectives fam\u00edlies.<\/p>\n\n\n\n<p>&nbsp;<strong>ENTORN:<\/strong>&nbsp;EL LOLA ANGLADA \u00e9s una escola que fem xarxa.&nbsp;<\/p>\n\n\n\n<ul class=\"wp-block-list\">\n<li>Projecte Orquestra a l\u2019escola (Fem t\u00e0ndem L\u2019H). Els nostres alumnes aprenen a tocar instruments de corda (viol\u00ed, viola, violoncel i contrabaix) de 2n a 6\u00e8 de prim\u00e0ria com a element de singularitat del Centre en col.laboraci\u00f3 amb l\u2019Escola de M\u00fasica \u2013 Centre de les Arts de L\u2019Hospitalet.<\/li>\n\n\n\n<li>Organitzem sortides escolars i projectes amb l\u2019entorn (Biblioteques, CAP, Bombers, Parc de les Planes\u2026).<\/li>\n\n\n\n<li>Com a complement de l\u2019\u00e0rea d\u2019Educaci\u00f3 F\u00edsica els alumnes de cicle mitj\u00e0 i cicle inicial fan una sessi\u00f3 setmanal de nataci\u00f3 educativa.<\/li>\n\n\n\n<li>Cicle inicial realitza activitats P<em>re-esportives<\/em>.\u00a0<\/li>\n\n\n\n<li>Cicle superior realitza\u00a0\u00a0<em>Estudi Assistit<\/em>\u00a0a les tardes.<\/li>\n\n\n\n<li>Treball conjunt amb els esplais.\u00a0<\/li>\n<\/ul>\n\n\n\n<p><strong>SERVEIS:\u00a0<\/strong><a href=\"https:\/\/centres.escoles.fundesplai.org\/escola-lola-anglada-hospitalet\/acollida\/\">Acollida matinal<\/a>.\u00a0<a href=\"https:\/\/centres.escoles.fundesplai.org\/escola-lola-anglada-hospitalet\/menjador\/\">Menjador escolar<\/a>. SIEI. Projecte de socialitzaci\u00f3 de llibres. Atenci\u00f3 psicopedag\u00f2gica. Serveis de recollida dels esplais del barri.<\/p>\n\n\n\n<p><strong><a href=\"http:\/\/ampalolanglada.blogspot.com\/\">AMPA<\/a>&nbsp;(Associaci\u00f3 de pares i mares d\u2019alumnes):<\/strong>&nbsp;organitza activitats per les tardes.<\/p>\n\n\n\n<p><\/p>\n","protected":false},"excerpt":{"rendered":"<p>EQUIPAMENTS:&nbsp;Pati assolellat, sorral amb jocs infantils i pista esportiva, i equipaments tecnol\u00f2gics a totes les aules.&nbsp; Aula d\u2019acollida. Aula d\u2019usos m\u00faltiples (psicomotricitat, teatre\u2026). Menjador. HUMANS:&nbsp;Ens definim com una comunitat educativa formada per un equip de professionals (mestres tutors, mestres especialistes, equip directiu, psicopedagoga, conserge, t\u00e8cnica d\u2019educaci\u00f3 infantil, m\u00fasics de l\u2019EMMCA, la t\u00e8cnica d\u2019integraci\u00f3 social, l\u2019administrativa, [&hellip;]<\/p>\n","protected":false},"author":1,"featured_media":0,"parent":22,"menu_order":40,"comment_status":"closed","ping_status":"closed","template":"","meta":{"site-sidebar-layout":"default","site-content-layout":"","ast-site-content-layout":"default","site-content-style":"default","site-sidebar-style":"default","ast-global-header-display":"","ast-banner-title-visibility":"","ast-main-header-display":"","ast-hfb-above-header-display":"","ast-hfb-below-header-display":"","ast-hfb-mobile-header-display":"","site-post-title":"","ast-breadcrumbs-content":"","ast-featured-img":"","footer-sml-layout":"","theme-transparent-header-meta":"","adv-header-id-meta":"","stick-header-meta":"","header-above-stick-meta":"","header-main-stick-meta":"","header-below-stick-meta":"","astra-migrate-meta-layouts":"set","ast-page-background-enabled":"default","ast-page-background-meta":{"desktop":{"background-color":"var(--ast-global-color-4)","background-image":"","background-repeat":"repeat","background-position":"center center","background-size":"auto","background-attachment":"scroll","background-type":"","background-media":"","overlay-type":"","overlay-color":"","overlay-opacity":"","overlay-gradient":""},"tablet":{"background-color":"","background-image":"","background-repeat":"repeat","background-position":"center center","background-size":"auto","background-attachment":"scroll","background-type":"","background-media":"","overlay-type":"","overlay-color":"","overlay-opacity":"","overlay-gradient":""},"mobile":{"background-color":"","background-image":"","background-repeat":"repeat","background-position":"center center","background-size":"auto","background-attachment":"scroll","background-type":"","background-media":"","overlay-type":"","overlay-color":"","overlay-opacity":"","overlay-gradient":""}},"ast-content-background-meta":{"desktop":{"background-color":"var(--ast-global-color-5)","background-image":"","background-repeat":"repeat","background-position":"center center","background-size":"auto","background-attachment":"scroll","background-type":"","background-media":"","overlay-type":"","overlay-color":"","overlay-opacity":"","overlay-gradient":""},"tablet":{"background-color":"var(--ast-global-color-5)","background-image":"","background-repeat":"repeat","background-position":"center center","background-size":"auto","background-attachment":"scroll","background-type":"","background-media":"","overlay-type":"","overlay-color":"","overlay-opacity":"","overlay-gradient":""},"mobile":{"background-color":"var(--ast-global-color-5)","background-image":"","background-repeat":"repeat","background-position":"center center","background-size":"auto","background-attachment":"scroll","background-type":"","background-media":"","overlay-type":"","overlay-color":"","overlay-opacity":"","overlay-gradient":""}},"footnotes":""},"class_list":["post-30","page","type-page","status-publish","hentry"],"post_mailing_queue_ids":[],"_links":{"self":[{"href":"https:\/\/agora.xtec.cat\/ceip-langlada\/wp-json\/wp\/v2\/pages\/30","targetHints":{"allow":["GET"]}}],"collection":[{"href":"https:\/\/agora.xtec.cat\/ceip-langlada\/wp-json\/wp\/v2\/pages"}],"about":[{"href":"https:\/\/agora.xtec.cat\/ceip-langlada\/wp-json\/wp\/v2\/types\/page"}],"author":[{"embeddable":true,"href":"https:\/\/agora.xtec.cat\/ceip-langlada\/wp-json\/wp\/v2\/users\/1"}],"replies":[{"embeddable":true,"href":"https:\/\/agora.xtec.cat\/ceip-langlada\/wp-json\/wp\/v2\/comments?post=30"}],"version-history":[{"count":5,"href":"https:\/\/agora.xtec.cat\/ceip-langlada\/wp-json\/wp\/v2\/pages\/30\/revisions"}],"predecessor-version":[{"id":892,"href":"https:\/\/agora.xtec.cat\/ceip-langlada\/wp-json\/wp\/v2\/pages\/30\/revisions\/892"}],"up":[{"embeddable":true,"href":"https:\/\/agora.xtec.cat\/ceip-langlada\/wp-json\/wp\/v2\/pages\/22"}],"wp:attachment":[{"href":"https:\/\/agora.xtec.cat\/ceip-langlada\/wp-json\/wp\/v2\/media?parent=30"}],"curies":[{"name":"wp","href":"https:\/\/api.w.org\/{rel}","templated":true}]}}