{"id":26,"date":"2014-09-18T12:24:32","date_gmt":"2014-09-18T11:24:32","guid":{"rendered":"https:\/\/agora.xtec.cat\/ceip-langlada\/?page_id=26"},"modified":"2026-02-03T11:11:01","modified_gmt":"2026-02-03T10:11:01","slug":"historia","status":"publish","type":"page","link":"https:\/\/agora.xtec.cat\/ceip-langlada\/lescola\/historia\/","title":{"rendered":"Qui som?"},"content":{"rendered":"\n<p>L\u2019Escola LOLA ANGLADA \u00e9s un centre p\u00fablic d\u2019Educaci\u00f3 Infantil i Prim\u00e0ria que dep\u00e8n del Departament d\u2019Educaci\u00f3 de la Generalitat de Catalunya. Estem al barri de Can Serra de l\u2019Hospitalet de Llobregat. La nostra Escola \u00e9s d\u2019una l\u00ednia, petita i familiar, vinculada al barri i l\u2019entorn. Aix\u00f2 la fa molt propera i acollidora pels infants.<\/p>\n\n\n\n<p><strong>QUIN \u00c9S EL NOSTRE OBJECTIU?<\/strong><\/p>\n\n\n\n<p>El nostre objectiu \u00e9s acompanyar el creixement integral i equilibrat dels nens i nenes. Creiem que l\u2019alumnat ha de ser el protagonista del seu aprenentatge, amb veu, iniciativa i ganes de descobrir.<\/p>\n\n\n\n<p>Apostem per una educaci\u00f3 activa i motivadora, basada en el di\u00e0leg i l\u2019experi\u00e8ncia, amb un enfocament competencial i aprenentatges que tinguin sentit. Respectem el ritme i les necessitats de cada infant, cuidant les difer\u00e8ncies individuals en tot moment. Volem que creixin com a persones, en tots els \u00e0mbits.<\/p>\n\n\n\n<p>El nostre projecte refor\u00e7a  les compet\u00e8ncies, i integra noves metodologies i tecnologia per preparar-los pels reptes d\u2019una societat en canvi constant.<\/p>\n","protected":false},"excerpt":{"rendered":"<p>L\u2019Escola LOLA ANGLADA \u00e9s un centre p\u00fablic d\u2019Educaci\u00f3 Infantil i Prim\u00e0ria que dep\u00e8n del Departament d\u2019Educaci\u00f3 de la Generalitat de Catalunya. Estem al barri de Can Serra de l\u2019Hospitalet de Llobregat. La nostra Escola \u00e9s d\u2019una l\u00ednia, petita i familiar, vinculada al barri i l\u2019entorn. Aix\u00f2 la fa molt propera i acollidora pels infants. QUIN [&hellip;]<\/p>\n","protected":false},"author":1,"featured_media":0,"parent":22,"menu_order":20,"comment_status":"closed","ping_status":"closed","template":"","meta":{"site-sidebar-layout":"default","site-content-layout":"","ast-site-content-layout":"default","site-content-style":"default","site-sidebar-style":"default","ast-global-header-display":"","ast-banner-title-visibility":"","ast-main-header-display":"","ast-hfb-above-header-display":"","ast-hfb-below-header-display":"","ast-hfb-mobile-header-display":"","site-post-title":"","ast-breadcrumbs-content":"","ast-featured-img":"","footer-sml-layout":"","theme-transparent-header-meta":"","adv-header-id-meta":"","stick-header-meta":"","header-above-stick-meta":"","header-main-stick-meta":"","header-below-stick-meta":"","astra-migrate-meta-layouts":"set","ast-page-background-enabled":"default","ast-page-background-meta":{"desktop":{"background-color":"var(--ast-global-color-4)","background-image":"","background-repeat":"repeat","background-position":"center center","background-size":"auto","background-attachment":"scroll","background-type":"","background-media":"","overlay-type":"","overlay-color":"","overlay-opacity":"","overlay-gradient":""},"tablet":{"background-color":"","background-image":"","background-repeat":"repeat","background-position":"center center","background-size":"auto","background-attachment":"scroll","background-type":"","background-media":"","overlay-type":"","overlay-color":"","overlay-opacity":"","overlay-gradient":""},"mobile":{"background-color":"","background-image":"","background-repeat":"repeat","background-position":"center center","background-size":"auto","background-attachment":"scroll","background-type":"","background-media":"","overlay-type":"","overlay-color":"","overlay-opacity":"","overlay-gradient":""}},"ast-content-background-meta":{"desktop":{"background-color":"var(--ast-global-color-5)","background-image":"","background-repeat":"repeat","background-position":"center center","background-size":"auto","background-attachment":"scroll","background-type":"","background-media":"","overlay-type":"","overlay-color":"","overlay-opacity":"","overlay-gradient":""},"tablet":{"background-color":"var(--ast-global-color-5)","background-image":"","background-repeat":"repeat","background-position":"center center","background-size":"auto","background-attachment":"scroll","background-type":"","background-media":"","overlay-type":"","overlay-color":"","overlay-opacity":"","overlay-gradient":""},"mobile":{"background-color":"var(--ast-global-color-5)","background-image":"","background-repeat":"repeat","background-position":"center center","background-size":"auto","background-attachment":"scroll","background-type":"","background-media":"","overlay-type":"","overlay-color":"","overlay-opacity":"","overlay-gradient":""}},"footnotes":""},"class_list":["post-26","page","type-page","status-publish","hentry"],"post_mailing_queue_ids":[],"_links":{"self":[{"href":"https:\/\/agora.xtec.cat\/ceip-langlada\/wp-json\/wp\/v2\/pages\/26","targetHints":{"allow":["GET"]}}],"collection":[{"href":"https:\/\/agora.xtec.cat\/ceip-langlada\/wp-json\/wp\/v2\/pages"}],"about":[{"href":"https:\/\/agora.xtec.cat\/ceip-langlada\/wp-json\/wp\/v2\/types\/page"}],"author":[{"embeddable":true,"href":"https:\/\/agora.xtec.cat\/ceip-langlada\/wp-json\/wp\/v2\/users\/1"}],"replies":[{"embeddable":true,"href":"https:\/\/agora.xtec.cat\/ceip-langlada\/wp-json\/wp\/v2\/comments?post=26"}],"version-history":[{"count":6,"href":"https:\/\/agora.xtec.cat\/ceip-langlada\/wp-json\/wp\/v2\/pages\/26\/revisions"}],"predecessor-version":[{"id":891,"href":"https:\/\/agora.xtec.cat\/ceip-langlada\/wp-json\/wp\/v2\/pages\/26\/revisions\/891"}],"up":[{"embeddable":true,"href":"https:\/\/agora.xtec.cat\/ceip-langlada\/wp-json\/wp\/v2\/pages\/22"}],"wp:attachment":[{"href":"https:\/\/agora.xtec.cat\/ceip-langlada\/wp-json\/wp\/v2\/media?parent=26"}],"curies":[{"name":"wp","href":"https:\/\/api.w.org\/{rel}","templated":true}]}}