{"id":5186,"date":"2021-02-24T23:35:13","date_gmt":"2021-02-24T22:35:13","guid":{"rendered":"http:\/\/agora.xtec.cat\/ceip-lamuntanya-aiguafreda\/?page_id=5186"},"modified":"2022-03-02T19:56:44","modified_gmt":"2022-03-02T18:56:44","slug":"quota-material","status":"publish","type":"page","link":"https:\/\/agora.xtec.cat\/ceip-lamuntanya-aiguafreda\/lescola\/quota-material\/","title":{"rendered":"Quota material"},"content":{"rendered":"<p><a href=\"https:\/\/agora.xtec.cat\/ceip-lamuntanya-aiguafreda\/wp-content\/uploads\/usu1657\/2021\/02\/QuotaMaterial.jpg\">l<\/a><img loading=\"lazy\" decoding=\"async\" class=\"aligncenter wp-image-5204 size-full\" src=\"https:\/\/agora.xtec.cat\/ceip-lamuntanya-aiguafreda\/wp-content\/uploads\/usu1657\/2021\/02\/QuotaMaterial.jpg\" alt=\"\" width=\"800\" height=\"831\" srcset=\"https:\/\/agora.xtec.cat\/ceip-lamuntanya-aiguafreda\/wp-content\/uploads\/usu1657\/2021\/02\/QuotaMaterial.jpg 800w, https:\/\/agora.xtec.cat\/ceip-lamuntanya-aiguafreda\/wp-content\/uploads\/usu1657\/2021\/02\/QuotaMaterial-289x300.jpg 289w, https:\/\/agora.xtec.cat\/ceip-lamuntanya-aiguafreda\/wp-content\/uploads\/usu1657\/2021\/02\/QuotaMaterial-768x798.jpg 768w\" sizes=\"auto, (max-width: 800px) 100vw, 800px\" \/>La quota de l&#8217;AFA (Associaci\u00f3 de fam\u00edlies) \u00e9s de 24\u20ac per fam\u00edlia i \u00e9s paga un cop al curs.<\/p>\n<p>&nbsp;<\/p>\n","protected":false},"excerpt":{"rendered":"<p><a href=\"https:\/\/agora.xtec.cat\/ceip-lamuntanya-aiguafreda\/wp-content\/uploads\/usu1657\/2021\/02\/QuotaMaterial.jpg\">l<\/a>La quota de l&#8217;AFA (Associaci\u00f3 de fam\u00edlies) \u00e9s de 24\u20ac per fam\u00edlia i \u00e9s paga un cop al curs.<br \/>\n&nbsp;<\/p>\n","protected":false},"author":1,"featured_media":0,"parent":22,"menu_order":0,"comment_status":"closed","ping_status":"closed","template":"page-templates\/side-menu.php","meta":{"_bbp_topic_count":0,"_bbp_reply_count":0,"_bbp_total_topic_count":0,"_bbp_total_reply_count":0,"_bbp_voice_count":0,"_bbp_anonymous_reply_count":0,"_bbp_topic_count_hidden":0,"_bbp_reply_count_hidden":0,"_bbp_forum_subforum_count":0,"footnotes":""},"class_list":["post-5186","page","type-page","status-publish","hentry"],"post_mailing_queue_ids":[],"_links":{"self":[{"href":"https:\/\/agora.xtec.cat\/ceip-lamuntanya-aiguafreda\/wp-json\/wp\/v2\/pages\/5186","targetHints":{"allow":["GET"]}}],"collection":[{"href":"https:\/\/agora.xtec.cat\/ceip-lamuntanya-aiguafreda\/wp-json\/wp\/v2\/pages"}],"about":[{"href":"https:\/\/agora.xtec.cat\/ceip-lamuntanya-aiguafreda\/wp-json\/wp\/v2\/types\/page"}],"author":[{"embeddable":true,"href":"https:\/\/agora.xtec.cat\/ceip-lamuntanya-aiguafreda\/wp-json\/wp\/v2\/users\/1"}],"replies":[{"embeddable":true,"href":"https:\/\/agora.xtec.cat\/ceip-lamuntanya-aiguafreda\/wp-json\/wp\/v2\/comments?post=5186"}],"version-history":[{"count":3,"href":"https:\/\/agora.xtec.cat\/ceip-lamuntanya-aiguafreda\/wp-json\/wp\/v2\/pages\/5186\/revisions"}],"predecessor-version":[{"id":6883,"href":"https:\/\/agora.xtec.cat\/ceip-lamuntanya-aiguafreda\/wp-json\/wp\/v2\/pages\/5186\/revisions\/6883"}],"up":[{"embeddable":true,"href":"https:\/\/agora.xtec.cat\/ceip-lamuntanya-aiguafreda\/wp-json\/wp\/v2\/pages\/22"}],"wp:attachment":[{"href":"https:\/\/agora.xtec.cat\/ceip-lamuntanya-aiguafreda\/wp-json\/wp\/v2\/media?parent=5186"}],"curies":[{"name":"wp","href":"https:\/\/api.w.org\/{rel}","templated":true}]}}