{"id":3511,"date":"2019-11-11T16:31:16","date_gmt":"2019-11-11T15:31:16","guid":{"rendered":"http:\/\/agora.xtec.cat\/ceip-lamuntanya-aiguafreda\/?page_id=3511"},"modified":"2020-01-13T18:08:00","modified_gmt":"2020-01-13T17:08:00","slug":"estalvi-energetic","status":"publish","type":"page","link":"https:\/\/agora.xtec.cat\/ceip-lamuntanya-aiguafreda\/estalvi-energetic\/","title":{"rendered":"Estalvi Energ\u00e8tic"},"content":{"rendered":"<p><strong><a href=\"https:\/\/agora.xtec.cat\/ceip-lamuntanya-aiguafreda\/wp-content\/uploads\/usu1657\/2020\/01\/bombilla.jpg\"><img loading=\"lazy\" decoding=\"async\" class=\" wp-image-3681 alignright\" src=\"https:\/\/agora.xtec.cat\/ceip-lamuntanya-aiguafreda\/wp-content\/uploads\/usu1657\/2020\/01\/bombilla.jpg\" alt=\"\" width=\"222\" height=\"222\" srcset=\"https:\/\/agora.xtec.cat\/ceip-lamuntanya-aiguafreda\/wp-content\/uploads\/usu1657\/2020\/01\/bombilla.jpg 500w, https:\/\/agora.xtec.cat\/ceip-lamuntanya-aiguafreda\/wp-content\/uploads\/usu1657\/2020\/01\/bombilla-150x150.jpg 150w, https:\/\/agora.xtec.cat\/ceip-lamuntanya-aiguafreda\/wp-content\/uploads\/usu1657\/2020\/01\/bombilla-300x300.jpg 300w\" sizes=\"auto, (max-width: 222px) 100vw, 222px\" \/><\/a><\/strong><\/p>\n<p><strong>Qu\u00e8 \u00e9s?<\/strong><\/p>\n<p>\u00c9s una nova acci\u00f3 que hem iniciat a l\u2019escola per cuidar la Terra i protegir el medi ambient amb l\u2019objectiu d\u2019estalviar energia el\u00e8ctrica i prendre consci\u00e8ncia de la import\u00e0ncia de tancar el llum.<\/p>\n<p>&nbsp;<\/p>\n<p><strong>Com funciona?<\/strong><\/p>\n<p>Els encarregats de cada classe vetllen perqu\u00e8 quedin els llums i els projectors tancats quan no hi hagi ning\u00fa a l&#8217;aula. Dos alumnes de 3r, que canviaran cada setmana, son els supervisors. Durant l&#8217;hora del pati fan una volta de 5 minuts per l&#8217;escola. Quan es troben llums i\/o projectors encesos els tanquen i enganxen a la porta la imatge d&#8217;una bombeta i\/o projector perqu\u00e8 aquella aula recordi de tancar-ho la propera vegada.<a href=\"https:\/\/agora.xtec.cat\/ceip-lamuntanya-aiguafreda\/wp-content\/uploads\/usu1657\/2020\/01\/gifs-animados-proyectores-104006.jpg\"><img loading=\"lazy\" decoding=\"async\" class=\" wp-image-3683 alignright\" src=\"https:\/\/agora.xtec.cat\/ceip-lamuntanya-aiguafreda\/wp-content\/uploads\/usu1657\/2020\/01\/gifs-animados-proyectores-104006.jpg\" alt=\"\" width=\"252\" height=\"207\" \/><\/a><\/p>\n<p>&nbsp;<\/p>\n<p><strong>Qui organitza?<\/strong><\/p>\n<p>La Comissi\u00f3 d\u2019escoles verdes amb els alumnes de 3<sup>r<\/sup> i la col\u00b7laboraci\u00f3 de la comunitat educativa.<\/p>\n","protected":false},"excerpt":{"rendered":"<p><a href=\"https:\/\/agora.xtec.cat\/ceip-lamuntanya-aiguafreda\/wp-content\/uploads\/usu1657\/2020\/01\/bombilla.jpg\"><\/a><br \/>\nQu\u00e8 \u00e9s?<br \/>\n\u00c9s una nova acci\u00f3 que hem iniciat a l\u2019escola per cuidar la Terra i protegir el medi ambient amb l\u2019objectiu d\u2019estalviar energia el\u00e8ctrica i prendre consci\u00e8ncia de la import\u00e0ncia de tancar el llum.<br \/>\n&nbsp;<br \/>\nCom funciona?<br \/>\nEls encarregats de cada classe vetllen perqu\u00e8 quedin els llums&hellip;  <a href=\"https:\/\/agora.xtec.cat\/ceip-lamuntanya-aiguafreda\/estalvi-energetic\/\" title=\"Read Estalvi Energ\u00e8tic\">Llegeix m\u00e9s\u00bb<\/a><\/p>\n","protected":false},"author":1,"featured_media":0,"parent":0,"menu_order":0,"comment_status":"closed","ping_status":"closed","template":"","meta":{"_bbp_topic_count":0,"_bbp_reply_count":0,"_bbp_total_topic_count":0,"_bbp_total_reply_count":0,"_bbp_voice_count":0,"_bbp_anonymous_reply_count":0,"_bbp_topic_count_hidden":0,"_bbp_reply_count_hidden":0,"_bbp_forum_subforum_count":0,"footnotes":""},"class_list":["post-3511","page","type-page","status-publish","hentry"],"post_mailing_queue_ids":[],"_links":{"self":[{"href":"https:\/\/agora.xtec.cat\/ceip-lamuntanya-aiguafreda\/wp-json\/wp\/v2\/pages\/3511","targetHints":{"allow":["GET"]}}],"collection":[{"href":"https:\/\/agora.xtec.cat\/ceip-lamuntanya-aiguafreda\/wp-json\/wp\/v2\/pages"}],"about":[{"href":"https:\/\/agora.xtec.cat\/ceip-lamuntanya-aiguafreda\/wp-json\/wp\/v2\/types\/page"}],"author":[{"embeddable":true,"href":"https:\/\/agora.xtec.cat\/ceip-lamuntanya-aiguafreda\/wp-json\/wp\/v2\/users\/1"}],"replies":[{"embeddable":true,"href":"https:\/\/agora.xtec.cat\/ceip-lamuntanya-aiguafreda\/wp-json\/wp\/v2\/comments?post=3511"}],"version-history":[{"count":3,"href":"https:\/\/agora.xtec.cat\/ceip-lamuntanya-aiguafreda\/wp-json\/wp\/v2\/pages\/3511\/revisions"}],"predecessor-version":[{"id":3685,"href":"https:\/\/agora.xtec.cat\/ceip-lamuntanya-aiguafreda\/wp-json\/wp\/v2\/pages\/3511\/revisions\/3685"}],"wp:attachment":[{"href":"https:\/\/agora.xtec.cat\/ceip-lamuntanya-aiguafreda\/wp-json\/wp\/v2\/media?parent=3511"}],"curies":[{"name":"wp","href":"https:\/\/api.w.org\/{rel}","templated":true}]}}