{"id":26,"date":"2014-09-18T12:24:32","date_gmt":"2014-09-18T11:24:32","guid":{"rendered":"http:\/\/agora.xtec.cat\/ceip-lamuntanya-aiguafreda\/?page_id=26"},"modified":"2020-03-09T18:41:26","modified_gmt":"2020-03-09T17:41:26","slug":"historia","status":"publish","type":"page","link":"https:\/\/agora.xtec.cat\/ceip-lamuntanya-aiguafreda\/lescola\/historia\/","title":{"rendered":"Hist\u00f2ria"},"content":{"rendered":"<p><a href=\"https:\/\/agora.xtec.cat\/ceip-lamuntanya-aiguafreda\/wp-content\/uploads\/usu1657\/2020\/03\/Aiguafreda_escolaPublica_IPA-28309_9645_resize.jpg\"><img loading=\"lazy\" decoding=\"async\" class=\"wp-image-3985 alignleft\" src=\"https:\/\/agora.xtec.cat\/ceip-lamuntanya-aiguafreda\/wp-content\/uploads\/usu1657\/2020\/03\/Aiguafreda_escolaPublica_IPA-28309_9645_resize-1024x683.jpg\" alt=\"\" width=\"551\" height=\"368\" srcset=\"https:\/\/agora.xtec.cat\/ceip-lamuntanya-aiguafreda\/wp-content\/uploads\/usu1657\/2020\/03\/Aiguafreda_escolaPublica_IPA-28309_9645_resize-1024x683.jpg 1024w, https:\/\/agora.xtec.cat\/ceip-lamuntanya-aiguafreda\/wp-content\/uploads\/usu1657\/2020\/03\/Aiguafreda_escolaPublica_IPA-28309_9645_resize-300x200.jpg 300w, https:\/\/agora.xtec.cat\/ceip-lamuntanya-aiguafreda\/wp-content\/uploads\/usu1657\/2020\/03\/Aiguafreda_escolaPublica_IPA-28309_9645_resize-768x512.jpg 768w, https:\/\/agora.xtec.cat\/ceip-lamuntanya-aiguafreda\/wp-content\/uploads\/usu1657\/2020\/03\/Aiguafreda_escolaPublica_IPA-28309_9645_resize.jpg 1800w\" sizes=\"auto, (max-width: 551px) 100vw, 551px\" \/><\/a><\/p>\n<p>Als anys 30 l\u2019escola es va ubicar a l\u2019hist\u00f2ric edifici del Passeig Catalunya, edifici en el qu\u00e8 fins l\u2019any 2002 van estar els alumnes del que llavors anomen\u00e0vem \u201cParvulari\u201d.<\/p>\n<p>L\u2019any 1971 es va constituir l\u2019Agrupaci\u00f3 Escola \u201cLa Muntanya\u201d que unia els alumnes dels pobles de Sant Mart\u00ed de Centelles i d\u2019Aiguafreda. Aquesta agrupaci\u00f3 es va crear per poder tenir un nombre suficients d\u2019escolars i demanar aix\u00ed la construcci\u00f3 d\u2019un nou centre escolar (actual edifici central de l\u2019escola) que va ser inaugurat l\u2019any 1976.<\/p>\n<p>L\u2019any 2003, donat l\u2019augment d\u2019alumnes, l\u2019escola dels anys 70 va quedar petita i es van iniciar els tr\u00e0mits per poder fer-ne una ampliaci\u00f3 important. Aquesta ampliaci\u00f3 es va comen\u00e7ar a fer servir el 12 de desembre de 2012, quan els alumnes d\u2019Educaci\u00f3 Infantil es van traslladar a l\u2019actual edifici blau. Aquest fet va permetre unificar l\u2019alumnat de tota l\u2019escola, doncs durant molts anys, els nens de 3 a 5 anys havien estat a uns quants carrers de dist\u00e0ncia dels alumnes de prim\u00e0ria.<br \/>\nLes obres d\u2019ampliaci\u00f3 van acabar el curs 2012, podent gaudir de tots els espais a ple rendiment el curs 2013.<\/p>\n<p><a href=\"https:\/\/agora.xtec.cat\/ceip-lamuntanya-aiguafreda\/wp-content\/uploads\/usu1657\/2020\/03\/baixa.jpg\"><img loading=\"lazy\" decoding=\"async\" class=\"wp-image-3986 alignnone\" src=\"https:\/\/agora.xtec.cat\/ceip-lamuntanya-aiguafreda\/wp-content\/uploads\/usu1657\/2020\/03\/baixa.jpg\" alt=\"\" width=\"521\" height=\"180\" srcset=\"https:\/\/agora.xtec.cat\/ceip-lamuntanya-aiguafreda\/wp-content\/uploads\/usu1657\/2020\/03\/baixa.jpg 382w, https:\/\/agora.xtec.cat\/ceip-lamuntanya-aiguafreda\/wp-content\/uploads\/usu1657\/2020\/03\/baixa-300x104.jpg 300w\" sizes=\"auto, (max-width: 521px) 100vw, 521px\" \/><\/a><\/p>\n","protected":false},"excerpt":{"rendered":"<p><a href=\"https:\/\/agora.xtec.cat\/ceip-lamuntanya-aiguafreda\/wp-content\/uploads\/usu1657\/2020\/03\/Aiguafreda_escolaPublica_IPA-28309_9645_resize.jpg\"><\/a><br \/>\nAls anys 30 l\u2019escola es va ubicar a l\u2019hist\u00f2ric edifici del Passeig Catalunya, edifici en el qu\u00e8 fins l\u2019any 2002 van estar els alumnes del que llavors anomen\u00e0vem \u201cParvulari\u201d.<br \/>\nL\u2019any 1971 es va constituir l\u2019Agrupaci\u00f3 Escola \u201cLa Muntanya\u201d que unia els alumnes dels pobles de&hellip;  <a href=\"https:\/\/agora.xtec.cat\/ceip-lamuntanya-aiguafreda\/lescola\/historia\/\" title=\"Read Hist\u00f2ria\">Llegeix m\u00e9s\u00bb<\/a><\/p>\n","protected":false},"author":1,"featured_media":0,"parent":22,"menu_order":20,"comment_status":"closed","ping_status":"closed","template":"page-templates\/side-menu.php","meta":{"_bbp_topic_count":0,"_bbp_reply_count":0,"_bbp_total_topic_count":0,"_bbp_total_reply_count":0,"_bbp_voice_count":0,"_bbp_anonymous_reply_count":0,"_bbp_topic_count_hidden":0,"_bbp_reply_count_hidden":0,"_bbp_forum_subforum_count":0,"footnotes":""},"class_list":["post-26","page","type-page","status-publish","hentry"],"post_mailing_queue_ids":[],"_links":{"self":[{"href":"https:\/\/agora.xtec.cat\/ceip-lamuntanya-aiguafreda\/wp-json\/wp\/v2\/pages\/26","targetHints":{"allow":["GET"]}}],"collection":[{"href":"https:\/\/agora.xtec.cat\/ceip-lamuntanya-aiguafreda\/wp-json\/wp\/v2\/pages"}],"about":[{"href":"https:\/\/agora.xtec.cat\/ceip-lamuntanya-aiguafreda\/wp-json\/wp\/v2\/types\/page"}],"author":[{"embeddable":true,"href":"https:\/\/agora.xtec.cat\/ceip-lamuntanya-aiguafreda\/wp-json\/wp\/v2\/users\/1"}],"replies":[{"embeddable":true,"href":"https:\/\/agora.xtec.cat\/ceip-lamuntanya-aiguafreda\/wp-json\/wp\/v2\/comments?post=26"}],"version-history":[{"count":4,"href":"https:\/\/agora.xtec.cat\/ceip-lamuntanya-aiguafreda\/wp-json\/wp\/v2\/pages\/26\/revisions"}],"predecessor-version":[{"id":3992,"href":"https:\/\/agora.xtec.cat\/ceip-lamuntanya-aiguafreda\/wp-json\/wp\/v2\/pages\/26\/revisions\/3992"}],"up":[{"embeddable":true,"href":"https:\/\/agora.xtec.cat\/ceip-lamuntanya-aiguafreda\/wp-json\/wp\/v2\/pages\/22"}],"wp:attachment":[{"href":"https:\/\/agora.xtec.cat\/ceip-lamuntanya-aiguafreda\/wp-json\/wp\/v2\/media?parent=26"}],"curies":[{"name":"wp","href":"https:\/\/api.w.org\/{rel}","templated":true}]}}