{"id":1249,"date":"2018-03-12T14:53:08","date_gmt":"2018-03-12T13:53:08","guid":{"rendered":"http:\/\/agora.xtec.cat\/ceip-lamuntanya-aiguafreda\/?page_id=1249"},"modified":"2018-11-26T11:25:57","modified_gmt":"2018-11-26T10:25:57","slug":"lanella","status":"publish","type":"page","link":"https:\/\/agora.xtec.cat\/ceip-lamuntanya-aiguafreda\/lanella\/","title":{"rendered":"L&#8217;anella"},"content":{"rendered":"<h4><a href=\"https:\/\/agora.xtec.cat\/ceip-lamuntanya-aiguafreda\/wp-content\/uploads\/usu1657\/2018\/11\/anelles.jpg\"><img loading=\"lazy\" decoding=\"async\" class=\" wp-image-1915 alignright\" src=\"https:\/\/agora.xtec.cat\/ceip-lamuntanya-aiguafreda\/wp-content\/uploads\/usu1657\/2018\/11\/anelles.jpg\" alt=\"\" width=\"336\" height=\"475\" srcset=\"https:\/\/agora.xtec.cat\/ceip-lamuntanya-aiguafreda\/wp-content\/uploads\/usu1657\/2018\/11\/anelles.jpg 283w, https:\/\/agora.xtec.cat\/ceip-lamuntanya-aiguafreda\/wp-content\/uploads\/usu1657\/2018\/11\/anelles-212x300.jpg 212w\" sizes=\"auto, (max-width: 336px) 100vw, 336px\" \/><\/a><\/h4>\n<p><strong>Que \u00e9s?<\/strong><\/p>\n<p>\u00c9s una activitat d&#8217;educaci\u00f3 ambiental que pret\u00e9n promoure la conscienciaci\u00f3 sobre la necessitat de reciclar i tenir cura del medi ambient.<\/p>\n<p><strong>Com funciona?<\/strong><\/p>\n<p>L&#8217;alumnat portar\u00e0 a l&#8217;escola les anelles de pl\u00e0stic que agrupen les llaunes de begudes. Les penjar\u00e0 a l&#8217;arbre que es troba a l&#8217;entrada de l&#8217;escola. A final de curs es portaran a la deixalleria per pesar-les i fer-les arribar a l&#8217;empresa ITW-HiCone que les reciclar\u00e0 i en far\u00e0 de noves.<\/p>\n<p><strong>Qui organitza?<\/strong><\/p>\n<p>L&#8217;empresa ITW-HiCone organitza amb el suport del Consorci per a la Gesti\u00f3 dels Residus del Vall\u00e8s Oriental i el Departament de Medi Ambient de la Generalitat de Catalunya.<\/p>\n<p><strong>M\u00e9s informaci\u00f3:<\/strong><\/p>\n<ul>\n<li><a href=\"http:\/\/www.hicone.com\/index.php?id=8\">Hi-Cone<\/a><\/li>\n<li><a href=\"https:\/\/www.ringleader.com\/\">The Ring Leader Program<\/a><\/li>\n<\/ul>\n","protected":false},"excerpt":{"rendered":"<p><a href=\"https:\/\/agora.xtec.cat\/ceip-lamuntanya-aiguafreda\/wp-content\/uploads\/usu1657\/2018\/11\/anelles.jpg\"><\/a><br \/>\nQue \u00e9s?<br \/>\n\u00c9s una activitat d&#8217;educaci\u00f3 ambiental que pret\u00e9n promoure la conscienciaci\u00f3 sobre la necessitat de reciclar i tenir cura del medi ambient.<br \/>\nCom funciona?<br \/>\nL&#8217;alumnat portar\u00e0 a l&#8217;escola les anelles de pl\u00e0stic que agrupen les llaunes de begudes. Les penjar\u00e0 a l&#8217;arbre que es troba a&hellip;  <a href=\"https:\/\/agora.xtec.cat\/ceip-lamuntanya-aiguafreda\/lanella\/\" title=\"Read L&#8217;anella\">Llegeix m\u00e9s\u00bb<\/a><\/p>\n","protected":false},"author":1,"featured_media":0,"parent":0,"menu_order":0,"comment_status":"closed","ping_status":"closed","template":"","meta":{"_bbp_topic_count":0,"_bbp_reply_count":0,"_bbp_total_topic_count":0,"_bbp_total_reply_count":0,"_bbp_voice_count":0,"_bbp_anonymous_reply_count":0,"_bbp_topic_count_hidden":0,"_bbp_reply_count_hidden":0,"_bbp_forum_subforum_count":0,"footnotes":""},"class_list":["post-1249","page","type-page","status-publish","hentry"],"post_mailing_queue_ids":[],"_links":{"self":[{"href":"https:\/\/agora.xtec.cat\/ceip-lamuntanya-aiguafreda\/wp-json\/wp\/v2\/pages\/1249","targetHints":{"allow":["GET"]}}],"collection":[{"href":"https:\/\/agora.xtec.cat\/ceip-lamuntanya-aiguafreda\/wp-json\/wp\/v2\/pages"}],"about":[{"href":"https:\/\/agora.xtec.cat\/ceip-lamuntanya-aiguafreda\/wp-json\/wp\/v2\/types\/page"}],"author":[{"embeddable":true,"href":"https:\/\/agora.xtec.cat\/ceip-lamuntanya-aiguafreda\/wp-json\/wp\/v2\/users\/1"}],"replies":[{"embeddable":true,"href":"https:\/\/agora.xtec.cat\/ceip-lamuntanya-aiguafreda\/wp-json\/wp\/v2\/comments?post=1249"}],"version-history":[{"count":4,"href":"https:\/\/agora.xtec.cat\/ceip-lamuntanya-aiguafreda\/wp-json\/wp\/v2\/pages\/1249\/revisions"}],"predecessor-version":[{"id":1956,"href":"https:\/\/agora.xtec.cat\/ceip-lamuntanya-aiguafreda\/wp-json\/wp\/v2\/pages\/1249\/revisions\/1956"}],"wp:attachment":[{"href":"https:\/\/agora.xtec.cat\/ceip-lamuntanya-aiguafreda\/wp-json\/wp\/v2\/media?parent=1249"}],"curies":[{"name":"wp","href":"https:\/\/api.w.org\/{rel}","templated":true}]}}