{"id":18070,"date":"2021-05-10T21:14:58","date_gmt":"2021-05-10T19:14:58","guid":{"rendered":"http:\/\/agora.xtec.cat\/ceip-lamonjoia\/?page_id=18070"},"modified":"2021-05-10T21:14:58","modified_gmt":"2021-05-10T19:14:58","slug":"com-treballem","status":"publish","type":"page","link":"https:\/\/agora.xtec.cat\/ceip-lamonjoia\/afa\/com-treballem\/","title":{"rendered":"Com treballem?"},"content":{"rendered":"<p><span style=\"font-weight: 400;\">L\u2019AFA porta a terme al llarg del curs diferents assemblees ordin\u00e0ries i extraordin\u00e0ries, en funci\u00f3 de les necessitats que sorgeixin.<\/span><\/p>\n<p><span style=\"font-weight: 400;\">Treballem de manera col\u00b7laborativa, cooperativa i participativa amb l\u2019escola, seguint la l\u00ednia del centre.<\/span><\/p>\n<p><span style=\"font-weight: 400;\">Ens organitzem per comissions de treball i festes que se celebren a l\u2019escola o al poble.<\/span><\/p>\n<p><span style=\"font-weight: 400;\">A principi de curs, les fam\u00edlies s\u2019apunta en aquella comissi\u00f3 que vol participar i \u00e9s la mateixa comissi\u00f3 qui gestiona l\u2019acte en q\u00fcesti\u00f3.<\/span><\/p>\n<p><b>Comissions de treball<\/b><span style=\"font-weight: 400;\">:<\/span><\/p>\n<ul>\n<li style=\"font-weight: 400;\" aria-level=\"1\"><b>Menjador:<\/b><span style=\"font-weight: 400;\"> formada per dos membres de la fam\u00edlia, escola i 7 i tria. Es porten a terme al llarg del curs diferents reunions, per tal de millorar el servei, atendre les necessitats aliment\u00e0ries\u2026<\/span><\/li>\n<li style=\"font-weight: 400;\" aria-level=\"1\"><b>Castanyada:<\/b><span style=\"font-weight: 400;\"> consisteix a col\u00b7laborar amb l\u2019escola el dia de la castanyada, torrant castanyes.<\/span><\/li>\n<li style=\"font-weight: 400;\" aria-level=\"1\"><b>Sant Jordi:<\/b><span style=\"font-weight: 400;\"> L\u2019escola fa parada de llibres i roses, es col\u00b7labora fent el cartell, recollint les demandes de roses i llibres de la gent del poble.<\/span><\/li>\n<li style=\"font-weight: 400;\" aria-level=\"1\"><b>Jocs Florals:<\/b><span style=\"font-weight: 400;\"> Es forma part del jurat en la lectura de prosa i poesia dels nens i nenes de l\u2019escola.<\/span><\/li>\n<li style=\"font-weight: 400;\" aria-level=\"1\"><b>Comissi\u00f3 web: <\/b><span style=\"font-weight: 400;\">s\u2019actualitza les not\u00edcies de la p\u00e0gina web de l\u2019apartat de l\u2019AFA.<\/span><\/li>\n<li style=\"font-weight: 400;\" aria-level=\"1\"><b>Comissi\u00f3 pati:<\/b><span style=\"font-weight: 400;\"> formada per membres de les fam\u00edlies, mestres i alumnes. Consisteix en la remodelaci\u00f3 del pati.<\/span><\/li>\n<li style=\"font-weight: 400;\" aria-level=\"1\"><b>Comissi\u00f3 llibres: <\/b><span style=\"font-weight: 400;\">s\u2019encarrega de comprar el material fungible i llibres de lectura, fent la posterior venda.<\/span><\/li>\n<li style=\"font-weight: 400;\" aria-level=\"1\"><b>Loteria:<\/b><span style=\"font-weight: 400;\"> cada any es fa amb el n\u00famero de la grossa de Sant Jordi unes paperetes participatives, juntament amb l\u2019associaci\u00f3 de comerciants del poble.<\/span><\/li>\n<li style=\"font-weight: 400;\" aria-level=\"1\"><b>Festa Major:<\/b><span style=\"font-weight: 400;\"> juntament amb l\u2019AMPA el Patufet, s\u2019encarrega de gestionar el concurs de dibuix de la Festa Major.<\/span><\/li>\n<li style=\"font-weight: 400;\" aria-level=\"1\"><b>Cros escolar: <\/b><span style=\"font-weight: 400;\">s\u2019encarrega d\u2019organitzar al poble el cros escolar d\u2019un dia.<\/span><\/li>\n<li style=\"font-weight: 400;\" aria-level=\"1\"><b>Festa Final de Curs:<\/b><span style=\"font-weight: 400;\"> encarregada d\u2019organitzar juntament amb les mestres el comiat dels nens i nenes de 6\u00e8, i la festa de final de curs de tot l\u2019alumnat.<\/span><\/li>\n<li style=\"font-weight: 400;\" aria-level=\"1\"><b>Servei Bon dia:<\/b><span style=\"font-weight: 400;\"> consisteix a gestionar aquest servei d\u2019acollida.<\/span><\/li>\n<li style=\"font-weight: 400;\" aria-level=\"1\"><span style=\"font-weight: 400;\">En funci\u00f3 de l\u2019any poden sorgir altres comissions.<\/span><\/li>\n<\/ul>\n","protected":false},"excerpt":{"rendered":"<p>L\u2019AFA porta a terme al llarg del curs diferents assemblees ordin\u00e0ries i extraordin\u00e0ries, en funci\u00f3 de les necessitats que sorgeixin. Treballem de manera col\u00b7laborativa, cooperativa i participativa amb l\u2019escola, seguint la l\u00ednia del centre. Ens organitzem per comissions de treball i festes que se celebren a l\u2019escola o al poble. A principi de curs, les [&hellip;]<\/p>\n","protected":false},"author":3,"featured_media":0,"parent":18045,"menu_order":5,"comment_status":"closed","ping_status":"closed","template":"page-templates\/side-menu.php","meta":{"_bbp_topic_count":0,"_bbp_reply_count":0,"_bbp_total_topic_count":0,"_bbp_total_reply_count":0,"_bbp_voice_count":0,"_bbp_anonymous_reply_count":0,"_bbp_topic_count_hidden":0,"_bbp_reply_count_hidden":0,"_bbp_forum_subforum_count":0,"site-sidebar-layout":"default","site-content-layout":"","ast-site-content-layout":"","site-content-style":"default","site-sidebar-style":"default","ast-global-header-display":"","ast-banner-title-visibility":"","ast-main-header-display":"","ast-hfb-above-header-display":"","ast-hfb-below-header-display":"","ast-hfb-mobile-header-display":"","site-post-title":"","ast-breadcrumbs-content":"","ast-featured-img":"","footer-sml-layout":"","theme-transparent-header-meta":"","adv-header-id-meta":"","stick-header-meta":"","header-above-stick-meta":"","header-main-stick-meta":"","header-below-stick-meta":"","astra-migrate-meta-layouts":"default","ast-page-background-enabled":"default","ast-page-background-meta":{"desktop":{"background-color":"var(--ast-global-color-4)","background-image":"","background-repeat":"repeat","background-position":"center center","background-size":"auto","background-attachment":"scroll","background-type":"","background-media":"","overlay-type":"","overlay-color":"","overlay-opacity":"","overlay-gradient":""},"tablet":{"background-color":"","background-image":"","background-repeat":"repeat","background-position":"center center","background-size":"auto","background-attachment":"scroll","background-type":"","background-media":"","overlay-type":"","overlay-color":"","overlay-opacity":"","overlay-gradient":""},"mobile":{"background-color":"","background-image":"","background-repeat":"repeat","background-position":"center center","background-size":"auto","background-attachment":"scroll","background-type":"","background-media":"","overlay-type":"","overlay-color":"","overlay-opacity":"","overlay-gradient":""}},"ast-content-background-meta":{"desktop":{"background-color":"var(--ast-global-color-5)","background-image":"","background-repeat":"repeat","background-position":"center center","background-size":"auto","background-attachment":"scroll","background-type":"","background-media":"","overlay-type":"","overlay-color":"","overlay-opacity":"","overlay-gradient":""},"tablet":{"background-color":"var(--ast-global-color-5)","background-image":"","background-repeat":"repeat","background-position":"center center","background-size":"auto","background-attachment":"scroll","background-type":"","background-media":"","overlay-type":"","overlay-color":"","overlay-opacity":"","overlay-gradient":""},"mobile":{"background-color":"var(--ast-global-color-5)","background-image":"","background-repeat":"repeat","background-position":"center center","background-size":"auto","background-attachment":"scroll","background-type":"","background-media":"","overlay-type":"","overlay-color":"","overlay-opacity":"","overlay-gradient":""}},"footnotes":""},"class_list":["post-18070","page","type-page","status-publish","hentry"],"post_mailing_queue_ids":[],"_links":{"self":[{"href":"https:\/\/agora.xtec.cat\/ceip-lamonjoia\/wp-json\/wp\/v2\/pages\/18070","targetHints":{"allow":["GET"]}}],"collection":[{"href":"https:\/\/agora.xtec.cat\/ceip-lamonjoia\/wp-json\/wp\/v2\/pages"}],"about":[{"href":"https:\/\/agora.xtec.cat\/ceip-lamonjoia\/wp-json\/wp\/v2\/types\/page"}],"author":[{"embeddable":true,"href":"https:\/\/agora.xtec.cat\/ceip-lamonjoia\/wp-json\/wp\/v2\/users\/3"}],"replies":[{"embeddable":true,"href":"https:\/\/agora.xtec.cat\/ceip-lamonjoia\/wp-json\/wp\/v2\/comments?post=18070"}],"version-history":[{"count":1,"href":"https:\/\/agora.xtec.cat\/ceip-lamonjoia\/wp-json\/wp\/v2\/pages\/18070\/revisions"}],"predecessor-version":[{"id":18071,"href":"https:\/\/agora.xtec.cat\/ceip-lamonjoia\/wp-json\/wp\/v2\/pages\/18070\/revisions\/18071"}],"up":[{"embeddable":true,"href":"https:\/\/agora.xtec.cat\/ceip-lamonjoia\/wp-json\/wp\/v2\/pages\/18045"}],"wp:attachment":[{"href":"https:\/\/agora.xtec.cat\/ceip-lamonjoia\/wp-json\/wp\/v2\/media?parent=18070"}],"curies":[{"name":"wp","href":"https:\/\/api.w.org\/{rel}","templated":true}]}}