{"id":18060,"date":"2021-05-10T16:17:25","date_gmt":"2021-05-10T14:17:25","guid":{"rendered":"http:\/\/agora.xtec.cat\/ceip-lamonjoia\/?page_id=18060"},"modified":"2021-05-10T16:20:38","modified_gmt":"2021-05-10T14:20:38","slug":"qui-son-membres-de-lafa","status":"publish","type":"page","link":"https:\/\/agora.xtec.cat\/ceip-lamonjoia\/afa\/qui-son-membres-de-lafa\/","title":{"rendered":"Qui s\u00f3n membres de l\u2019AFA?"},"content":{"rendered":"<p><span style=\"font-weight: 400;\">Des de l\u2019assemblea general del dia 21 de setembre de 2018 L\u2019AFA La Monjoia queda constitu\u00efda de la seg\u00fcent manera:<\/span><\/p>\n<p><span style=\"font-weight: 400;\">\u00a0<\/span><b>Presidenta<\/b><span style=\"font-weight: 400;\">: Cristina Vil\u00e0<\/span><\/p>\n<p><b>Tresorera<\/b><span style=\"font-weight: 400;\">: Anna Deg\u00e8s<\/span><\/p>\n<p><b>Secret\u00e0ria<\/b><span style=\"font-weight: 400;\">: N\u00faria Verd\u00fa<\/span><\/p>\n<p><b>Vocals<\/b><span style=\"font-weight: 400;\">:\u00a0<\/span><\/p>\n<p><span style=\"font-weight: 400;\">Rosa Garcia<\/span><\/p>\n<p><span style=\"font-weight: 400;\">Xevi Company<\/span><\/p>\n<p><span style=\"font-weight: 400;\">Jacint Camps<\/span><\/p>\n<p><span style=\"font-weight: 400;\">Meritxell Vilaseca<\/span><\/p>\n","protected":false},"excerpt":{"rendered":"<p>Des de l\u2019assemblea general del dia 21 de setembre de 2018 L\u2019AFA La Monjoia queda constitu\u00efda de la seg\u00fcent manera: \u00a0Presidenta: Cristina Vil\u00e0 Tresorera: Anna Deg\u00e8s Secret\u00e0ria: N\u00faria Verd\u00fa Vocals:\u00a0 Rosa Garcia Xevi Company Jacint Camps Meritxell Vilaseca<\/p>\n","protected":false},"author":3,"featured_media":0,"parent":18045,"menu_order":2,"comment_status":"closed","ping_status":"closed","template":"page-templates\/side-menu.php","meta":{"_bbp_topic_count":0,"_bbp_reply_count":0,"_bbp_total_topic_count":0,"_bbp_total_reply_count":0,"_bbp_voice_count":0,"_bbp_anonymous_reply_count":0,"_bbp_topic_count_hidden":0,"_bbp_reply_count_hidden":0,"_bbp_forum_subforum_count":0,"site-sidebar-layout":"default","site-content-layout":"","ast-site-content-layout":"","site-content-style":"default","site-sidebar-style":"default","ast-global-header-display":"","ast-banner-title-visibility":"","ast-main-header-display":"","ast-hfb-above-header-display":"","ast-hfb-below-header-display":"","ast-hfb-mobile-header-display":"","site-post-title":"","ast-breadcrumbs-content":"","ast-featured-img":"","footer-sml-layout":"","theme-transparent-header-meta":"","adv-header-id-meta":"","stick-header-meta":"","header-above-stick-meta":"","header-main-stick-meta":"","header-below-stick-meta":"","astra-migrate-meta-layouts":"default","ast-page-background-enabled":"default","ast-page-background-meta":{"desktop":{"background-color":"var(--ast-global-color-4)","background-image":"","background-repeat":"repeat","background-position":"center center","background-size":"auto","background-attachment":"scroll","background-type":"","background-media":"","overlay-type":"","overlay-color":"","overlay-opacity":"","overlay-gradient":""},"tablet":{"background-color":"","background-image":"","background-repeat":"repeat","background-position":"center center","background-size":"auto","background-attachment":"scroll","background-type":"","background-media":"","overlay-type":"","overlay-color":"","overlay-opacity":"","overlay-gradient":""},"mobile":{"background-color":"","background-image":"","background-repeat":"repeat","background-position":"center center","background-size":"auto","background-attachment":"scroll","background-type":"","background-media":"","overlay-type":"","overlay-color":"","overlay-opacity":"","overlay-gradient":""}},"ast-content-background-meta":{"desktop":{"background-color":"var(--ast-global-color-5)","background-image":"","background-repeat":"repeat","background-position":"center center","background-size":"auto","background-attachment":"scroll","background-type":"","background-media":"","overlay-type":"","overlay-color":"","overlay-opacity":"","overlay-gradient":""},"tablet":{"background-color":"var(--ast-global-color-5)","background-image":"","background-repeat":"repeat","background-position":"center center","background-size":"auto","background-attachment":"scroll","background-type":"","background-media":"","overlay-type":"","overlay-color":"","overlay-opacity":"","overlay-gradient":""},"mobile":{"background-color":"var(--ast-global-color-5)","background-image":"","background-repeat":"repeat","background-position":"center center","background-size":"auto","background-attachment":"scroll","background-type":"","background-media":"","overlay-type":"","overlay-color":"","overlay-opacity":"","overlay-gradient":""}},"footnotes":""},"class_list":["post-18060","page","type-page","status-publish","hentry"],"post_mailing_queue_ids":[],"_links":{"self":[{"href":"https:\/\/agora.xtec.cat\/ceip-lamonjoia\/wp-json\/wp\/v2\/pages\/18060","targetHints":{"allow":["GET"]}}],"collection":[{"href":"https:\/\/agora.xtec.cat\/ceip-lamonjoia\/wp-json\/wp\/v2\/pages"}],"about":[{"href":"https:\/\/agora.xtec.cat\/ceip-lamonjoia\/wp-json\/wp\/v2\/types\/page"}],"author":[{"embeddable":true,"href":"https:\/\/agora.xtec.cat\/ceip-lamonjoia\/wp-json\/wp\/v2\/users\/3"}],"replies":[{"embeddable":true,"href":"https:\/\/agora.xtec.cat\/ceip-lamonjoia\/wp-json\/wp\/v2\/comments?post=18060"}],"version-history":[{"count":3,"href":"https:\/\/agora.xtec.cat\/ceip-lamonjoia\/wp-json\/wp\/v2\/pages\/18060\/revisions"}],"predecessor-version":[{"id":18065,"href":"https:\/\/agora.xtec.cat\/ceip-lamonjoia\/wp-json\/wp\/v2\/pages\/18060\/revisions\/18065"}],"up":[{"embeddable":true,"href":"https:\/\/agora.xtec.cat\/ceip-lamonjoia\/wp-json\/wp\/v2\/pages\/18045"}],"wp:attachment":[{"href":"https:\/\/agora.xtec.cat\/ceip-lamonjoia\/wp-json\/wp\/v2\/media?parent=18060"}],"curies":[{"name":"wp","href":"https:\/\/api.w.org\/{rel}","templated":true}]}}