{"id":18056,"date":"2021-05-10T10:53:01","date_gmt":"2021-05-10T08:53:01","guid":{"rendered":"http:\/\/agora.xtec.cat\/ceip-lamonjoia\/?page_id=18056"},"modified":"2024-02-02T19:14:50","modified_gmt":"2024-02-02T18:14:50","slug":"que-es-lafa","status":"publish","type":"page","link":"https:\/\/agora.xtec.cat\/ceip-lamonjoia\/afa\/que-es-lafa\/","title":{"rendered":"Qu\u00e8 \u00e9s l&#8217;AFA?"},"content":{"rendered":"<p><span style=\"font-weight: 400;\">L\u2019AFA La Monjoia \u00e9s una associaci\u00f3 de fam\u00edlies dins l\u2019escola. Creiem que \u00e9s fonamental la seva participaci\u00f3 dins l\u2019escola per l\u2019educaci\u00f3 dels nostres fills i filles.<\/span><\/p>\n<p><span style=\"font-weight: 400;\">\u00c9s una entitat sense \u00e0nim de lucre.<\/span><\/p>\n<p><span style=\"font-weight: 400;\">L\u2019AFA la Monjoia est\u00e0 associada a la FAPAC (Federaci\u00f3 d\u2019associacions de mares i pares de Catalunya)<\/span><\/p>\n<p><span style=\"font-weight: 400;\">Val a dir que no \u00e9s obligat\u00f2ria formar-hi part, per\u00f2 des del nostre punt de vista creiem molt recomanable formar part de la vida escolar dels nostres fills i filles.<\/span><\/p>\n","protected":false},"excerpt":{"rendered":"<p>L\u2019AFA La Monjoia \u00e9s una associaci\u00f3 de fam\u00edlies dins l\u2019escola. Creiem que \u00e9s fonamental la seva participaci\u00f3 dins l\u2019escola per l\u2019educaci\u00f3 dels nostres fills i filles. \u00c9s una entitat sense \u00e0nim de lucre. L\u2019AFA la Monjoia est\u00e0 associada a la FAPAC (Federaci\u00f3 d\u2019associacions de mares i pares de Catalunya) Val a dir que no \u00e9s [&hellip;]<\/p>\n","protected":false},"author":3,"featured_media":0,"parent":18045,"menu_order":1,"comment_status":"closed","ping_status":"closed","template":"page-templates\/side-menu.php","meta":{"_bbp_topic_count":0,"_bbp_reply_count":0,"_bbp_total_topic_count":0,"_bbp_total_reply_count":0,"_bbp_voice_count":0,"_bbp_anonymous_reply_count":0,"_bbp_topic_count_hidden":0,"_bbp_reply_count_hidden":0,"_bbp_forum_subforum_count":0,"site-sidebar-layout":"default","site-content-layout":"","ast-site-content-layout":"","site-content-style":"default","site-sidebar-style":"default","ast-global-header-display":"","ast-banner-title-visibility":"","ast-main-header-display":"","ast-hfb-above-header-display":"","ast-hfb-below-header-display":"","ast-hfb-mobile-header-display":"","site-post-title":"","ast-breadcrumbs-content":"","ast-featured-img":"","footer-sml-layout":"","theme-transparent-header-meta":"","adv-header-id-meta":"","stick-header-meta":"","header-above-stick-meta":"","header-main-stick-meta":"","header-below-stick-meta":"","astra-migrate-meta-layouts":"default","ast-page-background-enabled":"default","ast-page-background-meta":{"desktop":{"background-color":"var(--ast-global-color-4)","background-image":"","background-repeat":"repeat","background-position":"center center","background-size":"auto","background-attachment":"scroll","background-type":"","background-media":"","overlay-type":"","overlay-color":"","overlay-opacity":"","overlay-gradient":""},"tablet":{"background-color":"","background-image":"","background-repeat":"repeat","background-position":"center center","background-size":"auto","background-attachment":"scroll","background-type":"","background-media":"","overlay-type":"","overlay-color":"","overlay-opacity":"","overlay-gradient":""},"mobile":{"background-color":"","background-image":"","background-repeat":"repeat","background-position":"center center","background-size":"auto","background-attachment":"scroll","background-type":"","background-media":"","overlay-type":"","overlay-color":"","overlay-opacity":"","overlay-gradient":""}},"ast-content-background-meta":{"desktop":{"background-color":"var(--ast-global-color-5)","background-image":"","background-repeat":"repeat","background-position":"center center","background-size":"auto","background-attachment":"scroll","background-type":"","background-media":"","overlay-type":"","overlay-color":"","overlay-opacity":"","overlay-gradient":""},"tablet":{"background-color":"var(--ast-global-color-5)","background-image":"","background-repeat":"repeat","background-position":"center center","background-size":"auto","background-attachment":"scroll","background-type":"","background-media":"","overlay-type":"","overlay-color":"","overlay-opacity":"","overlay-gradient":""},"mobile":{"background-color":"var(--ast-global-color-5)","background-image":"","background-repeat":"repeat","background-position":"center center","background-size":"auto","background-attachment":"scroll","background-type":"","background-media":"","overlay-type":"","overlay-color":"","overlay-opacity":"","overlay-gradient":""}},"footnotes":""},"class_list":["post-18056","page","type-page","status-publish","hentry"],"post_mailing_queue_ids":[],"_links":{"self":[{"href":"https:\/\/agora.xtec.cat\/ceip-lamonjoia\/wp-json\/wp\/v2\/pages\/18056","targetHints":{"allow":["GET"]}}],"collection":[{"href":"https:\/\/agora.xtec.cat\/ceip-lamonjoia\/wp-json\/wp\/v2\/pages"}],"about":[{"href":"https:\/\/agora.xtec.cat\/ceip-lamonjoia\/wp-json\/wp\/v2\/types\/page"}],"author":[{"embeddable":true,"href":"https:\/\/agora.xtec.cat\/ceip-lamonjoia\/wp-json\/wp\/v2\/users\/3"}],"replies":[{"embeddable":true,"href":"https:\/\/agora.xtec.cat\/ceip-lamonjoia\/wp-json\/wp\/v2\/comments?post=18056"}],"version-history":[{"count":2,"href":"https:\/\/agora.xtec.cat\/ceip-lamonjoia\/wp-json\/wp\/v2\/pages\/18056\/revisions"}],"predecessor-version":[{"id":18058,"href":"https:\/\/agora.xtec.cat\/ceip-lamonjoia\/wp-json\/wp\/v2\/pages\/18056\/revisions\/18058"}],"up":[{"embeddable":true,"href":"https:\/\/agora.xtec.cat\/ceip-lamonjoia\/wp-json\/wp\/v2\/pages\/18045"}],"wp:attachment":[{"href":"https:\/\/agora.xtec.cat\/ceip-lamonjoia\/wp-json\/wp\/v2\/media?parent=18056"}],"curies":[{"name":"wp","href":"https:\/\/api.w.org\/{rel}","templated":true}]}}