{"id":84,"date":"2014-09-18T14:11:31","date_gmt":"2014-09-18T13:11:31","guid":{"rendered":"http:\/\/agora.xtec.cat\/ceip-lalzina\/?page_id=84"},"modified":"2025-03-13T13:30:26","modified_gmt":"2025-03-13T12:30:26","slug":"activitats-extraescolars","status":"publish","type":"page","link":"https:\/\/agora.xtec.cat\/ceip-lalzina\/serveis\/activitats-extraescolars\/","title":{"rendered":"Activitats extraescolars"},"content":{"rendered":"<p>Per al curs 2022\/23 oferim les seg\u00fcents activitats extraescolars:<\/p>\n<div>&#8211; Angl\u00e8s, amb <strong><span style=\"color: #0000ff;\">Cati Barcel\u00f3 Acad\u00e8mia<\/span><\/strong><\/div>\n<div><\/div>\n<div>\n<div>&#8211; Dibuix, amb <span style=\"color: #0000ff;\"><strong>Mun Casades\u00fas<\/strong><\/span>.<\/div>\n<div><\/div>\n<\/div>\n<div>\n<div>&#8211; Nataci\u00f3, amb el <strong><span style=\"color: #0000ff;\">Club Nataci\u00f3 Molins de Rei.<\/span><\/strong><\/div>\n<\/div>\n<div>\n<div><\/div>\n<\/div>\n<div>&#8211; Rob\u00f2tica, amb <strong><span style=\"color: #0000ff;\">Scratch\u00a0Barcelona.\u00a0<\/span><\/strong><\/div>\n<div><\/div>\n<div><\/div>\n<p>Si esteu interessants o voleu fer alguna observaci\u00f3, poseu-vos en contacte al correu electr\u00f2nic extraescolars.afa.alzina@gmail.com<\/p>\n","protected":false},"excerpt":{"rendered":"<p>Per al curs 2022\/23 oferim les seg\u00fcents activitats extraescolars:<br \/>\n&#8211; Angl\u00e8s, amb Cati Barcel\u00f3 Acad\u00e8mia<\/p>\n<p>&#8211; Dibuix, amb Mun Casades\u00fas.<\/p>\n<p>&#8211; Nataci\u00f3, amb el Club Nataci\u00f3 Molins de Rei.<\/p>\n<p>&#8211; Rob\u00f2tica, amb Scratch\u00a0Barcelona.\u00a0<\/p>\n<p>Si esteu interessants o voleu fer alguna observaci\u00f3, poseu-vos en contacte al correu electr\u00f2nic extraescolars.afa.alzina@gmail.com<\/p>\n","protected":false},"author":1,"featured_media":0,"parent":66,"menu_order":33,"comment_status":"closed","ping_status":"closed","template":"page-templates\/side-menu.php","meta":{"_bbp_topic_count":0,"_bbp_reply_count":0,"_bbp_total_topic_count":0,"_bbp_total_reply_count":0,"_bbp_voice_count":0,"_bbp_anonymous_reply_count":0,"_bbp_topic_count_hidden":0,"_bbp_reply_count_hidden":0,"_bbp_forum_subforum_count":0,"footnotes":""},"class_list":["post-84","page","type-page","status-publish","hentry"],"post_mailing_queue_ids":[],"_links":{"self":[{"href":"https:\/\/agora.xtec.cat\/ceip-lalzina\/wp-json\/wp\/v2\/pages\/84","targetHints":{"allow":["GET"]}}],"collection":[{"href":"https:\/\/agora.xtec.cat\/ceip-lalzina\/wp-json\/wp\/v2\/pages"}],"about":[{"href":"https:\/\/agora.xtec.cat\/ceip-lalzina\/wp-json\/wp\/v2\/types\/page"}],"author":[{"embeddable":true,"href":"https:\/\/agora.xtec.cat\/ceip-lalzina\/wp-json\/wp\/v2\/users\/1"}],"replies":[{"embeddable":true,"href":"https:\/\/agora.xtec.cat\/ceip-lalzina\/wp-json\/wp\/v2\/comments?post=84"}],"version-history":[{"count":5,"href":"https:\/\/agora.xtec.cat\/ceip-lalzina\/wp-json\/wp\/v2\/pages\/84\/revisions"}],"predecessor-version":[{"id":7388,"href":"https:\/\/agora.xtec.cat\/ceip-lalzina\/wp-json\/wp\/v2\/pages\/84\/revisions\/7388"}],"up":[{"embeddable":true,"href":"https:\/\/agora.xtec.cat\/ceip-lalzina\/wp-json\/wp\/v2\/pages\/66"}],"wp:attachment":[{"href":"https:\/\/agora.xtec.cat\/ceip-lalzina\/wp-json\/wp\/v2\/media?parent=84"}],"curies":[{"name":"wp","href":"https:\/\/api.w.org\/{rel}","templated":true}]}}