{"id":77,"date":"2014-09-18T14:05:08","date_gmt":"2014-09-18T13:05:08","guid":{"rendered":"http:\/\/agora.xtec.cat\/ceip-lalzina\/?page_id=77"},"modified":"2022-02-02T09:50:55","modified_gmt":"2022-02-02T08:50:55","slug":"acollida","status":"publish","type":"page","link":"https:\/\/agora.xtec.cat\/ceip-lalzina\/serveis\/acollida\/","title":{"rendered":"Acollida"},"content":{"rendered":"<h4>SAM (Servei d&#8217;Acollida Matinal)<\/h4>\n<p>Obert a tothom<\/p>\n<table style=\"height: 202px;\" width=\"724\">\n<tbody>\n<tr>\n<td style=\"width: 225px;\"><strong>Activitat<\/strong><\/td>\n<td style=\"width: 191px;\"><strong>Horari<\/strong><\/td>\n<td style=\"width: 109px; text-align: center;\"><strong>Preu fix<\/strong><\/td>\n<td style=\"width: 187px; text-align: center;\"><strong>Preu espor\u00e0dic<\/strong><\/td>\n<\/tr>\n<tr>\n<td style=\"width: 225px;\">Acollida mat\u00ed<\/td>\n<td style=\"width: 191px;\">07:45 a 09:00h<\/td>\n<td style=\"text-align: center; width: 109px;\">39\u20ac<\/td>\n<td style=\"text-align: center; width: 187px;\">4\u20ac<\/td>\n<\/tr>\n<tr>\n<td style=\"width: 225px;\">Acollida mat\u00ed<\/td>\n<td style=\"width: 191px;\">08:00 a 09:00h<\/td>\n<td style=\"text-align: center; width: 109px;\">33\u20ac<\/td>\n<td style=\"text-align: center; width: 187px;\">4\u20ac<\/td>\n<\/tr>\n<tr>\n<td style=\"width: 225px;\">Acollida mat\u00ed<\/td>\n<td style=\"width: 191px;\">08:30 a 09:00h<\/td>\n<td style=\"text-align: center; width: 109px;\">19\u20ac<\/td>\n<td style=\"text-align: center; width: 187px;\">2\u20ac<\/td>\n<\/tr>\n<\/tbody>\n<\/table>\n<p>&nbsp;<\/p>\n<p style=\"text-align: justify;\"><strong>DESENVOLUPAMENT DEL SERVEI<\/strong><br \/>\nL\u2019entrada per a les acollides de mat\u00ed ser\u00e0 per la porta d\u2019entrada al menjador, caldr\u00e0 que piqueu al timbre i una de les monitores us obrir\u00e0 la porta i recollir\u00e0 l\u2019infant.<br \/>\n<span style=\"font-weight: 400;\">Caldr\u00e0 que els infants portin l\u2019emorzar en una bosseta de roba di\u00e0riament, i aquesta tornar\u00e0 amb la motxilla de l\u2019escola a la tarda. No es permetr\u00e0 deixar esmorzars a l\u2019escola per m\u00e9s d\u2019un dia per motius de seguretat aliment\u00e0ria.\u00a0<\/span><\/p>\n<p><strong>CONTACTE<\/strong><br \/>\nPer poder contactar amb l\u2019equip de monitores de l\u2019acollida, podeu posar\u2010vos en contacte\u00a0 a trav\u00e9s del tel\u00e8fon:<\/p>\n<p>722 58 34 80 o correu electr\u00f2nic: menjador.alzina@doblevia.coop \/ <a href=\"mailto:menjador.ampaalzina@gmail.com\" target=\"_blank\" rel=\"noopener noreferrer\"><span class=\"il\">menjador<\/span>.afa.alzina@<wbr \/>gmail.com<\/a><\/p>\n","protected":false},"excerpt":{"rendered":"<p>SAM (Servei d&#8217;Acollida Matinal)<br \/>\nObert a tothom<\/p>\n<p>Activitat<br \/>\nHorari<br \/>\nPreu fix<br \/>\nPreu espor\u00e0dic<\/p>\n<p>Acollida mat\u00ed<br \/>\n07:45 a 09:00h<br \/>\n39\u20ac<br \/>\n4\u20ac<\/p>\n<p>Acollida mat\u00ed<br \/>\n08:00 a 09:00h<br \/>\n33\u20ac<br \/>\n4\u20ac<\/p>\n<p>Acollida mat\u00ed<br \/>\n08:30 a 09:00h<br \/>\n19\u20ac<br \/>\n2\u20ac<\/p>\n<p>&nbsp;<br \/>\nDESENVOLUPAMENT DEL SERVEI<br \/>\nL\u2019entrada per a les acollides de mat\u00ed ser\u00e0 per la porta d\u2019entrada al menjador, caldr\u00e0 que piqueu al timbre i una de les monitores us obrir\u00e0 la&hellip;  <a href=\"https:\/\/agora.xtec.cat\/ceip-lalzina\/serveis\/acollida\/\" title=\"Read Acollida\">Llegeix m\u00e9s\u00bb<\/a><\/p>\n","protected":false},"author":1,"featured_media":0,"parent":66,"menu_order":31,"comment_status":"closed","ping_status":"closed","template":"page-templates\/side-menu.php","meta":{"_bbp_topic_count":0,"_bbp_reply_count":0,"_bbp_total_topic_count":0,"_bbp_total_reply_count":0,"_bbp_voice_count":0,"_bbp_anonymous_reply_count":0,"_bbp_topic_count_hidden":0,"_bbp_reply_count_hidden":0,"_bbp_forum_subforum_count":0,"footnotes":""},"class_list":["post-77","page","type-page","status-publish","hentry"],"post_mailing_queue_ids":[],"_links":{"self":[{"href":"https:\/\/agora.xtec.cat\/ceip-lalzina\/wp-json\/wp\/v2\/pages\/77","targetHints":{"allow":["GET"]}}],"collection":[{"href":"https:\/\/agora.xtec.cat\/ceip-lalzina\/wp-json\/wp\/v2\/pages"}],"about":[{"href":"https:\/\/agora.xtec.cat\/ceip-lalzina\/wp-json\/wp\/v2\/types\/page"}],"author":[{"embeddable":true,"href":"https:\/\/agora.xtec.cat\/ceip-lalzina\/wp-json\/wp\/v2\/users\/1"}],"replies":[{"embeddable":true,"href":"https:\/\/agora.xtec.cat\/ceip-lalzina\/wp-json\/wp\/v2\/comments?post=77"}],"version-history":[{"count":3,"href":"https:\/\/agora.xtec.cat\/ceip-lalzina\/wp-json\/wp\/v2\/pages\/77\/revisions"}],"predecessor-version":[{"id":6536,"href":"https:\/\/agora.xtec.cat\/ceip-lalzina\/wp-json\/wp\/v2\/pages\/77\/revisions\/6536"}],"up":[{"embeddable":true,"href":"https:\/\/agora.xtec.cat\/ceip-lalzina\/wp-json\/wp\/v2\/pages\/66"}],"wp:attachment":[{"href":"https:\/\/agora.xtec.cat\/ceip-lalzina\/wp-json\/wp\/v2\/media?parent=77"}],"curies":[{"name":"wp","href":"https:\/\/api.w.org\/{rel}","templated":true}]}}