{"id":5728,"date":"2021-01-25T19:07:42","date_gmt":"2021-01-25T18:07:42","guid":{"rendered":"http:\/\/agora.xtec.cat\/ceip-lalzina\/?page_id=5728"},"modified":"2021-01-25T20:30:40","modified_gmt":"2021-01-25T19:30:40","slug":"llacos-dinclusio","status":"publish","type":"page","link":"https:\/\/agora.xtec.cat\/ceip-lalzina\/llacos-dinclusio\/","title":{"rendered":"Lla\u00e7os d&#8217;inclusi\u00f3"},"content":{"rendered":"<p>L&#8217;any 2016 l&#8217;escola va iniciar un vincle especial amb el centre ocupacional Taller Alba (Acosu), centre proper a la nostra escola.<\/p>\n<p><a href=\"https:\/\/acosu.org\/\" target=\"_blank\" rel=\"noopener noreferrer\"><img loading=\"lazy\" decoding=\"async\" class=\"aligncenter size-medium wp-image-5739\" src=\"https:\/\/agora.xtec.cat\/ceip-lalzina\/wp-content\/uploads\/usu1412\/2021\/01\/unnamed-300x225.jpg\" alt=\"\" width=\"300\" height=\"225\" srcset=\"https:\/\/agora.xtec.cat\/ceip-lalzina\/wp-content\/uploads\/usu1412\/2021\/01\/unnamed-300x225.jpg 300w, https:\/\/agora.xtec.cat\/ceip-lalzina\/wp-content\/uploads\/usu1412\/2021\/01\/unnamed-200x150.jpg 200w, https:\/\/agora.xtec.cat\/ceip-lalzina\/wp-content\/uploads\/usu1412\/2021\/01\/unnamed.jpg 512w\" sizes=\"auto, (max-width: 300px) 100vw, 300px\" \/><\/a><\/p>\n<p style=\"text-align: justify;\">Durant aquests cursos hem anat compartint experi\u00e8ncies, duent a terme activitats i tallers conjunts, aprenent els uns dels altres i vivint bons moments plegats. A poc a poc, aquest vincle ha anat creixent, i amb el pas del temps, s&#8217;ha convertit en un projecte consolidat que hem anomenat <strong><em>Lla\u00e7os d&#8217;inclusi\u00f3<\/em><\/strong>. Un projecte que sorgeix arran de la necessitat de normalitzar el col\u00b7lectiu de residents de la vila amb discapacitat intel\u00b7lectual, intentant trencar les estereot\u00edpies i els prejudicis. Segons Pere Pujol\u00e0s (2004: 15) \u201c<em>la inclusi\u00f3 \u00e9s m\u00e9s que un m\u00e8tode, \u00e9s una forma de <\/em><em>viure que afavoreix el creixement de l\u2019alumnat en una forma de vida basada en els valors de la conviv\u00e8ncia, de l\u2019acceptaci\u00f3 i el respecte per les difer\u00e8ncies i la cooperaci\u00f3<\/em>\u201d. \u00c9s per aix\u00f2, que per aprendre a viure i conviure tot i les diferencies que poden existir, han d\u2019aprendre junts, en un mateix context.<\/p>\n","protected":false},"excerpt":{"rendered":"<p>L&#8217;any 2016 l&#8217;escola va iniciar un vincle especial amb el centre ocupacional Taller Alba (Acosu), centre proper a la nostra escola.<br \/>\n<a href=\"https:\/\/acosu.org\/\" target=\"_blank\" rel=\"noopener noreferrer\"><\/a><br \/>\nDurant aquests cursos hem anat compartint experi\u00e8ncies, duent a terme activitats i tallers conjunts, aprenent els uns dels altres i vivint&hellip;  <a href=\"https:\/\/agora.xtec.cat\/ceip-lalzina\/llacos-dinclusio\/\" title=\"Read Lla\u00e7os d&#8217;inclusi\u00f3\">Llegeix m\u00e9s\u00bb<\/a><\/p>\n","protected":false},"author":1,"featured_media":0,"parent":0,"menu_order":0,"comment_status":"closed","ping_status":"closed","template":"","meta":{"_bbp_topic_count":0,"_bbp_reply_count":0,"_bbp_total_topic_count":0,"_bbp_total_reply_count":0,"_bbp_voice_count":0,"_bbp_anonymous_reply_count":0,"_bbp_topic_count_hidden":0,"_bbp_reply_count_hidden":0,"_bbp_forum_subforum_count":0,"footnotes":""},"class_list":["post-5728","page","type-page","status-publish","hentry"],"post_mailing_queue_ids":[],"_links":{"self":[{"href":"https:\/\/agora.xtec.cat\/ceip-lalzina\/wp-json\/wp\/v2\/pages\/5728","targetHints":{"allow":["GET"]}}],"collection":[{"href":"https:\/\/agora.xtec.cat\/ceip-lalzina\/wp-json\/wp\/v2\/pages"}],"about":[{"href":"https:\/\/agora.xtec.cat\/ceip-lalzina\/wp-json\/wp\/v2\/types\/page"}],"author":[{"embeddable":true,"href":"https:\/\/agora.xtec.cat\/ceip-lalzina\/wp-json\/wp\/v2\/users\/1"}],"replies":[{"embeddable":true,"href":"https:\/\/agora.xtec.cat\/ceip-lalzina\/wp-json\/wp\/v2\/comments?post=5728"}],"version-history":[{"count":3,"href":"https:\/\/agora.xtec.cat\/ceip-lalzina\/wp-json\/wp\/v2\/pages\/5728\/revisions"}],"predecessor-version":[{"id":5741,"href":"https:\/\/agora.xtec.cat\/ceip-lalzina\/wp-json\/wp\/v2\/pages\/5728\/revisions\/5741"}],"wp:attachment":[{"href":"https:\/\/agora.xtec.cat\/ceip-lalzina\/wp-json\/wp\/v2\/media?parent=5728"}],"curies":[{"name":"wp","href":"https:\/\/api.w.org\/{rel}","templated":true}]}}