{"id":26,"date":"2014-09-18T12:24:32","date_gmt":"2014-09-18T11:24:32","guid":{"rendered":"http:\/\/agora.xtec.cat\/ceip-lalzina\/?page_id=26"},"modified":"2022-02-03T08:39:24","modified_gmt":"2022-02-03T07:39:24","slug":"historia","status":"publish","type":"page","link":"https:\/\/agora.xtec.cat\/ceip-lalzina\/lescola\/historia\/","title":{"rendered":"Hist\u00f2ria"},"content":{"rendered":"<p>La nostra escola va n\u00e9ixer per poder escolaritzar la creixent poblaci\u00f3 infantil dels anys 60 que &#8220;els col.legis nacionals&#8221; del poble ja no podien absorbir. El 13 de setembre de 1964 es va posar la primera pedra del que seria la segona escola p\u00fablica de Molins de Rei. El 27 de setembre de 1966, el Governador Civil de Barcelona, Tom\u00e1s Garicano Go\u00f1i inaugurava les noves instal\u00b7lacions del que seria la AGRUPACI\u00d3N MIXTA GUAL VILLALB\u00cd.<\/p>\n<p>En aquell temps l&#8217;escola era als afores del poble, al costat de les \u00faltimes cases i entre ametllers, vinyes i ermots. Els &#8220;Don i Do\u00f1a&#8221; havien de vetllar amb pocs recursos per l&#8217;educaci\u00f3 d&#8217;aquells nois i noies que ara, molts, s\u00f3n pares i mares dels actuals alumnes.<\/p>\n<p>Pares i mestres feien una pinya i davant de la falta de recursos i instal\u00b7lacions s&#8217;unien esfor\u00e7os per fer coses necess\u00e0ries com ara la construcci\u00f3 d&#8217;unes grades al pati. L&#8217;escola es quedava petita i aviat va venir una primera ampliaci\u00f3 on en van encabir els alumnes d&#8217;educaci\u00f3 infantil i primer i segon. Ens van asfaltar el pati i quan plovia no ens enfang\u00e0vem i quan no plovia no qued\u00e0vem empolsats.<\/p>\n<p><img loading=\"lazy\" decoding=\"async\" class=\"aligncenter wp-image-478 \" src=\"http:\/\/agora.xtec.cat\/ceip-lalzina\/wp-content\/uploads\/usu1412\/2014\/09\/hist01.jpg\" width=\"296\" height=\"209\" \/><\/p>\n<p>El 1985 marca un punt de canvi al nostre centre. Despr\u00e9s d&#8217;haver-se constitu\u00eft el curs 1983-84 en escola catalana, en aquest any es formalitza el canvi de nom per tal de desvincular el centre de qualsevol connotaci\u00f3 de temps passats i enfilar amb noves mires els cursos a venir. Es va canviar el nom de Gual Villab\u00ed, ministre franquista, pel de L&#8217;ALZINA, arbre que amb el pi havia regnat en aquells territoris que ara ocupava l&#8217;escola.<\/p>\n<p>El 1993 s&#8217;inicien les obres d&#8217;ampliaci\u00f3 de l&#8217;escola. Les obres van durar dos anys i mentrestant tot era provisional. El pati se&#8217;ns enxiquia ocupat per la grua, ferros, taulons, sacs de ciment i altre material de construcci\u00f3, i els sorolls i la pols eren companys habituals de feina.<\/p>\n<p>Els m\u00e9s grans (set\u00e8 i vuit\u00e8) van haver d&#8217;anar a dos aularis que la Generalitat va instal.lar al pati de l&#8217;escola taller Alba. Quan les obres ja estaven gaireb\u00e9 acabades, el President Pujol ens va fer una visita, i finalment, al febrer del 95, va ser inaugurada pel Conseller d&#8217;Ensenyament, Sr. Pujals.<\/p>\n<p>Les noves instal.lacions ens van permetre disposar d&#8217;una nova aula de P-3, una sala de jocs, una nova biblioteca, una aula d&#8217;inform\u00e0tica, un laboratori, secretaria i despatx de direcci\u00f3, sala de mestres, gimn\u00e0s, menjador i dos patis: un d&#8217;infantil i un altre de prim\u00e0ria amb unes grades. Aviat vam omplir l&#8217;aula d&#8217;inform\u00e0tica amb els ordinadors, els gimn\u00e0s de material i la biblioteca de llibres.<\/p>\n<p><img loading=\"lazy\" decoding=\"async\" class=\"aligncenter size-full wp-image-480\" src=\"http:\/\/agora.xtec.cat\/ceip-lalzina\/wp-content\/uploads\/usu1412\/2014\/09\/hist02.jpg\" alt=\"hist02\" width=\"271\" height=\"204\" srcset=\"https:\/\/agora.xtec.cat\/ceip-lalzina\/wp-content\/uploads\/usu1412\/2014\/09\/hist02.jpg 271w, https:\/\/agora.xtec.cat\/ceip-lalzina\/wp-content\/uploads\/usu1412\/2014\/09\/hist02-200x150.jpg 200w\" sizes=\"auto, (max-width: 271px) 100vw, 271px\" \/><\/p>\n<p>El curs 1996-1997 vam comen\u00e7ar a liderar un dels primers Projecte Comenius amb l&#8217;escola Marikainstein Scholl de Lohtaja (Finlandia) i la Escuela B\u00e1sica do 1o Ciclo de Sao Vicente a Madeira (Portugal) amb el t\u00edtol &#8220;Educaci\u00f3 Nutricional a Europa&#8221;. Aquest Projecte ens va permetre con\u00e8ixer i treballar amb altres mestres i alumnes entorn a l&#8217;alimentaci\u00f3 i la nutrici\u00f3 durant tres cursos. El projecte va acabar amb la publicaci\u00f3 d&#8217;un llibre en catal\u00e0, espanyol, angl\u00e8s i portugu\u00e8s, de t\u00edtol &#8220;Chefs &amp; Gourmets&#8221;.<\/p>\n<p>En el curs 1998-1999 la nostra escola rep el Premi Baldiri Reixac &#8220;pel comprom\u00eds del professorat, personal no docent, pares i alumnes per dur a terme un projecte educatiu de qualitat, amb la participaci\u00f3 en projectes europeus d&#8217;intercanvi d&#8217;experi\u00e8ncies, i amb l&#8217;organitzaci\u00f3 d&#8217;activitats com ara teatre, concerts, etc, oberts al poble en un ambient d&#8217;harmonia entre la comunitat escolar&#8221;.<\/p>\n<p>El curs 1999-2000 vam comen\u00e7ar a treballar la psicomotricitat al parvulari seguint el m\u00e8tode Aucouturier, que permet treballar a partir del moviment i de forma global i en un \u00fanic espai i moment els aspectes motors, afectius, socials i mentals. En aquesta \u00e8poca s&#8217;inicia la llengua anglesa a 1r de Prim\u00e0ria.<\/p>\n<p><img loading=\"lazy\" decoding=\"async\" class=\"aligncenter size-full wp-image-481\" src=\"http:\/\/agora.xtec.cat\/ceip-lalzina\/wp-content\/uploads\/usu1412\/2014\/09\/hist03.jpg\" alt=\"hist03\" width=\"194\" height=\"249\" \/><\/p>\n<p>En el curs 2000-2001 es posa en marxa l&#8217;aula d&#8217;idiomes i s&#8217;inicia el pr\u00e9stec de llibres de la biblioteca de centre. Aquest any tamb\u00e9 vam comprar un piano per a l&#8217;aula de m\u00fasica.<\/p>\n<p>A partir del curs 2001-2002 es va comen\u00e7ar a fer servir de forma sistem\u00e0tica en tots els nivells els ordinadors en el proc\u00e9s d&#8217;ensenyament-aprenentatge i es va generalitzar el pr\u00e9stec de llibres a l&#8217;alumnat.<\/p>\n<p>En el curs 2002-2003 iniciem el Projecte Orator amb l&#8217;objectiu de potenciar la llengua anglesa, comencen a posar en marxa protocols interns per detectar i valorar dificultats d&#8217;aprenentatge en l&#8217;alumnat i es consoliden les activitats d&#8217;animaci\u00f3 a la lectura.<\/p>\n<p>En el curs 2003-2004 s&#8217;instal.len els primers ordinadors a les aules i es sistematitza el treball d&#8217;h\u00e0bits personals, d&#8217;ordre i treball.<\/p>\n<p>En el curs 2004-2005 s&#8217;inicia el programa de socialitzaci\u00f3 de llibres de text i s&#8217;intensifica el treball de motivaci\u00f3 envers la lectura.<\/p>\n<p>En el curs 2005-2006 comencem a fer les activitats de padrinatge entre l&#8217;alumnat de diferents edats de l&#8217;escola, s&#8217;avan\u00e7a la introducci\u00f3 de la llengua anglesa a P-5 i s&#8217;aprofundeix en l&#8217;ensenyament-aprenentatge del c\u00e0lcul mental i tamb\u00e9 es crea la segona aula d&#8217;inform\u00e0tica al centre.<\/p>\n<p><img loading=\"lazy\" decoding=\"async\" class=\"aligncenter size-full wp-image-482\" src=\"http:\/\/agora.xtec.cat\/ceip-lalzina\/wp-content\/uploads\/usu1412\/2014\/09\/hist04.jpg\" alt=\"hist04\" width=\"243\" height=\"184\" srcset=\"https:\/\/agora.xtec.cat\/ceip-lalzina\/wp-content\/uploads\/usu1412\/2014\/09\/hist04.jpg 243w, https:\/\/agora.xtec.cat\/ceip-lalzina\/wp-content\/uploads\/usu1412\/2014\/09\/hist04-200x150.jpg 200w\" sizes=\"auto, (max-width: 243px) 100vw, 243px\" \/><\/p>\n<p>En el curs 2006-2007 es fan les obres de remodelaci\u00f3 del menjador i la cuina. A partir d&#8217;ara el centre compta amb cuina in situ. Encetem el projecte d&#8217;innovaci\u00f3 educativa en Educaci\u00f3 Mediambiental i s&#8217;inicia la implantaci\u00f3 de la sisena hora a prim\u00e0ria.<\/p>\n<p>En el curs 2007-2008 comen\u00e7arem un projecte de motivaci\u00f3 envers la lectura i dinamitzaci\u00f3 de la biblioteca escolar que implica a tot l&#8217;alumnat de l&#8217;escola i a les seves fam\u00edlies. Tamb\u00e9 s&#8217;inicia el Projecte d&#8217;Innovaci\u00f3 Educativa en llengua anglesa. La llengua anglesa s&#8217;avan\u00e7a a P-4 i es comen\u00e7a a utilitzar en les activitats quotidianes com una llengua m\u00e9s. A Prim\u00e0ria s&#8217;incrementen el nombre d&#8217;hores de llengua anglesa per treballar l&#8217;expressi\u00f3 oral.<\/p>\n<p>En el curs 2008-2009 es continuen desenvolupant els projectes iniciats el curs anterior i s&#8217;aprova el pla d&#8217;acci\u00f3 tutorial. Aquest curs s&#8217;inicia la col.laboraci\u00f3 amb la Creu Roja donant a con\u00e8ixer els seus programes i participant en les seves activitats.<\/p>\n<p>En el curs 2009-2010 l&#8217;escola participa en el Congr\u00e9s de Practiques Educatives Innovadores del Baix Llobregat. El Comit\u00e8 cient\u00edfic del Congr\u00e9s va seleccionar com a innovadores tres activitat que f\u00e8iem a la nostra escola. Aquest mateix curs la nostra escola va comen\u00e7ar a formar part de la xarxa d&#8217;Escoles Verdes de Catalunya. Aquest curs, tamb\u00e9, s&#8217;instal.len les primeres pissarres digitals.<\/p>\n<p>En el curs 2010-2011 s&#8217;inicia el segon Projecte d&#8217;Innovaci\u00f3 en Llengua Anglesa per incrementar el seu \u00fas a nivell oral a Prim\u00e0ria. Es renova el projecte de conviv\u00e8ncia i s&#8217;incrementa el nombre de pissarres digitals a les aules.<\/p>\n<p><img loading=\"lazy\" decoding=\"async\" class=\"aligncenter size-full wp-image-484\" src=\"http:\/\/agora.xtec.cat\/ceip-lalzina\/wp-content\/uploads\/usu1412\/2014\/09\/hist05.jpg\" alt=\"hist05\" width=\"188\" height=\"242\" \/><\/p>\n<p>En el curs 2011-2012 emprenem les accions encaminades a aprofundir en el treball d&#8217;expressi\u00f3 escrita a partir de les tipologies textuals. Aquest curs la nostra escola va estar seleccionada per iniciar el Pla d&#8217;Impuls a la Lectura que el Departament d&#8217;Ensenyament volia implementar a tota Catalunya. Iniciem l&#8217;activitat de 15 minuts lectura al mat\u00ed a Cicle Inicial per afavorir el gust per la lectura. L&#8217;escola comen\u00e7a a participar en el Pla de consum de fruita a les escoles. S&#8217;instal.len ventiladors a les aules per mantenir controlada la temperatura del seu interior durant els mesos de m\u00e9s insolaci\u00f3 de la fa\u00e7ana i la teulada.<\/p>\n<p>En el curs 2012-2013 es continua aprofundint en els diferents \u00e0mbits del Pla d&#8217;Impuls a la Lectura i en el desenvolupament d&#8217;estrat\u00e8gies per incrementar en l&#8217;alumnat la valoraci\u00f3 de l&#8217;esfor\u00e7, l&#8217;ordre, el gust per la feina ben feta, la responsabilitat i l&#8217;autonomia en l&#8217;aprenentatge. L&#8217;escola participa en la investigaci\u00f3 iniciada per la Fundaci\u00f3 Thao que t\u00e9 per objectiu estudiar i prevenir l&#8217;obesitat infantil. Aquest mateix curs es duu a terme l&#8217;enjardinament del pati de l&#8217;escola finan\u00e7at per l&#8217;AMPA i que ha consistit en crear una barrera vegetal amb arbres i arbustos que donin ombra a la fa\u00e7ana i permetin nous espais de joc.<\/p>\n<p><img loading=\"lazy\" decoding=\"async\" class=\"aligncenter size-full wp-image-485\" src=\"http:\/\/agora.xtec.cat\/ceip-lalzina\/wp-content\/uploads\/usu1412\/2014\/09\/hist06.jpg\" alt=\"hist06\" width=\"222\" height=\"169\" \/><\/p>\n<p>En el curs 2013-2014 s&#8217;estan consolidant les actuacions relacionades amb la lectura i la comprensi\u00f3 lectora, l&#8217;autonomia i iniciativa personal de l&#8217;alumnat i l&#8217;expressi\u00f3 escrita. Tamb\u00e9 s&#8217;ha comen\u00e7at a aplicar de forma experimental el m\u00e8tode &#8220;Ortografia sense esfor\u00e7&#8221; de Daniel Gabarr\u00f3 per millorar l&#8217;ortografia entrenant la mem\u00f2ria visual de l&#8217;alumnat.<\/p>\n<p>El 2016 celebrem el nostre 50\u00e8 aniversari enmig d\u2019una nova etapa de canvis en el centre, amb l\u2019objectiu de mirar al futur i unir esfor\u00e7os entre tots els membres de la nostra comunitat per encarar els nous temps.<\/p>\n<p>En el curs 2017-2018 hem sistematitzat el treball de Projectes, Espais i Tallers. Hem organitzat\u00a0 i augmentat les activitats amb l\u2019Escola Taller Alba, fent de la col\u00b7laboraci\u00f3 amb ells una l\u00ednia b\u00e0sica del nostre Projecte d\u2019Escola, que va de petits a grans.<\/p>\n<p>En aquests darrers cursos l\u2019escola ha continuat amb un proc\u00e9s de transformaci\u00f3, i s\u2019han sistematitzat els Projectes, Espais i Tallers a l\u2019Etapa Infantil. Es treballa el medi per projectes i encarem l\u2019educaci\u00f3 amb una mirada m\u00e9s activa. Instaurem el treball de les matem\u00e0tiques manipulatives a Infantil i Prim\u00e0ria afavorint un aprenentatge vivencial i m\u00e9s competencial.<\/p>\n<p>L\u2019educaci\u00f3 emocional \u00e9s un pilar fonamental a l\u2019escola i el centre aposta per fer un treball de les emocions, s\u2019impulsen les tutories individuals i de grup, les assemblees, el mindfulness&#8230; S\u2019estrenyen lligams amb entitats i centres de la vila i afavorim la participaci\u00f3 de les fam\u00edlies a l\u2019escola, entenent que l\u2019educaci\u00f3 va m\u00e9s enll\u00e0 de l\u2019aula, de l\u2019alumnat i el mestre.<\/p>\n<p>El curs 2020-21 les col\u00f2nies es consoliden des del curs d\u2019EI 5 fins a 6\u00e8 de Prim\u00e0ria i el Departament ens reconeix un Projecte d\u2019Innovaci\u00f3 amb el Taller Alba: \u201cLla\u00e7os d\u2019inclusi\u00f3\u201d.<\/p>\n<p>&nbsp;<\/p>\n","protected":false},"excerpt":{"rendered":"<p>La nostra escola va n\u00e9ixer per poder escolaritzar la creixent poblaci\u00f3 infantil dels anys 60 que &#8220;els col.legis nacionals&#8221; del poble ja no podien absorbir. El 13 de setembre de 1964 es va posar la primera pedra del que seria la segona escola p\u00fablica de&hellip;  <a href=\"https:\/\/agora.xtec.cat\/ceip-lalzina\/lescola\/historia\/\" title=\"Read Hist\u00f2ria\">Llegeix m\u00e9s\u00bb<\/a><\/p>\n","protected":false},"author":1,"featured_media":0,"parent":22,"menu_order":2,"comment_status":"closed","ping_status":"closed","template":"page-templates\/side-menu.php","meta":{"_bbp_topic_count":0,"_bbp_reply_count":0,"_bbp_total_topic_count":0,"_bbp_total_reply_count":0,"_bbp_voice_count":0,"_bbp_anonymous_reply_count":0,"_bbp_topic_count_hidden":0,"_bbp_reply_count_hidden":0,"_bbp_forum_subforum_count":0,"footnotes":""},"class_list":["post-26","page","type-page","status-publish","hentry"],"post_mailing_queue_ids":[],"_links":{"self":[{"href":"https:\/\/agora.xtec.cat\/ceip-lalzina\/wp-json\/wp\/v2\/pages\/26","targetHints":{"allow":["GET"]}}],"collection":[{"href":"https:\/\/agora.xtec.cat\/ceip-lalzina\/wp-json\/wp\/v2\/pages"}],"about":[{"href":"https:\/\/agora.xtec.cat\/ceip-lalzina\/wp-json\/wp\/v2\/types\/page"}],"author":[{"embeddable":true,"href":"https:\/\/agora.xtec.cat\/ceip-lalzina\/wp-json\/wp\/v2\/users\/1"}],"replies":[{"embeddable":true,"href":"https:\/\/agora.xtec.cat\/ceip-lalzina\/wp-json\/wp\/v2\/comments?post=26"}],"version-history":[{"count":4,"href":"https:\/\/agora.xtec.cat\/ceip-lalzina\/wp-json\/wp\/v2\/pages\/26\/revisions"}],"predecessor-version":[{"id":6555,"href":"https:\/\/agora.xtec.cat\/ceip-lalzina\/wp-json\/wp\/v2\/pages\/26\/revisions\/6555"}],"up":[{"embeddable":true,"href":"https:\/\/agora.xtec.cat\/ceip-lalzina\/wp-json\/wp\/v2\/pages\/22"}],"wp:attachment":[{"href":"https:\/\/agora.xtec.cat\/ceip-lalzina\/wp-json\/wp\/v2\/media?parent=26"}],"curies":[{"name":"wp","href":"https:\/\/api.w.org\/{rel}","templated":true}]}}