{"id":22,"date":"2014-09-18T12:19:57","date_gmt":"2014-09-18T11:19:57","guid":{"rendered":"http:\/\/agora.xtec.cat\/ceip-lalzina\/?page_id=22"},"modified":"2022-02-02T10:16:48","modified_gmt":"2022-02-02T09:16:48","slug":"lescola","status":"publish","type":"page","link":"https:\/\/agora.xtec.cat\/ceip-lalzina\/lescola\/","title":{"rendered":"L&#8217;ESCOLA"},"content":{"rendered":"<p style=\"text-align: justify;\">La nostra Escola forma part d\u2019una realitat educativa que t\u00e9 com a marc de refer\u00e8ncia l\u2019Escola P\u00fablica. En aquest marc ideol\u00f2gic i legal desenvolupa la seva activitat.<\/p>\n<p style=\"text-align: justify;\">A l\u2019Escola l\u2019Alzina ens identifiquem com un centre que vol proporcionar una <strong>educaci\u00f3 integral<\/strong> al seu alumnat i desenvolupar al m\u00e0xim les seves capacitats i la seva personalitat.<\/p>\n<p style=\"text-align: justify;\">Som una Escola <strong>oberta i plural<\/strong>, on entenem la diversitat com un aspecte que s\u2019ha de potenciar i tenir-ne cura per tal que tots els infants s\u2019hi sentin acollits. Per aix\u00f2 treballem per aconseguir la <strong>inclusi\u00f3<\/strong> de tot l\u2019alumnat, vetllant perqu\u00e8 tothom pugui participar d\u2019un entorn educatiu compartit.<\/p>\n<p style=\"text-align: justify;\"><strong>Diversifiquem metodologies<\/strong> i fem projectes, ambients, espais de lliure circulaci\u00f3, tallers, treball interdisciplinar, padrinatge&#8230; Apostem per un treball transversal on encabim les tecnologies, el treball en equip, l\u2019autonomia, l\u2019esperit cr\u00edtic, el treball dels valors, l\u2019adquisici\u00f3 de les compet\u00e8ncies&#8230; per despertar en els infants el gust per aprendre, experimentar i poder apropar-nos, aix\u00ed, a les necessitats de cadasc\u00fa i fer una educaci\u00f3 m\u00e9s personalitzada respectant els diferents <strong>ritmes d\u2019aprenentatge<\/strong>.<\/p>\n<p style=\"text-align: justify;\">La <strong>comunicaci\u00f3<\/strong> \u00e9s fonamental per relacionar-nos i tamb\u00e9 per poder accedir als coneixements, i per aix\u00f2 <strong>parlar, llegir i escriure<\/strong> tenen una gran import\u00e0ncia en el nostre dia a dia, en el qual proposem activitats significatives on el nostre alumnat pugui experimentar i posar en pr\u00e0ctica les tres lleng\u00fces que s\u2019imparteixen al centre.<\/p>\n<p style=\"text-align: justify;\">Estem compromesos amb el respecte i la conservaci\u00f3 del medi ambient i un model de desenvolupament sostenible, i per aix\u00f2 estem dins la xarxa d\u2019<strong>Escoles Verdes<\/strong> i participem en el Projecte de <strong>Socialitzaci\u00f3 de Llibres<\/strong> <strong>de Text.<\/strong><\/p>\n<p style=\"text-align: justify;\">Som una Escola familiar on hi ha un <strong>bon clima de conviv\u00e8ncia<\/strong>, on les activitats cooperatives entre l\u2019alumnat de diferents cursos (padrinatge, tallers, sortides, col\u00f2nies a final de cicle, celebracions&#8230;) formen part del nostre dia a dia. Creiem que una bona<strong> educaci\u00f3 emocional<\/strong> i una <strong>acci\u00f3 tutorial<\/strong> intensa afavoreix el benestar dels nostres nens i nenes, assentant les bases per poder relacionar-se amb els altres i assolir millor els aprenentatges.<\/p>\n<p style=\"text-align: justify;\">Les <strong>fam\u00edlies<\/strong> s\u00f3n una pe\u00e7a clau dins el nostre projecte d\u2019escola, i alumnes, pares i mestres treballem plegats dia a dia.\u00a0 Obrim l\u2019escola en les celebracions, les fam\u00edlies participen en tallers i activitats d\u2019aula, en xerrades, l\u2019AMPA organitza activitats&#8230;<\/p>\n<p style=\"text-align: justify;\">Som una Escola <strong>oberta a la comunitat educativa i al nostre entorn<\/strong>, que prepara el seu alumnat per a l\u2019exercici d\u2019una ciutadania responsable, participant activament en la vida social, fomentant habilitats per al di\u00e0leg i la resoluci\u00f3 pac\u00edfica de conflictes, per tal d\u2019adaptar-se i fer front als continus reptes i situacions que la societat actual planteja.<\/p>\n<p style=\"text-align: justify;\">\n","protected":false},"excerpt":{"rendered":"<p>La nostra Escola forma part d\u2019una realitat educativa que t\u00e9 com a marc de refer\u00e8ncia l\u2019Escola P\u00fablica. En aquest marc ideol\u00f2gic i legal desenvolupa la seva activitat.<br \/>\nA l\u2019Escola l\u2019Alzina ens identifiquem com un centre que vol proporcionar una educaci\u00f3 integral al seu alumnat i desenvolupar&hellip;  <a href=\"https:\/\/agora.xtec.cat\/ceip-lalzina\/lescola\/\" title=\"Read L&#8217;ESCOLA\">Llegeix m\u00e9s\u00bb<\/a><\/p>\n","protected":false},"author":1,"featured_media":0,"parent":0,"menu_order":0,"comment_status":"closed","ping_status":"closed","template":"page-templates\/side-menu.php","meta":{"_bbp_topic_count":0,"_bbp_reply_count":0,"_bbp_total_topic_count":0,"_bbp_total_reply_count":0,"_bbp_voice_count":0,"_bbp_anonymous_reply_count":0,"_bbp_topic_count_hidden":0,"_bbp_reply_count_hidden":0,"_bbp_forum_subforum_count":0,"footnotes":""},"class_list":["post-22","page","type-page","status-publish","hentry"],"post_mailing_queue_ids":[],"_links":{"self":[{"href":"https:\/\/agora.xtec.cat\/ceip-lalzina\/wp-json\/wp\/v2\/pages\/22","targetHints":{"allow":["GET"]}}],"collection":[{"href":"https:\/\/agora.xtec.cat\/ceip-lalzina\/wp-json\/wp\/v2\/pages"}],"about":[{"href":"https:\/\/agora.xtec.cat\/ceip-lalzina\/wp-json\/wp\/v2\/types\/page"}],"author":[{"embeddable":true,"href":"https:\/\/agora.xtec.cat\/ceip-lalzina\/wp-json\/wp\/v2\/users\/1"}],"replies":[{"embeddable":true,"href":"https:\/\/agora.xtec.cat\/ceip-lalzina\/wp-json\/wp\/v2\/comments?post=22"}],"version-history":[{"count":4,"href":"https:\/\/agora.xtec.cat\/ceip-lalzina\/wp-json\/wp\/v2\/pages\/22\/revisions"}],"predecessor-version":[{"id":6545,"href":"https:\/\/agora.xtec.cat\/ceip-lalzina\/wp-json\/wp\/v2\/pages\/22\/revisions\/6545"}],"wp:attachment":[{"href":"https:\/\/agora.xtec.cat\/ceip-lalzina\/wp-json\/wp\/v2\/media?parent=22"}],"curies":[{"name":"wp","href":"https:\/\/api.w.org\/{rel}","templated":true}]}}