{"id":1228,"date":"2017-02-17T22:29:29","date_gmt":"2017-02-17T21:29:29","guid":{"rendered":"http:\/\/agora.xtec.cat\/ceip-lalzina\/?page_id=1228"},"modified":"2022-02-02T10:17:43","modified_gmt":"2022-02-02T09:17:43","slug":"com-treballem","status":"publish","type":"page","link":"https:\/\/agora.xtec.cat\/ceip-lalzina\/com-treballem\/","title":{"rendered":"COM TREBALLEM"},"content":{"rendered":"<p>Les diferents etapes educatives s&#8217;organitzen d&#8217;acord a uns criteris pedag\u00f2gics i metodol\u00f2gics propis, segons les caracter\u00edstiques evolutives dels infants.<\/p>\n","protected":false},"excerpt":{"rendered":"<p>Les diferents etapes educatives s&#8217;organitzen d&#8217;acord a uns criteris pedag\u00f2gics i metodol\u00f2gics propis, segons les caracter\u00edstiques evolutives dels infants.<\/p>\n","protected":false},"author":1,"featured_media":0,"parent":0,"menu_order":20,"comment_status":"closed","ping_status":"closed","template":"page-templates\/side-menu.php","meta":{"_bbp_topic_count":0,"_bbp_reply_count":0,"_bbp_total_topic_count":0,"_bbp_total_reply_count":0,"_bbp_voice_count":0,"_bbp_anonymous_reply_count":0,"_bbp_topic_count_hidden":0,"_bbp_reply_count_hidden":0,"_bbp_forum_subforum_count":0,"footnotes":""},"class_list":["post-1228","page","type-page","status-publish","hentry"],"post_mailing_queue_ids":[],"_links":{"self":[{"href":"https:\/\/agora.xtec.cat\/ceip-lalzina\/wp-json\/wp\/v2\/pages\/1228","targetHints":{"allow":["GET"]}}],"collection":[{"href":"https:\/\/agora.xtec.cat\/ceip-lalzina\/wp-json\/wp\/v2\/pages"}],"about":[{"href":"https:\/\/agora.xtec.cat\/ceip-lalzina\/wp-json\/wp\/v2\/types\/page"}],"author":[{"embeddable":true,"href":"https:\/\/agora.xtec.cat\/ceip-lalzina\/wp-json\/wp\/v2\/users\/1"}],"replies":[{"embeddable":true,"href":"https:\/\/agora.xtec.cat\/ceip-lalzina\/wp-json\/wp\/v2\/comments?post=1228"}],"version-history":[{"count":4,"href":"https:\/\/agora.xtec.cat\/ceip-lalzina\/wp-json\/wp\/v2\/pages\/1228\/revisions"}],"predecessor-version":[{"id":6547,"href":"https:\/\/agora.xtec.cat\/ceip-lalzina\/wp-json\/wp\/v2\/pages\/1228\/revisions\/6547"}],"wp:attachment":[{"href":"https:\/\/agora.xtec.cat\/ceip-lalzina\/wp-json\/wp\/v2\/media?parent=1228"}],"curies":[{"name":"wp","href":"https:\/\/api.w.org\/{rel}","templated":true}]}}