{"id":1183,"date":"2017-02-11T00:21:27","date_gmt":"2017-02-10T23:21:27","guid":{"rendered":"http:\/\/agora.xtec.cat\/ceip-lalzina\/?page_id=1183"},"modified":"2019-02-17T15:45:25","modified_gmt":"2019-02-17T14:45:25","slug":"cicle-inicial","status":"publish","type":"page","link":"https:\/\/agora.xtec.cat\/ceip-lalzina\/cicle-inicial\/","title":{"rendered":"Cicle Inicial"},"content":{"rendered":"\r\n\t<div class=\"slideshow_container slideshow_container_style-light\" style=\"height: 400px; \" data-slideshow-id=\"1308\" data-style-name=\"style-light\" data-style-version=\"2.3.1\" >\r\n\r\n\t\t\t\t\t<div class=\"slideshow_loading_icon\"><\/div>\r\n\t\t\r\n\t\t<div class=\"slideshow_content\" style=\"display: none;\">\r\n\r\n\t\t\t<div class=\"slideshow_view\">\r\n\t\t\t\t<div class=\"slideshow_slide slideshow_slide_image\">\r\n\t\t\t\t\t\t\t\t\t\t\t<img src=\"https:\/\/agora.xtec.cat\/ceip-lalzina\/wp-content\/uploads\/usu1412\/2018\/02\/IMG_0850.jpg\" alt=\"IMG_0850\" width=\"640\" height=\"357\" \/>\r\n\t\t\t\t\t\t\t\t\t\t<div class=\"slideshow_description_box slideshow_transparent\">\r\n\t\t\t\t\t\t<div class=\"slideshow_title\">IMG_0850<\/div>\t\t\t\t\t\t\t\t\t\t\t<\/div>\r\n\t\t\t\t<\/div>\r\n\r\n\t\t\t\t\t\t<div style=\"clear: both;\"><\/div><\/div><div class=\"slideshow_view\">\r\n\t\t\t\t<div class=\"slideshow_slide slideshow_slide_image\">\r\n\t\t\t\t\t\t\t\t\t\t\t<img src=\"https:\/\/agora.xtec.cat\/ceip-lalzina\/wp-content\/uploads\/usu1412\/2018\/02\/13-1.jpg\" alt=\"13\" width=\"640\" height=\"448\" \/>\r\n\t\t\t\t\t\t\t\t\t\t<div class=\"slideshow_description_box slideshow_transparent\">\r\n\t\t\t\t\t\t<div class=\"slideshow_title\">13<\/div>\t\t\t\t\t\t\t\t\t\t\t<\/div>\r\n\t\t\t\t<\/div>\r\n\r\n\t\t\t\t\t\t<div style=\"clear: both;\"><\/div><\/div><div class=\"slideshow_view\">\r\n\t\t\t\t<div class=\"slideshow_slide slideshow_slide_image\">\r\n\t\t\t\t\t\t\t\t\t\t\t<img src=\"https:\/\/agora.xtec.cat\/ceip-lalzina\/wp-content\/uploads\/usu1412\/2018\/02\/P1100726.jpg\" alt=\"P1100726\" width=\"2560\" height=\"1920\" \/>\r\n\t\t\t\t\t\t\t\t\t\t<div class=\"slideshow_description_box slideshow_transparent\">\r\n\t\t\t\t\t\t<div class=\"slideshow_title\">P1100726<\/div>\t\t\t\t\t\t\t\t\t\t\t<\/div>\r\n\t\t\t\t<\/div>\r\n\r\n\t\t\t\t\t\t<div style=\"clear: both;\"><\/div><\/div><div class=\"slideshow_view\">\r\n\t\t\t\t<div class=\"slideshow_slide slideshow_slide_image\">\r\n\t\t\t\t\t\t\t\t\t\t\t<img src=\"https:\/\/agora.xtec.cat\/ceip-lalzina\/wp-content\/uploads\/usu1412\/2017\/02\/ini_10.jpg\" alt=\"ini_10\" width=\"640\" height=\"480\" \/>\r\n\t\t\t\t\t\t\t\t\t\t<div class=\"slideshow_description_box slideshow_transparent\">\r\n\t\t\t\t\t\t<div class=\"slideshow_title\">ini_10<\/div>\t\t\t\t\t\t\t\t\t\t\t<\/div>\r\n\t\t\t\t<\/div>\r\n\r\n\t\t\t\t\t\t<div style=\"clear: both;\"><\/div><\/div><div class=\"slideshow_view\">\r\n\t\t\t\t<div class=\"slideshow_slide slideshow_slide_image\">\r\n\t\t\t\t\t\t\t\t\t\t\t<img src=\"https:\/\/agora.xtec.cat\/ceip-lalzina\/wp-content\/uploads\/usu1412\/2017\/02\/ini_9.jpg\" alt=\"ini_9\" width=\"640\" height=\"480\" \/>\r\n\t\t\t\t\t\t\t\t\t\t<div class=\"slideshow_description_box slideshow_transparent\">\r\n\t\t\t\t\t\t<div class=\"slideshow_title\">ini_9<\/div>\t\t\t\t\t\t\t\t\t\t\t<\/div>\r\n\t\t\t\t<\/div>\r\n\r\n\t\t\t\t\t\t<div style=\"clear: both;\"><\/div><\/div><div class=\"slideshow_view\">\r\n\t\t\t\t<div class=\"slideshow_slide slideshow_slide_image\">\r\n\t\t\t\t\t\t\t\t\t\t\t<img src=\"https:\/\/agora.xtec.cat\/ceip-lalzina\/wp-content\/uploads\/usu1412\/2017\/02\/ini_8.jpg\" alt=\"ini_8\" width=\"640\" height=\"480\" \/>\r\n\t\t\t\t\t\t\t\t\t\t<div class=\"slideshow_description_box slideshow_transparent\">\r\n\t\t\t\t\t\t<div class=\"slideshow_title\">ini_8<\/div>\t\t\t\t\t\t\t\t\t\t\t<\/div>\r\n\t\t\t\t<\/div>\r\n\r\n\t\t\t\t\t\t<div style=\"clear: both;\"><\/div><\/div><div class=\"slideshow_view\">\r\n\t\t\t\t<div class=\"slideshow_slide slideshow_slide_image\">\r\n\t\t\t\t\t\t\t\t\t\t\t<img src=\"https:\/\/agora.xtec.cat\/ceip-lalzina\/wp-content\/uploads\/usu1412\/2017\/02\/ini_7.jpg\" alt=\"ini_7\" width=\"4224\" height=\"3168\" \/>\r\n\t\t\t\t\t\t\t\t\t\t<div class=\"slideshow_description_box slideshow_transparent\">\r\n\t\t\t\t\t\t<div class=\"slideshow_title\">ini_7<\/div>\t\t\t\t\t\t\t\t\t\t\t<\/div>\r\n\t\t\t\t<\/div>\r\n\r\n\t\t\t\t\t\t<div style=\"clear: both;\"><\/div><\/div><div class=\"slideshow_view\">\r\n\t\t\t\t<div class=\"slideshow_slide slideshow_slide_image\">\r\n\t\t\t\t\t\t\t\t\t\t\t<img src=\"https:\/\/agora.xtec.cat\/ceip-lalzina\/wp-content\/uploads\/usu1412\/2017\/02\/ini_6.jpg\" alt=\"ini_6\" width=\"640\" height=\"480\" \/>\r\n\t\t\t\t\t\t\t\t\t\t<div class=\"slideshow_description_box slideshow_transparent\">\r\n\t\t\t\t\t\t<div class=\"slideshow_title\">ini_6<\/div>\t\t\t\t\t\t\t\t\t\t\t<\/div>\r\n\t\t\t\t<\/div>\r\n\r\n\t\t\t\t\t\t<div style=\"clear: both;\"><\/div><\/div><div class=\"slideshow_view\">\r\n\t\t\t\t<div class=\"slideshow_slide slideshow_slide_image\">\r\n\t\t\t\t\t\t\t\t\t\t\t<img src=\"https:\/\/agora.xtec.cat\/ceip-lalzina\/wp-content\/uploads\/usu1412\/2017\/02\/ini_3.jpg\" alt=\"ini_3\" width=\"4618\" height=\"3464\" \/>\r\n\t\t\t\t\t\t\t\t\t\t<div class=\"slideshow_description_box slideshow_transparent\">\r\n\t\t\t\t\t\t<div class=\"slideshow_title\">ini_3<\/div>\t\t\t\t\t\t\t\t\t\t\t<\/div>\r\n\t\t\t\t<\/div>\r\n\r\n\t\t\t\t\t\t<div style=\"clear: both;\"><\/div><\/div><div class=\"slideshow_view\">\r\n\t\t\t\t<div class=\"slideshow_slide slideshow_slide_image\">\r\n\t\t\t\t\t\t\t\t\t\t\t<img src=\"https:\/\/agora.xtec.cat\/ceip-lalzina\/wp-content\/uploads\/usu1412\/2017\/02\/ini_2.jpg\" alt=\"ini_2\" width=\"4618\" height=\"3464\" \/>\r\n\t\t\t\t\t\t\t\t\t\t<div class=\"slideshow_description_box slideshow_transparent\">\r\n\t\t\t\t\t\t<div class=\"slideshow_title\">ini_2<\/div>\t\t\t\t\t\t\t\t\t\t\t<\/div>\r\n\t\t\t\t<\/div>\r\n\r\n\t\t\t\t\t\t<div style=\"clear: both;\"><\/div><\/div><div class=\"slideshow_view\">\r\n\t\t\t\t<div class=\"slideshow_slide slideshow_slide_image\">\r\n\t\t\t\t\t\t\t\t\t\t\t<img src=\"https:\/\/agora.xtec.cat\/ceip-lalzina\/wp-content\/uploads\/usu1412\/2017\/02\/ini_1.jpg\" alt=\"ini_1\" width=\"4160\" height=\"3120\" \/>\r\n\t\t\t\t\t\t\t\t\t\t<div class=\"slideshow_description_box slideshow_transparent\">\r\n\t\t\t\t\t\t<div class=\"slideshow_title\">ini_1<\/div>\t\t\t\t\t\t\t\t\t\t\t<\/div>\r\n\t\t\t\t<\/div>\r\n\r\n\t\t\t\t\t\t<div style=\"clear: both;\"><\/div><\/div>\r\n\t\t<\/div>\r\n\r\n\t\t<div class=\"slideshow_controlPanel slideshow_transparent\" style=\"display: none;\"><ul><li class=\"slideshow_togglePlay\" data-play-text=\"Visualitza\" data-pause-text=\"Pausa\"><\/li><\/ul><\/div>\r\n\r\n\t\t<div class=\"slideshow_button slideshow_previous slideshow_transparent\" role=\"button\" data-previous-text=\"Anterior\" style=\"display: none;\"><\/div>\r\n\t\t<div class=\"slideshow_button slideshow_next slideshow_transparent\" role=\"button\" data-next-text=\"Seg\u00fcent\" style=\"display: none;\"><\/div>\r\n\r\n\t\t<div class=\"slideshow_pagination\" style=\"display: none;\" data-go-to-text=\"V\u00e9s a la diapositiva\"><div class=\"slideshow_pagination_center\"><\/div><\/div>\r\n\r\n\t\t<!-- WordPress Slideshow Version 2.3.1 -->\r\n\r\n\t\t\t<\/div>\r\n\r\n\n<p>&nbsp;<\/p>\n<p style=\"text-align: justify;\">Al Cicle Inicial de l\u2019Etapa Prim\u00e0ria es van adquirint els h\u00e0bits personals i de treball que permetran avan\u00e7ar en aquesta nova etapa de manera positiva.<\/p>\n<p style=\"text-align: justify;\">En aquest cicle es consolida \u00a0un dels eixos fonamentals \u00a0dels futurs aprenentatges: la lectoescriptura.<\/p>\n<p style=\"text-align: justify;\">Donem molta import\u00e0ncia a la lectura i afavorim que els nostres alumnes siguin uns bons lectors, gaudint de la lectura i aconseguint h\u00e0bits lectors. Ho fem a trav\u00e9s de lectures guiades, audicions preparat\u00f2ries, lectura en veu alta, \u00fas de la biblioteca de classe&#8230;<\/p>\n<p style=\"text-align: justify;\">Treballem tenint en compte les caracter\u00edstiques de cada alumne, potenciant\u00a0 i ajudant a desenvolupar tots els aspectes personals, cognitius i emocionals que faran que el nen o nena sigui capa\u00e7 de ser m\u00e9s aut\u00f2nom, responsable i competent en els diferents \u00e0mbits de la vida.<\/p>\n<p style=\"text-align: justify;\">Treballem relacionant les \u00a0diferents \u00e0rees de treball, amb continguts propers a la vida i als interessos dels alumnes, intentant aconseguir la construcci\u00f3 del seu pensament i la del \u00a0seu propi aprenentatge.<\/p>\n<p style=\"text-align: justify;\">Al llarg del Cicle Inicial emprem diferents metodologies de treball per tal de que cada alumne pugui assolir els continguts i desenvolupar el seu potencial, respectant els diferents ritmes personals de maduresa. Aix\u00ed treballem en racons, agrupaments redu\u00efts, grups desdoblats, intentant integrar el treball cooperatiu en el dia a dia de l\u2019escola, per tal de fomentar l\u2019ajut i la col\u00b7laboraci\u00f3 \u00a0entre l\u2019alumnat i en algunes activitats amb l\u2019ajut dels padrins.<\/p>\n<p style=\"text-align: justify;\">Al llarg del cicle treballem projectes per fomentar la recerca d\u2019informaci\u00f3, l\u2019autonomia i el treball en equip.<\/p>\n<p style=\"text-align: justify;\">L\u2019expressi\u00f3 art\u00edstica la treballem en tallers.<\/p>\n<p style=\"text-align: justify;\">A cada taller va un grup integrat per nens i nenes de primer i segon. Aquesta estrat\u00e8gia d\u2019ensenyament-aprenetatge permet que l\u2019alumnat conegui diferents t\u00e8cniques art\u00edstiques i a l\u2019hora enforteix les relacions entre alumnes de diferents cursos, afavorint la conviv\u00e8ncia i la creaci\u00f3 d\u2019un bon clima escolar.<\/p>\n<p style=\"text-align: justify;\">Fem sortides pedag\u00f2giques relacionades amb els continguts que estem treballant a\u00a0 l\u2019aula i que permeten con\u00e8ixer el medi natural, social i cultural que els envolta. Tamb\u00e9 realitzem\u00a0 visites i activitats relacionades amb el m\u00f3n de l\u2019art i la llengua anglesa. A segon realitzem una estada en una casa de col\u00f2nies.<\/p>\n<p style=\"text-align: justify;\">L\u2019alumnat de cicle inicial participa setmanalment en l\u2019activitat de piscina.<\/p>\n<ul>\n<li style=\"text-align: left;\"><a href=\"https:\/\/drive.google.com\/file\/d\/0B5NAoNMjDD3gUXVPM1d5dmZZdFE\/view?usp=sharing\" target=\"_blank\" rel=\"noopener noreferrer\">Criteris d&#8217;avaluaci\u00f3 de primer<\/a><\/li>\n<li style=\"text-align: left;\"><a href=\"https:\/\/drive.google.com\/file\/d\/0B5NAoNMjDD3gUXVPM1d5dmZZdFE\/view?usp=sharing\" target=\"_blank\" rel=\"noopener noreferrer\">Criteris d&#8217;avaluaci\u00f3 de segon<\/a><\/li>\n<\/ul>\n<p><a href=\"http:\/\/agora.xtec.cat\/ceip-lalzina\/categoria\/primaria\/ci\/\" target=\"_blank\" rel=\"noopener noreferrer\"><img loading=\"lazy\" decoding=\"async\" class=\"size-full wp-image-3175 aligncenter\" src=\"http:\/\/agora.xtec.cat\/ceip-lalzina\/wp-content\/uploads\/usu1412\/2018\/02\/CICLE-INICIAL_MODIFICAT.jpg\" alt=\"\" width=\"200\" height=\"151\" \/><\/a><\/p>\n","protected":false},"excerpt":{"rendered":"<p>\t\t\t\t\t\tIMG_0850\t\t\t\t\t\t\t\t\t\t\t<\/p>\n<p>\t\t\t\t\t\t13\t\t\t\t\t\t\t\t\t\t\t<\/p>\n<p>\t\t\t\t\t\tP1100726\t\t\t\t\t\t\t\t\t\t\t<\/p>\n<p>\t\t\t\t\t\tini_10\t\t\t\t\t\t\t\t\t\t\t<\/p>\n<p>\t\t\t\t\t\tini_9\t\t\t\t\t\t\t\t\t\t\t<\/p>\n<p>\t\t\t\t\t\tini_8\t\t\t\t\t\t\t\t\t\t\t<\/p>\n<p>\t\t\t\t\t\tini_7\t\t\t\t\t\t\t\t\t\t\t<\/p>\n<p>\t\t\t\t\t\tini_6\t\t\t\t\t\t\t\t\t\t\t<\/p>\n<p>\t\t\t\t\t\tini_3\t\t\t\t\t\t\t\t\t\t\t<\/p>\n<p>\t\t\t\t\t\tini_2\t\t\t\t\t\t\t\t\t\t\t<\/p>\n<p>\t\t\t\t\t\tini_1\t\t\t\t\t\t\t\t\t\t\t<\/p>\n<ul>\n<li class=\"slideshow_togglePlay\" data-play-text=\"Visualitza\" data-pause-text=\"Pausa\"><\/li>\n<\/ul>\n<p>&nbsp;<br \/>\nAl Cicle Inicial de l\u2019Etapa Prim\u00e0ria es van adquirint els h\u00e0bits personals i de treball que permetran avan\u00e7ar en aquesta nova etapa de manera positiva.<br \/>\nEn aquest cicle es consolida \u00a0un dels eixos fonamentals \u00a0dels futurs aprenentatges: la lectoescriptura.<br \/>\nDonem molta import\u00e0ncia a la&hellip;  <a href=\"https:\/\/agora.xtec.cat\/ceip-lalzina\/cicle-inicial\/\" title=\"Read Cicle Inicial\">Llegeix m\u00e9s\u00bb<\/a><\/p>\n","protected":false},"author":1,"featured_media":0,"parent":0,"menu_order":22,"comment_status":"closed","ping_status":"closed","template":"page-templates\/side-menu.php","meta":{"_bbp_topic_count":0,"_bbp_reply_count":0,"_bbp_total_topic_count":0,"_bbp_total_reply_count":0,"_bbp_voice_count":0,"_bbp_anonymous_reply_count":0,"_bbp_topic_count_hidden":0,"_bbp_reply_count_hidden":0,"_bbp_forum_subforum_count":0,"footnotes":""},"class_list":["post-1183","page","type-page","status-publish","hentry"],"post_mailing_queue_ids":[],"_links":{"self":[{"href":"https:\/\/agora.xtec.cat\/ceip-lalzina\/wp-json\/wp\/v2\/pages\/1183","targetHints":{"allow":["GET"]}}],"collection":[{"href":"https:\/\/agora.xtec.cat\/ceip-lalzina\/wp-json\/wp\/v2\/pages"}],"about":[{"href":"https:\/\/agora.xtec.cat\/ceip-lalzina\/wp-json\/wp\/v2\/types\/page"}],"author":[{"embeddable":true,"href":"https:\/\/agora.xtec.cat\/ceip-lalzina\/wp-json\/wp\/v2\/users\/1"}],"replies":[{"embeddable":true,"href":"https:\/\/agora.xtec.cat\/ceip-lalzina\/wp-json\/wp\/v2\/comments?post=1183"}],"version-history":[{"count":3,"href":"https:\/\/agora.xtec.cat\/ceip-lalzina\/wp-json\/wp\/v2\/pages\/1183\/revisions"}],"predecessor-version":[{"id":3188,"href":"https:\/\/agora.xtec.cat\/ceip-lalzina\/wp-json\/wp\/v2\/pages\/1183\/revisions\/3188"}],"wp:attachment":[{"href":"https:\/\/agora.xtec.cat\/ceip-lalzina\/wp-json\/wp\/v2\/media?parent=1183"}],"curies":[{"name":"wp","href":"https:\/\/api.w.org\/{rel}","templated":true}]}}