{"id":872,"date":"2018-10-30T16:37:30","date_gmt":"2018-10-30T15:37:30","guid":{"rendered":"http:\/\/agora.xtec.cat\/ceip-lalio\/?page_id=872"},"modified":"2025-03-12T10:32:02","modified_gmt":"2025-03-12T09:32:02","slug":"projecte-educatiu-i-altres-documents-de-centre","status":"publish","type":"page","link":"https:\/\/agora.xtec.cat\/ceip-lalio\/lescola\/projecte-educatiu-i-altres-documents-de-centre\/","title":{"rendered":"Projecte educatiu i altres documents de centre"},"content":{"rendered":"<p>Aqu\u00ed podeu consultar els principals documents de gesti\u00f3 i organitzaci\u00f3 del centre:<\/p>\n<p><span style=\"color: #008080;\"><strong><a style=\"color: #008080;\" href=\"https:\/\/agora.xtec.cat\/ceip-lalio\/wp-content\/uploads\/usu1803\/2020\/05\/PEC-abril-2018-1.pdf\" target=\"_blank\" rel=\"noopener noreferrer\">PEC\u00a0 (Projecte Educatiu de Centre)<\/a><\/strong><\/span><\/p>\n<p><span style=\"color: #008080;\"><strong><a style=\"color: #008080;\" href=\"https:\/\/agora.xtec.cat\/ceip-lalio\/wp-content\/uploads\/usu1803\/2019\/10\/curriculum-educacio-primaria.pdf\" target=\"_blank\" rel=\"noopener noreferrer\">CURR\u00cdCULUM EDUCACI\u00d3 PRIM\u00c0RIA<\/a><\/strong><\/span><\/p>\n<p><span style=\"color: #008080;\"><strong><a style=\"color: #008080;\" href=\"https:\/\/drive.google.com\/file\/d\/1XU268mRJAyXBT4n1DkIRYMpVDNl2MDcK\/view?usp=sharing\">NOFC LA LI\u00d3 Normes d&#8217;Organitzaci\u00f3 i Funcionament del centre<\/a><\/strong><\/span><\/p>\n<p><span style=\"color: #008080;\"><strong><a style=\"color: #008080;\" href=\"https:\/\/agora.xtec.cat\/ceip-lalio\/wp-content\/uploads\/usu1803\/2021\/07\/PROJECTE-LING\u00dc\u00cdSTIC-definitiu-curs-20-21.pdf\" target=\"_blank\" rel=\"noopener noreferrer\">PROJECTE LING\u00dc\u00cdSTIC <\/a><\/strong><\/span><\/p>\n<p><span style=\"color: #008080;\"><strong><a style=\"color: #008080;\" href=\"https:\/\/agora.xtec.cat\/ceip-lalio\/wp-content\/uploads\/usu1803\/2020\/11\/PLA-DACOLLIDA-LA-LI\u00d3.pdf\" target=\"_blank\" rel=\"noopener noreferrer\">PLA D&#8217;ACOLLIDA LA LI\u00d3<\/a><br \/>\n<\/strong><\/span><\/p>\n<p><span style=\"color: #008080;\"><strong><a style=\"color: #008080;\" href=\"https:\/\/agora.xtec.cat\/ceip-lalio\/wp-content\/uploads\/usu1803\/2021\/07\/PAD-ESCOLA-LA-LI\u00d3-Pla-dAtenci\u00f3-a-la-Diversitat.pdf\" target=\"_blank\" rel=\"noopener noreferrer\">PAD ESCOLA LA LI\u00d3 (Pla d&#8217;Atenci\u00f3 a la Diversitat)<\/a><\/strong><\/span><\/p>\n<p><span style=\"color: #008080;\"><strong><a style=\"color: #008080;\" href=\"https:\/\/agora.xtec.cat\/ceip-lalio\/wp-content\/uploads\/usu1803\/2021\/07\/PAT-LA-LI\u00d3.pdf\" target=\"_blank\" rel=\"noopener noreferrer\">PAT LA LI\u00d3 <\/a><\/strong>(Pla d&#8217;Acci\u00f3 Tutorial)<\/span><\/p>\n<p><span style=\"color: #008080;\"><strong><a style=\"color: #008080;\" href=\"https:\/\/drive.google.com\/file\/d\/1BjHaqJQoa4A8TbkZKOgavEF1Bad-zVwU\/view?usp=sharing\" target=\"_blank\" rel=\"noopener noreferrer\">CARTA DE COMPROM\u00cdS EDUCATIU<\/a><\/strong><\/span><\/p>\n<p><span style=\"color: #008080;\"><strong><a style=\"color: #008080;\" href=\"https:\/\/agora.xtec.cat\/ceip-lalio\/wp-content\/uploads\/usu1803\/2020\/05\/Pla-TAC-Escola-La-Li\u00f3-15-19.pdf\" target=\"_blank\" rel=\"noopener noreferrer\">Pla TAC Escola La Li\u00f3<\/a><\/strong> (Tecnologies de l&#8217;Aprenentatge i la Comunicaci\u00f3)<\/span><\/p>\n<p><span style=\"color: #008080;\"><strong><a style=\"color: #008080;\" href=\"https:\/\/agora.xtec.cat\/ceip-lalio\/wp-content\/uploads\/usu1803\/2019\/11\/INFORME-PLA-TAC-2018-2022.-Aplicatiu-Departament.pdf\">INFORME PLA TAC 2018-2022. (Aplicatiu Departament)<\/a><\/strong><\/span><\/p>\n<p><span style=\"color: #008080;\"><a style=\"color: #008080;\" href=\"https:\/\/drive.google.com\/file\/d\/1jUWkdGUh3b4EX5dfJyfZH0g0L13jd3Vi\/view?usp=sharing\" target=\"_blank\" rel=\"noopener\"><strong>PROJECTE DE CONVIV\u00c8NCIA<\/strong><\/a><\/span><\/p>\n<p><span style=\"color: #008080;\"><strong><a style=\"color: #008080;\" href=\"https:\/\/agora.xtec.cat\/ceip-lalio\/wp-content\/uploads\/usu1803\/2019\/11\/Projecte-de-conviv\u00e8ncia-La-Li\u00f3-aplicatiu.pdf\" target=\"_blank\" rel=\"noopener noreferrer\">PROJECTE DE CONVIV\u00c8NCIA (Aplicatiu del Departament)<\/a><\/strong><\/span><\/p>\n<p><span style=\"color: #008080;\"><strong><a style=\"color: #008080;\" href=\"https:\/\/agora.xtec.cat\/ceip-lalio\/wp-content\/uploads\/usu1803\/2018\/10\/Pla-Local-dAbsentisme-2009-10-Premia-de-Mar-II.pdf\" target=\"_blank\" rel=\"noopener noreferrer\">PLA LOCAL D&#8217;ABSENTISME- PREMI\u00c0 DE MAR II<\/a><\/strong><\/span><\/p>\n<p><span style=\"color: #008080;\"><a style=\"color: #008080;\" href=\"https:\/\/drive.google.com\/file\/d\/1f2TbsvN_YpZsgDYMMD7vqRJWGGOvbEPU\/view?usp=sharing\"><strong>PGA (PROGRAMACI\u00d3 GENERAL ANUAL) 2024-2025<\/strong><\/a> Infografia<\/span><\/p>\n<p><strong><a href=\"https:\/\/drive.google.com\/file\/d\/1H9Qe82WBG8oJ-eyeCmGLcHwux_dCNMmP\/view?usp=sharing\">USOS LING\u00dc\u00cdSTICS AL CENTRE\u00a0<\/a><\/strong><\/p>\n<p>&nbsp;<\/p>\n","protected":false},"excerpt":{"rendered":"<p>Aqu\u00ed podeu consultar els principals documents de gesti\u00f3 i organitzaci\u00f3 del centre:<br \/>\n<a style=\"color: #008080;\" href=\"https:\/\/agora.xtec.cat\/ceip-lalio\/wp-content\/uploads\/usu1803\/2020\/05\/PEC-abril-2018-1.pdf\" target=\"_blank\" rel=\"noopener noreferrer\">PEC\u00a0 (Projecte Educatiu de Centre)<\/a><br \/>\n<a style=\"color: #008080;\" href=\"https:\/\/agora.xtec.cat\/ceip-lalio\/wp-content\/uploads\/usu1803\/2019\/10\/curriculum-educacio-primaria.pdf\" target=\"_blank\" rel=\"noopener noreferrer\">CURR\u00cdCULUM EDUCACI\u00d3 PRIM\u00c0RIA<\/a><br \/>\n<a style=\"color: #008080;\" href=\"https:\/\/drive.google.com\/file\/d\/1XU268mRJAyXBT4n1DkIRYMpVDNl2MDcK\/view?usp=sharing\">NOFC LA LI\u00d3 Normes d&#8217;Organitzaci\u00f3 i Funcionament del centre<\/a><br \/>\n<a style=\"color: #008080;\" href=\"https:\/\/agora.xtec.cat\/ceip-lalio\/wp-content\/uploads\/usu1803\/2021\/07\/PROJECTE-LING\u00dc\u00cdSTIC-definitiu-curs-20-21.pdf\" target=\"_blank\"&hellip;  <a href=\"https:\/\/agora.xtec.cat\/ceip-lalio\/lescola\/projecte-educatiu-i-altres-documents-de-centre\/\" title=\"Read Projecte educatiu i altres documents de centre\">Llegeix m\u00e9s\u00bb<\/a><\/p>\n","protected":false},"author":1,"featured_media":0,"parent":22,"menu_order":7,"comment_status":"closed","ping_status":"closed","template":"page-templates\/side-menu.php","meta":{"_bbp_topic_count":0,"_bbp_reply_count":0,"_bbp_total_topic_count":0,"_bbp_total_reply_count":0,"_bbp_voice_count":0,"_bbp_anonymous_reply_count":0,"_bbp_topic_count_hidden":0,"_bbp_reply_count_hidden":0,"_bbp_forum_subforum_count":0,"footnotes":""},"class_list":["post-872","page","type-page","status-publish","hentry"],"post_mailing_queue_ids":[],"_links":{"self":[{"href":"https:\/\/agora.xtec.cat\/ceip-lalio\/wp-json\/wp\/v2\/pages\/872","targetHints":{"allow":["GET"]}}],"collection":[{"href":"https:\/\/agora.xtec.cat\/ceip-lalio\/wp-json\/wp\/v2\/pages"}],"about":[{"href":"https:\/\/agora.xtec.cat\/ceip-lalio\/wp-json\/wp\/v2\/types\/page"}],"author":[{"embeddable":true,"href":"https:\/\/agora.xtec.cat\/ceip-lalio\/wp-json\/wp\/v2\/users\/1"}],"replies":[{"embeddable":true,"href":"https:\/\/agora.xtec.cat\/ceip-lalio\/wp-json\/wp\/v2\/comments?post=872"}],"version-history":[{"count":6,"href":"https:\/\/agora.xtec.cat\/ceip-lalio\/wp-json\/wp\/v2\/pages\/872\/revisions"}],"predecessor-version":[{"id":20724,"href":"https:\/\/agora.xtec.cat\/ceip-lalio\/wp-json\/wp\/v2\/pages\/872\/revisions\/20724"}],"up":[{"embeddable":true,"href":"https:\/\/agora.xtec.cat\/ceip-lalio\/wp-json\/wp\/v2\/pages\/22"}],"wp:attachment":[{"href":"https:\/\/agora.xtec.cat\/ceip-lalio\/wp-json\/wp\/v2\/media?parent=872"}],"curies":[{"name":"wp","href":"https:\/\/api.w.org\/{rel}","templated":true}]}}