{"id":84,"date":"2014-09-18T14:11:31","date_gmt":"2014-09-18T13:11:31","guid":{"rendered":"http:\/\/agora.xtec.cat\/ceip-lalio\/?page_id=84"},"modified":"2026-01-26T16:40:13","modified_gmt":"2026-01-26T15:40:13","slug":"activitats-extraescolars","status":"publish","type":"page","link":"https:\/\/agora.xtec.cat\/ceip-lalio\/serveis-de-lescola\/activitats-extraescolars\/","title":{"rendered":"Extraescolars"},"content":{"rendered":"<table style=\"width: 47.6957%;\" width=\"727\">\n<tbody>\n<tr>\n<td style=\"width: 98.1995%;\" colspan=\"5\" width=\"727\"><strong>Extraescolars tarda (16:30 a 17:45)<\/strong><\/td>\n<\/tr>\n<tr>\n<td style=\"width: 22.8532%;\" width=\"170\"><strong>dilluns<\/strong><\/td>\n<td style=\"width: 15.5125%;\" width=\"113\"><strong>dimarts<\/strong><\/td>\n<td style=\"width: 22.8532%;\" width=\"170\"><strong>dimecres<\/strong><\/td>\n<td style=\"width: 15.6587%;\" width=\"90\"><strong>dijous <\/strong><\/td>\n<td style=\"width: 21.3219%;\" width=\"183\"><strong>divendres<\/strong><\/td>\n<\/tr>\n<tr>\n<td style=\"width: 22.8532%;\" width=\"170\">Iniciaci\u00f3 Esportiva<\/td>\n<td style=\"width: 15.5125%;\" width=\"113\">Cuina (I5 a 6e)<\/td>\n<td style=\"width: 22.8532%;\" width=\"170\">Iniciaci\u00f3 Esportiva<\/td>\n<td style=\"width: 15.6587%;\" width=\"90\"><\/td>\n<td style=\"width: 21.3219%;\" width=\"183\">Iniciaci\u00f3 patinatge (I3 a I5)<\/td>\n<\/tr>\n<tr>\n<td style=\"width: 22.8532%;\" width=\"170\">Futbol sala (I5 a 2n)<\/td>\n<td style=\"width: 15.5125%;\" width=\"113\">Art&amp;science<\/td>\n<td style=\"width: 22.8532%;\" width=\"170\">Futbol sala (I5 a 2n)<\/td>\n<td style=\"width: 15.6587%;\" width=\"90\"><\/td>\n<td style=\"width: 21.3219%;\" width=\"183\">Patinatge (1r a 6\u00e8)<\/td>\n<\/tr>\n<tr>\n<td style=\"width: 22.8532%;\" width=\"170\">Futbol sala (3r a 6\u00e8)<\/td>\n<td style=\"width: 15.5125%;\" width=\"113\"><\/td>\n<td style=\"width: 22.8532%;\" width=\"170\">Futbol sala (3r a 6\u00e8)<\/td>\n<td style=\"width: 15.6587%;\" width=\"90\"><\/td>\n<td style=\"width: 21.3219%;\" width=\"183\"><\/td>\n<\/tr>\n<tr>\n<td style=\"width: 98.1995%;\" colspan=\"5\" width=\"727\"><strong>Extraescolars migdia <\/strong><\/td>\n<\/tr>\n<tr>\n<td style=\"width: 22.8532%;\" width=\"170\">Angl\u00e8s 4t<\/td>\n<td style=\"width: 15.5125%;\" width=\"113\">Angl\u00e8s 3r<\/td>\n<td style=\"width: 22.8532%;\" width=\"170\">Angl\u00e8s 4t<\/td>\n<td style=\"width: 15.6587%;\" width=\"90\">Angl\u00e8s 3r<\/td>\n<td style=\"width: 21.3219%;\" width=\"183\"><\/td>\n<\/tr>\n<tr>\n<td style=\"width: 22.8532%;\" width=\"170\">Angl\u00e8s 2n<\/td>\n<td style=\"width: 15.5125%;\" width=\"113\">Angl\u00e8s 1r<\/td>\n<td style=\"width: 22.8532%;\" width=\"170\">Angl\u00e8s 2n<\/td>\n<td style=\"width: 15.6587%;\" width=\"90\">Angl\u00e8s I4\/I5<\/td>\n<td style=\"width: 21.3219%;\" width=\"183\"><\/td>\n<\/tr>\n<tr>\n<td style=\"width: 22.8532%;\" width=\"170\"><\/td>\n<td style=\"width: 15.5125%;\" width=\"113\"><\/td>\n<td style=\"width: 22.8532%;\" width=\"170\"><\/td>\n<td style=\"width: 15.6587%;\" width=\"90\">Rob\u00f2tica<\/td>\n<td style=\"width: 21.3219%;\" width=\"183\"><\/td>\n<\/tr>\n<\/tbody>\n<\/table>\n<p>actualitzat a: 12 de gener de 2026<\/p>\n<p><span style=\"color: #ff9900;\"><span style=\"text-decoration: underline;\"><strong>EXTRAESCOLARS TARDA i MIGDIA<\/strong><\/span><\/span><\/p>\n<p><span style=\"color: #000000;\"><strong>Associaci\u00f3 Din\u00e0mic-Fundesplai <\/strong>(<\/span>inscripcions i pagament).<\/p>\n<p>Informaci\u00f3: de 9h a 16h,\u00a0de dilluns a divendres<\/p>\n<p>Tel. 93.357 35 19 &#8211; 651 181 244<\/p>\n<p>mail: extraescolars@viudinamic.org<\/p>\n<p dir=\"ltr\"><span style=\"font-family: arial, sans-serif;\"><a href=\"https:\/\/activitats.fundesplai.org\/public\/landing\/app\" target=\"_blank\" rel=\"noopener\" data-saferedirecturl=\"https:\/\/www.google.com\/url?q=https:\/\/activitats.fundesplai.org\/public\/landing\/app&amp;source=gmail&amp;ust=1757582151019000&amp;usg=AOvVaw2iqaxErY8_vOjN36ZClO2b\">Guia de l\u2019APP Fundesplai (enlla\u00e7 per fer inscripcions &#8211; descarregar l&#8217;app)<\/a><\/span><\/p>\n<p><span style=\"font-family: arial, sans-serif;\">L&#8217;Empresa que gestiona el servei \u00e9s Din\u00e0mic, que aquest curs s&#8217;ha integrat a Fundesplai. A partir d\u2019ara les inscripcions i la comunicaci\u00f3 amb les fam\u00edlies es far\u00e0 a trav\u00e9s de l&#8217;aplicaci\u00f3 de Fundesplai.<\/span><\/p>\n<p><span style=\"text-decoration: underline; color: #ff9900;\"><strong>EXTRAESCOLARS d&#8217; ANGL\u00c8S AL MIGDIA<\/strong><\/span><\/p>\n<p><span style=\"color: #000000;\"><strong>RED BUS, School of English <\/strong>(angl\u00e8s per als grups de I4 a 6\u00e8)\u00a0<\/span><\/p>\n<ul>\n<li><a href=\"https:\/\/drive.google.com\/file\/d\/1r06tgKvZV_u3BHOMJqakqtp-nd0AKTdv\/view?usp=sharing\">ACTIVITATS ANGL\u00c8S MIGDIA_2025-2026<\/a><\/li>\n<\/ul>\n<p>tel\u00e8fon: 659 127 992<\/p>\n<p>&nbsp;<\/p>\n<div><\/div>\n<div><\/div>\n<div><\/div>\n<div><\/div>\n<p>&nbsp;<\/p>\n","protected":false},"excerpt":{"rendered":"<p>Extraescolars tarda (16:30 a 17:45)<\/p>\n<p>dilluns<br \/>\ndimarts<br \/>\ndimecres<br \/>\ndijous<br \/>\ndivendres<\/p>\n<p>Iniciaci\u00f3 Esportiva<br \/>\nCuina (I5 a 6e)<br \/>\nIniciaci\u00f3 Esportiva<\/p>\n<p>Iniciaci\u00f3 patinatge (I3 a I5)<\/p>\n<p>Futbol sala (I5 a 2n)<br \/>\nArt&amp;science<br \/>\nFutbol sala (I5 a 2n)<\/p>\n<p>Patinatge (1r a 6\u00e8)<\/p>\n<p>Futbol sala (3r a 6\u00e8)<\/p>\n<p>Futbol sala (3r a 6\u00e8)<\/p>\n<p>Extraescolars migdia <\/p>\n<p>Angl\u00e8s 4t<br \/>\nAngl\u00e8s 3r<br \/>\nAngl\u00e8s 4t<br \/>\nAngl\u00e8s 3r<\/p>\n<p>Angl\u00e8s 2n<br \/>\nAngl\u00e8s 1r<br \/>\nAngl\u00e8s 2n<br \/>\nAngl\u00e8s I4\/I5<\/p>\n<p>Rob\u00f2tica<\/p>\n<p>actualitzat a:&hellip;  <a href=\"https:\/\/agora.xtec.cat\/ceip-lalio\/serveis-de-lescola\/activitats-extraescolars\/\" title=\"Read Extraescolars\">Llegeix m\u00e9s\u00bb<\/a><\/p>\n","protected":false},"author":1,"featured_media":0,"parent":1075,"menu_order":3,"comment_status":"closed","ping_status":"closed","template":"page-templates\/side-menu.php","meta":{"_bbp_topic_count":0,"_bbp_reply_count":0,"_bbp_total_topic_count":0,"_bbp_total_reply_count":0,"_bbp_voice_count":0,"_bbp_anonymous_reply_count":0,"_bbp_topic_count_hidden":0,"_bbp_reply_count_hidden":0,"_bbp_forum_subforum_count":0,"footnotes":""},"class_list":["post-84","page","type-page","status-publish","hentry"],"post_mailing_queue_ids":[],"_links":{"self":[{"href":"https:\/\/agora.xtec.cat\/ceip-lalio\/wp-json\/wp\/v2\/pages\/84","targetHints":{"allow":["GET"]}}],"collection":[{"href":"https:\/\/agora.xtec.cat\/ceip-lalio\/wp-json\/wp\/v2\/pages"}],"about":[{"href":"https:\/\/agora.xtec.cat\/ceip-lalio\/wp-json\/wp\/v2\/types\/page"}],"author":[{"embeddable":true,"href":"https:\/\/agora.xtec.cat\/ceip-lalio\/wp-json\/wp\/v2\/users\/1"}],"replies":[{"embeddable":true,"href":"https:\/\/agora.xtec.cat\/ceip-lalio\/wp-json\/wp\/v2\/comments?post=84"}],"version-history":[{"count":7,"href":"https:\/\/agora.xtec.cat\/ceip-lalio\/wp-json\/wp\/v2\/pages\/84\/revisions"}],"predecessor-version":[{"id":20940,"href":"https:\/\/agora.xtec.cat\/ceip-lalio\/wp-json\/wp\/v2\/pages\/84\/revisions\/20940"}],"up":[{"embeddable":true,"href":"https:\/\/agora.xtec.cat\/ceip-lalio\/wp-json\/wp\/v2\/pages\/1075"}],"wp:attachment":[{"href":"https:\/\/agora.xtec.cat\/ceip-lalio\/wp-json\/wp\/v2\/media?parent=84"}],"curies":[{"name":"wp","href":"https:\/\/api.w.org\/{rel}","templated":true}]}}