{"id":656,"date":"2018-10-22T11:01:45","date_gmt":"2018-10-22T09:01:45","guid":{"rendered":"http:\/\/agora.xtec.cat\/ceip-lalio\/?page_id=656"},"modified":"2025-09-15T11:11:34","modified_gmt":"2025-09-15T09:11:34","slug":"sortides-i-colonies","status":"publish","type":"page","link":"https:\/\/agora.xtec.cat\/ceip-lalio\/informacio-curs-vigent\/sortides-i-colonies\/","title":{"rendered":"Sortides i col\u00f2nies 2025-2026"},"content":{"rendered":"<p>Aqu\u00ed teniu el llistat de sortides i col\u00f2nies.<\/p>\n<p>SORTIDES I COL\u00d2NIES 2025-2026<\/p>\n<p>QUOTES DE PAGAMENTS DE MATERIAL I SORTIDES 2025-2026<\/p>\n<ul>\n<li>Infantil<\/li>\n<li>Prim\u00e0ria<\/li>\n<\/ul>\n<p>COL\u00d2NIES I5, 2n i 4t (2025-2026) Can Miquel\u00f3<\/p>\n<p>COL\u00d2NIES 6\u00e8 (2025-2026)<\/p>\n","protected":false},"excerpt":{"rendered":"<p>Aqu\u00ed teniu el llistat de sortides i col\u00f2nies.<br \/>\nSORTIDES I COL\u00d2NIES 2025-2026<br \/>\nQUOTES DE PAGAMENTS DE MATERIAL I SORTIDES 2025-2026<\/p>\n<ul>\n<li>Infantil<\/li>\n<li>Prim\u00e0ria<\/li>\n<\/ul>\n<p>COL\u00d2NIES I5, 2n i 4t (2025-2026) Can Miquel\u00f3<br \/>\nCOL\u00d2NIES 6\u00e8 (2025-2026)<\/p>\n","protected":false},"author":1,"featured_media":0,"parent":563,"menu_order":8,"comment_status":"closed","ping_status":"closed","template":"page-templates\/side-menu.php","meta":{"_bbp_topic_count":0,"_bbp_reply_count":0,"_bbp_total_topic_count":0,"_bbp_total_reply_count":0,"_bbp_voice_count":0,"_bbp_anonymous_reply_count":0,"_bbp_topic_count_hidden":0,"_bbp_reply_count_hidden":0,"_bbp_forum_subforum_count":0,"footnotes":""},"class_list":["post-656","page","type-page","status-publish","hentry"],"post_mailing_queue_ids":[],"_links":{"self":[{"href":"https:\/\/agora.xtec.cat\/ceip-lalio\/wp-json\/wp\/v2\/pages\/656","targetHints":{"allow":["GET"]}}],"collection":[{"href":"https:\/\/agora.xtec.cat\/ceip-lalio\/wp-json\/wp\/v2\/pages"}],"about":[{"href":"https:\/\/agora.xtec.cat\/ceip-lalio\/wp-json\/wp\/v2\/types\/page"}],"author":[{"embeddable":true,"href":"https:\/\/agora.xtec.cat\/ceip-lalio\/wp-json\/wp\/v2\/users\/1"}],"replies":[{"embeddable":true,"href":"https:\/\/agora.xtec.cat\/ceip-lalio\/wp-json\/wp\/v2\/comments?post=656"}],"version-history":[{"count":7,"href":"https:\/\/agora.xtec.cat\/ceip-lalio\/wp-json\/wp\/v2\/pages\/656\/revisions"}],"predecessor-version":[{"id":20840,"href":"https:\/\/agora.xtec.cat\/ceip-lalio\/wp-json\/wp\/v2\/pages\/656\/revisions\/20840"}],"up":[{"embeddable":true,"href":"https:\/\/agora.xtec.cat\/ceip-lalio\/wp-json\/wp\/v2\/pages\/563"}],"wp:attachment":[{"href":"https:\/\/agora.xtec.cat\/ceip-lalio\/wp-json\/wp\/v2\/media?parent=656"}],"curies":[{"name":"wp","href":"https:\/\/api.w.org\/{rel}","templated":true}]}}