{"id":654,"date":"2018-10-22T11:01:45","date_gmt":"2018-10-22T09:01:45","guid":{"rendered":"http:\/\/agora.xtec.cat\/ceip-lalio\/?page_id=654"},"modified":"2025-09-15T11:47:10","modified_gmt":"2025-09-15T09:47:10","slug":"circular-inici-de-curs","status":"publish","type":"page","link":"https:\/\/agora.xtec.cat\/ceip-lalio\/informacio-curs-vigent\/circular-inici-de-curs\/","title":{"rendered":"Circular inici de curs"},"content":{"rendered":"<p>Ens plau donar-vos la benvinguda al nou curs escolar 2025-2026 i adre\u00e7ar-vos les informacions i observacions que creiem que us podem ser \u00fatils i que serveixen per al bon funcionament de l\u2019escola.<\/p>\n<p><strong>Totes les gestions relacionades amb els serveis a les fam\u00edlies i atenci\u00f3 de mestres tutors\/es s\u2019han de fer a trav\u00e9s de:<\/strong><\/p>\n<p><strong>Agenda de l&#8217;alumne\/a <\/strong>o per<strong> l&#8217;app Dinantia<\/strong>, tamb\u00e9 podeu utilitzar la<strong> via telef\u00f2nica a:<\/strong><\/p>\n<ul>\n<li><strong>Escola: <\/strong>tel:\u00a0 93752 19 97<\/li>\n<li><strong>Menjador: <\/strong>tel. Laura: 625 711 327 correu: menjadorlalio@9naturalcuina.cat<\/li>\n<li><strong>Servei d&#8217;acollida matinal i extraescolars: Din\u00e0mic-Fundesplai: <\/strong>tel: 93 357 35 19 \/ 651 181 244 \u00a0Correu: acollida@viudinamic.org \/\u00a0extraescolars@viudinamic.org<\/li>\n<\/ul>\n<p><span style=\"font-weight: 400;\">L\u2019alumnat <\/span><b>d<\/b><span style=\"font-weight: 400;\">\u2019<\/span><b>Educaci\u00f3 Infantil <\/b><span style=\"font-weight: 400;\">ser\u00e0 acompanyat i recollit per la fam\u00edlia fins a la porta de la seva aula. No els deixeu venir sols des del porxo.\u00a0<\/span><\/p>\n<p><span style=\"font-weight: 400;\">L\u2019alumnat <\/span><b>d\u2019Educaci\u00f3 Prim\u00e0ria<\/b><span style=\"font-weight: 400;\"> accedir\u00e0 aut\u00f2nomament des de la reixa fins la seva aula.<\/span><\/p>\n<p><span style=\"font-weight: 400;\">En <\/span><span style=\"font-weight: 400;\">cas de pluja<\/span><span style=\"font-weight: 400;\">, no hi ha cap variaci\u00f3.<\/span><\/p>\n<p><span style=\"color: #008080;\"><strong>SERVEIS: MENJADOR, ACOLLIMENT , ACTIVITATS EXTRAESCOLARS I COMPLEMENT\u00c0RIES<\/strong><\/span><\/p>\n<ul>\n<li>MENJADOR: Si ho necessiteu, poseu-vos en contacte amb la Laura Esquerra de 9 a 10h al tel\u00e8fon 625711327 Gestiona SEREDUCA.<\/li>\n<li>ACOLLIMENT MATINAL de 7:30 a 9h : per a tothom que ho necessiti. Gestiona DIN\u00c0MICS-Fundesplai<\/li>\n<li>EXTRAESCOLARS: Inscripcions fins el 15 de setembre del 2025 i comencen a l\u2019octubre. Gestiona DIN\u00c0MICS-Fundesplai.<\/li>\n<\/ul>\n<p><span style=\"color: #008080;\"><strong>ASSIST\u00c8NCIA DE L&#8217;ALUMNAT<\/strong><\/span><\/p>\n<ul>\n<li>S\u2019han de justificar les faltes d\u2019assist\u00e8ncia i els retards amb una nota a l&#8217;agenda escolar o a trav\u00e9s de l&#8217;app Dinantia, adjuntant el justificant m\u00e8dic si s\u2019escau.<\/li>\n<li>Cal arribar puntual a l\u2019escola per tal de facilitar la din\u00e0mica d&#8217;aula.<\/li>\n<li>Cap alumne\/a podr\u00e0 sortir sol\/a en horari lectiu. \u00c9s indispensable que un adult, tutor\/a de l&#8217;alumne\/a, o autoritzat per a ell\/s, el vingui a recollir.<\/li>\n<li>S\u2019han de comunicar a l\u2019escola els possibles canvis i\/o incid\u00e8ncies en el r\u00e8gim de relacions amb els fills\/s establertes mitjan\u00e7ant sent\u00e8ncia judicial, per tal de poder actuar en conseq\u00fc\u00e8ncia. Igualment, cal informar dels canvis en les dades personals de contacte (tel\u00e8fon, mail, adre\u00e7a).<\/li>\n<li>Recordeu que per tal que l\u2019alumnat a partir de 3r pugui sortir sol de l\u2019escola, cal haver signat pr\u00e8viament l\u2019autoritzaci\u00f3 a l&#8217;app Dinantia.<\/li>\n<\/ul>\n<p><strong style=\"color: #008080; font-family: inherit; font-size: 1em;\">CANVIS DE DOMICILI I\/O TEL\u00c8FON<\/strong><\/p>\n<p><strong>\u00a0<\/strong>Feu arribar a secretaria qualsevol canvi en el domicili, tel\u00e8fon de contacte, etc. \u00c9s MOLT IMPORTANT tenir les dades actualitzades en cas de necessitat.<\/p>\n<p><span style=\"color: #008080;\"><strong>\u00a0<\/strong><\/span><strong><span style=\"color: #008080;\">PISCINA\u00a0 A 1r i 2n d&#8217;EDUCACI\u00d3 PRIM\u00c0RIA<\/span>:\u00a0<\/strong><\/p>\n<ul>\n<li>L\u2019activitat es realitzar\u00e0 els dimarts de 9:15 a 10:30h (a partir d&#8217;octubre).<\/li>\n<\/ul>\n<p><span style=\"color: #008080;\"><strong>H\u00c0BITS D\u2019ALIMENTACI\u00d3<\/strong><\/span><\/p>\n<p>A l\u2019escola fomentem l&#8217;alimentaci\u00f3 sana i busquem posar l\u00edmits al consum d\u2019alguns productes. Per aix\u00f2 us recomanem que els nens i les nenes esmorzin entrepans i\/o fruita i beguin aigua. No es poden portar sucs ni altres begudes ensucrades.<\/p>\n<ul>\n<li>Continuem amb els <strong>dimecres DIA DE LA FRUITA<\/strong><\/li>\n<\/ul>\n<p><span style=\"color: #008080;\"><strong>MEDICACI\u00d3<\/strong><\/span><\/p>\n<p><strong>\u00a0<\/strong>Segons la normativa vigent no es pot administrar cap medicaci\u00f3 als alumnes sense pr\u00e8via autoritzaci\u00f3 de la fam\u00edlia i del metge.<\/p>\n<ul>\n<li><strong>Antit\u00e8rmic<\/strong>: a trav\u00e9s de l&#8217;app Dinantia (autoritzaci\u00f3).<\/li>\n<li><strong>Full d\u2019administraci\u00f3 de medicaments<\/strong>: a l&#8217;app Dinantia hi ha l&#8217;autoritzaci\u00f3 per omplir quan l\u2019alumne necessiti prendre un medicament en horari escolar, per\u00f2 SEMPRE acompanyat de la fotoc\u00f2pia de la recepta m\u00e8dica, en cas contrari NO se li administrar\u00e0.<\/li>\n<\/ul>\n<p>En cas que coincideixi en horari de menjador, s\u2019ha de lliurar a la coordinadora Laura Esquerra (no a la tutora).<\/p>\n<p><span style=\"color: #008080;\"><strong>\u00a0<\/strong><strong>PILOTES I JOGUINES<\/strong><\/span><\/p>\n<p>Per tal d\u2019evitar incid\u00e8ncies i accidents, l\u2019<strong>alumnat NO ha de dur pilotes ni joguines pr\u00f2pies a l\u2019escola<\/strong>. Cada classe t\u00e9 assignat un material de pati i torns per utilitzar els diferents espais de joc.<\/p>\n<p>Pel mateix motiu no es pot jugar a pilota al porxo.<\/p>\n","protected":false},"excerpt":{"rendered":"<p>Ens plau donar-vos la benvinguda al nou curs escolar 2025-2026 i adre\u00e7ar-vos les informacions i observacions que creiem que us podem ser \u00fatils i que serveixen per al bon funcionament de l\u2019escola.<br \/>\nTotes les gestions relacionades amb els serveis a les fam\u00edlies i atenci\u00f3 de mestres&hellip;  <a href=\"https:\/\/agora.xtec.cat\/ceip-lalio\/informacio-curs-vigent\/circular-inici-de-curs\/\" title=\"Read Circular inici de curs\">Llegeix m\u00e9s\u00bb<\/a><\/p>\n","protected":false},"author":1,"featured_media":0,"parent":563,"menu_order":4,"comment_status":"closed","ping_status":"closed","template":"page-templates\/side-menu.php","meta":{"_bbp_topic_count":0,"_bbp_reply_count":0,"_bbp_total_topic_count":0,"_bbp_total_reply_count":0,"_bbp_voice_count":0,"_bbp_anonymous_reply_count":0,"_bbp_topic_count_hidden":0,"_bbp_reply_count_hidden":0,"_bbp_forum_subforum_count":0,"footnotes":""},"class_list":["post-654","page","type-page","status-publish","hentry"],"post_mailing_queue_ids":[],"_links":{"self":[{"href":"https:\/\/agora.xtec.cat\/ceip-lalio\/wp-json\/wp\/v2\/pages\/654","targetHints":{"allow":["GET"]}}],"collection":[{"href":"https:\/\/agora.xtec.cat\/ceip-lalio\/wp-json\/wp\/v2\/pages"}],"about":[{"href":"https:\/\/agora.xtec.cat\/ceip-lalio\/wp-json\/wp\/v2\/types\/page"}],"author":[{"embeddable":true,"href":"https:\/\/agora.xtec.cat\/ceip-lalio\/wp-json\/wp\/v2\/users\/1"}],"replies":[{"embeddable":true,"href":"https:\/\/agora.xtec.cat\/ceip-lalio\/wp-json\/wp\/v2\/comments?post=654"}],"version-history":[{"count":7,"href":"https:\/\/agora.xtec.cat\/ceip-lalio\/wp-json\/wp\/v2\/pages\/654\/revisions"}],"predecessor-version":[{"id":20841,"href":"https:\/\/agora.xtec.cat\/ceip-lalio\/wp-json\/wp\/v2\/pages\/654\/revisions\/20841"}],"up":[{"embeddable":true,"href":"https:\/\/agora.xtec.cat\/ceip-lalio\/wp-json\/wp\/v2\/pages\/563"}],"wp:attachment":[{"href":"https:\/\/agora.xtec.cat\/ceip-lalio\/wp-json\/wp\/v2\/media?parent=654"}],"curies":[{"name":"wp","href":"https:\/\/api.w.org\/{rel}","templated":true}]}}