{"id":621,"date":"2018-10-19T09:59:25","date_gmt":"2018-10-19T07:59:25","guid":{"rendered":"http:\/\/agora.xtec.cat\/ceip-lalio\/?page_id=621"},"modified":"2026-01-27T12:17:28","modified_gmt":"2026-01-27T11:17:28","slug":"informacio-publica","status":"publish","type":"page","link":"https:\/\/agora.xtec.cat\/ceip-lalio\/lescola\/informacio-publica\/","title":{"rendered":"Informaci\u00f3 p\u00fablica"},"content":{"rendered":"<p><span style=\"color: #339966;\"><strong>Composici\u00f3 del Consell Escolar<br \/>\n<\/strong><\/span><\/p>\n<table width=\"504\">\n<tbody>\n<tr>\n<td width=\"178\"><strong>PRESIDENTA<\/strong><\/td>\n<td width=\"326\">Silvia Casas Janices<\/td>\n<\/tr>\n<tr>\n<td width=\"178\"><strong>CAP D\u2019ESTUDIS<\/strong><\/td>\n<td width=\"326\">Gema Moruno Garc\u00eda<\/td>\n<\/tr>\n<tr>\n<td width=\"178\"><strong>SECRET\u00c0RIA<\/strong><\/td>\n<td width=\"326\">Jose Ballesteros Martinez<\/td>\n<\/tr>\n<tr>\n<td width=\"178\"><strong>AJUNTAMENT<\/strong><\/td>\n<td width=\"326\">Elisenda Busquets Ferrando<\/td>\n<\/tr>\n<tr>\n<td width=\"178\"><strong>REPRESENTANT PAS<\/strong><\/td>\n<td width=\"326\">Laura Valls Castarlenas<\/td>\n<\/tr>\n<tr>\n<td width=\"178\"><strong>MESTRES<\/strong><\/td>\n<td width=\"326\">Xavier Navarro Portero<\/td>\n<\/tr>\n<tr>\n<td width=\"178\"><\/td>\n<td width=\"326\">Maria del Carmen Raich D\u00edaz<\/td>\n<\/tr>\n<tr>\n<td width=\"178\"><\/td>\n<td width=\"326\">N\u00faria Rubio Mart\u00ed<\/td>\n<\/tr>\n<tr>\n<td width=\"178\"><\/td>\n<td width=\"326\">Veronica Yeste Polo<\/td>\n<\/tr>\n<tr>\n<td width=\"178\"><\/td>\n<td width=\"326\">Vanesa Canellas Cur\u00f3s<\/td>\n<\/tr>\n<tr>\n<td width=\"178\"><strong>FAM\u00cdLIES<\/strong><\/td>\n<td width=\"326\">Laura Geraci<\/td>\n<\/tr>\n<tr>\n<td width=\"178\"><\/td>\n<td width=\"326\">Viviana Eloisa Salgado Berriel<\/td>\n<\/tr>\n<tr>\n<td width=\"178\"><\/td>\n<td width=\"326\">Miguel Angel Mart\u00ednez Labrador<\/td>\n<\/tr>\n<tr>\n<td width=\"178\"><\/td>\n<td width=\"326\">Madil\u00e9 Diaz P\u00e9rez<\/td>\n<\/tr>\n<tr>\n<td width=\"178\"><strong>AFA<\/strong><\/td>\n<td width=\"326\">Irene Fit\u00f3 Ferr\u00e9<\/td>\n<\/tr>\n<\/tbody>\n<\/table>\n<table width=\"601\">\n<tbody>\n<tr>\n<td rowspan=\"4\" width=\"119\"><strong>ECON\u00d2MICA<\/strong><\/td>\n<td width=\"200\"><strong>Direcci\u00f3<\/strong><\/td>\n<td width=\"282\">Silvia Casas Janices<\/td>\n<\/tr>\n<tr>\n<td width=\"200\"><strong>Secretaria<\/strong><\/td>\n<td width=\"282\">Jose Ballesteros Martinez<\/td>\n<\/tr>\n<tr>\n<td width=\"200\"><strong>Sector Docent<\/strong><\/td>\n<td width=\"282\">Gema Moruno Garcia<\/p>\n<p>Veronica Yeste Polo<\/td>\n<\/tr>\n<tr>\n<td width=\"200\"><strong>Sector Fam\u00edlies<\/strong><\/td>\n<td width=\"282\">Miguel Angel Mart\u00ednez Labrador<\/p>\n<p>Irene Fit\u00f3 Ferr\u00e9<\/p>\n<p>Viviana Eloisa Salgado Berriel<\/td>\n<\/tr>\n<\/tbody>\n<\/table>\n<table width=\"601\">\n<tbody>\n<tr>\n<td rowspan=\"4\" width=\"121\"><strong>CONVIV\u00c8NCIA<\/strong><\/td>\n<td width=\"199\"><strong>Direcci\u00f3<\/strong><\/td>\n<td width=\"281\">S\u00edlvia Casas Janices<\/td>\n<\/tr>\n<tr>\n<td width=\"199\"><strong>Secretaria<\/strong><\/td>\n<td width=\"281\">Jose Ballesteros Martinez<\/td>\n<\/tr>\n<tr>\n<td width=\"199\"><strong>Sector Docent<\/strong><\/td>\n<td width=\"281\">Xavier Navarro Portero<\/p>\n<p>Maria del Carmen Raich D\u00edaz<\/td>\n<\/tr>\n<tr>\n<td width=\"199\"><strong>Sector Fam\u00edlies<\/strong><\/td>\n<td width=\"281\">Miguel Angel Mart\u00ednez Labrador<\/p>\n<p>Madil\u00e9 Diaz P\u00e9rez<\/p>\n<p>Viviana Salgado Berriel<\/td>\n<\/tr>\n<\/tbody>\n<\/table>\n<table width=\"601\">\n<tbody>\n<tr>\n<td rowspan=\"4\" width=\"123\"><strong>MENJADOR<\/strong><\/td>\n<td width=\"197\"><strong>Direcci\u00f3<\/strong><\/td>\n<td width=\"281\">Silvia Casas Janices<\/td>\n<\/tr>\n<tr>\n<td width=\"197\"><strong>Secretaria<\/strong><\/td>\n<td width=\"281\">Jose Ballesteros Martinez<\/td>\n<\/tr>\n<tr>\n<td width=\"197\"><strong>Sector Docent<\/strong><\/td>\n<td width=\"281\">Vanesa Canellas Cur\u00f3s<\/p>\n<p>N\u00faria Rubio Mart\u00ed<\/td>\n<\/tr>\n<tr>\n<td width=\"197\"><strong>Sector Fam\u00edlies<\/strong><\/td>\n<td width=\"281\">Laura Geraci<\/p>\n<p>Irene Fit\u00f3 Ferr\u00e9<\/p>\n<p>Madil\u00e9 Diaz P\u00e9rez<\/td>\n<\/tr>\n<\/tbody>\n<\/table>\n<p><span style=\"color: #339966;\"><strong>HORARI<\/strong><\/span><\/p>\n<p>L\u2019horari lectiu del centre per als alumnes d\u2019Educaci\u00f3 Infantil i d\u2019Educaci\u00f3 Prim\u00e0ria \u00e9s:<\/p>\n<p><strong>MAT\u00cd: <\/strong>de les 9h. a les 12:30h com a horari ordinari.<\/p>\n<p><strong>TARDA: <\/strong>de les 15h. a les 16:30h com a horari ordinari.<\/p>\n<p>Adaptaci\u00f3 de I3: Durant la primera setmana de curs els alumnes d&#8217;I3 fan una entrada esglaonada per facilitar la seva adaptaci\u00f3 al centre.<\/p>\n<p><span style=\"color: #339966;\"><strong>Recursos funcionals del centre<\/strong><\/span><\/p>\n<p>Material escolar: el material escolar \u00e9s socialitzat.<\/p>\n<p>Reutilitzaci\u00f3 de llibres: de 3r a 6\u00e8 d&#8217;Educaci\u00f3 prim\u00e0ria, els llibres no fungibles, s\u00f3n reutilitzats. Les i els alumnes els fan servir, amb molta cura, quedant a disposici\u00f3 del centre per al curs seg\u00fcent.<\/p>\n<p>Les fam\u00edlies paguen una quota anual segons la subvenci\u00f3 atorgada per l&#8217;Ajuntament de Premi\u00e0 de Mar en concepte de despeses de llibres i material escolar i did\u00e0ctic.<\/p>\n<p><span style=\"color: #339966;\"><strong>Serveis del centre<\/strong><\/span><\/p>\n<ul>\n<li><strong>Servei d\u2019acolliment matinal: <\/strong>des de les 7:30 h<\/li>\n<li><strong>Servei de menjador: <\/strong>amb cuina pr\u00f2pia.<\/li>\n<li><strong>Activitats extraescolars: <\/strong>de 16:30 h a 17:45h<\/li>\n<li><strong>Refor\u00e7 escolar: <\/strong>de 16:30 h a 18h (a Cicle mitj\u00e0 i Cicle superior)<\/li>\n<\/ul>\n<p>Cada inici de curs l\u2019AFA presenta una proposta d\u2019activitats a totes les fam\u00edlies. Segons la demanda \/ prefer\u00e8ncies de les fam\u00edlies i tenint en compte el nombre d\u2019alumnes apuntats durant el curs es duren a terme les actitivats seleccionades: angl\u00e8s (migdia amb l&#8217;acad\u00e8mia RedBus), patinatge, futbol, b\u00e0squet (infantil i prim\u00e0ria)<\/p>\n<p><span style=\"color: #339966;\"><strong>Activitats complement\u00e0ries<\/strong><\/span><\/p>\n<p>&#8211; <strong>Sortides i visites<\/strong>: Es trobar\u00e0 al dossier de sortides de cada nivell.<\/p>\n<p>&#8211;<strong> Col\u00f2nies<\/strong> a I5, 2n, 4t i 6\u00e8 Ed. prim\u00e0ria<\/p>\n<p>&#8211; <strong>Piscina<\/strong> a 1r i 2n d\u2019Ed. prim\u00e0ria: Dimarts de 9:15h a 10:30.h<\/p>\n","protected":false},"excerpt":{"rendered":"<p>Composici\u00f3 del Consell Escolar<\/p>\n<p>PRESIDENTA<br \/>\nSilvia Casas Janices<\/p>\n<p>CAP D\u2019ESTUDIS<br \/>\nGema Moruno Garc\u00eda<\/p>\n<p>SECRET\u00c0RIA<br \/>\nJose Ballesteros Martinez<\/p>\n<p>AJUNTAMENT<br \/>\nElisenda Busquets Ferrando<\/p>\n<p>REPRESENTANT PAS<br \/>\nLaura Valls Castarlenas<\/p>\n<p>MESTRES<br \/>\nXavier Navarro Portero<\/p>\n<p>Maria del Carmen Raich D\u00edaz<\/p>\n<p>N\u00faria Rubio Mart\u00ed<\/p>\n<p>Veronica Yeste Polo<\/p>\n<p>Vanesa Canellas Cur\u00f3s<\/p>\n<p>FAM\u00cdLIES<br \/>\nLaura Geraci<\/p>\n<p>Viviana Eloisa Salgado Berriel<\/p>\n<p>Miguel Angel Mart\u00ednez Labrador<\/p>\n<p>Madil\u00e9 Diaz P\u00e9rez<\/p>\n<p>AFA<br \/>\nIrene Fit\u00f3 Ferr\u00e9<\/p>\n<p>ECON\u00d2MICA<br \/>\nDirecci\u00f3<br \/>\nSilvia Casas Janices<\/p>\n<p>Secretaria<br \/>\nJose Ballesteros Martinez<\/p>\n<p>Sector Docent<br \/>\nGema Moruno&hellip;  <a href=\"https:\/\/agora.xtec.cat\/ceip-lalio\/lescola\/informacio-publica\/\" title=\"Read Informaci\u00f3 p\u00fablica\">Llegeix m\u00e9s\u00bb<\/a><\/p>\n","protected":false},"author":1,"featured_media":0,"parent":22,"menu_order":6,"comment_status":"closed","ping_status":"closed","template":"page-templates\/side-menu.php","meta":{"_bbp_topic_count":0,"_bbp_reply_count":0,"_bbp_total_topic_count":0,"_bbp_total_reply_count":0,"_bbp_voice_count":0,"_bbp_anonymous_reply_count":0,"_bbp_topic_count_hidden":0,"_bbp_reply_count_hidden":0,"_bbp_forum_subforum_count":0,"footnotes":""},"class_list":["post-621","page","type-page","status-publish","hentry"],"post_mailing_queue_ids":[],"_links":{"self":[{"href":"https:\/\/agora.xtec.cat\/ceip-lalio\/wp-json\/wp\/v2\/pages\/621","targetHints":{"allow":["GET"]}}],"collection":[{"href":"https:\/\/agora.xtec.cat\/ceip-lalio\/wp-json\/wp\/v2\/pages"}],"about":[{"href":"https:\/\/agora.xtec.cat\/ceip-lalio\/wp-json\/wp\/v2\/types\/page"}],"author":[{"embeddable":true,"href":"https:\/\/agora.xtec.cat\/ceip-lalio\/wp-json\/wp\/v2\/users\/1"}],"replies":[{"embeddable":true,"href":"https:\/\/agora.xtec.cat\/ceip-lalio\/wp-json\/wp\/v2\/comments?post=621"}],"version-history":[{"count":7,"href":"https:\/\/agora.xtec.cat\/ceip-lalio\/wp-json\/wp\/v2\/pages\/621\/revisions"}],"predecessor-version":[{"id":20948,"href":"https:\/\/agora.xtec.cat\/ceip-lalio\/wp-json\/wp\/v2\/pages\/621\/revisions\/20948"}],"up":[{"embeddable":true,"href":"https:\/\/agora.xtec.cat\/ceip-lalio\/wp-json\/wp\/v2\/pages\/22"}],"wp:attachment":[{"href":"https:\/\/agora.xtec.cat\/ceip-lalio\/wp-json\/wp\/v2\/media?parent=621"}],"curies":[{"name":"wp","href":"https:\/\/api.w.org\/{rel}","templated":true}]}}