{"id":28,"date":"2014-09-18T12:29:35","date_gmt":"2014-09-18T11:29:35","guid":{"rendered":"http:\/\/agora.xtec.cat\/ceip-lalio\/?page_id=28"},"modified":"2021-01-25T16:39:14","modified_gmt":"2021-01-25T15:39:14","slug":"com-aprenem","status":"publish","type":"page","link":"https:\/\/agora.xtec.cat\/ceip-lalio\/lescola\/com-aprenem\/","title":{"rendered":"Com aprenem"},"content":{"rendered":"<p>Com a escola, volem que els nostres alumnes rebin una formaci\u00f3 que els permeti aconseguir el desenvolupament integral de la seva personalitat i que tinguin respecte pels principis \u00e8tics, morals i socials acceptats en la nostra societat.<\/p>\n<p>La nostra metodologia d&#8217;aprenentatge es basa en el treball globalitzat\/projectes, donant molta import\u00e0ncia a la interelaci\u00f3 entre els nens i nenes dels diferents nivells. Aix\u00f2 es materialitza en el treball per ambients a l&#8217;Educaci\u00f3 Infantil i Cicle Inicial i en els projectes i tallers a Prim\u00e0ria.<\/p>\n<ul style=\"list-style-type: square;\">\n<li><strong>Educant en valors i conviv\u00e8ncia<\/strong><br \/>\nEl treball de valors, emocions i autoconeixement \u00e9s important per al desenvolupament de les persones en una societat on es treballa en grup i en xarxa amb respecte i entesa entre tots i on tothom hi est\u00e0 incl\u00f2s.<\/li>\n<\/ul>\n<p><img loading=\"lazy\" decoding=\"async\" class=\"wp-image-17683 alignnone\" src=\"https:\/\/agora.xtec.cat\/ceip-lalio\/wp-content\/uploads\/usu1803\/2021\/01\/Per-un-2020-m\u00e9s-sostenible.-Bones-festes-i-feli\u00e7-any-nou-1024x585.jpg\" alt=\"\" width=\"406\" height=\"232\" srcset=\"https:\/\/agora.xtec.cat\/ceip-lalio\/wp-content\/uploads\/usu1803\/2021\/01\/Per-un-2020-m\u00e9s-sostenible.-Bones-festes-i-feli\u00e7-any-nou-1024x585.jpg 1024w, https:\/\/agora.xtec.cat\/ceip-lalio\/wp-content\/uploads\/usu1803\/2021\/01\/Per-un-2020-m\u00e9s-sostenible.-Bones-festes-i-feli\u00e7-any-nou-300x171.jpg 300w, https:\/\/agora.xtec.cat\/ceip-lalio\/wp-content\/uploads\/usu1803\/2021\/01\/Per-un-2020-m\u00e9s-sostenible.-Bones-festes-i-feli\u00e7-any-nou-768x439.jpg 768w, https:\/\/agora.xtec.cat\/ceip-lalio\/wp-content\/uploads\/usu1803\/2021\/01\/Per-un-2020-m\u00e9s-sostenible.-Bones-festes-i-feli\u00e7-any-nou.jpg 1050w\" sizes=\"auto, (max-width: 406px) 100vw, 406px\" \/><\/p>\n<ul style=\"list-style-type: square;\">\n<li><strong>Potenciant les capacitats de cada alumne<\/strong><br \/>\nLes intel\u00b7lig\u00e8ncies m\u00faltiples de cada alumne s&#8217;han de potenciar i treballar. Han de superar-se a s\u00ed mateixos i aportar al grup totes les seves capacitats respectant les difer\u00e8ncies dels altres.<\/li>\n<li><strong>Utilitzant el joc i la manipulaci\u00f3 com a eina d&#8217;aprenentatge<\/strong><br \/>\nEl joc i la manipulaci\u00f3 motiven els alumnes i aix\u00ed es garanteix un aprenentatge efica\u00e7 i on l&#8217;esfor\u00e7 hi \u00e9s present. La neuroci\u00e8ncia confirma que un cervell motivat est\u00e0 obert a aprendre.<\/li>\n<\/ul>\n<p style=\"text-align: left;\"><a href=\"https:\/\/agora.xtec.cat\/ceip-lalio\/wp-content\/uploads\/usu1803\/2019\/06\/IMG-20190426-WA0008.jpg\">\u00a0 <img loading=\"lazy\" decoding=\"async\" class=\"alignnone wp-image-1927\" src=\"https:\/\/agora.xtec.cat\/ceip-lalio\/wp-content\/uploads\/usu1803\/2019\/06\/IMG-20190426-WA0008-768x1024.jpg\" alt=\"\" width=\"217\" height=\"290\" srcset=\"https:\/\/agora.xtec.cat\/ceip-lalio\/wp-content\/uploads\/usu1803\/2019\/06\/IMG-20190426-WA0008-768x1024.jpg 768w, https:\/\/agora.xtec.cat\/ceip-lalio\/wp-content\/uploads\/usu1803\/2019\/06\/IMG-20190426-WA0008-225x300.jpg 225w, https:\/\/agora.xtec.cat\/ceip-lalio\/wp-content\/uploads\/usu1803\/2019\/06\/IMG-20190426-WA0008.jpg 1200w\" sizes=\"auto, (max-width: 217px) 100vw, 217px\" \/><\/a><a href=\"http:\/\/agora.xtec.cat\/ceip-lalio\/wp-content\/uploads\/usu1803\/2018\/09\/Ambients-Infatil-2.jpg\"><img loading=\"lazy\" decoding=\"async\" class=\"alignleft wp-image-515\" src=\"http:\/\/agora.xtec.cat\/ceip-lalio\/wp-content\/uploads\/usu1803\/2018\/09\/Ambients-Infatil-2-1024x768.jpg\" alt=\"\" width=\"346\" height=\"254\" \/><\/a><\/p>\n<ul style=\"list-style-type: square;\">\n<li><strong>Aprenent la llengua anglesa per obrir-nos al m\u00f3n<\/strong><br \/>\nEl nostre m\u00f3n \u00e9s molt ampli i les relacions i els coneixements venen d&#8217;arreu, fet que ens motiva a comunicar-nos tamb\u00e9 en angl\u00e8s.<\/li>\n<li><strong style=\"font-family: inherit; font-size: 1em;\">Fomentant la participaci\u00f3 activa d&#8217;alumnes i fam\u00edlies en el Consellet, comissions, tallers, sortides&#8230;<\/strong><br \/>\nTota la comunitat educativa \u00e9s important i cadascuna de les parts hem de ser coresponsables en el projecte educatiu. Els alumnes de la nostra escola participen en assamblees, en el Consellet de La li\u00f3, aporten i proposen idees en la vida escolar. Aix\u00ed mateix, les fam\u00edlies participen activament en la Setmana de la Ci\u00e8ncia, acompanyen en les sortides al nostre entorn m\u00e9s proper i ens ensenyen el seu ofici, entre d&#8217;altres iniciatives.<\/li>\n<\/ul>\n<p><a href=\"http:\/\/agora.xtec.cat\/ceip-lalio\/wp-content\/uploads\/usu1803\/2018\/09\/Biblioteca.jpg\"><img loading=\"lazy\" decoding=\"async\" class=\"wp-image-508 alignleft\" src=\"http:\/\/agora.xtec.cat\/ceip-lalio\/wp-content\/uploads\/usu1803\/2018\/09\/Biblioteca-1024x768.jpg\" alt=\"\" width=\"344\" height=\"231\" \/><\/a><\/p>\n<p>&nbsp;<\/p>\n<p><img loading=\"lazy\" decoding=\"async\" class=\"wp-image-17682 alignnone\" src=\"https:\/\/agora.xtec.cat\/ceip-lalio\/wp-content\/uploads\/usu1803\/2021\/01\/IMG-20181027-WA0004-1024x575.jpg\" alt=\"\" width=\"439\" height=\"247\" srcset=\"https:\/\/agora.xtec.cat\/ceip-lalio\/wp-content\/uploads\/usu1803\/2021\/01\/IMG-20181027-WA0004-1024x575.jpg 1024w, https:\/\/agora.xtec.cat\/ceip-lalio\/wp-content\/uploads\/usu1803\/2021\/01\/IMG-20181027-WA0004-300x168.jpg 300w, https:\/\/agora.xtec.cat\/ceip-lalio\/wp-content\/uploads\/usu1803\/2021\/01\/IMG-20181027-WA0004-768x431.jpg 768w, https:\/\/agora.xtec.cat\/ceip-lalio\/wp-content\/uploads\/usu1803\/2021\/01\/IMG-20181027-WA0004.jpg 1600w\" sizes=\"auto, (max-width: 439px) 100vw, 439px\" \/><\/p>\n<ul style=\"list-style-type: square;\">\n<li><strong style=\"font-family: inherit; font-size: 1em;\">Utilitzant les noves tecnologies per aprendre<\/strong><\/li>\n<li>Les eines digitals ens donen informaci\u00f3 per gestionar i aprendre i ens permeten expressar-nos per escrit, amb so i imatge; la rob\u00f2tica \u00e9s una eina d&#8217;aprenentatge l\u00f2gic i de treball cooperatiu molt important.<\/li>\n<\/ul>\n<p style=\"text-align: center;\"><a href=\"https:\/\/agora.xtec.cat\/ceip-lalio\/wp-content\/uploads\/usu1803\/2018\/11\/IMG_20181026_104206.jpg\"><img loading=\"lazy\" decoding=\"async\" class=\"wp-image-979 alignleft\" src=\"https:\/\/agora.xtec.cat\/ceip-lalio\/wp-content\/uploads\/usu1803\/2018\/11\/IMG_20181026_104206-1024x768.jpg\" alt=\"\" width=\"351\" height=\"263\" srcset=\"https:\/\/agora.xtec.cat\/ceip-lalio\/wp-content\/uploads\/usu1803\/2018\/11\/IMG_20181026_104206-1024x768.jpg 1024w, https:\/\/agora.xtec.cat\/ceip-lalio\/wp-content\/uploads\/usu1803\/2018\/11\/IMG_20181026_104206-300x225.jpg 300w, https:\/\/agora.xtec.cat\/ceip-lalio\/wp-content\/uploads\/usu1803\/2018\/11\/IMG_20181026_104206-768x576.jpg 768w, https:\/\/agora.xtec.cat\/ceip-lalio\/wp-content\/uploads\/usu1803\/2018\/11\/IMG_20181026_104206-200x150.jpg 200w, https:\/\/agora.xtec.cat\/ceip-lalio\/wp-content\/uploads\/usu1803\/2018\/11\/IMG_20181026_104206.jpg 1600w\" sizes=\"auto, (max-width: 351px) 100vw, 351px\" \/><\/a><\/p>\n","protected":false},"excerpt":{"rendered":"<p>Com a escola, volem que els nostres alumnes rebin una formaci\u00f3 que els permeti aconseguir el desenvolupament integral de la seva personalitat i que tinguin respecte pels principis \u00e8tics, morals i socials acceptats en la nostra societat.<br \/>\nLa nostra metodologia d&#8217;aprenentatge es basa en el treball&hellip;  <a href=\"https:\/\/agora.xtec.cat\/ceip-lalio\/lescola\/com-aprenem\/\" title=\"Read Com aprenem\">Llegeix m\u00e9s\u00bb<\/a><\/p>\n","protected":false},"author":1,"featured_media":0,"parent":22,"menu_order":2,"comment_status":"closed","ping_status":"closed","template":"page-templates\/side-menu.php","meta":{"_bbp_topic_count":0,"_bbp_reply_count":0,"_bbp_total_topic_count":0,"_bbp_total_reply_count":0,"_bbp_voice_count":0,"_bbp_anonymous_reply_count":0,"_bbp_topic_count_hidden":0,"_bbp_reply_count_hidden":0,"_bbp_forum_subforum_count":0,"footnotes":""},"class_list":["post-28","page","type-page","status-publish","hentry"],"post_mailing_queue_ids":[],"_links":{"self":[{"href":"https:\/\/agora.xtec.cat\/ceip-lalio\/wp-json\/wp\/v2\/pages\/28","targetHints":{"allow":["GET"]}}],"collection":[{"href":"https:\/\/agora.xtec.cat\/ceip-lalio\/wp-json\/wp\/v2\/pages"}],"about":[{"href":"https:\/\/agora.xtec.cat\/ceip-lalio\/wp-json\/wp\/v2\/types\/page"}],"author":[{"embeddable":true,"href":"https:\/\/agora.xtec.cat\/ceip-lalio\/wp-json\/wp\/v2\/users\/1"}],"replies":[{"embeddable":true,"href":"https:\/\/agora.xtec.cat\/ceip-lalio\/wp-json\/wp\/v2\/comments?post=28"}],"version-history":[{"count":4,"href":"https:\/\/agora.xtec.cat\/ceip-lalio\/wp-json\/wp\/v2\/pages\/28\/revisions"}],"predecessor-version":[{"id":17684,"href":"https:\/\/agora.xtec.cat\/ceip-lalio\/wp-json\/wp\/v2\/pages\/28\/revisions\/17684"}],"up":[{"embeddable":true,"href":"https:\/\/agora.xtec.cat\/ceip-lalio\/wp-json\/wp\/v2\/pages\/22"}],"wp:attachment":[{"href":"https:\/\/agora.xtec.cat\/ceip-lalio\/wp-json\/wp\/v2\/media?parent=28"}],"curies":[{"name":"wp","href":"https:\/\/api.w.org\/{rel}","templated":true}]}}