{"id":26,"date":"2014-09-18T12:24:32","date_gmt":"2014-09-18T11:24:32","guid":{"rendered":"http:\/\/agora.xtec.cat\/ceip-lalio\/?page_id=26"},"modified":"2024-03-13T18:07:25","modified_gmt":"2024-03-13T17:07:25","slug":"historia","status":"publish","type":"page","link":"https:\/\/agora.xtec.cat\/ceip-lalio\/lescola\/historia\/","title":{"rendered":"Hist\u00f2ria"},"content":{"rendered":"<p style=\"text-align: justify;\">En els seus inicis, el que avui \u00e9s l&#8217;escola era una f\u00e0brica t\u00e8xtil fundada l&#8217;any 1898, tal i com diu el r\u00e8tol del porxo de la fa\u00e7ana.<\/p>\n<p style=\"text-align: justify;\">La f\u00e0brica va tenir dues etapes ben diferenciades: <em>Can Puiggr\u00f2s<\/em> i <em>La Li\u00f3<\/em>.<\/p>\n<p style=\"text-align: justify;\">La primera etapa va comen\u00e7ar quan Bartomeu Puiggr\u00f2s va fer construir una f\u00e0brica de vapor segons el gust modernista de l&#8217;\u00e8poca i la pos\u00e0 en marxa. S&#8217;hi realitzaven tots els processos del teixit: des del filat i el teixit fins als acabats. Entre el 1928 i 1929, la f\u00e0brica es va tancar per conflictes laborals.<\/p>\n<p style=\"text-align: justify;\">Als anys 30, la f\u00e0brica va canviar de propietari i d&#8217;orientaci\u00f3. Mr. Badoy, de Li\u00f3, engeg\u00e0 la primera f\u00e0brica d&#8217;estampaci\u00f3 de t\u00e8cnica serigr\u00e0fica a Catalunya i a l&#8217;estat espanyol, anomenant-la La Lyon Barcelona S.A., seria per a la gent del municipi senzillament La Li\u00f3.<\/p>\n<p style=\"text-align: justify;\"><a href=\"https:\/\/agora.xtec.cat\/ceip-lalio\/wp-content\/uploads\/usu1803\/2018\/10\/Imatge-la-Lio.jpg\" target=\"_blank\" rel=\"noopener noreferrer\"><img loading=\"lazy\" decoding=\"async\" class=\"aligncenter wp-image-864\" src=\"https:\/\/agora.xtec.cat\/ceip-lalio\/wp-content\/uploads\/usu1803\/2018\/10\/Imatge-la-Lio-300x225.jpg\" alt=\"\" width=\"495\" height=\"371\" srcset=\"https:\/\/agora.xtec.cat\/ceip-lalio\/wp-content\/uploads\/usu1803\/2018\/10\/Imatge-la-Lio-300x225.jpg 300w, https:\/\/agora.xtec.cat\/ceip-lalio\/wp-content\/uploads\/usu1803\/2018\/10\/Imatge-la-Lio-200x150.jpg 200w, https:\/\/agora.xtec.cat\/ceip-lalio\/wp-content\/uploads\/usu1803\/2018\/10\/Imatge-la-Lio.jpg 740w\" sizes=\"auto, (max-width: 495px) 100vw, 495px\" \/><\/a><\/p>\n<p style=\"text-align: justify;\">L&#8217;any 1979, en el context de la crisi general del t\u00e8xtil, tamb\u00e9 a la Li\u00f3 s&#8217;hi produeixen conflictes laborals i aix\u00f2 d\u00f3na pas al tancament definitiu de la f\u00e0brica.<\/p>\n<p style=\"text-align: justify;\">Els ve\u00efns i les administracions van veure la necessitat de conservar el patrimoni hist\u00f2ric i art\u00edstic de l&#8217;edifici i per aix\u00f2 el 1984 es va proposar la instal\u00b7laci\u00f3 d&#8217;un centre educatiu als terrenys de la Li\u00f3 Barcelona. L&#8217;any 1985, el conseller de Cultura de la Generalitat de Catalunya, l&#8217;hble. Sr. Joan Guitart, va inaugurar la finalitzaci\u00f3 de les obres de la nova escola que tenia el nom de Pau Casals. Dos anys despr\u00e9s pass\u00e0 a dir-se Escola P\u00fablica La Li\u00f3.<\/p>\n","protected":false},"excerpt":{"rendered":"<p>En els seus inicis, el que avui \u00e9s l&#8217;escola era una f\u00e0brica t\u00e8xtil fundada l&#8217;any 1898, tal i com diu el r\u00e8tol del porxo de la fa\u00e7ana.<br \/>\nLa f\u00e0brica va tenir dues etapes ben diferenciades: Can Puiggr\u00f2s i La Li\u00f3.<br \/>\nLa primera etapa va comen\u00e7ar quan Bartomeu&hellip;  <a href=\"https:\/\/agora.xtec.cat\/ceip-lalio\/lescola\/historia\/\" title=\"Read Hist\u00f2ria\">Llegeix m\u00e9s\u00bb<\/a><\/p>\n","protected":false},"author":1,"featured_media":0,"parent":22,"menu_order":6,"comment_status":"closed","ping_status":"closed","template":"page-templates\/side-menu.php","meta":{"_bbp_topic_count":0,"_bbp_reply_count":0,"_bbp_total_topic_count":0,"_bbp_total_reply_count":0,"_bbp_voice_count":0,"_bbp_anonymous_reply_count":0,"_bbp_topic_count_hidden":0,"_bbp_reply_count_hidden":0,"_bbp_forum_subforum_count":0,"footnotes":""},"class_list":["post-26","page","type-page","status-publish","hentry"],"post_mailing_queue_ids":[],"_links":{"self":[{"href":"https:\/\/agora.xtec.cat\/ceip-lalio\/wp-json\/wp\/v2\/pages\/26","targetHints":{"allow":["GET"]}}],"collection":[{"href":"https:\/\/agora.xtec.cat\/ceip-lalio\/wp-json\/wp\/v2\/pages"}],"about":[{"href":"https:\/\/agora.xtec.cat\/ceip-lalio\/wp-json\/wp\/v2\/types\/page"}],"author":[{"embeddable":true,"href":"https:\/\/agora.xtec.cat\/ceip-lalio\/wp-json\/wp\/v2\/users\/1"}],"replies":[{"embeddable":true,"href":"https:\/\/agora.xtec.cat\/ceip-lalio\/wp-json\/wp\/v2\/comments?post=26"}],"version-history":[{"count":4,"href":"https:\/\/agora.xtec.cat\/ceip-lalio\/wp-json\/wp\/v2\/pages\/26\/revisions"}],"predecessor-version":[{"id":20479,"href":"https:\/\/agora.xtec.cat\/ceip-lalio\/wp-json\/wp\/v2\/pages\/26\/revisions\/20479"}],"up":[{"embeddable":true,"href":"https:\/\/agora.xtec.cat\/ceip-lalio\/wp-json\/wp\/v2\/pages\/22"}],"wp:attachment":[{"href":"https:\/\/agora.xtec.cat\/ceip-lalio\/wp-json\/wp\/v2\/media?parent=26"}],"curies":[{"name":"wp","href":"https:\/\/api.w.org\/{rel}","templated":true}]}}