{"id":20304,"date":"2023-11-24T12:14:35","date_gmt":"2023-11-24T11:14:35","guid":{"rendered":"https:\/\/agora.xtec.cat\/ceip-lalio\/?page_id=20304"},"modified":"2024-04-10T16:35:12","modified_gmt":"2024-04-10T14:35:12","slug":"faig-fer-per-aprendre-imaginant-globalment","status":"publish","type":"page","link":"https:\/\/agora.xtec.cat\/ceip-lalio\/informacio-curs-vigent\/faig-fer-per-aprendre-imaginant-globalment\/","title":{"rendered":"FAIG, fer per aprendre imaginant globalment."},"content":{"rendered":"<p>Iniciem la formaci\u00f3 Faig amb el desig de transformar i innovar a la nostra escola, apropant-nos a metodologies que potencien l&#8217;aprenentatge amb sentit de tot l&#8217;alumnat.<\/p>\n<p><img loading=\"lazy\" decoding=\"async\" class=\"aligncenter wp-image-20357\" src=\"https:\/\/agora.xtec.cat\/ceip-lalio\/wp-content\/uploads\/usu1803\/2023\/12\/Post-Instagram-Frases-Verano-Collage-Amarillo-300x300.jpg\" alt=\"\" width=\"505\" height=\"505\" srcset=\"https:\/\/agora.xtec.cat\/ceip-lalio\/wp-content\/uploads\/usu1803\/2023\/12\/Post-Instagram-Frases-Verano-Collage-Amarillo-300x300.jpg 300w, https:\/\/agora.xtec.cat\/ceip-lalio\/wp-content\/uploads\/usu1803\/2023\/12\/Post-Instagram-Frases-Verano-Collage-Amarillo-1024x1024.jpg 1024w, https:\/\/agora.xtec.cat\/ceip-lalio\/wp-content\/uploads\/usu1803\/2023\/12\/Post-Instagram-Frases-Verano-Collage-Amarillo-150x150.jpg 150w, https:\/\/agora.xtec.cat\/ceip-lalio\/wp-content\/uploads\/usu1803\/2023\/12\/Post-Instagram-Frases-Verano-Collage-Amarillo-768x768.jpg 768w, https:\/\/agora.xtec.cat\/ceip-lalio\/wp-content\/uploads\/usu1803\/2023\/12\/Post-Instagram-Frases-Verano-Collage-Amarillo.jpg 1080w\" sizes=\"auto, (max-width: 505px) 100vw, 505px\" \/><\/p>\n<p>Definici\u00f3 d&#8217;aprenentatge transformador per a la nostra escola:<\/p>\n<p><img loading=\"lazy\" decoding=\"async\" class=\"aligncenter wp-image-20355\" src=\"https:\/\/agora.xtec.cat\/ceip-lalio\/wp-content\/uploads\/usu1803\/2023\/12\/Copia-de-Presentacion-Propuesta-Negocio-Proyecto-Conferencia-Acuarela-Verde-300x169.jpg\" alt=\"\" width=\"887\" height=\"500\" srcset=\"https:\/\/agora.xtec.cat\/ceip-lalio\/wp-content\/uploads\/usu1803\/2023\/12\/Copia-de-Presentacion-Propuesta-Negocio-Proyecto-Conferencia-Acuarela-Verde-300x169.jpg 300w, https:\/\/agora.xtec.cat\/ceip-lalio\/wp-content\/uploads\/usu1803\/2023\/12\/Copia-de-Presentacion-Propuesta-Negocio-Proyecto-Conferencia-Acuarela-Verde-1024x576.jpg 1024w, https:\/\/agora.xtec.cat\/ceip-lalio\/wp-content\/uploads\/usu1803\/2023\/12\/Copia-de-Presentacion-Propuesta-Negocio-Proyecto-Conferencia-Acuarela-Verde-768x432.jpg 768w, https:\/\/agora.xtec.cat\/ceip-lalio\/wp-content\/uploads\/usu1803\/2023\/12\/Copia-de-Presentacion-Propuesta-Negocio-Proyecto-Conferencia-Acuarela-Verde-1536x864.jpg 1536w, https:\/\/agora.xtec.cat\/ceip-lalio\/wp-content\/uploads\/usu1803\/2023\/12\/Copia-de-Presentacion-Propuesta-Negocio-Proyecto-Conferencia-Acuarela-Verde.jpg 1920w\" sizes=\"auto, (max-width: 887px) 100vw, 887px\" \/><\/p>\n<p>&nbsp;<\/p>\n<p>El grup motor Faig ha visitat la F\u00e0brica del Sol a Barcelona. Aquest, \u00e9s un ateneu de creaci\u00f3 digital. Hem pogut observar la distribuci\u00f3 dels espais i les eines digitals.<\/p>\n<p><img loading=\"lazy\" decoding=\"async\" class=\"aligncenter wp-image-20360\" src=\"https:\/\/agora.xtec.cat\/ceip-lalio\/wp-content\/uploads\/usu1803\/2023\/12\/Dark-Gray-Minimalist-University-Life-Photo-Collage-300x240.jpg\" alt=\"\" width=\"712\" height=\"569\" srcset=\"https:\/\/agora.xtec.cat\/ceip-lalio\/wp-content\/uploads\/usu1803\/2023\/12\/Dark-Gray-Minimalist-University-Life-Photo-Collage-300x240.jpg 300w, https:\/\/agora.xtec.cat\/ceip-lalio\/wp-content\/uploads\/usu1803\/2023\/12\/Dark-Gray-Minimalist-University-Life-Photo-Collage-1024x819.jpg 1024w, https:\/\/agora.xtec.cat\/ceip-lalio\/wp-content\/uploads\/usu1803\/2023\/12\/Dark-Gray-Minimalist-University-Life-Photo-Collage-768x614.jpg 768w, https:\/\/agora.xtec.cat\/ceip-lalio\/wp-content\/uploads\/usu1803\/2023\/12\/Dark-Gray-Minimalist-University-Life-Photo-Collage-1536x1229.jpg 1536w, https:\/\/agora.xtec.cat\/ceip-lalio\/wp-content\/uploads\/usu1803\/2023\/12\/Dark-Gray-Minimalist-University-Life-Photo-Collage.jpg 2000w\" sizes=\"auto, (max-width: 712px) 100vw, 712px\" \/><\/p>\n<p>&nbsp;<\/p>\n<p>Comencem a idear l&#8217;espai del Laboratori Faig amb el suport de les companyes de la Xarxa Faig.<\/p>\n<p><img loading=\"lazy\" decoding=\"async\" class=\"aligncenter wp-image-20404\" src=\"https:\/\/agora.xtec.cat\/ceip-lalio\/wp-content\/uploads\/usu1803\/2024\/01\/White-Aesthetic-Bohemian-Photo-Collage-Family-Landscape-300x240.jpg\" alt=\"\" width=\"711\" height=\"569\" srcset=\"https:\/\/agora.xtec.cat\/ceip-lalio\/wp-content\/uploads\/usu1803\/2024\/01\/White-Aesthetic-Bohemian-Photo-Collage-Family-Landscape-300x240.jpg 300w, https:\/\/agora.xtec.cat\/ceip-lalio\/wp-content\/uploads\/usu1803\/2024\/01\/White-Aesthetic-Bohemian-Photo-Collage-Family-Landscape-1024x819.jpg 1024w, https:\/\/agora.xtec.cat\/ceip-lalio\/wp-content\/uploads\/usu1803\/2024\/01\/White-Aesthetic-Bohemian-Photo-Collage-Family-Landscape-768x614.jpg 768w, https:\/\/agora.xtec.cat\/ceip-lalio\/wp-content\/uploads\/usu1803\/2024\/01\/White-Aesthetic-Bohemian-Photo-Collage-Family-Landscape-1536x1229.jpg 1536w, https:\/\/agora.xtec.cat\/ceip-lalio\/wp-content\/uploads\/usu1803\/2024\/01\/White-Aesthetic-Bohemian-Photo-Collage-Family-Landscape.jpg 2000w\" sizes=\"auto, (max-width: 711px) 100vw, 711px\" \/><\/p>\n<p>El grup Motor Faig, amb el suport de les companyes i companys de la Xarxa Faig, <span style=\"font-family: inherit; font-size: 1em;\">ha pogut fer un tastet del disseny en 3D .<\/span><\/p>\n<p><img loading=\"lazy\" decoding=\"async\" class=\"aligncenter wp-image-20453\" src=\"https:\/\/agora.xtec.cat\/ceip-lalio\/wp-content\/uploads\/usu1803\/2024\/03\/Grey-Minimalist-Furniture-Collage-Instagram-Post-240x300.jpg\" alt=\"\" width=\"437\" height=\"546\" srcset=\"https:\/\/agora.xtec.cat\/ceip-lalio\/wp-content\/uploads\/usu1803\/2024\/03\/Grey-Minimalist-Furniture-Collage-Instagram-Post-240x300.jpg 240w, https:\/\/agora.xtec.cat\/ceip-lalio\/wp-content\/uploads\/usu1803\/2024\/03\/Grey-Minimalist-Furniture-Collage-Instagram-Post-819x1024.jpg 819w, https:\/\/agora.xtec.cat\/ceip-lalio\/wp-content\/uploads\/usu1803\/2024\/03\/Grey-Minimalist-Furniture-Collage-Instagram-Post-768x960.jpg 768w, https:\/\/agora.xtec.cat\/ceip-lalio\/wp-content\/uploads\/usu1803\/2024\/03\/Grey-Minimalist-Furniture-Collage-Instagram-Post.jpg 1080w\" sizes=\"auto, (max-width: 437px) 100vw, 437px\" \/><\/p>\n<p>Tot a punt al Laboratori Faig!<\/p>\n<p><img loading=\"lazy\" decoding=\"async\" class=\"aligncenter wp-image-20456\" src=\"https:\/\/agora.xtec.cat\/ceip-lalio\/wp-content\/uploads\/usu1803\/2024\/03\/post-instagram-Collage-verano-minimalista-beige-300x300.jpg\" alt=\"\" width=\"322\" height=\"322\" srcset=\"https:\/\/agora.xtec.cat\/ceip-lalio\/wp-content\/uploads\/usu1803\/2024\/03\/post-instagram-Collage-verano-minimalista-beige-300x300.jpg 300w, https:\/\/agora.xtec.cat\/ceip-lalio\/wp-content\/uploads\/usu1803\/2024\/03\/post-instagram-Collage-verano-minimalista-beige-1024x1024.jpg 1024w, https:\/\/agora.xtec.cat\/ceip-lalio\/wp-content\/uploads\/usu1803\/2024\/03\/post-instagram-Collage-verano-minimalista-beige-150x150.jpg 150w, https:\/\/agora.xtec.cat\/ceip-lalio\/wp-content\/uploads\/usu1803\/2024\/03\/post-instagram-Collage-verano-minimalista-beige-768x768.jpg 768w, https:\/\/agora.xtec.cat\/ceip-lalio\/wp-content\/uploads\/usu1803\/2024\/03\/post-instagram-Collage-verano-minimalista-beige.jpg 1080w\" sizes=\"auto, (max-width: 322px) 100vw, 322px\" \/><\/p>\n<p>Les mestres i els mestres ens endinsem en aprofundir sobre COM aprenem i el CICLE de l&#8217;aprenentatge, per poder-ho aplicar als projectes.<\/p>\n<p><img loading=\"lazy\" decoding=\"async\" class=\"aligncenter wp-image-20499\" src=\"https:\/\/agora.xtec.cat\/ceip-lalio\/wp-content\/uploads\/usu1803\/2024\/03\/White-Minimalist-Photo-collage-Instagram-Post-240x300.jpg\" alt=\"\" width=\"322\" height=\"402\" srcset=\"https:\/\/agora.xtec.cat\/ceip-lalio\/wp-content\/uploads\/usu1803\/2024\/03\/White-Minimalist-Photo-collage-Instagram-Post-240x300.jpg 240w, https:\/\/agora.xtec.cat\/ceip-lalio\/wp-content\/uploads\/usu1803\/2024\/03\/White-Minimalist-Photo-collage-Instagram-Post-819x1024.jpg 819w, https:\/\/agora.xtec.cat\/ceip-lalio\/wp-content\/uploads\/usu1803\/2024\/03\/White-Minimalist-Photo-collage-Instagram-Post-768x960.jpg 768w, https:\/\/agora.xtec.cat\/ceip-lalio\/wp-content\/uploads\/usu1803\/2024\/03\/White-Minimalist-Photo-collage-Instagram-Post.jpg 1080w\" sizes=\"auto, (max-width: 322px) 100vw, 322px\" \/><\/p>\n<p>El grup motor Faig es forma en capacitaci\u00f3 tecnol\u00f2gica:<\/p>\n<p><img loading=\"lazy\" decoding=\"async\" class=\"aligncenter size-medium wp-image-20504\" src=\"https:\/\/agora.xtec.cat\/ceip-lalio\/wp-content\/uploads\/usu1803\/2024\/04\/Black-Back-to-School-Photo-Collage-300x240.jpg\" alt=\"\" width=\"300\" height=\"240\" srcset=\"https:\/\/agora.xtec.cat\/ceip-lalio\/wp-content\/uploads\/usu1803\/2024\/04\/Black-Back-to-School-Photo-Collage-300x240.jpg 300w, https:\/\/agora.xtec.cat\/ceip-lalio\/wp-content\/uploads\/usu1803\/2024\/04\/Black-Back-to-School-Photo-Collage-1024x819.jpg 1024w, https:\/\/agora.xtec.cat\/ceip-lalio\/wp-content\/uploads\/usu1803\/2024\/04\/Black-Back-to-School-Photo-Collage-768x614.jpg 768w, https:\/\/agora.xtec.cat\/ceip-lalio\/wp-content\/uploads\/usu1803\/2024\/04\/Black-Back-to-School-Photo-Collage-1536x1229.jpg 1536w, https:\/\/agora.xtec.cat\/ceip-lalio\/wp-content\/uploads\/usu1803\/2024\/04\/Black-Back-to-School-Photo-Collage.jpg 2000w\" sizes=\"auto, (max-width: 300px) 100vw, 300px\" \/><\/p>\n","protected":false},"excerpt":{"rendered":"<p>Iniciem la formaci\u00f3 Faig amb el desig de transformar i innovar a la nostra escola, apropant-nos a metodologies que potencien l&#8217;aprenentatge amb sentit de tot l&#8217;alumnat.<\/p>\n<p>Definici\u00f3 d&#8217;aprenentatge transformador per a la nostra escola:<\/p>\n<p>&nbsp;<br \/>\nEl grup motor Faig ha visitat la F\u00e0brica del Sol a Barcelona. Aquest,&hellip;  <a href=\"https:\/\/agora.xtec.cat\/ceip-lalio\/informacio-curs-vigent\/faig-fer-per-aprendre-imaginant-globalment\/\" title=\"Read FAIG, fer per aprendre imaginant globalment.\">Llegeix m\u00e9s\u00bb<\/a><\/p>\n","protected":false},"author":1,"featured_media":0,"parent":563,"menu_order":0,"comment_status":"closed","ping_status":"closed","template":"","meta":{"_bbp_topic_count":0,"_bbp_reply_count":0,"_bbp_total_topic_count":0,"_bbp_total_reply_count":0,"_bbp_voice_count":0,"_bbp_anonymous_reply_count":0,"_bbp_topic_count_hidden":0,"_bbp_reply_count_hidden":0,"_bbp_forum_subforum_count":0,"footnotes":""},"class_list":["post-20304","page","type-page","status-publish","hentry"],"post_mailing_queue_ids":[],"_links":{"self":[{"href":"https:\/\/agora.xtec.cat\/ceip-lalio\/wp-json\/wp\/v2\/pages\/20304","targetHints":{"allow":["GET"]}}],"collection":[{"href":"https:\/\/agora.xtec.cat\/ceip-lalio\/wp-json\/wp\/v2\/pages"}],"about":[{"href":"https:\/\/agora.xtec.cat\/ceip-lalio\/wp-json\/wp\/v2\/types\/page"}],"author":[{"embeddable":true,"href":"https:\/\/agora.xtec.cat\/ceip-lalio\/wp-json\/wp\/v2\/users\/1"}],"replies":[{"embeddable":true,"href":"https:\/\/agora.xtec.cat\/ceip-lalio\/wp-json\/wp\/v2\/comments?post=20304"}],"version-history":[{"count":7,"href":"https:\/\/agora.xtec.cat\/ceip-lalio\/wp-json\/wp\/v2\/pages\/20304\/revisions"}],"predecessor-version":[{"id":20654,"href":"https:\/\/agora.xtec.cat\/ceip-lalio\/wp-json\/wp\/v2\/pages\/20304\/revisions\/20654"}],"up":[{"embeddable":true,"href":"https:\/\/agora.xtec.cat\/ceip-lalio\/wp-json\/wp\/v2\/pages\/563"}],"wp:attachment":[{"href":"https:\/\/agora.xtec.cat\/ceip-lalio\/wp-json\/wp\/v2\/media?parent=20304"}],"curies":[{"name":"wp","href":"https:\/\/api.w.org\/{rel}","templated":true}]}}